{"id":15116,"date":"2025-01-16T15:42:28","date_gmt":"2025-01-16T14:42:28","guid":{"rendered":"https:\/\/florianhorsefood.nl\/partner-nutzungsbedingungen\/"},"modified":"2025-01-16T15:42:31","modified_gmt":"2025-01-16T14:42:31","slug":"partner-nutzungsbedingungen","status":"publish","type":"page","link":"https:\/\/florianhorsefood.nl\/de\/partner-nutzungsbedingungen\/","title":{"rendered":"Partner-Nutzungsbedingungen"},"content":{"rendered":"\n\t\t<p>Als autorisierter Partner (Affiliate) von Florian Horsefood verpflichten Sie sich, die in diesem Vertrag (Vertrag) enthaltenen Bedingungen einzuhalten. Bitte lesen Sie die gesamte Vereinbarung sorgf\u00e4ltig durch, bevor Sie sich registrieren und f\u00fcr Florian Horsefood als Affiliate werben. <\/p>\n\t\n\t\t<p>Ihre Teilnahme an dem Programm dient ausschlie\u00dflich der legalen Werbung f\u00fcr unsere Website, um eine Provision f\u00fcr Mitgliedschaften und Produkte zu erhalten, die von Personen gekauft werden, die durch Ihre eigene Website oder pers\u00f6nliche Empfehlungen an Florian Horsefood verwiesen wurden.<\/p>\n\t\n\t\t<p>Indem Sie sich f\u00fcr das Florian Horsefood Partnerprogramm (Programm) anmelden, erkl\u00e4ren Sie Ihr Einverst\u00e4ndnis mit dieser Vereinbarung und ihren Bedingungen und Konditionen.<\/p>\n\t\n\t<h2 class=\"wp-block-heading\" id=\"approval-or-rejection\">Genehmigung oder Ablehnung des Antrags<\/h2>\n\t\n\t<p>Wir behalten uns das Recht vor, JEDEN Antrag auf ein Partnerprogramm nach unserem alleinigen und absoluten Ermessen zu genehmigen oder abzulehnen. F\u00fcr die Ablehnung Ihres Antrags auf ein Partnerprogramm k\u00f6nnen Sie keine rechtlichen Schritte gegen uns einleiten. <\/p>\n\t\n\t<h2 class=\"wp-block-heading\" id=\"commissions\">Provisionen<\/h2>\n\t\n\t<p>Die Provisionen werden einmal im Monat ausgezahlt. Damit ein Partner eine Provision erh\u00e4lt, muss das geworbene Konto mindestens 31 Tage lang aktiv bleiben. <\/p>\n\t\n\t<p>Sie k\u00f6nnen sich nicht selbst empfehlen und Sie erhalten keine Provision f\u00fcr Ihre eigenen Konten.<\/p>\n\t\n\t<p>Zahlungen werden nur f\u00fcr erfolgreich abgeschlossene Transaktionen get\u00e4tigt. Transaktionen, die zu R\u00fcckbuchungen oder Erstattungen f\u00fchren, werden nicht ausgezahlt. <\/p>\n\t\n\t<h2 class=\"wp-block-heading\" id=\"termination\">Terminierung<\/h2>\n\t\n\t<p>Ihre Bewerbung als Partner und Ihr Status im Programm k\u00f6nnen aus einem der folgenden Gr\u00fcnde ausgesetzt oder beendet werden:<\/p>\n\t\n\t<ul class=\"wp-block-list\">\n\t\t<li>Unangemessene Werbung (falsche Behauptungen, irref\u00fchrende Hyperlinks, usw.).<\/li>\n\t\t<li>Spamming (Massen-E-Mails, Massen-Postings in Newsgroups, usw.).<\/li>\n\t\t<li>Werbung auf Websites, die illegale Aktivit\u00e4ten enthalten oder f\u00f6rdern.<\/li>\n\t\t<li>Das Vers\u00e4umnis, die Partnerbeziehung f\u00fcr eine Werbeaktion offenzulegen, die nach den bestehenden Richtlinien und Vorschriften der Federal Trade Commission oder nach den geltenden Gesetzen der einzelnen Bundesstaaten als Empfehlung gilt.<\/li>\n\t\t\t\t<li>Verletzung der Rechte an geistigem Eigentum. Florian Horsefood beh\u00e4lt sich das Recht vor, von denjenigen, die Marken von Florian Horsefood verwenden, Lizenzvereinbarungen zu verlangen, um unsere geistigen Eigentumsrechte zu sch\u00fctzen. <\/li>\n\t\t\t\t<li>Das Anbieten von Rabatten, Gutscheinen oder anderen Formen von versprochenen R\u00fcckverg\u00fctungen von Ihrer Affiliate-Provision als Anreiz. Das Hinzuf\u00fcgen von Boni oder das B\u00fcndeln von anderen Produkten mit Florian Horsefood ist jedoch akzeptabel. <\/li>\n\t\t<li>Selbstempfehlungen, betr\u00fcgerische Transaktionen, Verdacht auf Affiliate-Betrug.<\/li>\n\t<\/ul>\n\t\n\t\t<p>Dar\u00fcber hinaus beh\u00e4lt sich Florian Horsefood das Recht vor, jedes Partnerkonto jederzeit zu k\u00fcndigen, sei es wegen eines Versto\u00dfes gegen diesen Vertrag oder ohne Grund.<\/p>\n\t\n\t<h2 class=\"wp-block-heading\" id=\"affiliate-links\">Angegliederte Links<\/h2>\n\t\n\t\t<p>Sie k\u00f6nnen Grafik- und Textlinks sowohl auf Ihrer Website als auch in Ihren E-Mail-Nachrichten verwenden. Sie k\u00f6nnen auch in Online- und Offline-Kleinanzeigen, Zeitschriften und Zeitungen f\u00fcr die Florian Horsefood-Website werben. <\/p>\n\t\n\t<p>Sie k\u00f6nnen die von uns zur Verf\u00fcgung gestellten Grafiken und Texte verwenden oder eigene erstellen, solange diese den Bedingungen entsprechen und nicht gegen die Bestimmungen im Abschnitt \"K\u00fcndigung\" versto\u00dfen.<\/p>\n\t\n\t<h2 class=\"wp-block-heading\" id=\"coupon-and-deal-sites\">Coupon und Deal Seiten<\/h2>\n\t\n\t\t<p>Florian Horsefood bietet ausgew\u00e4hlten Partnern und unseren Newsletter-Abonnenten gelegentlich Gutscheine an. Wenn Sie nicht vorab f\u00fcr einen Markengutschein zugelassen sind, d\u00fcrfen Sie diesen nicht bewerben. Nachfolgend finden Sie die Bedingungen, die f\u00fcr jeden Partner gelten, der die Werbung f\u00fcr unsere Produkte in Verbindung mit einem Deal oder Coupon in Betracht zieht:  <\/p>\n\t\n\t<ul class=\"wp-block-list\">\n\t\t<li>Affiliates d\u00fcrfen keine irref\u00fchrenden Texte auf Affiliate-Links, -Schaltfl\u00e4chen oder -Bildern verwenden, um zu suggerieren, dass es sich um etwas anderes als die derzeit genehmigten Angebote des jeweiligen Affiliates handelt.<\/li>\n\t\t\t\t<li>Affiliates d\u00fcrfen nicht auf Florian Horsefood Coupons, Florian Horsefood Rabatte oder andere Formulierungen bieten, die andeuten, dass Coupons verf\u00fcgbar sind.<\/li>\n\t\t<li>Affiliates d\u00fcrfen keine Pop-Ups, Pop-Unders, Iframes, Frames oder andere sichtbare oder unsichtbare Aktionen generieren, die Affiliate-Cookies setzen, es sei denn, der Benutzer hat ein klares und ausdr\u00fcckliches Interesse an der Aktivierung einer bestimmten Ersparnis bekundet, indem er auf einen deutlich gekennzeichneten Link, eine Schaltfl\u00e4che oder ein Bild f\u00fcr diesen speziellen Coupon oder Deal geklickt hat. Ihr Link muss den Besucher auf die H\u00e4ndlerseite leiten. <\/li>\n\t\t<li>Der Benutzer muss in der Lage sein, Informationen und Details zu Gutscheinen, Angeboten und Einsparungen zu sehen, bevor ein Affiliate-Cookie gesetzt wird (d.h. \"Klicken Sie hier, um Gutscheine zu sehen und ein Fenster zur H\u00e4ndlerseite zu \u00f6ffnen\" ist NICHT erlaubt).<\/li>\n\t\t<li>Partner-Websites d\u00fcrfen nicht den Text \"Click for (or to see) Deal\/Coupon\" oder eine Abwandlung davon enthalten, wenn keine Coupons oder Angebote verf\u00fcgbar sind und der Klick die H\u00e4ndlerseite \u00f6ffnet oder ein Cookie setzt. Affiliates, die einen solchen Text auf der H\u00e4ndlerseite verwenden, werden sofort aus dem Programm entfernt. <\/li>\n\t<\/ul>\n\t\n\t<h2 class=\"wp-block-heading\" id=\"ppc-policy\">Pay-Per-Click (PPC) Richtlinie<\/h2>\n\t\n\t<p>PPC-Gebote sind ohne vorherige schriftliche Genehmigung NICHT erlaubt.<\/p>\n\t\n\t<h2 class=\"wp-block-heading\" id=\"liability\">Haftung<\/h2>\n\t\n\t\t<p>Florian Horsefood haftet nicht f\u00fcr indirekte oder zuf\u00e4llige Sch\u00e4den (Einkommensverluste, Provisionen) aufgrund von Fehlern beim Affiliate-Tracking, dem Verlust von Datenbankdateien oder jeglichen Ergebnissen, die auf eine Sch\u00e4digung des Programms und\/oder unserer Website(s) hinweisen.<\/p>\n\t\n\t\t<p>Wir geben keine ausdr\u00fccklichen oder stillschweigenden Garantien in Bezug auf das Programm und\/oder die von Florian Horsefood verkauften Mitgliedschaften oder Produkte. Wir erheben keinen Anspruch darauf, dass der Betrieb des Programms und\/oder unserer Website(s) fehlerfrei ist, und wir haften nicht f\u00fcr etwaige Unterbrechungen oder Fehler. <\/p>\n\t\n\t<h2 class=\"wp-block-heading\" id=\"term-of-agreement\">Laufzeit des Abkommens<\/h2>\n\t\n\t<p>Die Laufzeit dieser Vereinbarung beginnt mit Ihrer Aufnahme in das Programm und endet mit der Beendigung Ihres Partnerkontos.<\/p>\n\t\n\t<p>Die Bestimmungen und Bedingungen dieser Vereinbarung k\u00f6nnen von uns jederzeit ge\u00e4ndert werden. Wenn eine \u00c4nderung der Bedingungen dieser Vereinbarung f\u00fcr Sie nicht akzeptabel ist, bleibt Ihnen nur die M\u00f6glichkeit, Ihr Partnerkonto zu k\u00fcndigen. Durch Ihre weitere Teilnahme am Programm erkl\u00e4ren Sie sich mit allen \u00c4nderungen einverstanden.  <\/p>\n\t\n\t<h2 class=\"wp-block-heading\" id=\"indemnification\">Entsch\u00e4digung<\/h2>\n\t\n\t\t<p>Der Partner h\u00e4lt Florian Horsefood und seine Tochtergesellschaften, leitenden Angestellten, Direktoren, Mitarbeiter, Lizenznehmer, Nachfolger und Bevollm\u00e4chtigten, einschlie\u00dflich derjenigen, die von Florian Horsefood lizenziert oder erm\u00e4chtigt wurden, Material zu \u00fcbermitteln und zu verteilen, schadlos von jeglicher Haftung, von Sch\u00e4den, Geldstrafen, Urteilen, Anspr\u00fcchen, Kosten, Verlusten und Ausgaben (einschlie\u00dflich angemessener Anwaltsgeb\u00fchren und -kosten), die sich aus oder im Zusammenhang mit allen Anspr\u00fcchen ergeben, die in Verbindung mit diesem Vertrag aufgrund von Fahrl\u00e4ssigkeit, Falschdarstellung, Nichtoffenlegung oder vors\u00e4tzlichem Fehlverhalten des Partners entstehen.<\/p>\n\t\n\t<h2 class=\"wp-block-heading\" id=\"electronic-signatures-effective\">Elektronische Signaturen Wirksam<\/h2>\n\t\n\t\t<p>Die Vereinbarung ist ein elektronischer Vertrag, der die rechtsverbindlichen Bedingungen Ihrer Teilnahme am Florian Horsefood Partnerprogramm festlegt. Sie erkl\u00e4ren Ihr Einverst\u00e4ndnis mit diesem Vertrag und allen Bedingungen, die in diesem Vertrag enthalten sind oder auf die darin Bezug genommen wird, indem Sie den Florian Horsefood-Anmeldeprozess ausf\u00fcllen. Diese Aktion erzeugt eine elektronische Unterschrift, die die gleiche Rechtskraft und Wirkung hat wie eine handschriftliche Unterschrift.  <\/p>\n\t","protected":false},"excerpt":{"rendered":"<p>Als autorisierter Partner (Affiliate) von Florian Horsefood verpflichten Sie sich, die in diesem Vertrag (Vertrag) enthaltenen Bedingungen einzuhalten. Bitte lesen Sie die gesamte Vereinbarung sorgf\u00e4ltig durch, bevor Sie sich registrieren [&hellip;]<\/p>\n","protected":false},"author":6,"featured_media":0,"parent":0,"menu_order":0,"comment_status":"closed","ping_status":"closed","template":"","meta":{"footnotes":""},"class_list":["post-15116","page","type-page","status-publish","hentry"],"yoast_head":"<!-- This site is optimized with the Yoast SEO plugin v27.3 - https:\/\/yoast.com\/product\/yoast-seo-wordpress\/ -->\n<title>Partner-Nutzungsbedingungen - Florian Horsefood<\/title>\n<meta name=\"robots\" content=\"index, follow, max-snippet:-1, max-image-preview:large, max-video-preview:-1\" \/>\n<link rel=\"canonical\" href=\"https:\/\/florianhorsefood.nl\/de\/partner-nutzungsbedingungen\/\" \/>\n<meta property=\"og:locale\" content=\"de_DE\" \/>\n<meta property=\"og:type\" content=\"article\" \/>\n<meta property=\"og:title\" content=\"Partner-Nutzungsbedingungen - Florian Horsefood\" \/>\n<meta property=\"og:description\" content=\"Als autorisierter Partner (Affiliate) von Florian Horsefood verpflichten Sie sich, die in diesem Vertrag (Vertrag) enthaltenen Bedingungen einzuhalten. Bitte lesen Sie die gesamte Vereinbarung sorgf\u00e4ltig durch, bevor Sie sich registrieren [&hellip;]\" \/>\n<meta property=\"og:url\" content=\"https:\/\/florianhorsefood.nl\/de\/partner-nutzungsbedingungen\/\" \/>\n<meta property=\"og:site_name\" content=\"Florian Horsefood\" \/>\n<meta property=\"article:modified_time\" content=\"2025-01-16T14:42:31+00:00\" \/>\n<meta name=\"twitter:card\" content=\"summary_large_image\" \/>\n<meta name=\"twitter:label1\" content=\"Gesch\u00e4tzte Lesezeit\" \/>\n\t<meta name=\"twitter:data1\" content=\"5\u00a0Minuten\" \/>\n<script type=\"application\/ld+json\" class=\"yoast-schema-graph\">{\"@context\":\"https:\\\/\\\/schema.org\",\"@graph\":[{\"@type\":\"WebPage\",\"@id\":\"https:\\\/\\\/florianhorsefood.nl\\\/de\\\/partner-nutzungsbedingungen\\\/\",\"url\":\"https:\\\/\\\/florianhorsefood.nl\\\/de\\\/partner-nutzungsbedingungen\\\/\",\"name\":\"Partner-Nutzungsbedingungen - Florian Horsefood\",\"isPartOf\":{\"@id\":\"https:\\\/\\\/florianhorsefood.nl\\\/de\\\/#website\"},\"datePublished\":\"2025-01-16T14:42:28+00:00\",\"dateModified\":\"2025-01-16T14:42:31+00:00\",\"breadcrumb\":{\"@id\":\"https:\\\/\\\/florianhorsefood.nl\\\/de\\\/partner-nutzungsbedingungen\\\/#breadcrumb\"},\"inLanguage\":\"de\",\"potentialAction\":[{\"@type\":\"ReadAction\",\"target\":[\"https:\\\/\\\/florianhorsefood.nl\\\/de\\\/partner-nutzungsbedingungen\\\/\"]}]},{\"@type\":\"BreadcrumbList\",\"@id\":\"https:\\\/\\\/florianhorsefood.nl\\\/de\\\/partner-nutzungsbedingungen\\\/#breadcrumb\",\"itemListElement\":[{\"@type\":\"ListItem\",\"position\":1,\"name\":\"Startseite\",\"item\":\"https:\\\/\\\/florianhorsefood.nl\\\/de\\\/startseite\\\/\"},{\"@type\":\"ListItem\",\"position\":2,\"name\":\"Partner-Nutzungsbedingungen\"}]},{\"@type\":\"WebSite\",\"@id\":\"https:\\\/\\\/florianhorsefood.nl\\\/de\\\/#website\",\"url\":\"https:\\\/\\\/florianhorsefood.nl\\\/de\\\/\",\"name\":\"Florian Horsefood\",\"description\":\"Back to Basic &amp; Health Protection!\",\"publisher\":{\"@id\":\"https:\\\/\\\/florianhorsefood.nl\\\/de\\\/#organization\"},\"potentialAction\":[{\"@type\":\"SearchAction\",\"target\":{\"@type\":\"EntryPoint\",\"urlTemplate\":\"https:\\\/\\\/florianhorsefood.nl\\\/de\\\/?s={search_term_string}\"},\"query-input\":{\"@type\":\"PropertyValueSpecification\",\"valueRequired\":true,\"valueName\":\"search_term_string\"}}],\"inLanguage\":\"de\"},{\"@type\":\"Organization\",\"@id\":\"https:\\\/\\\/florianhorsefood.nl\\\/de\\\/#organization\",\"name\":\"Florian Pferdefutter\",\"url\":\"https:\\\/\\\/florianhorsefood.nl\\\/de\\\/\",\"logo\":{\"@type\":\"ImageObject\",\"inLanguage\":\"de\",\"@id\":\"https:\\\/\\\/florianhorsefood.nl\\\/de\\\/#\\\/schema\\\/logo\\\/image\\\/\",\"url\":\"https:\\\/\\\/florianhorsefood.nl\\\/wp-content\\\/uploads\\\/2020\\\/02\\\/Florian_Horsefood_liggend_RGB.png\",\"contentUrl\":\"https:\\\/\\\/florianhorsefood.nl\\\/wp-content\\\/uploads\\\/2020\\\/02\\\/Florian_Horsefood_liggend_RGB.png\",\"width\":1044,\"height\":393,\"caption\":\"Florian Pferdefutter\"},\"image\":{\"@id\":\"https:\\\/\\\/florianhorsefood.nl\\\/de\\\/#\\\/schema\\\/logo\\\/image\\\/\"},\"sameAs\":[\"https:\\\/\\\/www.linkedin.com\\\/company\\\/florian-horsefood\\\/about\\\/\"]}]}<\/script>\n<!-- \/ Yoast SEO plugin. -->","yoast_head_json":{"title":"Partner-Nutzungsbedingungen - Florian Horsefood","robots":{"index":"index","follow":"follow","max-snippet":"max-snippet:-1","max-image-preview":"max-image-preview:large","max-video-preview":"max-video-preview:-1"},"canonical":"https:\/\/florianhorsefood.nl\/de\/partner-nutzungsbedingungen\/","og_locale":"de_DE","og_type":"article","og_title":"Partner-Nutzungsbedingungen - Florian Horsefood","og_description":"Als autorisierter Partner (Affiliate) von Florian Horsefood verpflichten Sie sich, die in diesem Vertrag (Vertrag) enthaltenen Bedingungen einzuhalten. Bitte lesen Sie die gesamte Vereinbarung sorgf\u00e4ltig durch, bevor Sie sich registrieren [&hellip;]","og_url":"https:\/\/florianhorsefood.nl\/de\/partner-nutzungsbedingungen\/","og_site_name":"Florian Horsefood","article_modified_time":"2025-01-16T14:42:31+00:00","twitter_card":"summary_large_image","twitter_misc":{"Gesch\u00e4tzte Lesezeit":"5\u00a0Minuten"},"schema":{"@context":"https:\/\/schema.org","@graph":[{"@type":"WebPage","@id":"https:\/\/florianhorsefood.nl\/de\/partner-nutzungsbedingungen\/","url":"https:\/\/florianhorsefood.nl\/de\/partner-nutzungsbedingungen\/","name":"Partner-Nutzungsbedingungen - Florian Horsefood","isPartOf":{"@id":"https:\/\/florianhorsefood.nl\/de\/#website"},"datePublished":"2025-01-16T14:42:28+00:00","dateModified":"2025-01-16T14:42:31+00:00","breadcrumb":{"@id":"https:\/\/florianhorsefood.nl\/de\/partner-nutzungsbedingungen\/#breadcrumb"},"inLanguage":"de","potentialAction":[{"@type":"ReadAction","target":["https:\/\/florianhorsefood.nl\/de\/partner-nutzungsbedingungen\/"]}]},{"@type":"BreadcrumbList","@id":"https:\/\/florianhorsefood.nl\/de\/partner-nutzungsbedingungen\/#breadcrumb","itemListElement":[{"@type":"ListItem","position":1,"name":"Startseite","item":"https:\/\/florianhorsefood.nl\/de\/startseite\/"},{"@type":"ListItem","position":2,"name":"Partner-Nutzungsbedingungen"}]},{"@type":"WebSite","@id":"https:\/\/florianhorsefood.nl\/de\/#website","url":"https:\/\/florianhorsefood.nl\/de\/","name":"Florian Horsefood","description":"Back to Basic &amp; Health Protection!","publisher":{"@id":"https:\/\/florianhorsefood.nl\/de\/#organization"},"potentialAction":[{"@type":"SearchAction","target":{"@type":"EntryPoint","urlTemplate":"https:\/\/florianhorsefood.nl\/de\/?s={search_term_string}"},"query-input":{"@type":"PropertyValueSpecification","valueRequired":true,"valueName":"search_term_string"}}],"inLanguage":"de"},{"@type":"Organization","@id":"https:\/\/florianhorsefood.nl\/de\/#organization","name":"Florian Pferdefutter","url":"https:\/\/florianhorsefood.nl\/de\/","logo":{"@type":"ImageObject","inLanguage":"de","@id":"https:\/\/florianhorsefood.nl\/de\/#\/schema\/logo\/image\/","url":"https:\/\/florianhorsefood.nl\/wp-content\/uploads\/2020\/02\/Florian_Horsefood_liggend_RGB.png","contentUrl":"https:\/\/florianhorsefood.nl\/wp-content\/uploads\/2020\/02\/Florian_Horsefood_liggend_RGB.png","width":1044,"height":393,"caption":"Florian Pferdefutter"},"image":{"@id":"https:\/\/florianhorsefood.nl\/de\/#\/schema\/logo\/image\/"},"sameAs":["https:\/\/www.linkedin.com\/company\/florian-horsefood\/about\/"]}]}},"_links":{"self":[{"href":"https:\/\/florianhorsefood.nl\/de\/wp-json\/wp\/v2\/pages\/15116","targetHints":{"allow":["GET"]}}],"collection":[{"href":"https:\/\/florianhorsefood.nl\/de\/wp-json\/wp\/v2\/pages"}],"about":[{"href":"https:\/\/florianhorsefood.nl\/de\/wp-json\/wp\/v2\/types\/page"}],"author":[{"embeddable":true,"href":"https:\/\/florianhorsefood.nl\/de\/wp-json\/wp\/v2\/users\/6"}],"replies":[{"embeddable":true,"href":"https:\/\/florianhorsefood.nl\/de\/wp-json\/wp\/v2\/comments?post=15116"}],"version-history":[{"count":0,"href":"https:\/\/florianhorsefood.nl\/de\/wp-json\/wp\/v2\/pages\/15116\/revisions"}],"wp:attachment":[{"href":"https:\/\/florianhorsefood.nl\/de\/wp-json\/wp\/v2\/media?parent=15116"}],"curies":[{"name":"wp","href":"https:\/\/api.w.org\/{rel}","templated":true}]}}