{"id":12200,"date":"2024-08-09T09:30:24","date_gmt":"2024-08-09T07:30:24","guid":{"rendered":"https:\/\/florianhorsefood.nl\/product\/multibone\/"},"modified":"2026-03-24T20:52:11","modified_gmt":"2026-03-24T19:52:11","slug":"multibone","status":"publish","type":"product","link":"https:\/\/florianhorsefood.nl\/de\/produkt\/multibone\/","title":{"rendered":"Duval Multibone"},"content":{"rendered":"<p><strong>Duval Multibone ist ein sehr komplettes Produkt zur vollst\u00e4ndigen Unterst\u00fctzung von Knochen und Gelenken. Nat\u00fcrliche Abnutzung ist unvermeidlich, aber mit Multibone geben Sie Ihrem Pferd die richtigen Bausteine und Unterst\u00fctzung, um vorbeugende Abnutzungsbeschwerden zu minimieren. Multibone ist auch f\u00fcr Pferde geeignet, die bereits unter Symptomen leiden.<\/strong><\/p>\n<p>Multibone ist eine einzigartige nat\u00fcrliche Zusammensetzung aus Austernkalzium, Gr\u00fcnlippmuschel, MSM (Schwefel) und Kurkuma sowie DHA aus Algen (Omega 3).<\/p>\n<p>Multibone enth\u00e4lt eine vollst\u00e4ndige Palette von Schl\u00fcsselbausteinen, die multifunktional f\u00fcr einen gesunden Bewegungsapparat wirken und sich bei verschiedenen Verschlei\u00dferscheinungen des Bewegungsapparates des Pferdes als hochwirksam erwiesen haben.<\/p>\n<h3>Merkmale:<\/h3>\n<ul>\n<li>F\u00fcr die Erhaltung geschmeidiger Gelenke<\/li>\n<li>Zum Erhalt und Aufbau starker Knochen und Gelenke<\/li>\n<li>F\u00fcr Gelenkfunktionen wie die Beweglichkeit der Gelenke und zur Unterst\u00fctzung der Produktion von gesunder Gelenkfl\u00fcssigkeit<\/li>\n<li>F\u00fcr gesunden Knorpel und Synovialfl\u00fcssigkeit<\/li>\n<li>Reine Rohstoffe, die reich an Glykosaminoglykanen wie Glucosamin und Chondroitin sind.<\/li>\n<\/ul>\n<h3>Anwendung:<\/h3>\n<ul>\n<li>F\u00fcr Sport- und Freizeitpferde<\/li>\n<li>Verletzungsanf\u00e4llige Pferde<\/li>\n<li>F\u00fcr Pferde im Sport oder bei h\u00f6herer Belastung zum vorbeugenden Schutz vor Verletzungen<\/li>\n<li>F\u00fcr \u00e4ltere Pferde mit altersbedingten Beschwerden oder Verschlei\u00dferscheinungen<\/li>\n<li>Pferde, die sich von einer Verletzung oder Operation an Knochen oder Gelenken erholen<\/li>\n<\/ul>\n<p><strong><span style=\"color: #8bc63e;\">Inhalt: ca. 3 kg<\/span><\/strong><\/p>\n","protected":false},"excerpt":{"rendered":"<p>Duval Multibone ist ein sehr komplettes Produkt zur vollst\u00e4ndigen Unterst\u00fctzung von Knochen und Gelenken. Nat\u00fcrliche Abnutzung ist unvermeidlich, aber mit Multibone geben Sie Ihrem Pferd die richtigen Bausteine und Unterst\u00fctzung, [&hellip;]<\/p>\n","protected":false},"featured_media":12116,"template":"","meta":[],"product_brand":[],"product_cat":[400,42],"product_tag":[201,47],"class_list":{"0":"post-12200","1":"product","2":"type-product","3":"status-publish","4":"has-post-thumbnail","6":"product_cat-duval","7":"product_cat-supplementen","8":"product_tag-duval","9":"product_tag-emmers","11":"first","12":"instock","13":"taxable","14":"shipping-taxable","15":"purchasable","16":"product-type-variable","17":"has-default-attributes"},"bundled_by":[],"bundle_stock_status":"instock","bundle_stock_quantity":null,"bundle_virtual":false,"bundle_layout":"","bundle_add_to_cart_form_location":"","bundle_editable_in_cart":false,"bundle_sold_individually_context":"","bundle_item_grouping":"","bundle_min_size":"","bundle_max_size":"","bundle_price":[],"bundled_items":[],"bundle_sell_ids":[],"yoast_head":"<!-- This site is optimized with the Yoast SEO plugin v27.3 - https:\/\/yoast.com\/product\/yoast-seo-wordpress\/ -->\n<title>Duval Multibone - Florian Horsefood<\/title>\n<meta name=\"robots\" content=\"index, follow, max-snippet:-1, max-image-preview:large, max-video-preview:-1\" \/>\n<link rel=\"canonical\" href=\"https:\/\/florianhorsefood.nl\/de\/produkt\/multibone\/\" \/>\n<meta property=\"og:locale\" content=\"de_DE\" \/>\n<meta property=\"og:type\" content=\"article\" \/>\n<meta property=\"og:title\" content=\"Duval Multibone - Florian Horsefood\" \/>\n<meta property=\"og:description\" content=\"Duval Multibone ist ein sehr komplettes Produkt zur vollst\u00e4ndigen Unterst\u00fctzung von Knochen und Gelenken. Nat\u00fcrliche Abnutzung ist unvermeidlich, aber mit Multibone geben Sie Ihrem Pferd die richtigen Bausteine und Unterst\u00fctzung, [&hellip;]\" \/>\n<meta property=\"og:url\" content=\"https:\/\/florianhorsefood.nl\/de\/produkt\/multibone\/\" \/>\n<meta property=\"og:site_name\" content=\"Florian Horsefood\" \/>\n<meta property=\"article:modified_time\" content=\"2026-03-24T19:52:11+00:00\" \/>\n<meta property=\"og:image\" content=\"https:\/\/florianhorsefood.nl\/wp-content\/uploads\/2024\/08\/Multibone-2.png\" \/>\n\t<meta property=\"og:image:width\" content=\"1080\" \/>\n\t<meta property=\"og:image:height\" content=\"1080\" \/>\n\t<meta property=\"og:image:type\" content=\"image\/png\" \/>\n<meta name=\"twitter:card\" content=\"summary_large_image\" \/>\n<meta name=\"twitter:label1\" content=\"Gesch\u00e4tzte Lesezeit\" \/>\n\t<meta name=\"twitter:data1\" content=\"1\u00a0Minute\" \/>\n<script type=\"application\/ld+json\" class=\"yoast-schema-graph\">{\"@context\":\"https:\\\/\\\/schema.org\",\"@graph\":[{\"@type\":\"WebPage\",\"@id\":\"https:\\\/\\\/florianhorsefood.nl\\\/de\\\/produkt\\\/multibone\\\/\",\"url\":\"https:\\\/\\\/florianhorsefood.nl\\\/de\\\/produkt\\\/multibone\\\/\",\"name\":\"Duval Multibone - Florian Horsefood\",\"isPartOf\":{\"@id\":\"https:\\\/\\\/florianhorsefood.nl\\\/de\\\/#website\"},\"primaryImageOfPage\":{\"@id\":\"https:\\\/\\\/florianhorsefood.nl\\\/de\\\/produkt\\\/multibone\\\/#primaryimage\"},\"image\":{\"@id\":\"https:\\\/\\\/florianhorsefood.nl\\\/de\\\/produkt\\\/multibone\\\/#primaryimage\"},\"thumbnailUrl\":\"https:\\\/\\\/florianhorsefood.nl\\\/wp-content\\\/uploads\\\/2024\\\/08\\\/Multibone-2.png\",\"datePublished\":\"2024-08-09T07:30:24+00:00\",\"dateModified\":\"2026-03-24T19:52:11+00:00\",\"breadcrumb\":{\"@id\":\"https:\\\/\\\/florianhorsefood.nl\\\/de\\\/produkt\\\/multibone\\\/#breadcrumb\"},\"inLanguage\":\"de\",\"potentialAction\":[{\"@type\":\"ReadAction\",\"target\":[\"https:\\\/\\\/florianhorsefood.nl\\\/de\\\/produkt\\\/multibone\\\/\"]}]},{\"@type\":\"ImageObject\",\"inLanguage\":\"de\",\"@id\":\"https:\\\/\\\/florianhorsefood.nl\\\/de\\\/produkt\\\/multibone\\\/#primaryimage\",\"url\":\"https:\\\/\\\/florianhorsefood.nl\\\/wp-content\\\/uploads\\\/2024\\\/08\\\/Multibone-2.png\",\"contentUrl\":\"https:\\\/\\\/florianhorsefood.nl\\\/wp-content\\\/uploads\\\/2024\\\/08\\\/Multibone-2.png\",\"width\":1080,\"height\":1080},{\"@type\":\"BreadcrumbList\",\"@id\":\"https:\\\/\\\/florianhorsefood.nl\\\/de\\\/produkt\\\/multibone\\\/#breadcrumb\",\"itemListElement\":[{\"@type\":\"ListItem\",\"position\":1,\"name\":\"Startseite\",\"item\":\"https:\\\/\\\/florianhorsefood.nl\\\/de\\\/startseite\\\/\"},{\"@type\":\"ListItem\",\"position\":2,\"name\":\"Shop\",\"item\":\"https:\\\/\\\/florianhorsefood.nl\\\/shop\\\/\"},{\"@type\":\"ListItem\",\"position\":3,\"name\":\"Duval Multibone\"}]},{\"@type\":\"WebSite\",\"@id\":\"https:\\\/\\\/florianhorsefood.nl\\\/de\\\/#website\",\"url\":\"https:\\\/\\\/florianhorsefood.nl\\\/de\\\/\",\"name\":\"Florian Horsefood\",\"description\":\"Back to Basic &amp; Health Protection!\",\"publisher\":{\"@id\":\"https:\\\/\\\/florianhorsefood.nl\\\/de\\\/#organization\"},\"potentialAction\":[{\"@type\":\"SearchAction\",\"target\":{\"@type\":\"EntryPoint\",\"urlTemplate\":\"https:\\\/\\\/florianhorsefood.nl\\\/de\\\/?s={search_term_string}\"},\"query-input\":{\"@type\":\"PropertyValueSpecification\",\"valueRequired\":true,\"valueName\":\"search_term_string\"}}],\"inLanguage\":\"de\"},{\"@type\":\"Organization\",\"@id\":\"https:\\\/\\\/florianhorsefood.nl\\\/de\\\/#organization\",\"name\":\"Florian Pferdefutter\",\"url\":\"https:\\\/\\\/florianhorsefood.nl\\\/de\\\/\",\"logo\":{\"@type\":\"ImageObject\",\"inLanguage\":\"de\",\"@id\":\"https:\\\/\\\/florianhorsefood.nl\\\/de\\\/#\\\/schema\\\/logo\\\/image\\\/\",\"url\":\"https:\\\/\\\/florianhorsefood.nl\\\/wp-content\\\/uploads\\\/2020\\\/02\\\/Florian_Horsefood_liggend_RGB.png\",\"contentUrl\":\"https:\\\/\\\/florianhorsefood.nl\\\/wp-content\\\/uploads\\\/2020\\\/02\\\/Florian_Horsefood_liggend_RGB.png\",\"width\":1044,\"height\":393,\"caption\":\"Florian Pferdefutter\"},\"image\":{\"@id\":\"https:\\\/\\\/florianhorsefood.nl\\\/de\\\/#\\\/schema\\\/logo\\\/image\\\/\"},\"sameAs\":[\"https:\\\/\\\/www.linkedin.com\\\/company\\\/florian-horsefood\\\/about\\\/\"]}]}<\/script>\n<!-- \/ Yoast SEO plugin. -->","yoast_head_json":{"title":"Duval Multibone - Florian Horsefood","robots":{"index":"index","follow":"follow","max-snippet":"max-snippet:-1","max-image-preview":"max-image-preview:large","max-video-preview":"max-video-preview:-1"},"canonical":"https:\/\/florianhorsefood.nl\/de\/produkt\/multibone\/","og_locale":"de_DE","og_type":"article","og_title":"Duval Multibone - Florian Horsefood","og_description":"Duval Multibone ist ein sehr komplettes Produkt zur vollst\u00e4ndigen Unterst\u00fctzung von Knochen und Gelenken. Nat\u00fcrliche Abnutzung ist unvermeidlich, aber mit Multibone geben Sie Ihrem Pferd die richtigen Bausteine und Unterst\u00fctzung, [&hellip;]","og_url":"https:\/\/florianhorsefood.nl\/de\/produkt\/multibone\/","og_site_name":"Florian Horsefood","article_modified_time":"2026-03-24T19:52:11+00:00","og_image":[{"width":1080,"height":1080,"url":"https:\/\/florianhorsefood.nl\/wp-content\/uploads\/2024\/08\/Multibone-2.png","type":"image\/png"}],"twitter_card":"summary_large_image","twitter_misc":{"Gesch\u00e4tzte Lesezeit":"1\u00a0Minute"},"schema":{"@context":"https:\/\/schema.org","@graph":[{"@type":"WebPage","@id":"https:\/\/florianhorsefood.nl\/de\/produkt\/multibone\/","url":"https:\/\/florianhorsefood.nl\/de\/produkt\/multibone\/","name":"Duval Multibone - Florian Horsefood","isPartOf":{"@id":"https:\/\/florianhorsefood.nl\/de\/#website"},"primaryImageOfPage":{"@id":"https:\/\/florianhorsefood.nl\/de\/produkt\/multibone\/#primaryimage"},"image":{"@id":"https:\/\/florianhorsefood.nl\/de\/produkt\/multibone\/#primaryimage"},"thumbnailUrl":"https:\/\/florianhorsefood.nl\/wp-content\/uploads\/2024\/08\/Multibone-2.png","datePublished":"2024-08-09T07:30:24+00:00","dateModified":"2026-03-24T19:52:11+00:00","breadcrumb":{"@id":"https:\/\/florianhorsefood.nl\/de\/produkt\/multibone\/#breadcrumb"},"inLanguage":"de","potentialAction":[{"@type":"ReadAction","target":["https:\/\/florianhorsefood.nl\/de\/produkt\/multibone\/"]}]},{"@type":"ImageObject","inLanguage":"de","@id":"https:\/\/florianhorsefood.nl\/de\/produkt\/multibone\/#primaryimage","url":"https:\/\/florianhorsefood.nl\/wp-content\/uploads\/2024\/08\/Multibone-2.png","contentUrl":"https:\/\/florianhorsefood.nl\/wp-content\/uploads\/2024\/08\/Multibone-2.png","width":1080,"height":1080},{"@type":"BreadcrumbList","@id":"https:\/\/florianhorsefood.nl\/de\/produkt\/multibone\/#breadcrumb","itemListElement":[{"@type":"ListItem","position":1,"name":"Startseite","item":"https:\/\/florianhorsefood.nl\/de\/startseite\/"},{"@type":"ListItem","position":2,"name":"Shop","item":"https:\/\/florianhorsefood.nl\/shop\/"},{"@type":"ListItem","position":3,"name":"Duval Multibone"}]},{"@type":"WebSite","@id":"https:\/\/florianhorsefood.nl\/de\/#website","url":"https:\/\/florianhorsefood.nl\/de\/","name":"Florian Horsefood","description":"Back to Basic &amp; Health Protection!","publisher":{"@id":"https:\/\/florianhorsefood.nl\/de\/#organization"},"potentialAction":[{"@type":"SearchAction","target":{"@type":"EntryPoint","urlTemplate":"https:\/\/florianhorsefood.nl\/de\/?s={search_term_string}"},"query-input":{"@type":"PropertyValueSpecification","valueRequired":true,"valueName":"search_term_string"}}],"inLanguage":"de"},{"@type":"Organization","@id":"https:\/\/florianhorsefood.nl\/de\/#organization","name":"Florian Pferdefutter","url":"https:\/\/florianhorsefood.nl\/de\/","logo":{"@type":"ImageObject","inLanguage":"de","@id":"https:\/\/florianhorsefood.nl\/de\/#\/schema\/logo\/image\/","url":"https:\/\/florianhorsefood.nl\/wp-content\/uploads\/2020\/02\/Florian_Horsefood_liggend_RGB.png","contentUrl":"https:\/\/florianhorsefood.nl\/wp-content\/uploads\/2020\/02\/Florian_Horsefood_liggend_RGB.png","width":1044,"height":393,"caption":"Florian Pferdefutter"},"image":{"@id":"https:\/\/florianhorsefood.nl\/de\/#\/schema\/logo\/image\/"},"sameAs":["https:\/\/www.linkedin.com\/company\/florian-horsefood\/about\/"]}]}},"_links":{"self":[{"href":"https:\/\/florianhorsefood.nl\/de\/wp-json\/wp\/v2\/product\/12200","targetHints":{"allow":["GET"]}}],"collection":[{"href":"https:\/\/florianhorsefood.nl\/de\/wp-json\/wp\/v2\/product"}],"about":[{"href":"https:\/\/florianhorsefood.nl\/de\/wp-json\/wp\/v2\/types\/product"}],"wp:featuredmedia":[{"embeddable":true,"href":"https:\/\/florianhorsefood.nl\/de\/wp-json\/wp\/v2\/media\/12116"}],"wp:attachment":[{"href":"https:\/\/florianhorsefood.nl\/de\/wp-json\/wp\/v2\/media?parent=12200"}],"wp:term":[{"taxonomy":"product_brand","embeddable":true,"href":"https:\/\/florianhorsefood.nl\/de\/wp-json\/wp\/v2\/product_brand?post=12200"},{"taxonomy":"product_cat","embeddable":true,"href":"https:\/\/florianhorsefood.nl\/de\/wp-json\/wp\/v2\/product_cat?post=12200"},{"taxonomy":"product_tag","embeddable":true,"href":"https:\/\/florianhorsefood.nl\/de\/wp-json\/wp\/v2\/product_tag?post=12200"}],"curies":[{"name":"wp","href":"https:\/\/api.w.org\/{rel}","templated":true}]}}