{"id":12201,"date":"2024-08-09T09:30:24","date_gmt":"2024-08-09T07:30:24","guid":{"rendered":"https:\/\/florianhorsefood.nl\/product\/chlorella\/"},"modified":"2026-03-24T20:52:37","modified_gmt":"2026-03-24T19:52:37","slug":"chlorella","status":"publish","type":"product","link":"https:\/\/florianhorsefood.nl\/de\/produkt\/chlorella\/","title":{"rendered":"Duval Chlorella"},"content":{"rendered":"<h3>Duval Chlorella (pyrenoidosa) ist ein wahres Superfood!<\/h3>\n<p><strong>Chlorella-Pulver ist ein Nahrungserg\u00e4nzungsmittel in 100% nat\u00fcrlicher Form mit vielen besonderen Eigenschaften.<\/strong><\/p>\n<h3>Eigenschaften von Chlorella<\/h3>\n<ul>\n<li>Unterst\u00fctzt die Abwehrkr\u00e4fte und das Immunsystem<\/li>\n<li>Unterst\u00fctzt den K\u00f6rper bei der Beseitigung von Abfallprodukten<\/li>\n<li>Unterst\u00fctzt die reinigende Wirkung der Leber, der Nieren und der D\u00e4rme<\/li>\n<li>F\u00f6rdert die allgemeine Kondition und Fitness Ihres Pferdes<\/li>\n<li>Unterst\u00fctzt starke Hufe und ein gl\u00e4nzendes Fell<\/li>\n<li>Unterst\u00fctzt die Verdauung und den Stoffwechsel<\/li>\n<li>Schutz von gesunden Zellen und Geweben (Zellaufbau)<\/li>\n<\/ul>\n<h3>Chlorella ist geeignet f\u00fcr<\/h3>\n<ul>\n<li>Pferde mit verminderter Widerstandskraft<\/li>\n<li>F\u00fcr Pferde, die in der Muskelentwicklung und Kondition zur\u00fcckgeblieben sind<\/li>\n<li>Pferde mit stumpfem Fell und minderwertigen Hufen<\/li>\n<li>Unterst\u00fctzung von Pferden nach einer Operation zur Entgiftung oder w\u00e4hrend der Rehabilitation zur Wiederherstellung der Fitness<\/li>\n<\/ul>\n<p><strong>Chlorella hat positive Auswirkungen auf die Fruchtbarkeit von Hengsten und Stuten<\/strong><\/p>\n<p><strong><span style=\"color: #8bc63e;\">Inhalt: ca. 1,5 kg oder 3 kg<\/span><\/strong><\/p>\n","protected":false},"excerpt":{"rendered":"<p>Duval Chlorella (pyrenoidosa) ist ein wahres Superfood! Chlorella-Pulver ist ein Nahrungserg\u00e4nzungsmittel in 100% nat\u00fcrlicher Form mit vielen besonderen Eigenschaften. Eigenschaften von Chlorella Unterst\u00fctzt die Abwehrkr\u00e4fte und das Immunsystem Unterst\u00fctzt den [&hellip;]<\/p>\n","protected":false},"featured_media":12092,"template":"","meta":[],"product_brand":[],"product_cat":[407,213],"product_tag":[214,235],"class_list":{"0":"post-12201","1":"product","2":"type-product","3":"status-publish","4":"has-post-thumbnail","6":"product_cat-duval-de","7":"product_cat-erganzungen","8":"product_tag-duval-de","9":"product_tag-eimer","11":"first","12":"instock","13":"taxable","14":"shipping-taxable","15":"purchasable","16":"product-type-variable","17":"has-default-attributes"},"bundled_by":[],"bundle_stock_status":"instock","bundle_stock_quantity":null,"bundle_virtual":false,"bundle_layout":"","bundle_add_to_cart_form_location":"","bundle_editable_in_cart":false,"bundle_sold_individually_context":"","bundle_item_grouping":"","bundle_min_size":"","bundle_max_size":"","bundle_price":[],"bundled_items":[],"bundle_sell_ids":[],"yoast_head":"<!-- This site is optimized with the Yoast SEO plugin v26.8 - https:\/\/yoast.com\/product\/yoast-seo-wordpress\/ -->\n<title>Duval Chlorella - Florian Horsefood<\/title>\n<meta name=\"robots\" content=\"index, follow, max-snippet:-1, max-image-preview:large, max-video-preview:-1\" \/>\n<link rel=\"canonical\" href=\"https:\/\/florianhorsefood.nl\/de\/produkt\/chlorella\/\" \/>\n<meta property=\"og:locale\" content=\"de_DE\" \/>\n<meta property=\"og:type\" content=\"article\" \/>\n<meta property=\"og:title\" content=\"Duval Chlorella - Florian Horsefood\" \/>\n<meta property=\"og:description\" content=\"Duval Chlorella (pyrenoidosa) ist ein wahres Superfood! Chlorella-Pulver ist ein Nahrungserg\u00e4nzungsmittel in 100% nat\u00fcrlicher Form mit vielen besonderen Eigenschaften. Eigenschaften von Chlorella Unterst\u00fctzt die Abwehrkr\u00e4fte und das Immunsystem Unterst\u00fctzt den [&hellip;]\" \/>\n<meta property=\"og:url\" content=\"https:\/\/florianhorsefood.nl\/de\/produkt\/chlorella\/\" \/>\n<meta property=\"og:site_name\" content=\"Florian Horsefood\" \/>\n<meta property=\"article:modified_time\" content=\"2026-03-24T19:52:37+00:00\" \/>\n<meta property=\"og:image\" content=\"https:\/\/florianhorsefood.nl\/wp-content\/uploads\/2024\/08\/Chlorella-2.png\" \/>\n\t<meta property=\"og:image:width\" content=\"1080\" \/>\n\t<meta property=\"og:image:height\" content=\"1080\" \/>\n\t<meta property=\"og:image:type\" content=\"image\/png\" \/>\n<meta name=\"twitter:card\" content=\"summary_large_image\" \/>\n<meta name=\"twitter:label1\" content=\"Gesch\u00e4tzte Lesezeit\" \/>\n\t<meta name=\"twitter:data1\" content=\"1\u00a0Minute\" \/>\n<script type=\"application\/ld+json\" class=\"yoast-schema-graph\">{\"@context\":\"https:\/\/schema.org\",\"@graph\":[{\"@type\":\"WebPage\",\"@id\":\"https:\/\/florianhorsefood.nl\/de\/produkt\/chlorella\/\",\"url\":\"https:\/\/florianhorsefood.nl\/de\/produkt\/chlorella\/\",\"name\":\"Duval Chlorella - Florian Horsefood\",\"isPartOf\":{\"@id\":\"https:\/\/florianhorsefood.nl\/de\/#website\"},\"primaryImageOfPage\":{\"@id\":\"https:\/\/florianhorsefood.nl\/de\/produkt\/chlorella\/#primaryimage\"},\"image\":{\"@id\":\"https:\/\/florianhorsefood.nl\/de\/produkt\/chlorella\/#primaryimage\"},\"thumbnailUrl\":\"https:\/\/florianhorsefood.nl\/wp-content\/uploads\/2024\/08\/Chlorella-2.png\",\"datePublished\":\"2024-08-09T07:30:24+00:00\",\"dateModified\":\"2026-03-24T19:52:37+00:00\",\"breadcrumb\":{\"@id\":\"https:\/\/florianhorsefood.nl\/de\/produkt\/chlorella\/#breadcrumb\"},\"inLanguage\":\"de\",\"potentialAction\":[{\"@type\":\"ReadAction\",\"target\":[\"https:\/\/florianhorsefood.nl\/de\/produkt\/chlorella\/\"]}]},{\"@type\":\"ImageObject\",\"inLanguage\":\"de\",\"@id\":\"https:\/\/florianhorsefood.nl\/de\/produkt\/chlorella\/#primaryimage\",\"url\":\"https:\/\/florianhorsefood.nl\/wp-content\/uploads\/2024\/08\/Chlorella-2.png\",\"contentUrl\":\"https:\/\/florianhorsefood.nl\/wp-content\/uploads\/2024\/08\/Chlorella-2.png\",\"width\":1080,\"height\":1080},{\"@type\":\"BreadcrumbList\",\"@id\":\"https:\/\/florianhorsefood.nl\/de\/produkt\/chlorella\/#breadcrumb\",\"itemListElement\":[{\"@type\":\"ListItem\",\"position\":1,\"name\":\"Startseite\",\"item\":\"https:\/\/florianhorsefood.nl\/de\/startseite\/\"},{\"@type\":\"ListItem\",\"position\":2,\"name\":\"Shop\",\"item\":\"https:\/\/florianhorsefood.nl\/shop\/\"},{\"@type\":\"ListItem\",\"position\":3,\"name\":\"Duval Chlorella\"}]},{\"@type\":\"WebSite\",\"@id\":\"https:\/\/florianhorsefood.nl\/de\/#website\",\"url\":\"https:\/\/florianhorsefood.nl\/de\/\",\"name\":\"Florian Horsefood\",\"description\":\"Back to Basic &amp; Health Protection!\",\"publisher\":{\"@id\":\"https:\/\/florianhorsefood.nl\/de\/#organization\"},\"potentialAction\":[{\"@type\":\"SearchAction\",\"target\":{\"@type\":\"EntryPoint\",\"urlTemplate\":\"https:\/\/florianhorsefood.nl\/de\/?s={search_term_string}\"},\"query-input\":{\"@type\":\"PropertyValueSpecification\",\"valueRequired\":true,\"valueName\":\"search_term_string\"}}],\"inLanguage\":\"de\"},{\"@type\":\"Organization\",\"@id\":\"https:\/\/florianhorsefood.nl\/de\/#organization\",\"name\":\"Florian Pferdefutter\",\"url\":\"https:\/\/florianhorsefood.nl\/de\/\",\"logo\":{\"@type\":\"ImageObject\",\"inLanguage\":\"de\",\"@id\":\"https:\/\/florianhorsefood.nl\/de\/#\/schema\/logo\/image\/\",\"url\":\"https:\/\/florianhorsefood.nl\/wp-content\/uploads\/2020\/02\/Florian_Horsefood_liggend_RGB.png\",\"contentUrl\":\"https:\/\/florianhorsefood.nl\/wp-content\/uploads\/2020\/02\/Florian_Horsefood_liggend_RGB.png\",\"width\":1044,\"height\":393,\"caption\":\"Florian Pferdefutter\"},\"image\":{\"@id\":\"https:\/\/florianhorsefood.nl\/de\/#\/schema\/logo\/image\/\"},\"sameAs\":[\"https:\/\/www.linkedin.com\/company\/florian-horsefood\/about\/\"]}]}<\/script>\n<!-- \/ Yoast SEO plugin. -->","yoast_head_json":{"title":"Duval Chlorella - Florian Horsefood","robots":{"index":"index","follow":"follow","max-snippet":"max-snippet:-1","max-image-preview":"max-image-preview:large","max-video-preview":"max-video-preview:-1"},"canonical":"https:\/\/florianhorsefood.nl\/de\/produkt\/chlorella\/","og_locale":"de_DE","og_type":"article","og_title":"Duval Chlorella - Florian Horsefood","og_description":"Duval Chlorella (pyrenoidosa) ist ein wahres Superfood! Chlorella-Pulver ist ein Nahrungserg\u00e4nzungsmittel in 100% nat\u00fcrlicher Form mit vielen besonderen Eigenschaften. Eigenschaften von Chlorella Unterst\u00fctzt die Abwehrkr\u00e4fte und das Immunsystem Unterst\u00fctzt den [&hellip;]","og_url":"https:\/\/florianhorsefood.nl\/de\/produkt\/chlorella\/","og_site_name":"Florian Horsefood","article_modified_time":"2026-03-24T19:52:37+00:00","og_image":[{"width":1080,"height":1080,"url":"https:\/\/florianhorsefood.nl\/wp-content\/uploads\/2024\/08\/Chlorella-2.png","type":"image\/png"}],"twitter_card":"summary_large_image","twitter_misc":{"Gesch\u00e4tzte Lesezeit":"1\u00a0Minute"},"schema":{"@context":"https:\/\/schema.org","@graph":[{"@type":"WebPage","@id":"https:\/\/florianhorsefood.nl\/de\/produkt\/chlorella\/","url":"https:\/\/florianhorsefood.nl\/de\/produkt\/chlorella\/","name":"Duval Chlorella - Florian Horsefood","isPartOf":{"@id":"https:\/\/florianhorsefood.nl\/de\/#website"},"primaryImageOfPage":{"@id":"https:\/\/florianhorsefood.nl\/de\/produkt\/chlorella\/#primaryimage"},"image":{"@id":"https:\/\/florianhorsefood.nl\/de\/produkt\/chlorella\/#primaryimage"},"thumbnailUrl":"https:\/\/florianhorsefood.nl\/wp-content\/uploads\/2024\/08\/Chlorella-2.png","datePublished":"2024-08-09T07:30:24+00:00","dateModified":"2026-03-24T19:52:37+00:00","breadcrumb":{"@id":"https:\/\/florianhorsefood.nl\/de\/produkt\/chlorella\/#breadcrumb"},"inLanguage":"de","potentialAction":[{"@type":"ReadAction","target":["https:\/\/florianhorsefood.nl\/de\/produkt\/chlorella\/"]}]},{"@type":"ImageObject","inLanguage":"de","@id":"https:\/\/florianhorsefood.nl\/de\/produkt\/chlorella\/#primaryimage","url":"https:\/\/florianhorsefood.nl\/wp-content\/uploads\/2024\/08\/Chlorella-2.png","contentUrl":"https:\/\/florianhorsefood.nl\/wp-content\/uploads\/2024\/08\/Chlorella-2.png","width":1080,"height":1080},{"@type":"BreadcrumbList","@id":"https:\/\/florianhorsefood.nl\/de\/produkt\/chlorella\/#breadcrumb","itemListElement":[{"@type":"ListItem","position":1,"name":"Startseite","item":"https:\/\/florianhorsefood.nl\/de\/startseite\/"},{"@type":"ListItem","position":2,"name":"Shop","item":"https:\/\/florianhorsefood.nl\/shop\/"},{"@type":"ListItem","position":3,"name":"Duval Chlorella"}]},{"@type":"WebSite","@id":"https:\/\/florianhorsefood.nl\/de\/#website","url":"https:\/\/florianhorsefood.nl\/de\/","name":"Florian Horsefood","description":"Back to Basic &amp; Health Protection!","publisher":{"@id":"https:\/\/florianhorsefood.nl\/de\/#organization"},"potentialAction":[{"@type":"SearchAction","target":{"@type":"EntryPoint","urlTemplate":"https:\/\/florianhorsefood.nl\/de\/?s={search_term_string}"},"query-input":{"@type":"PropertyValueSpecification","valueRequired":true,"valueName":"search_term_string"}}],"inLanguage":"de"},{"@type":"Organization","@id":"https:\/\/florianhorsefood.nl\/de\/#organization","name":"Florian Pferdefutter","url":"https:\/\/florianhorsefood.nl\/de\/","logo":{"@type":"ImageObject","inLanguage":"de","@id":"https:\/\/florianhorsefood.nl\/de\/#\/schema\/logo\/image\/","url":"https:\/\/florianhorsefood.nl\/wp-content\/uploads\/2020\/02\/Florian_Horsefood_liggend_RGB.png","contentUrl":"https:\/\/florianhorsefood.nl\/wp-content\/uploads\/2020\/02\/Florian_Horsefood_liggend_RGB.png","width":1044,"height":393,"caption":"Florian Pferdefutter"},"image":{"@id":"https:\/\/florianhorsefood.nl\/de\/#\/schema\/logo\/image\/"},"sameAs":["https:\/\/www.linkedin.com\/company\/florian-horsefood\/about\/"]}]}},"_links":{"self":[{"href":"https:\/\/florianhorsefood.nl\/de\/wp-json\/wp\/v2\/product\/12201","targetHints":{"allow":["GET"]}}],"collection":[{"href":"https:\/\/florianhorsefood.nl\/de\/wp-json\/wp\/v2\/product"}],"about":[{"href":"https:\/\/florianhorsefood.nl\/de\/wp-json\/wp\/v2\/types\/product"}],"wp:featuredmedia":[{"embeddable":true,"href":"https:\/\/florianhorsefood.nl\/de\/wp-json\/wp\/v2\/media\/12092"}],"wp:attachment":[{"href":"https:\/\/florianhorsefood.nl\/de\/wp-json\/wp\/v2\/media?parent=12201"}],"wp:term":[{"taxonomy":"product_brand","embeddable":true,"href":"https:\/\/florianhorsefood.nl\/de\/wp-json\/wp\/v2\/product_brand?post=12201"},{"taxonomy":"product_cat","embeddable":true,"href":"https:\/\/florianhorsefood.nl\/de\/wp-json\/wp\/v2\/product_cat?post=12201"},{"taxonomy":"product_tag","embeddable":true,"href":"https:\/\/florianhorsefood.nl\/de\/wp-json\/wp\/v2\/product_tag?post=12201"}],"curies":[{"name":"wp","href":"https:\/\/api.w.org\/{rel}","templated":true}]}}