{"id":12224,"date":"2024-03-25T16:18:31","date_gmt":"2024-03-25T15:18:31","guid":{"rendered":"https:\/\/florianhorsefood.nl\/product\/muster-multibeet-xtra\/"},"modified":"2025-05-23T16:09:33","modified_gmt":"2025-05-23T14:09:33","slug":"muster-multibeet-xtra","status":"publish","type":"product","link":"https:\/\/florianhorsefood.nl\/de\/produkt\/muster-multibeet-xtra\/","title":{"rendered":"Probenbeutel MultiBeet Xtra"},"content":{"rendered":"<p>Sie m\u00f6chten ein Produkt testen, es riechen, f\u00fchlen&#8230; oder einfach nur sehen, ob Ihr Pferd es mag? Dann ist ein Probebeutel ideal.<\/p>\n<p class=\"p2\">Das MultiBeet Xtra ist unsere gesunde Alternative in der Welt der Einweichprodukte! Multibeet Xtra ist eine sorgf\u00e4ltig zusammengestellte Kombination aus R\u00fcbenschnitzeln und -schalen sowie hochverdaulichen Ballaststoffen aus Lieschgras, Esparsette und Apfelschnitzeln, die die Schmackhaftigkeit erh\u00f6hen. Ideale Raufuttererg\u00e4nzung f\u00fcr magere, abgemagerte (Sport-)Pferde zur Wiederherstellung einer perfekten Kondition. Das Mash ist v\u00f6llig getreidefrei und enth\u00e4lt einen sehr niedrigen Zucker- und St\u00e4rkegehalt, wodurch es sich hervorragend f\u00fcr zuckerempfindliche Pferde eignet.<\/p>\n<p><strong>Florian MultiBeet Xtra<\/strong><\/p>\n<ul>\n<li>Mit zus\u00e4tzlichen Ballaststoffen aus Lieschgras und Esparcette<\/li>\n<li>Wenig Zucker und St\u00e4rke<\/li>\n<li>Frei von Getreide, Soja und Alfalfa<\/li>\n<\/ul>\n<h3>F\u00fctterungshinweise:<\/h3>\n<p>Verteilung: 1 Teil Multibeet Xtra auf 4 Teile Wasser. Die Einweichzeit mit kaltem Wasser betr\u00e4gt mindestens 90 Minuten - Einweichzeit mit hei\u00dfem Wasser = ca. 20 Minuten<\/p>\n<p>Weichen Sie maximal 1 kg Trockenprodukt pro F\u00fctterung ein (dies kann nat\u00fcrlich auch weniger sein).<\/p>\n<p>F\u00fcr \u00e4ltere Pferde, die wenig Raufutter fressen, oder Pferde mit Zahnproblemen als Ersatz f\u00fcr Raufutter: 1 kg Trockenprodukt pro 100 kg K\u00f6rpergewicht zum Einweichen<\/p>\n<p><em>  *Tipp: F\u00fcgen Sie einen der Florian Balancer hinzu, wenn Sie Multibeet Xtra als Alleinfutter verwenden.<\/em><\/p>\n<h3>ACHTUNG: Dieses Produkt MUSS eingeweicht werden!!!<\/h3>\n","protected":false},"excerpt":{"rendered":"<p><strong><span style=\"color: #8bc63e;\">Testen!<br \/>\n<\/span><\/strong>M\u00f6chten Sie ein Produkt testen, es riechen, f\u00fchlen&#8230; oder einfach nur sehen, ob Ihr Pferd es mag? Dann ist ein Probebeutel ideal.<\/p>\n<p><strong><span style=\"color: #8bc63e;\">Kombi-Rabatt<br \/>\n<\/span><\/strong>Drei verschiedene Probenbeutel kosten 3,99 \u20ac. Der Rabatt wird automatisch im Einkaufskorb verrechnet.<\/p>\n<p><strong><span style=\"color: #8bc63e;\">Inhalt: ca. 200 g<\/span><\/strong><\/p>\n","protected":false},"featured_media":20141,"template":"","meta":[],"product_brand":[],"product_cat":[116,19],"product_tag":[46,112],"class_list":{"0":"post-12224","1":"product","2":"type-product","3":"status-publish","4":"has-post-thumbnail","6":"product_cat-samples","7":"product_cat-support-mix","8":"product_tag-kleine-verpakking","9":"product_tag-samplezakjes","10":"product_shipping_class-pakketpost","12":"first","13":"instock","14":"taxable","15":"shipping-taxable","16":"purchasable","17":"product-type-simple"},"bundled_by":[],"bundle_stock_status":"instock","bundle_stock_quantity":null,"bundle_virtual":false,"bundle_layout":"","bundle_add_to_cart_form_location":"","bundle_editable_in_cart":false,"bundle_sold_individually_context":"","bundle_item_grouping":"","bundle_min_size":"","bundle_max_size":"","bundle_price":[],"bundled_items":[],"bundle_sell_ids":[],"yoast_head":"<!-- This site is optimized with the Yoast SEO plugin v27.3 - https:\/\/yoast.com\/product\/yoast-seo-wordpress\/ -->\n<title>Probenbeutel MultiBeet Xtra - Florian Horsefood<\/title>\n<meta name=\"description\" content=\"Das MultiBeet Xtra ist unsere gesunde Alternative in der Welt der Einweichprodukte! Multibeet Xtra ist eine sorgf\u00e4ltig zusammengestellte Kombination aus R\u00fcbenschnitzeln und -schalen sowie hochverdaulichen Ballaststoffen aus Lieschgras, Esparsette und Apfelschnitzeln, die die Schmackhaftigkeit erh\u00f6hen.\" \/>\n<meta name=\"robots\" content=\"index, follow, max-snippet:-1, max-image-preview:large, max-video-preview:-1\" \/>\n<link rel=\"canonical\" href=\"https:\/\/florianhorsefood.nl\/de\/produkt\/muster-multibeet-xtra\/\" \/>\n<meta property=\"og:locale\" content=\"de_DE\" \/>\n<meta property=\"og:type\" content=\"article\" \/>\n<meta property=\"og:title\" content=\"Probenbeutel MultiBeet Xtra - Florian Horsefood\" \/>\n<meta property=\"og:description\" content=\"Das MultiBeet Xtra ist unsere gesunde Alternative in der Welt der Einweichprodukte! Multibeet Xtra ist eine sorgf\u00e4ltig zusammengestellte Kombination aus R\u00fcbenschnitzeln und -schalen sowie hochverdaulichen Ballaststoffen aus Lieschgras, Esparsette und Apfelschnitzeln, die die Schmackhaftigkeit erh\u00f6hen.\" \/>\n<meta property=\"og:url\" content=\"https:\/\/florianhorsefood.nl\/de\/produkt\/muster-multibeet-xtra\/\" \/>\n<meta property=\"og:site_name\" content=\"Florian Horsefood\" \/>\n<meta property=\"article:modified_time\" content=\"2025-05-23T14:09:33+00:00\" \/>\n<meta property=\"og:image\" content=\"https:\/\/florianhorsefood.nl\/wp-content\/uploads\/2024\/01\/florian-horsefood-multi-beet-xtra-gastro-mash.jpg\" \/>\n\t<meta property=\"og:image:width\" content=\"2000\" \/>\n\t<meta property=\"og:image:height\" content=\"2000\" \/>\n\t<meta property=\"og:image:type\" content=\"image\/jpeg\" \/>\n<meta name=\"twitter:card\" content=\"summary_large_image\" \/>\n<meta name=\"twitter:label1\" content=\"Gesch\u00e4tzte Lesezeit\" \/>\n\t<meta name=\"twitter:data1\" content=\"1\u00a0Minute\" \/>\n<script type=\"application\/ld+json\" class=\"yoast-schema-graph\">{\"@context\":\"https:\\\/\\\/schema.org\",\"@graph\":[{\"@type\":\"WebPage\",\"@id\":\"https:\\\/\\\/florianhorsefood.nl\\\/de\\\/produkt\\\/muster-multibeet-xtra\\\/\",\"url\":\"https:\\\/\\\/florianhorsefood.nl\\\/de\\\/produkt\\\/muster-multibeet-xtra\\\/\",\"name\":\"Probenbeutel MultiBeet Xtra - Florian Horsefood\",\"isPartOf\":{\"@id\":\"https:\\\/\\\/florianhorsefood.nl\\\/de\\\/#website\"},\"primaryImageOfPage\":{\"@id\":\"https:\\\/\\\/florianhorsefood.nl\\\/de\\\/produkt\\\/muster-multibeet-xtra\\\/#primaryimage\"},\"image\":{\"@id\":\"https:\\\/\\\/florianhorsefood.nl\\\/de\\\/produkt\\\/muster-multibeet-xtra\\\/#primaryimage\"},\"thumbnailUrl\":\"https:\\\/\\\/florianhorsefood.nl\\\/wp-content\\\/uploads\\\/2025\\\/11\\\/florian-horsefood-sample-zakje-multi-beet-xtra.webp\",\"datePublished\":\"2024-03-25T15:18:31+00:00\",\"dateModified\":\"2025-05-23T14:09:33+00:00\",\"description\":\"Das MultiBeet Xtra ist unsere gesunde Alternative in der Welt der Einweichprodukte! Multibeet Xtra ist eine sorgf\u00e4ltig zusammengestellte Kombination aus R\u00fcbenschnitzeln und -schalen sowie hochverdaulichen Ballaststoffen aus Lieschgras, Esparsette und Apfelschnitzeln, die die Schmackhaftigkeit erh\u00f6hen.\",\"breadcrumb\":{\"@id\":\"https:\\\/\\\/florianhorsefood.nl\\\/de\\\/produkt\\\/muster-multibeet-xtra\\\/#breadcrumb\"},\"inLanguage\":\"de\",\"potentialAction\":[{\"@type\":\"ReadAction\",\"target\":[\"https:\\\/\\\/florianhorsefood.nl\\\/de\\\/produkt\\\/muster-multibeet-xtra\\\/\"]}]},{\"@type\":\"ImageObject\",\"inLanguage\":\"de\",\"@id\":\"https:\\\/\\\/florianhorsefood.nl\\\/de\\\/produkt\\\/muster-multibeet-xtra\\\/#primaryimage\",\"url\":\"https:\\\/\\\/florianhorsefood.nl\\\/wp-content\\\/uploads\\\/2025\\\/11\\\/florian-horsefood-sample-zakje-multi-beet-xtra.webp\",\"contentUrl\":\"https:\\\/\\\/florianhorsefood.nl\\\/wp-content\\\/uploads\\\/2025\\\/11\\\/florian-horsefood-sample-zakje-multi-beet-xtra.webp\",\"width\":2222,\"height\":2222},{\"@type\":\"BreadcrumbList\",\"@id\":\"https:\\\/\\\/florianhorsefood.nl\\\/de\\\/produkt\\\/muster-multibeet-xtra\\\/#breadcrumb\",\"itemListElement\":[{\"@type\":\"ListItem\",\"position\":1,\"name\":\"Startseite\",\"item\":\"https:\\\/\\\/florianhorsefood.nl\\\/de\\\/startseite\\\/\"},{\"@type\":\"ListItem\",\"position\":2,\"name\":\"Shop\",\"item\":\"https:\\\/\\\/florianhorsefood.nl\\\/shop\\\/\"},{\"@type\":\"ListItem\",\"position\":3,\"name\":\"Probenbeutel MultiBeet Xtra\"}]},{\"@type\":\"WebSite\",\"@id\":\"https:\\\/\\\/florianhorsefood.nl\\\/de\\\/#website\",\"url\":\"https:\\\/\\\/florianhorsefood.nl\\\/de\\\/\",\"name\":\"Florian Horsefood\",\"description\":\"Back to Basic &amp; Health Protection!\",\"publisher\":{\"@id\":\"https:\\\/\\\/florianhorsefood.nl\\\/de\\\/#organization\"},\"potentialAction\":[{\"@type\":\"SearchAction\",\"target\":{\"@type\":\"EntryPoint\",\"urlTemplate\":\"https:\\\/\\\/florianhorsefood.nl\\\/de\\\/?s={search_term_string}\"},\"query-input\":{\"@type\":\"PropertyValueSpecification\",\"valueRequired\":true,\"valueName\":\"search_term_string\"}}],\"inLanguage\":\"de\"},{\"@type\":\"Organization\",\"@id\":\"https:\\\/\\\/florianhorsefood.nl\\\/de\\\/#organization\",\"name\":\"Florian Pferdefutter\",\"url\":\"https:\\\/\\\/florianhorsefood.nl\\\/de\\\/\",\"logo\":{\"@type\":\"ImageObject\",\"inLanguage\":\"de\",\"@id\":\"https:\\\/\\\/florianhorsefood.nl\\\/de\\\/#\\\/schema\\\/logo\\\/image\\\/\",\"url\":\"https:\\\/\\\/florianhorsefood.nl\\\/wp-content\\\/uploads\\\/2020\\\/02\\\/Florian_Horsefood_liggend_RGB.png\",\"contentUrl\":\"https:\\\/\\\/florianhorsefood.nl\\\/wp-content\\\/uploads\\\/2020\\\/02\\\/Florian_Horsefood_liggend_RGB.png\",\"width\":1044,\"height\":393,\"caption\":\"Florian Pferdefutter\"},\"image\":{\"@id\":\"https:\\\/\\\/florianhorsefood.nl\\\/de\\\/#\\\/schema\\\/logo\\\/image\\\/\"},\"sameAs\":[\"https:\\\/\\\/www.linkedin.com\\\/company\\\/florian-horsefood\\\/about\\\/\"]}]}<\/script>\n<!-- \/ Yoast SEO plugin. -->","yoast_head_json":{"title":"Probenbeutel MultiBeet Xtra - Florian Horsefood","description":"Das MultiBeet Xtra ist unsere gesunde Alternative in der Welt der Einweichprodukte! Multibeet Xtra ist eine sorgf\u00e4ltig zusammengestellte Kombination aus R\u00fcbenschnitzeln und -schalen sowie hochverdaulichen Ballaststoffen aus Lieschgras, Esparsette und Apfelschnitzeln, die die Schmackhaftigkeit erh\u00f6hen.","robots":{"index":"index","follow":"follow","max-snippet":"max-snippet:-1","max-image-preview":"max-image-preview:large","max-video-preview":"max-video-preview:-1"},"canonical":"https:\/\/florianhorsefood.nl\/de\/produkt\/muster-multibeet-xtra\/","og_locale":"de_DE","og_type":"article","og_title":"Probenbeutel MultiBeet Xtra - Florian Horsefood","og_description":"Das MultiBeet Xtra ist unsere gesunde Alternative in der Welt der Einweichprodukte! Multibeet Xtra ist eine sorgf\u00e4ltig zusammengestellte Kombination aus R\u00fcbenschnitzeln und -schalen sowie hochverdaulichen Ballaststoffen aus Lieschgras, Esparsette und Apfelschnitzeln, die die Schmackhaftigkeit erh\u00f6hen.","og_url":"https:\/\/florianhorsefood.nl\/de\/produkt\/muster-multibeet-xtra\/","og_site_name":"Florian Horsefood","article_modified_time":"2025-05-23T14:09:33+00:00","og_image":[{"width":2000,"height":2000,"url":"https:\/\/florianhorsefood.nl\/wp-content\/uploads\/2024\/01\/florian-horsefood-multi-beet-xtra-gastro-mash.jpg","type":"image\/jpeg"}],"twitter_card":"summary_large_image","twitter_misc":{"Gesch\u00e4tzte Lesezeit":"1\u00a0Minute"},"schema":{"@context":"https:\/\/schema.org","@graph":[{"@type":"WebPage","@id":"https:\/\/florianhorsefood.nl\/de\/produkt\/muster-multibeet-xtra\/","url":"https:\/\/florianhorsefood.nl\/de\/produkt\/muster-multibeet-xtra\/","name":"Probenbeutel MultiBeet Xtra - Florian Horsefood","isPartOf":{"@id":"https:\/\/florianhorsefood.nl\/de\/#website"},"primaryImageOfPage":{"@id":"https:\/\/florianhorsefood.nl\/de\/produkt\/muster-multibeet-xtra\/#primaryimage"},"image":{"@id":"https:\/\/florianhorsefood.nl\/de\/produkt\/muster-multibeet-xtra\/#primaryimage"},"thumbnailUrl":"https:\/\/florianhorsefood.nl\/wp-content\/uploads\/2025\/11\/florian-horsefood-sample-zakje-multi-beet-xtra.webp","datePublished":"2024-03-25T15:18:31+00:00","dateModified":"2025-05-23T14:09:33+00:00","description":"Das MultiBeet Xtra ist unsere gesunde Alternative in der Welt der Einweichprodukte! Multibeet Xtra ist eine sorgf\u00e4ltig zusammengestellte Kombination aus R\u00fcbenschnitzeln und -schalen sowie hochverdaulichen Ballaststoffen aus Lieschgras, Esparsette und Apfelschnitzeln, die die Schmackhaftigkeit erh\u00f6hen.","breadcrumb":{"@id":"https:\/\/florianhorsefood.nl\/de\/produkt\/muster-multibeet-xtra\/#breadcrumb"},"inLanguage":"de","potentialAction":[{"@type":"ReadAction","target":["https:\/\/florianhorsefood.nl\/de\/produkt\/muster-multibeet-xtra\/"]}]},{"@type":"ImageObject","inLanguage":"de","@id":"https:\/\/florianhorsefood.nl\/de\/produkt\/muster-multibeet-xtra\/#primaryimage","url":"https:\/\/florianhorsefood.nl\/wp-content\/uploads\/2025\/11\/florian-horsefood-sample-zakje-multi-beet-xtra.webp","contentUrl":"https:\/\/florianhorsefood.nl\/wp-content\/uploads\/2025\/11\/florian-horsefood-sample-zakje-multi-beet-xtra.webp","width":2222,"height":2222},{"@type":"BreadcrumbList","@id":"https:\/\/florianhorsefood.nl\/de\/produkt\/muster-multibeet-xtra\/#breadcrumb","itemListElement":[{"@type":"ListItem","position":1,"name":"Startseite","item":"https:\/\/florianhorsefood.nl\/de\/startseite\/"},{"@type":"ListItem","position":2,"name":"Shop","item":"https:\/\/florianhorsefood.nl\/shop\/"},{"@type":"ListItem","position":3,"name":"Probenbeutel MultiBeet Xtra"}]},{"@type":"WebSite","@id":"https:\/\/florianhorsefood.nl\/de\/#website","url":"https:\/\/florianhorsefood.nl\/de\/","name":"Florian Horsefood","description":"Back to Basic &amp; Health Protection!","publisher":{"@id":"https:\/\/florianhorsefood.nl\/de\/#organization"},"potentialAction":[{"@type":"SearchAction","target":{"@type":"EntryPoint","urlTemplate":"https:\/\/florianhorsefood.nl\/de\/?s={search_term_string}"},"query-input":{"@type":"PropertyValueSpecification","valueRequired":true,"valueName":"search_term_string"}}],"inLanguage":"de"},{"@type":"Organization","@id":"https:\/\/florianhorsefood.nl\/de\/#organization","name":"Florian Pferdefutter","url":"https:\/\/florianhorsefood.nl\/de\/","logo":{"@type":"ImageObject","inLanguage":"de","@id":"https:\/\/florianhorsefood.nl\/de\/#\/schema\/logo\/image\/","url":"https:\/\/florianhorsefood.nl\/wp-content\/uploads\/2020\/02\/Florian_Horsefood_liggend_RGB.png","contentUrl":"https:\/\/florianhorsefood.nl\/wp-content\/uploads\/2020\/02\/Florian_Horsefood_liggend_RGB.png","width":1044,"height":393,"caption":"Florian Pferdefutter"},"image":{"@id":"https:\/\/florianhorsefood.nl\/de\/#\/schema\/logo\/image\/"},"sameAs":["https:\/\/www.linkedin.com\/company\/florian-horsefood\/about\/"]}]}},"_links":{"self":[{"href":"https:\/\/florianhorsefood.nl\/de\/wp-json\/wp\/v2\/product\/12224","targetHints":{"allow":["GET"]}}],"collection":[{"href":"https:\/\/florianhorsefood.nl\/de\/wp-json\/wp\/v2\/product"}],"about":[{"href":"https:\/\/florianhorsefood.nl\/de\/wp-json\/wp\/v2\/types\/product"}],"wp:featuredmedia":[{"embeddable":true,"href":"https:\/\/florianhorsefood.nl\/de\/wp-json\/wp\/v2\/media\/20141"}],"wp:attachment":[{"href":"https:\/\/florianhorsefood.nl\/de\/wp-json\/wp\/v2\/media?parent=12224"}],"wp:term":[{"taxonomy":"product_brand","embeddable":true,"href":"https:\/\/florianhorsefood.nl\/de\/wp-json\/wp\/v2\/product_brand?post=12224"},{"taxonomy":"product_cat","embeddable":true,"href":"https:\/\/florianhorsefood.nl\/de\/wp-json\/wp\/v2\/product_cat?post=12224"},{"taxonomy":"product_tag","embeddable":true,"href":"https:\/\/florianhorsefood.nl\/de\/wp-json\/wp\/v2\/product_tag?post=12224"}],"curies":[{"name":"wp","href":"https:\/\/api.w.org\/{rel}","templated":true}]}}