{"id":12225,"date":"2024-03-25T16:28:23","date_gmt":"2024-03-25T15:28:23","guid":{"rendered":"https:\/\/florianhorsefood.nl\/product\/beispiel-slow-fit\/"},"modified":"2025-05-23T16:09:47","modified_gmt":"2025-05-23T14:09:47","slug":"beispiel-slow-fit","status":"publish","type":"product","link":"https:\/\/florianhorsefood.nl\/de\/produkt\/beispiel-slow-fit\/","title":{"rendered":"Probenbeutel Slow Fit"},"content":{"rendered":"<p>Sie m\u00f6chten ein Produkt testen, es riechen, f\u00fchlen&#8230; oder einfach nur sehen, ob Ihr Pferd es mag? Dann ist ein Probebeutel ideal.<\/p>\n<p class=\"p2\">Der Slow Fit ist ein bequemer Support Mix mit einem hohen Fett- und Proteingehalt, dem zus\u00e4tzlich \u00d6l und Magnesium beigemischt ist. Sehr gut geeignet f\u00fcr Freizeit- und Sportpferde, die Energie ben\u00f6tigen, aber fein bearbeitbar bleiben m\u00fcssen. Diese Mischung ist reich an Vitaminen und Mineralien und enth\u00e4lt wenig Zucker und St\u00e4rke. Slow Fit tr\u00e4gt zum Komfort kraftvoller, aber langsam freigesetzter Energie bei und wurde teilweise f\u00fcr scharfe und sensible Sportpferde entwickelt.  <\/p>\n<p><strong>Florian Slow Fit<\/strong><\/p>\n<ul>\n<li>Verleiht kraftvolle und langsam freigesetzte Energie<\/li>\n<li>Reich an Magnesium, Vitaminen und Mineralien<\/li>\n<li>\u00dcber 50% weniger Futtermittel im Vergleich zu normalem M\u00fcsli<\/li>\n<li>Alfalfa frei<\/li>\n<\/ul>\n<h3>F\u00fctterungshinweise:<\/h3>\n<p>Zur Erhaltung oder in Kombination mit anderen Konzentraten: ca. 40 bis 70 g pro 100 kg K\u00f6rpergewicht<\/p>\n<p>Als einzige Kraftfutterration:<\/p>\n<ul>\n<li>Von keiner bis zu leichter und m\u00e4\u00dfiger Arbeit: ca. 75 bis ca. 100 Gramm pro 100 kg K\u00f6rpergewicht<\/li>\n<li>Bei schwerer bis sehr schwerer Arbeit: etwa 125 bis etwa 150 Gramm pro 100 kg K\u00f6rpergewicht<\/li>\n<\/ul>\n","protected":false},"excerpt":{"rendered":"<p><strong><span style=\"color: #8bc63e;\">Testen!<br \/>\n<\/span><\/strong>M\u00f6chten Sie ein Produkt testen, es riechen, f\u00fchlen&#8230; oder einfach nur sehen, ob Ihr Pferd es mag? Dann ist ein Probebeutel ideal.<\/p>\n<p><strong><span style=\"color: #8bc63e;\">Kombi-Rabatt<br \/>\n<\/span><\/strong>Drei verschiedene Probenbeutel kosten 3,99 \u20ac. Der Rabatt wird automatisch im Einkaufskorb verrechnet.<\/p>\n<p><strong><span style=\"color: #8bc63e;\">Inhalt: ca. 100 g<\/span><\/strong><\/p>\n","protected":false},"featured_media":20150,"template":"","meta":[],"product_brand":[],"product_cat":[116,19],"product_tag":[46,112],"class_list":{"0":"post-12225","1":"product","2":"type-product","3":"status-publish","4":"has-post-thumbnail","6":"product_cat-samples","7":"product_cat-support-mix","8":"product_tag-kleine-verpakking","9":"product_tag-samplezakjes","10":"product_shipping_class-pakketpost","12":"first","13":"instock","14":"taxable","15":"shipping-taxable","16":"purchasable","17":"product-type-simple"},"bundled_by":[],"bundle_stock_status":"instock","bundle_stock_quantity":null,"bundle_virtual":false,"bundle_layout":"","bundle_add_to_cart_form_location":"","bundle_editable_in_cart":false,"bundle_sold_individually_context":"","bundle_item_grouping":"","bundle_min_size":"","bundle_max_size":"","bundle_price":[],"bundled_items":[],"bundle_sell_ids":[],"yoast_head":"<!-- This site is optimized with the Yoast SEO plugin v27.3 - https:\/\/yoast.com\/product\/yoast-seo-wordpress\/ -->\n<title>Probenbeutel Slow Fit - Florian Horsefood<\/title>\n<meta name=\"description\" content=\"Der Slow Fit ist ein bequemer Support Mix mit einem hohen Fett- und Proteingehalt, dem zus\u00e4tzlich \u00d6l und Magnesium beigemischt ist.\" \/>\n<meta name=\"robots\" content=\"index, follow, max-snippet:-1, max-image-preview:large, max-video-preview:-1\" \/>\n<link rel=\"canonical\" href=\"https:\/\/florianhorsefood.nl\/de\/produkt\/beispiel-slow-fit\/\" \/>\n<meta property=\"og:locale\" content=\"de_DE\" \/>\n<meta property=\"og:type\" content=\"article\" \/>\n<meta property=\"og:title\" content=\"Probenbeutel Slow Fit - Florian Horsefood\" \/>\n<meta property=\"og:description\" content=\"Der Slow Fit ist ein bequemer Support Mix mit einem hohen Fett- und Proteingehalt, dem zus\u00e4tzlich \u00d6l und Magnesium beigemischt ist.\" \/>\n<meta property=\"og:url\" content=\"https:\/\/florianhorsefood.nl\/de\/produkt\/beispiel-slow-fit\/\" \/>\n<meta property=\"og:site_name\" content=\"Florian Horsefood\" \/>\n<meta property=\"article:modified_time\" content=\"2025-05-23T14:09:47+00:00\" \/>\n<meta property=\"og:image\" content=\"https:\/\/florianhorsefood.nl\/wp-content\/uploads\/2024\/03\/florian-horsefood-slow-fit-support-mix.jpg\" \/>\n\t<meta property=\"og:image:width\" content=\"2000\" \/>\n\t<meta property=\"og:image:height\" content=\"2000\" \/>\n\t<meta property=\"og:image:type\" content=\"image\/jpeg\" \/>\n<meta name=\"twitter:card\" content=\"summary_large_image\" \/>\n<meta name=\"twitter:label1\" content=\"Gesch\u00e4tzte Lesezeit\" \/>\n\t<meta name=\"twitter:data1\" content=\"1\u00a0Minute\" \/>\n<script type=\"application\/ld+json\" class=\"yoast-schema-graph\">{\"@context\":\"https:\\\/\\\/schema.org\",\"@graph\":[{\"@type\":\"WebPage\",\"@id\":\"https:\\\/\\\/florianhorsefood.nl\\\/de\\\/produkt\\\/beispiel-slow-fit\\\/\",\"url\":\"https:\\\/\\\/florianhorsefood.nl\\\/de\\\/produkt\\\/beispiel-slow-fit\\\/\",\"name\":\"Probenbeutel Slow Fit - Florian Horsefood\",\"isPartOf\":{\"@id\":\"https:\\\/\\\/florianhorsefood.nl\\\/de\\\/#website\"},\"primaryImageOfPage\":{\"@id\":\"https:\\\/\\\/florianhorsefood.nl\\\/de\\\/produkt\\\/beispiel-slow-fit\\\/#primaryimage\"},\"image\":{\"@id\":\"https:\\\/\\\/florianhorsefood.nl\\\/de\\\/produkt\\\/beispiel-slow-fit\\\/#primaryimage\"},\"thumbnailUrl\":\"https:\\\/\\\/florianhorsefood.nl\\\/wp-content\\\/uploads\\\/2025\\\/11\\\/florian-horsefood-sample-zakje-slow-fit.webp\",\"datePublished\":\"2024-03-25T15:28:23+00:00\",\"dateModified\":\"2025-05-23T14:09:47+00:00\",\"description\":\"Der Slow Fit ist ein bequemer Support Mix mit einem hohen Fett- und Proteingehalt, dem zus\u00e4tzlich \u00d6l und Magnesium beigemischt ist.\",\"breadcrumb\":{\"@id\":\"https:\\\/\\\/florianhorsefood.nl\\\/de\\\/produkt\\\/beispiel-slow-fit\\\/#breadcrumb\"},\"inLanguage\":\"de\",\"potentialAction\":[{\"@type\":\"ReadAction\",\"target\":[\"https:\\\/\\\/florianhorsefood.nl\\\/de\\\/produkt\\\/beispiel-slow-fit\\\/\"]}]},{\"@type\":\"ImageObject\",\"inLanguage\":\"de\",\"@id\":\"https:\\\/\\\/florianhorsefood.nl\\\/de\\\/produkt\\\/beispiel-slow-fit\\\/#primaryimage\",\"url\":\"https:\\\/\\\/florianhorsefood.nl\\\/wp-content\\\/uploads\\\/2025\\\/11\\\/florian-horsefood-sample-zakje-slow-fit.webp\",\"contentUrl\":\"https:\\\/\\\/florianhorsefood.nl\\\/wp-content\\\/uploads\\\/2025\\\/11\\\/florian-horsefood-sample-zakje-slow-fit.webp\",\"width\":2222,\"height\":2222},{\"@type\":\"BreadcrumbList\",\"@id\":\"https:\\\/\\\/florianhorsefood.nl\\\/de\\\/produkt\\\/beispiel-slow-fit\\\/#breadcrumb\",\"itemListElement\":[{\"@type\":\"ListItem\",\"position\":1,\"name\":\"Startseite\",\"item\":\"https:\\\/\\\/florianhorsefood.nl\\\/de\\\/startseite\\\/\"},{\"@type\":\"ListItem\",\"position\":2,\"name\":\"Shop\",\"item\":\"https:\\\/\\\/florianhorsefood.nl\\\/shop\\\/\"},{\"@type\":\"ListItem\",\"position\":3,\"name\":\"Probenbeutel Slow Fit\"}]},{\"@type\":\"WebSite\",\"@id\":\"https:\\\/\\\/florianhorsefood.nl\\\/de\\\/#website\",\"url\":\"https:\\\/\\\/florianhorsefood.nl\\\/de\\\/\",\"name\":\"Florian Horsefood\",\"description\":\"Back to Basic &amp; Health Protection!\",\"publisher\":{\"@id\":\"https:\\\/\\\/florianhorsefood.nl\\\/de\\\/#organization\"},\"potentialAction\":[{\"@type\":\"SearchAction\",\"target\":{\"@type\":\"EntryPoint\",\"urlTemplate\":\"https:\\\/\\\/florianhorsefood.nl\\\/de\\\/?s={search_term_string}\"},\"query-input\":{\"@type\":\"PropertyValueSpecification\",\"valueRequired\":true,\"valueName\":\"search_term_string\"}}],\"inLanguage\":\"de\"},{\"@type\":\"Organization\",\"@id\":\"https:\\\/\\\/florianhorsefood.nl\\\/de\\\/#organization\",\"name\":\"Florian Pferdefutter\",\"url\":\"https:\\\/\\\/florianhorsefood.nl\\\/de\\\/\",\"logo\":{\"@type\":\"ImageObject\",\"inLanguage\":\"de\",\"@id\":\"https:\\\/\\\/florianhorsefood.nl\\\/de\\\/#\\\/schema\\\/logo\\\/image\\\/\",\"url\":\"https:\\\/\\\/florianhorsefood.nl\\\/wp-content\\\/uploads\\\/2020\\\/02\\\/Florian_Horsefood_liggend_RGB.png\",\"contentUrl\":\"https:\\\/\\\/florianhorsefood.nl\\\/wp-content\\\/uploads\\\/2020\\\/02\\\/Florian_Horsefood_liggend_RGB.png\",\"width\":1044,\"height\":393,\"caption\":\"Florian Pferdefutter\"},\"image\":{\"@id\":\"https:\\\/\\\/florianhorsefood.nl\\\/de\\\/#\\\/schema\\\/logo\\\/image\\\/\"},\"sameAs\":[\"https:\\\/\\\/www.linkedin.com\\\/company\\\/florian-horsefood\\\/about\\\/\"]}]}<\/script>\n<!-- \/ Yoast SEO plugin. -->","yoast_head_json":{"title":"Probenbeutel Slow Fit - Florian Horsefood","description":"Der Slow Fit ist ein bequemer Support Mix mit einem hohen Fett- und Proteingehalt, dem zus\u00e4tzlich \u00d6l und Magnesium beigemischt ist.","robots":{"index":"index","follow":"follow","max-snippet":"max-snippet:-1","max-image-preview":"max-image-preview:large","max-video-preview":"max-video-preview:-1"},"canonical":"https:\/\/florianhorsefood.nl\/de\/produkt\/beispiel-slow-fit\/","og_locale":"de_DE","og_type":"article","og_title":"Probenbeutel Slow Fit - Florian Horsefood","og_description":"Der Slow Fit ist ein bequemer Support Mix mit einem hohen Fett- und Proteingehalt, dem zus\u00e4tzlich \u00d6l und Magnesium beigemischt ist.","og_url":"https:\/\/florianhorsefood.nl\/de\/produkt\/beispiel-slow-fit\/","og_site_name":"Florian Horsefood","article_modified_time":"2025-05-23T14:09:47+00:00","og_image":[{"width":2000,"height":2000,"url":"https:\/\/florianhorsefood.nl\/wp-content\/uploads\/2024\/03\/florian-horsefood-slow-fit-support-mix.jpg","type":"image\/jpeg"}],"twitter_card":"summary_large_image","twitter_misc":{"Gesch\u00e4tzte Lesezeit":"1\u00a0Minute"},"schema":{"@context":"https:\/\/schema.org","@graph":[{"@type":"WebPage","@id":"https:\/\/florianhorsefood.nl\/de\/produkt\/beispiel-slow-fit\/","url":"https:\/\/florianhorsefood.nl\/de\/produkt\/beispiel-slow-fit\/","name":"Probenbeutel Slow Fit - Florian Horsefood","isPartOf":{"@id":"https:\/\/florianhorsefood.nl\/de\/#website"},"primaryImageOfPage":{"@id":"https:\/\/florianhorsefood.nl\/de\/produkt\/beispiel-slow-fit\/#primaryimage"},"image":{"@id":"https:\/\/florianhorsefood.nl\/de\/produkt\/beispiel-slow-fit\/#primaryimage"},"thumbnailUrl":"https:\/\/florianhorsefood.nl\/wp-content\/uploads\/2025\/11\/florian-horsefood-sample-zakje-slow-fit.webp","datePublished":"2024-03-25T15:28:23+00:00","dateModified":"2025-05-23T14:09:47+00:00","description":"Der Slow Fit ist ein bequemer Support Mix mit einem hohen Fett- und Proteingehalt, dem zus\u00e4tzlich \u00d6l und Magnesium beigemischt ist.","breadcrumb":{"@id":"https:\/\/florianhorsefood.nl\/de\/produkt\/beispiel-slow-fit\/#breadcrumb"},"inLanguage":"de","potentialAction":[{"@type":"ReadAction","target":["https:\/\/florianhorsefood.nl\/de\/produkt\/beispiel-slow-fit\/"]}]},{"@type":"ImageObject","inLanguage":"de","@id":"https:\/\/florianhorsefood.nl\/de\/produkt\/beispiel-slow-fit\/#primaryimage","url":"https:\/\/florianhorsefood.nl\/wp-content\/uploads\/2025\/11\/florian-horsefood-sample-zakje-slow-fit.webp","contentUrl":"https:\/\/florianhorsefood.nl\/wp-content\/uploads\/2025\/11\/florian-horsefood-sample-zakje-slow-fit.webp","width":2222,"height":2222},{"@type":"BreadcrumbList","@id":"https:\/\/florianhorsefood.nl\/de\/produkt\/beispiel-slow-fit\/#breadcrumb","itemListElement":[{"@type":"ListItem","position":1,"name":"Startseite","item":"https:\/\/florianhorsefood.nl\/de\/startseite\/"},{"@type":"ListItem","position":2,"name":"Shop","item":"https:\/\/florianhorsefood.nl\/shop\/"},{"@type":"ListItem","position":3,"name":"Probenbeutel Slow Fit"}]},{"@type":"WebSite","@id":"https:\/\/florianhorsefood.nl\/de\/#website","url":"https:\/\/florianhorsefood.nl\/de\/","name":"Florian Horsefood","description":"Back to Basic &amp; Health Protection!","publisher":{"@id":"https:\/\/florianhorsefood.nl\/de\/#organization"},"potentialAction":[{"@type":"SearchAction","target":{"@type":"EntryPoint","urlTemplate":"https:\/\/florianhorsefood.nl\/de\/?s={search_term_string}"},"query-input":{"@type":"PropertyValueSpecification","valueRequired":true,"valueName":"search_term_string"}}],"inLanguage":"de"},{"@type":"Organization","@id":"https:\/\/florianhorsefood.nl\/de\/#organization","name":"Florian Pferdefutter","url":"https:\/\/florianhorsefood.nl\/de\/","logo":{"@type":"ImageObject","inLanguage":"de","@id":"https:\/\/florianhorsefood.nl\/de\/#\/schema\/logo\/image\/","url":"https:\/\/florianhorsefood.nl\/wp-content\/uploads\/2020\/02\/Florian_Horsefood_liggend_RGB.png","contentUrl":"https:\/\/florianhorsefood.nl\/wp-content\/uploads\/2020\/02\/Florian_Horsefood_liggend_RGB.png","width":1044,"height":393,"caption":"Florian Pferdefutter"},"image":{"@id":"https:\/\/florianhorsefood.nl\/de\/#\/schema\/logo\/image\/"},"sameAs":["https:\/\/www.linkedin.com\/company\/florian-horsefood\/about\/"]}]}},"_links":{"self":[{"href":"https:\/\/florianhorsefood.nl\/de\/wp-json\/wp\/v2\/product\/12225","targetHints":{"allow":["GET"]}}],"collection":[{"href":"https:\/\/florianhorsefood.nl\/de\/wp-json\/wp\/v2\/product"}],"about":[{"href":"https:\/\/florianhorsefood.nl\/de\/wp-json\/wp\/v2\/types\/product"}],"wp:featuredmedia":[{"embeddable":true,"href":"https:\/\/florianhorsefood.nl\/de\/wp-json\/wp\/v2\/media\/20150"}],"wp:attachment":[{"href":"https:\/\/florianhorsefood.nl\/de\/wp-json\/wp\/v2\/media?parent=12225"}],"wp:term":[{"taxonomy":"product_brand","embeddable":true,"href":"https:\/\/florianhorsefood.nl\/de\/wp-json\/wp\/v2\/product_brand?post=12225"},{"taxonomy":"product_cat","embeddable":true,"href":"https:\/\/florianhorsefood.nl\/de\/wp-json\/wp\/v2\/product_cat?post=12225"},{"taxonomy":"product_tag","embeddable":true,"href":"https:\/\/florianhorsefood.nl\/de\/wp-json\/wp\/v2\/product_tag?post=12225"}],"curies":[{"name":"wp","href":"https:\/\/api.w.org\/{rel}","templated":true}]}}