{"id":12239,"date":"2024-07-16T21:07:01","date_gmt":"2024-08-16T07:47:24","guid":{"rendered":"https:\/\/florianhorsefood.nl\/product\/paket-sommerfertig\/"},"modified":"2024-08-16T09:47:24","modified_gmt":"2024-08-16T07:47:24","slug":"paket-sommerfertig","status":"publish","type":"product","link":"https:\/\/florianhorsefood.nl\/de\/produkt\/paket-sommerfertig\/","title":{"rendered":"Paket \"Sommerfertig\""},"content":{"rendered":"<p>Die Sommerferien sind in Sicht und damit auch das sch\u00f6ne Wetter: endlich! Sie und Ihr Pferd m\u00f6chten nat\u00fcrlich gut vorbereitet in die hei\u00dfen Tage gehen. Deshalb empfehlen wir Ihnen dieses Sommerpaket, das Ihrem Pferd hilft, bestm\u00f6glich durch den Sommer zu kommen. Au\u00dferdem haben Sie jetzt die Chance, ein Florian Summer Ready Package zu gewinnen! Das Paket enth\u00e4lt einen Beutel Fibre Grass Raufuttermischung, eine Dose Reflorish Brausepulver und einen Beutel First Care Slobber Mash! \ud83e\udd73 So haben Sie die Chance, dieses supercoole Paket zu gewinnen: \ud83d\udc9a Gef\u00e4llt mir und teilen Sie diesen Beitrag (in Ihrer Timeline oder in Ihrer Story); \ud83d\udc9a Markieren Sie einen Freund in den Kommentaren unter diesem Beitrag! M\u00f6chten Sie dieses Super-Komplettpaket f\u00fcr den Sommer mit einem Rabatt vorbestellen? Sie k\u00f6nnen! Verwenden Sie dazu den <strong>RabattcodeSummerFlorian24 <\/strong>im Warenkorb, nachdem Sie die Produkte dort hinzugef\u00fcgt haben. Wir werden den Gewinner des kostenlosen Pakets am Samstag, den 20. Juli bekannt geben \ud83d\ude4c.<\/p>\n","protected":false},"excerpt":{"rendered":"<p>Die Sommerferien sind in Sicht und damit auch das sch\u00f6ne Wetter: endlich! Sie und Ihr Pferd m\u00f6chten nat\u00fcrlich gut vorbereitet in die hei\u00dfen Tage gehen. Deshalb empfehlen wir Ihnen dieses [&hellip;]<\/p>\n","protected":false},"featured_media":11941,"template":"","meta":[],"product_brand":[],"product_cat":[16],"product_tag":[45],"class_list":{"0":"post-12239","1":"product","2":"type-product","3":"status-publish","4":"has-post-thumbnail","6":"product_cat-handig-in-de-stal","7":"product_tag-zakken","9":"first","10":"instock","11":"taxable","12":"shipping-taxable","13":"purchasable","14":"product-type-bundle"},"bundled_by":[],"bundle_stock_status":"instock","bundle_stock_quantity":"","bundle_virtual":false,"bundle_layout":"default","bundle_add_to_cart_form_location":"default","bundle_editable_in_cart":true,"bundle_sold_individually_context":"product","bundle_item_grouping":"parent","bundle_min_size":"","bundle_max_size":"","bundle_price":{"price":{"min":{"incl_tax":"0.00","excl_tax":"0.00"},"max":{"incl_tax":"","excl_tax":""}},"regular_price":{"min":{"incl_tax":"0.00","excl_tax":"0.00"},"max":{"incl_tax":"","excl_tax":""}}},"bundled_items":[{"bundled_item_id":57,"product_id":12505,"menu_order":0,"quantity_min":0,"quantity_max":"","quantity_default":1,"priced_individually":true,"shipped_individually":true,"override_title":false,"title":"Florian Fibre Grass","override_description":false,"description":"Florian Fibre Grass","optional":false,"hide_thumbnail":false,"discount":"","override_variations":true,"allowed_variations":[12514],"override_default_variation_attributes":true,"default_variation_attributes":[{"id":0,"name":"Opties","option":"14 kg"}],"single_product_visibility":"visible","cart_visibility":"visible","order_visibility":"visible","single_product_price_visibility":"hidden","cart_price_visibility":"visible","order_price_visibility":"visible","stock_status":"in_stock"},{"bundled_item_id":58,"product_id":12429,"menu_order":1,"quantity_min":0,"quantity_max":"","quantity_default":1,"priced_individually":true,"shipped_individually":true,"override_title":false,"title":"Florian Reflorish","override_description":false,"description":"Florian Reflorish","optional":false,"hide_thumbnail":false,"discount":"","override_variations":true,"allowed_variations":[12436],"override_default_variation_attributes":true,"default_variation_attributes":[{"id":0,"name":"Opties","option":"Reflorieren Sie"}],"single_product_visibility":"visible","cart_visibility":"visible","order_visibility":"visible","single_product_price_visibility":"hidden","cart_price_visibility":"visible","order_price_visibility":"visible","stock_status":"in_stock"},{"bundled_item_id":59,"product_id":12636,"menu_order":2,"quantity_min":0,"quantity_max":"","quantity_default":1,"priced_individually":true,"shipped_individually":true,"override_title":false,"title":"Florian FirstCare Xtra","override_description":false,"description":"Florian FirstCare Xtra","optional":false,"hide_thumbnail":false,"discount":"","override_variations":true,"allowed_variations":[12644],"override_default_variation_attributes":true,"default_variation_attributes":[{"id":0,"name":"Aantal kg","option":"20kg"}],"single_product_visibility":"visible","cart_visibility":"visible","order_visibility":"visible","single_product_price_visibility":"hidden","cart_price_visibility":"visible","order_price_visibility":"visible","stock_status":"in_stock"}],"bundle_sell_ids":[],"yoast_head":"<!-- This site is optimized with the Yoast SEO plugin v26.8 - https:\/\/yoast.com\/product\/yoast-seo-wordpress\/ -->\n<title>Paket &quot;Sommerfertig&quot; - Florian Horsefood<\/title>\n<meta name=\"description\" content=\"Im Sommer hat Ihr Pferd einfach einen anderen Futterbedarf. Der Schwerpunkt liegt dann auf der Versorgung mit ausreichend Ballaststoffen, Mineralien und Wasser. Bereiten Sie sich jetzt gut vor!\" \/>\n<meta name=\"robots\" content=\"index, follow, max-snippet:-1, max-image-preview:large, max-video-preview:-1\" \/>\n<link rel=\"canonical\" href=\"https:\/\/florianhorsefood.nl\/de\/produkt\/paket-sommerfertig\/\" \/>\n<meta property=\"og:locale\" content=\"de_DE\" \/>\n<meta property=\"og:type\" content=\"article\" \/>\n<meta property=\"og:title\" content=\"Paket &quot;Sommerfertig&quot; - Florian Horsefood\" \/>\n<meta property=\"og:description\" content=\"Im Sommer hat Ihr Pferd einfach einen anderen Futterbedarf. Der Schwerpunkt liegt dann auf der Versorgung mit ausreichend Ballaststoffen, Mineralien und Wasser. Bereiten Sie sich jetzt gut vor!\" \/>\n<meta property=\"og:url\" content=\"https:\/\/florianhorsefood.nl\/de\/produkt\/paket-sommerfertig\/\" \/>\n<meta property=\"og:site_name\" content=\"Florian Horsefood\" \/>\n<meta property=\"og:image\" content=\"https:\/\/florianhorsefood.nl\/wp-content\/uploads\/2024\/07\/Summer-ready-pakket-web.jpg\" \/>\n\t<meta property=\"og:image:width\" content=\"1575\" \/>\n\t<meta property=\"og:image:height\" content=\"1969\" \/>\n\t<meta property=\"og:image:type\" content=\"image\/jpeg\" \/>\n<meta name=\"twitter:card\" content=\"summary_large_image\" \/>\n<meta name=\"twitter:label1\" content=\"Gesch\u00e4tzte Lesezeit\" \/>\n\t<meta name=\"twitter:data1\" content=\"1\u00a0Minute\" \/>\n<script type=\"application\/ld+json\" class=\"yoast-schema-graph\">{\"@context\":\"https:\/\/schema.org\",\"@graph\":[{\"@type\":\"WebPage\",\"@id\":\"https:\/\/florianhorsefood.nl\/de\/produkt\/paket-sommerfertig\/\",\"url\":\"https:\/\/florianhorsefood.nl\/de\/produkt\/paket-sommerfertig\/\",\"name\":\"Paket \\\"Sommerfertig\\\" - Florian Horsefood\",\"isPartOf\":{\"@id\":\"https:\/\/florianhorsefood.nl\/de\/#website\"},\"primaryImageOfPage\":{\"@id\":\"https:\/\/florianhorsefood.nl\/de\/produkt\/paket-sommerfertig\/#primaryimage\"},\"image\":{\"@id\":\"https:\/\/florianhorsefood.nl\/de\/produkt\/paket-sommerfertig\/#primaryimage\"},\"thumbnailUrl\":\"https:\/\/florianhorsefood.nl\/wp-content\/uploads\/2024\/07\/Summer-ready-pakket-web.jpg\",\"datePublished\":\"2024-08-16T07:47:24+00:00\",\"description\":\"Im Sommer hat Ihr Pferd einfach einen anderen Futterbedarf. Der Schwerpunkt liegt dann auf der Versorgung mit ausreichend Ballaststoffen, Mineralien und Wasser. Bereiten Sie sich jetzt gut vor!\",\"breadcrumb\":{\"@id\":\"https:\/\/florianhorsefood.nl\/de\/produkt\/paket-sommerfertig\/#breadcrumb\"},\"inLanguage\":\"de\",\"potentialAction\":[{\"@type\":\"ReadAction\",\"target\":[\"https:\/\/florianhorsefood.nl\/de\/produkt\/paket-sommerfertig\/\"]}]},{\"@type\":\"ImageObject\",\"inLanguage\":\"de\",\"@id\":\"https:\/\/florianhorsefood.nl\/de\/produkt\/paket-sommerfertig\/#primaryimage\",\"url\":\"https:\/\/florianhorsefood.nl\/wp-content\/uploads\/2024\/07\/Summer-ready-pakket-web.jpg\",\"contentUrl\":\"https:\/\/florianhorsefood.nl\/wp-content\/uploads\/2024\/07\/Summer-ready-pakket-web.jpg\",\"width\":1575,\"height\":1969,\"caption\":\"Ruwvoer en gezonde paardenvoeding voor de zomer\"},{\"@type\":\"BreadcrumbList\",\"@id\":\"https:\/\/florianhorsefood.nl\/de\/produkt\/paket-sommerfertig\/#breadcrumb\",\"itemListElement\":[{\"@type\":\"ListItem\",\"position\":1,\"name\":\"Startseite\",\"item\":\"https:\/\/florianhorsefood.nl\/de\/startseite\/\"},{\"@type\":\"ListItem\",\"position\":2,\"name\":\"Shop\",\"item\":\"https:\/\/florianhorsefood.nl\/shop\/\"},{\"@type\":\"ListItem\",\"position\":3,\"name\":\"Paket &#8220;Sommerfertig&#8221;\"}]},{\"@type\":\"WebSite\",\"@id\":\"https:\/\/florianhorsefood.nl\/de\/#website\",\"url\":\"https:\/\/florianhorsefood.nl\/de\/\",\"name\":\"Florian Horsefood\",\"description\":\"Back to Basic &amp; Health Protection!\",\"publisher\":{\"@id\":\"https:\/\/florianhorsefood.nl\/de\/#organization\"},\"potentialAction\":[{\"@type\":\"SearchAction\",\"target\":{\"@type\":\"EntryPoint\",\"urlTemplate\":\"https:\/\/florianhorsefood.nl\/de\/?s={search_term_string}\"},\"query-input\":{\"@type\":\"PropertyValueSpecification\",\"valueRequired\":true,\"valueName\":\"search_term_string\"}}],\"inLanguage\":\"de\"},{\"@type\":\"Organization\",\"@id\":\"https:\/\/florianhorsefood.nl\/de\/#organization\",\"name\":\"Florian Pferdefutter\",\"url\":\"https:\/\/florianhorsefood.nl\/de\/\",\"logo\":{\"@type\":\"ImageObject\",\"inLanguage\":\"de\",\"@id\":\"https:\/\/florianhorsefood.nl\/de\/#\/schema\/logo\/image\/\",\"url\":\"https:\/\/florianhorsefood.nl\/wp-content\/uploads\/2020\/02\/Florian_Horsefood_liggend_RGB.png\",\"contentUrl\":\"https:\/\/florianhorsefood.nl\/wp-content\/uploads\/2020\/02\/Florian_Horsefood_liggend_RGB.png\",\"width\":1044,\"height\":393,\"caption\":\"Florian Pferdefutter\"},\"image\":{\"@id\":\"https:\/\/florianhorsefood.nl\/de\/#\/schema\/logo\/image\/\"},\"sameAs\":[\"https:\/\/www.linkedin.com\/company\/florian-horsefood\/about\/\"]}]}<\/script>\n<!-- \/ Yoast SEO plugin. -->","yoast_head_json":{"title":"Paket \"Sommerfertig\" - Florian Horsefood","description":"Im Sommer hat Ihr Pferd einfach einen anderen Futterbedarf. Der Schwerpunkt liegt dann auf der Versorgung mit ausreichend Ballaststoffen, Mineralien und Wasser. Bereiten Sie sich jetzt gut vor!","robots":{"index":"index","follow":"follow","max-snippet":"max-snippet:-1","max-image-preview":"max-image-preview:large","max-video-preview":"max-video-preview:-1"},"canonical":"https:\/\/florianhorsefood.nl\/de\/produkt\/paket-sommerfertig\/","og_locale":"de_DE","og_type":"article","og_title":"Paket \"Sommerfertig\" - Florian Horsefood","og_description":"Im Sommer hat Ihr Pferd einfach einen anderen Futterbedarf. Der Schwerpunkt liegt dann auf der Versorgung mit ausreichend Ballaststoffen, Mineralien und Wasser. Bereiten Sie sich jetzt gut vor!","og_url":"https:\/\/florianhorsefood.nl\/de\/produkt\/paket-sommerfertig\/","og_site_name":"Florian Horsefood","og_image":[{"width":1575,"height":1969,"url":"https:\/\/florianhorsefood.nl\/wp-content\/uploads\/2024\/07\/Summer-ready-pakket-web.jpg","type":"image\/jpeg"}],"twitter_card":"summary_large_image","twitter_misc":{"Gesch\u00e4tzte Lesezeit":"1\u00a0Minute"},"schema":{"@context":"https:\/\/schema.org","@graph":[{"@type":"WebPage","@id":"https:\/\/florianhorsefood.nl\/de\/produkt\/paket-sommerfertig\/","url":"https:\/\/florianhorsefood.nl\/de\/produkt\/paket-sommerfertig\/","name":"Paket \"Sommerfertig\" - Florian Horsefood","isPartOf":{"@id":"https:\/\/florianhorsefood.nl\/de\/#website"},"primaryImageOfPage":{"@id":"https:\/\/florianhorsefood.nl\/de\/produkt\/paket-sommerfertig\/#primaryimage"},"image":{"@id":"https:\/\/florianhorsefood.nl\/de\/produkt\/paket-sommerfertig\/#primaryimage"},"thumbnailUrl":"https:\/\/florianhorsefood.nl\/wp-content\/uploads\/2024\/07\/Summer-ready-pakket-web.jpg","datePublished":"2024-08-16T07:47:24+00:00","description":"Im Sommer hat Ihr Pferd einfach einen anderen Futterbedarf. Der Schwerpunkt liegt dann auf der Versorgung mit ausreichend Ballaststoffen, Mineralien und Wasser. Bereiten Sie sich jetzt gut vor!","breadcrumb":{"@id":"https:\/\/florianhorsefood.nl\/de\/produkt\/paket-sommerfertig\/#breadcrumb"},"inLanguage":"de","potentialAction":[{"@type":"ReadAction","target":["https:\/\/florianhorsefood.nl\/de\/produkt\/paket-sommerfertig\/"]}]},{"@type":"ImageObject","inLanguage":"de","@id":"https:\/\/florianhorsefood.nl\/de\/produkt\/paket-sommerfertig\/#primaryimage","url":"https:\/\/florianhorsefood.nl\/wp-content\/uploads\/2024\/07\/Summer-ready-pakket-web.jpg","contentUrl":"https:\/\/florianhorsefood.nl\/wp-content\/uploads\/2024\/07\/Summer-ready-pakket-web.jpg","width":1575,"height":1969,"caption":"Ruwvoer en gezonde paardenvoeding voor de zomer"},{"@type":"BreadcrumbList","@id":"https:\/\/florianhorsefood.nl\/de\/produkt\/paket-sommerfertig\/#breadcrumb","itemListElement":[{"@type":"ListItem","position":1,"name":"Startseite","item":"https:\/\/florianhorsefood.nl\/de\/startseite\/"},{"@type":"ListItem","position":2,"name":"Shop","item":"https:\/\/florianhorsefood.nl\/shop\/"},{"@type":"ListItem","position":3,"name":"Paket &#8220;Sommerfertig&#8221;"}]},{"@type":"WebSite","@id":"https:\/\/florianhorsefood.nl\/de\/#website","url":"https:\/\/florianhorsefood.nl\/de\/","name":"Florian Horsefood","description":"Back to Basic &amp; Health Protection!","publisher":{"@id":"https:\/\/florianhorsefood.nl\/de\/#organization"},"potentialAction":[{"@type":"SearchAction","target":{"@type":"EntryPoint","urlTemplate":"https:\/\/florianhorsefood.nl\/de\/?s={search_term_string}"},"query-input":{"@type":"PropertyValueSpecification","valueRequired":true,"valueName":"search_term_string"}}],"inLanguage":"de"},{"@type":"Organization","@id":"https:\/\/florianhorsefood.nl\/de\/#organization","name":"Florian Pferdefutter","url":"https:\/\/florianhorsefood.nl\/de\/","logo":{"@type":"ImageObject","inLanguage":"de","@id":"https:\/\/florianhorsefood.nl\/de\/#\/schema\/logo\/image\/","url":"https:\/\/florianhorsefood.nl\/wp-content\/uploads\/2020\/02\/Florian_Horsefood_liggend_RGB.png","contentUrl":"https:\/\/florianhorsefood.nl\/wp-content\/uploads\/2020\/02\/Florian_Horsefood_liggend_RGB.png","width":1044,"height":393,"caption":"Florian Pferdefutter"},"image":{"@id":"https:\/\/florianhorsefood.nl\/de\/#\/schema\/logo\/image\/"},"sameAs":["https:\/\/www.linkedin.com\/company\/florian-horsefood\/about\/"]}]}},"_links":{"self":[{"href":"https:\/\/florianhorsefood.nl\/de\/wp-json\/wp\/v2\/product\/12239","targetHints":{"allow":["GET"]}}],"collection":[{"href":"https:\/\/florianhorsefood.nl\/de\/wp-json\/wp\/v2\/product"}],"about":[{"href":"https:\/\/florianhorsefood.nl\/de\/wp-json\/wp\/v2\/types\/product"}],"wp:featuredmedia":[{"embeddable":true,"href":"https:\/\/florianhorsefood.nl\/de\/wp-json\/wp\/v2\/media\/11941"}],"wp:attachment":[{"href":"https:\/\/florianhorsefood.nl\/de\/wp-json\/wp\/v2\/media?parent=12239"}],"wp:term":[{"taxonomy":"product_brand","embeddable":true,"href":"https:\/\/florianhorsefood.nl\/de\/wp-json\/wp\/v2\/product_brand?post=12239"},{"taxonomy":"product_cat","embeddable":true,"href":"https:\/\/florianhorsefood.nl\/de\/wp-json\/wp\/v2\/product_cat?post=12239"},{"taxonomy":"product_tag","embeddable":true,"href":"https:\/\/florianhorsefood.nl\/de\/wp-json\/wp\/v2\/product_tag?post=12239"}],"curies":[{"name":"wp","href":"https:\/\/api.w.org\/{rel}","templated":true}]}}