{"id":12241,"date":"2024-05-24T14:50:42","date_gmt":"2024-05-24T12:50:42","guid":{"rendered":"https:\/\/florianhorsefood.nl\/product\/florian-ecosportmix\/"},"modified":"2026-03-24T20:52:54","modified_gmt":"2026-03-24T19:52:54","slug":"florian-ecosportmix","status":"publish","type":"product","link":"https:\/\/florianhorsefood.nl\/de\/produkt\/florian-ecosportmix\/","title":{"rendered":"Florian EcoSportMix"},"content":{"rendered":"<p>Florian Raufuttermischungen bilden in Kombination mit gutem Heu eine ideale Grundlage f\u00fcr die t\u00e4gliche Ration. Die Raufuttermischungen enthalten verschiedene Ballaststoff- und Rohfaserquellen, die die Verdauung des Pferdes anregen. Durch die Bereitstellung unterschiedlicher Ballaststoffquellen zur Optimierung der einzelnen Raufutterration (Heu) werden die Darmflora, das Immunsystem und die allgemeine Gesundheit Ihres Pferdes verbessert. <\/p>\n<p>EcoSportMix eignet sich f\u00fcr alle Pferde als Basis einer ausgewogenen Futterration. Diese Mischung regt den Kaureiz zus\u00e4tzlich an und f\u00f6rdert so die Speichelproduktion. EcoSportMix enth\u00e4lt extra \u00d6le und Fette, die dem Fell Ihres Pferdes einen sch\u00f6nen Glanz verleihen. Die Raufuttermischung ist proteinreich und hat einen hohen Rohfasergehalt.   <\/p>\n<p><strong>Florian EcoSportMix  <\/strong><\/p>\n<ul>\n<li>Zucker- und st\u00e4rkearm<\/li>\n<li>Reich an \u00d6l und Fetten<\/li>\n<li>Getreidefrei<\/li>\n<\/ul>\n<p><strong><span style=\"color: #8bc63e;\">Fassungsverm\u00f6gen: ca. 14 kg<\/span><\/strong><\/p>\n","protected":false},"excerpt":{"rendered":"<p>EcoSportMix eignet sich f\u00fcr alle Pferde als Basis einer ausgewogenen Futterration. Diese Mischung regt den Kaureiz zus\u00e4tzlich an und f\u00f6rdert so die Speichelproduktion. EcoSportMix enth\u00e4lt extra \u00d6le und Fette, die dem Fell Ihres Pferdes einen sch\u00f6nen Glanz verleihen. Die Raufuttermischung ist proteinreich und hat einen hohen Rohfasergehalt.   <\/p>\n<p><strong><span style=\"color: #8bc63e;\">Fassungsverm\u00f6gen: ca. 14 kg<\/span><\/strong><\/p>\n","protected":false},"featured_media":12242,"template":"","meta":[],"product_brand":[],"product_cat":[18],"product_tag":[45],"class_list":{"0":"post-12241","1":"product","2":"type-product","3":"status-publish","4":"has-post-thumbnail","6":"product_cat-gemixt-ruwvoer","7":"product_tag-zakken","8":"product_shipping_class-pakketpost","10":"first","11":"instock","12":"taxable","13":"shipping-taxable","14":"purchasable","15":"product-type-variable","16":"has-default-attributes"},"bundled_by":[],"bundle_stock_status":"instock","bundle_stock_quantity":null,"bundle_virtual":false,"bundle_layout":"","bundle_add_to_cart_form_location":"","bundle_editable_in_cart":false,"bundle_sold_individually_context":"","bundle_item_grouping":"","bundle_min_size":"","bundle_max_size":"","bundle_price":[],"bundled_items":[],"bundle_sell_ids":[],"yoast_head":"<!-- This site is optimized with the Yoast SEO plugin v27.3 - https:\/\/yoast.com\/product\/yoast-seo-wordpress\/ -->\n<title>Florian EcoSportMix - Florian Horsefood<\/title>\n<meta name=\"description\" content=\"Florian EcoSportMix eignet sich f\u00fcr alle Pferde als Basis f\u00fcr eine gute Ration f\u00fcr zus\u00e4tzliche Kaustimulation, bessere Verdauung und ein gesundes Fell.\" \/>\n<meta name=\"robots\" content=\"index, follow, max-snippet:-1, max-image-preview:large, max-video-preview:-1\" \/>\n<link rel=\"canonical\" href=\"https:\/\/florianhorsefood.nl\/de\/produkt\/florian-ecosportmix\/\" \/>\n<meta property=\"og:locale\" content=\"de_DE\" \/>\n<meta property=\"og:type\" content=\"article\" \/>\n<meta property=\"og:title\" content=\"Florian EcoSportMix - Florian Horsefood\" \/>\n<meta property=\"og:description\" content=\"Florian EcoSportMix eignet sich f\u00fcr alle Pferde als Basis f\u00fcr eine gute Ration f\u00fcr zus\u00e4tzliche Kaustimulation, bessere Verdauung und ein gesundes Fell.\" \/>\n<meta property=\"og:url\" content=\"https:\/\/florianhorsefood.nl\/de\/produkt\/florian-ecosportmix\/\" \/>\n<meta property=\"og:site_name\" content=\"Florian Horsefood\" \/>\n<meta property=\"article:modified_time\" content=\"2026-03-24T19:52:54+00:00\" \/>\n<meta property=\"og:image\" content=\"https:\/\/florianhorsefood.nl\/wp-content\/uploads\/2024\/06\/sportmix-klein.webp\" \/>\n\t<meta property=\"og:image:width\" content=\"2222\" \/>\n\t<meta property=\"og:image:height\" content=\"2222\" \/>\n\t<meta property=\"og:image:type\" content=\"image\/jpeg\" \/>\n<meta name=\"twitter:card\" content=\"summary_large_image\" \/>\n<meta name=\"twitter:label1\" content=\"Gesch\u00e4tzte Lesezeit\" \/>\n\t<meta name=\"twitter:data1\" content=\"1\u00a0Minute\" \/>\n<script type=\"application\/ld+json\" class=\"yoast-schema-graph\">{\"@context\":\"https:\\\/\\\/schema.org\",\"@graph\":[{\"@type\":\"WebPage\",\"@id\":\"https:\\\/\\\/florianhorsefood.nl\\\/de\\\/produkt\\\/florian-ecosportmix\\\/\",\"url\":\"https:\\\/\\\/florianhorsefood.nl\\\/de\\\/produkt\\\/florian-ecosportmix\\\/\",\"name\":\"Florian EcoSportMix - Florian Horsefood\",\"isPartOf\":{\"@id\":\"https:\\\/\\\/florianhorsefood.nl\\\/de\\\/#website\"},\"primaryImageOfPage\":{\"@id\":\"https:\\\/\\\/florianhorsefood.nl\\\/de\\\/produkt\\\/florian-ecosportmix\\\/#primaryimage\"},\"image\":{\"@id\":\"https:\\\/\\\/florianhorsefood.nl\\\/de\\\/produkt\\\/florian-ecosportmix\\\/#primaryimage\"},\"thumbnailUrl\":\"https:\\\/\\\/florianhorsefood.nl\\\/wp-content\\\/uploads\\\/2024\\\/06\\\/sportmix-klein.webp\",\"datePublished\":\"2024-05-24T12:50:42+00:00\",\"dateModified\":\"2026-03-24T19:52:54+00:00\",\"description\":\"Florian EcoSportMix eignet sich f\u00fcr alle Pferde als Basis f\u00fcr eine gute Ration f\u00fcr zus\u00e4tzliche Kaustimulation, bessere Verdauung und ein gesundes Fell.\",\"breadcrumb\":{\"@id\":\"https:\\\/\\\/florianhorsefood.nl\\\/de\\\/produkt\\\/florian-ecosportmix\\\/#breadcrumb\"},\"inLanguage\":\"de\",\"potentialAction\":[{\"@type\":\"ReadAction\",\"target\":[\"https:\\\/\\\/florianhorsefood.nl\\\/de\\\/produkt\\\/florian-ecosportmix\\\/\"]}]},{\"@type\":\"ImageObject\",\"inLanguage\":\"de\",\"@id\":\"https:\\\/\\\/florianhorsefood.nl\\\/de\\\/produkt\\\/florian-ecosportmix\\\/#primaryimage\",\"url\":\"https:\\\/\\\/florianhorsefood.nl\\\/wp-content\\\/uploads\\\/2024\\\/06\\\/sportmix-klein.webp\",\"contentUrl\":\"https:\\\/\\\/florianhorsefood.nl\\\/wp-content\\\/uploads\\\/2024\\\/06\\\/sportmix-klein.webp\",\"width\":2222,\"height\":2222,\"caption\":\"Florian Horsefood Sportmix \u2013 Nat\u00fcrliches und gesundes Pferdefutter.\"},{\"@type\":\"BreadcrumbList\",\"@id\":\"https:\\\/\\\/florianhorsefood.nl\\\/de\\\/produkt\\\/florian-ecosportmix\\\/#breadcrumb\",\"itemListElement\":[{\"@type\":\"ListItem\",\"position\":1,\"name\":\"Startseite\",\"item\":\"https:\\\/\\\/florianhorsefood.nl\\\/de\\\/startseite\\\/\"},{\"@type\":\"ListItem\",\"position\":2,\"name\":\"Shop\",\"item\":\"https:\\\/\\\/florianhorsefood.nl\\\/shop\\\/\"},{\"@type\":\"ListItem\",\"position\":3,\"name\":\"Florian EcoSportMix\"}]},{\"@type\":\"WebSite\",\"@id\":\"https:\\\/\\\/florianhorsefood.nl\\\/de\\\/#website\",\"url\":\"https:\\\/\\\/florianhorsefood.nl\\\/de\\\/\",\"name\":\"Florian Horsefood\",\"description\":\"Back to Basic &amp; Health Protection!\",\"publisher\":{\"@id\":\"https:\\\/\\\/florianhorsefood.nl\\\/de\\\/#organization\"},\"potentialAction\":[{\"@type\":\"SearchAction\",\"target\":{\"@type\":\"EntryPoint\",\"urlTemplate\":\"https:\\\/\\\/florianhorsefood.nl\\\/de\\\/?s={search_term_string}\"},\"query-input\":{\"@type\":\"PropertyValueSpecification\",\"valueRequired\":true,\"valueName\":\"search_term_string\"}}],\"inLanguage\":\"de\"},{\"@type\":\"Organization\",\"@id\":\"https:\\\/\\\/florianhorsefood.nl\\\/de\\\/#organization\",\"name\":\"Florian Pferdefutter\",\"url\":\"https:\\\/\\\/florianhorsefood.nl\\\/de\\\/\",\"logo\":{\"@type\":\"ImageObject\",\"inLanguage\":\"de\",\"@id\":\"https:\\\/\\\/florianhorsefood.nl\\\/de\\\/#\\\/schema\\\/logo\\\/image\\\/\",\"url\":\"https:\\\/\\\/florianhorsefood.nl\\\/wp-content\\\/uploads\\\/2020\\\/02\\\/Florian_Horsefood_liggend_RGB.png\",\"contentUrl\":\"https:\\\/\\\/florianhorsefood.nl\\\/wp-content\\\/uploads\\\/2020\\\/02\\\/Florian_Horsefood_liggend_RGB.png\",\"width\":1044,\"height\":393,\"caption\":\"Florian Pferdefutter\"},\"image\":{\"@id\":\"https:\\\/\\\/florianhorsefood.nl\\\/de\\\/#\\\/schema\\\/logo\\\/image\\\/\"},\"sameAs\":[\"https:\\\/\\\/www.linkedin.com\\\/company\\\/florian-horsefood\\\/about\\\/\"]}]}<\/script>\n<!-- \/ Yoast SEO plugin. -->","yoast_head_json":{"title":"Florian EcoSportMix - Florian Horsefood","description":"Florian EcoSportMix eignet sich f\u00fcr alle Pferde als Basis f\u00fcr eine gute Ration f\u00fcr zus\u00e4tzliche Kaustimulation, bessere Verdauung und ein gesundes Fell.","robots":{"index":"index","follow":"follow","max-snippet":"max-snippet:-1","max-image-preview":"max-image-preview:large","max-video-preview":"max-video-preview:-1"},"canonical":"https:\/\/florianhorsefood.nl\/de\/produkt\/florian-ecosportmix\/","og_locale":"de_DE","og_type":"article","og_title":"Florian EcoSportMix - Florian Horsefood","og_description":"Florian EcoSportMix eignet sich f\u00fcr alle Pferde als Basis f\u00fcr eine gute Ration f\u00fcr zus\u00e4tzliche Kaustimulation, bessere Verdauung und ein gesundes Fell.","og_url":"https:\/\/florianhorsefood.nl\/de\/produkt\/florian-ecosportmix\/","og_site_name":"Florian Horsefood","article_modified_time":"2026-03-24T19:52:54+00:00","og_image":[{"width":2222,"height":2222,"url":"https:\/\/florianhorsefood.nl\/wp-content\/uploads\/2024\/06\/sportmix-klein.webp","type":"image\/jpeg"}],"twitter_card":"summary_large_image","twitter_misc":{"Gesch\u00e4tzte Lesezeit":"1\u00a0Minute"},"schema":{"@context":"https:\/\/schema.org","@graph":[{"@type":"WebPage","@id":"https:\/\/florianhorsefood.nl\/de\/produkt\/florian-ecosportmix\/","url":"https:\/\/florianhorsefood.nl\/de\/produkt\/florian-ecosportmix\/","name":"Florian EcoSportMix - Florian Horsefood","isPartOf":{"@id":"https:\/\/florianhorsefood.nl\/de\/#website"},"primaryImageOfPage":{"@id":"https:\/\/florianhorsefood.nl\/de\/produkt\/florian-ecosportmix\/#primaryimage"},"image":{"@id":"https:\/\/florianhorsefood.nl\/de\/produkt\/florian-ecosportmix\/#primaryimage"},"thumbnailUrl":"https:\/\/florianhorsefood.nl\/wp-content\/uploads\/2024\/06\/sportmix-klein.webp","datePublished":"2024-05-24T12:50:42+00:00","dateModified":"2026-03-24T19:52:54+00:00","description":"Florian EcoSportMix eignet sich f\u00fcr alle Pferde als Basis f\u00fcr eine gute Ration f\u00fcr zus\u00e4tzliche Kaustimulation, bessere Verdauung und ein gesundes Fell.","breadcrumb":{"@id":"https:\/\/florianhorsefood.nl\/de\/produkt\/florian-ecosportmix\/#breadcrumb"},"inLanguage":"de","potentialAction":[{"@type":"ReadAction","target":["https:\/\/florianhorsefood.nl\/de\/produkt\/florian-ecosportmix\/"]}]},{"@type":"ImageObject","inLanguage":"de","@id":"https:\/\/florianhorsefood.nl\/de\/produkt\/florian-ecosportmix\/#primaryimage","url":"https:\/\/florianhorsefood.nl\/wp-content\/uploads\/2024\/06\/sportmix-klein.webp","contentUrl":"https:\/\/florianhorsefood.nl\/wp-content\/uploads\/2024\/06\/sportmix-klein.webp","width":2222,"height":2222,"caption":"Florian Horsefood Sportmix \u2013 Nat\u00fcrliches und gesundes Pferdefutter."},{"@type":"BreadcrumbList","@id":"https:\/\/florianhorsefood.nl\/de\/produkt\/florian-ecosportmix\/#breadcrumb","itemListElement":[{"@type":"ListItem","position":1,"name":"Startseite","item":"https:\/\/florianhorsefood.nl\/de\/startseite\/"},{"@type":"ListItem","position":2,"name":"Shop","item":"https:\/\/florianhorsefood.nl\/shop\/"},{"@type":"ListItem","position":3,"name":"Florian EcoSportMix"}]},{"@type":"WebSite","@id":"https:\/\/florianhorsefood.nl\/de\/#website","url":"https:\/\/florianhorsefood.nl\/de\/","name":"Florian Horsefood","description":"Back to Basic &amp; Health Protection!","publisher":{"@id":"https:\/\/florianhorsefood.nl\/de\/#organization"},"potentialAction":[{"@type":"SearchAction","target":{"@type":"EntryPoint","urlTemplate":"https:\/\/florianhorsefood.nl\/de\/?s={search_term_string}"},"query-input":{"@type":"PropertyValueSpecification","valueRequired":true,"valueName":"search_term_string"}}],"inLanguage":"de"},{"@type":"Organization","@id":"https:\/\/florianhorsefood.nl\/de\/#organization","name":"Florian Pferdefutter","url":"https:\/\/florianhorsefood.nl\/de\/","logo":{"@type":"ImageObject","inLanguage":"de","@id":"https:\/\/florianhorsefood.nl\/de\/#\/schema\/logo\/image\/","url":"https:\/\/florianhorsefood.nl\/wp-content\/uploads\/2020\/02\/Florian_Horsefood_liggend_RGB.png","contentUrl":"https:\/\/florianhorsefood.nl\/wp-content\/uploads\/2020\/02\/Florian_Horsefood_liggend_RGB.png","width":1044,"height":393,"caption":"Florian Pferdefutter"},"image":{"@id":"https:\/\/florianhorsefood.nl\/de\/#\/schema\/logo\/image\/"},"sameAs":["https:\/\/www.linkedin.com\/company\/florian-horsefood\/about\/"]}]}},"_links":{"self":[{"href":"https:\/\/florianhorsefood.nl\/de\/wp-json\/wp\/v2\/product\/12241","targetHints":{"allow":["GET"]}}],"collection":[{"href":"https:\/\/florianhorsefood.nl\/de\/wp-json\/wp\/v2\/product"}],"about":[{"href":"https:\/\/florianhorsefood.nl\/de\/wp-json\/wp\/v2\/types\/product"}],"wp:featuredmedia":[{"embeddable":true,"href":"https:\/\/florianhorsefood.nl\/de\/wp-json\/wp\/v2\/media\/12242"}],"wp:attachment":[{"href":"https:\/\/florianhorsefood.nl\/de\/wp-json\/wp\/v2\/media?parent=12241"}],"wp:term":[{"taxonomy":"product_brand","embeddable":true,"href":"https:\/\/florianhorsefood.nl\/de\/wp-json\/wp\/v2\/product_brand?post=12241"},{"taxonomy":"product_cat","embeddable":true,"href":"https:\/\/florianhorsefood.nl\/de\/wp-json\/wp\/v2\/product_cat?post=12241"},{"taxonomy":"product_tag","embeddable":true,"href":"https:\/\/florianhorsefood.nl\/de\/wp-json\/wp\/v2\/product_tag?post=12241"}],"curies":[{"name":"wp","href":"https:\/\/api.w.org\/{rel}","templated":true}]}}