{"id":12250,"date":"2024-08-09T09:30:23","date_gmt":"2024-08-09T07:30:23","guid":{"rendered":"https:\/\/florianhorsefood.nl\/product\/innerg\/"},"modified":"2026-03-24T20:52:39","modified_gmt":"2026-03-24T19:52:39","slug":"innerg","status":"publish","type":"product","link":"https:\/\/florianhorsefood.nl\/de\/produkt\/innerg\/","title":{"rendered":"Duval InnerG"},"content":{"rendered":"<div class=\"wpb_text_column wpb_content_element\">\n<div class=\"wpb_wrapper\">\n<p><strong>Duval InnerG unterst\u00fctzt das Energieniveau von Pferden, sowohl mit schnell freigesetzter als auch mit lang anhaltender Energie. Dar\u00fcber hinaus unterst\u00fctzt InnerG die Erholung nach der Leistung\/dem Training.<\/strong><\/p>\n<p><strong><em>InnerG ist kein Energiebooster auf Zuckerbasis, sondern kraftvolle nat\u00fcrliche Powerfoods f\u00fcr innere und langfristige Energie.<\/em><\/strong><\/p>\n<\/div>\n<\/div>\n<div class=\"wpb_text_column wpb_content_element\">\n<div class=\"wpb_wrapper\">\n<ul>\n<li>Schnelle und lang anhaltende Energie<\/li>\n<li>Enth\u00e4lt energiereiche Supernahrungsmittel<\/li>\n<li>Unterst\u00fctzt die schnelle Erholung nach der Leistung<\/li>\n<li>Unterst\u00fctzt das Durchhalteverm\u00f6gen<\/li>\n<li>Unterst\u00fctzt die k\u00f6rperliche und geistige Leistungsf\u00e4higkeit<\/li>\n<li>Geeignet f\u00fcr explosive Kr\u00e4fte und Ausdauerleistungen<\/li>\n<li>Abfallentsorgung<\/li>\n<\/ul>\n<p><strong>Reich an vielen Vitaminen wie B-Vitaminen, Mineralien (wie Eisen), Aminos\u00e4uren und Antioxidantien!<\/strong><\/p>\n<h3>F\u00fctterungshinweise<\/h3>\n<p>F\u00fcttern Sie morgens oder verabreichen Sie es mindestens 2 Stunden vor der Leistung, um eine schnelle Energiefreisetzung zu erreichen. Die besten Ergebnisse erzielen Sie, wenn Sie mit der F\u00fctterung der Erhaltungsdosis mindestens 5 bis 7 Tage vor dem Wettkampf\/Leistung beginnen und diese bis zum Wettkampf steigern. Dieses Produkt enth\u00e4lt Energie, die innerhalb weniger Stunden freigesetzt wird und w\u00e4hrend des Trainings genutzt werden kann, wirkt aber auch auf den K\u00f6rper f\u00fcr langfristige Energie. Neben der Energiefreisetzung unterst\u00fctzt InnerG die Erholung nach der Leistung und die Erreichung von Spitzenleistungen.<\/p>\n<p>Das Produkt kann f\u00fcr kurze oder lange Zeit verwendet werden. Je fr\u00fcher Sie mit InnerG beginnen, desto besser werden die langfristigen Ergebnisse sein.<\/p>\n<\/div>\n<p><strong><span style=\"color: #8bc63e;\">Inhalt: ca. 2,5 kg<\/span><\/strong><\/p>\n<\/div>\n","protected":false},"excerpt":{"rendered":"<p>Duval InnerG unterst\u00fctzt das Energieniveau von Pferden, sowohl mit schnell freigesetzter als auch mit lang anhaltender Energie. Dar\u00fcber hinaus unterst\u00fctzt InnerG die Erholung nach der Leistung\/dem Training. InnerG ist kein [&hellip;]<\/p>\n","protected":false},"featured_media":12098,"template":"","meta":[],"product_brand":[],"product_cat":[400,42],"product_tag":[201,47],"class_list":{"0":"post-12250","1":"product","2":"type-product","3":"status-publish","4":"has-post-thumbnail","6":"product_cat-duval","7":"product_cat-supplementen","8":"product_tag-duval","9":"product_tag-emmers","11":"first","12":"instock","13":"taxable","14":"shipping-taxable","15":"purchasable","16":"product-type-variable","17":"has-default-attributes"},"bundled_by":[],"bundle_stock_status":"instock","bundle_stock_quantity":null,"bundle_virtual":false,"bundle_layout":"","bundle_add_to_cart_form_location":"","bundle_editable_in_cart":false,"bundle_sold_individually_context":"","bundle_item_grouping":"","bundle_min_size":"","bundle_max_size":"","bundle_price":[],"bundled_items":[],"bundle_sell_ids":[],"yoast_head":"<!-- This site is optimized with the Yoast SEO plugin v27.3 - https:\/\/yoast.com\/product\/yoast-seo-wordpress\/ -->\n<title>Duval InnerG - Florian Horsefood<\/title>\n<meta name=\"robots\" content=\"index, follow, max-snippet:-1, max-image-preview:large, max-video-preview:-1\" \/>\n<link rel=\"canonical\" href=\"https:\/\/florianhorsefood.nl\/de\/produkt\/innerg\/\" \/>\n<meta property=\"og:locale\" content=\"de_DE\" \/>\n<meta property=\"og:type\" content=\"article\" \/>\n<meta property=\"og:title\" content=\"Duval InnerG - Florian Horsefood\" \/>\n<meta property=\"og:description\" content=\"Duval InnerG unterst\u00fctzt das Energieniveau von Pferden, sowohl mit schnell freigesetzter als auch mit lang anhaltender Energie. Dar\u00fcber hinaus unterst\u00fctzt InnerG die Erholung nach der Leistung\/dem Training. InnerG ist kein [&hellip;]\" \/>\n<meta property=\"og:url\" content=\"https:\/\/florianhorsefood.nl\/de\/produkt\/innerg\/\" \/>\n<meta property=\"og:site_name\" content=\"Florian Horsefood\" \/>\n<meta property=\"article:modified_time\" content=\"2026-03-24T19:52:39+00:00\" \/>\n<meta property=\"og:image\" content=\"https:\/\/florianhorsefood.nl\/wp-content\/uploads\/2024\/08\/InnerG-1.png\" \/>\n\t<meta property=\"og:image:width\" content=\"1080\" \/>\n\t<meta property=\"og:image:height\" content=\"1080\" \/>\n\t<meta property=\"og:image:type\" content=\"image\/png\" \/>\n<meta name=\"twitter:card\" content=\"summary_large_image\" \/>\n<meta name=\"twitter:label1\" content=\"Gesch\u00e4tzte Lesezeit\" \/>\n\t<meta name=\"twitter:data1\" content=\"1\u00a0Minute\" \/>\n<script type=\"application\/ld+json\" class=\"yoast-schema-graph\">{\"@context\":\"https:\\\/\\\/schema.org\",\"@graph\":[{\"@type\":\"WebPage\",\"@id\":\"https:\\\/\\\/florianhorsefood.nl\\\/de\\\/produkt\\\/innerg\\\/\",\"url\":\"https:\\\/\\\/florianhorsefood.nl\\\/de\\\/produkt\\\/innerg\\\/\",\"name\":\"Duval InnerG - Florian Horsefood\",\"isPartOf\":{\"@id\":\"https:\\\/\\\/florianhorsefood.nl\\\/de\\\/#website\"},\"primaryImageOfPage\":{\"@id\":\"https:\\\/\\\/florianhorsefood.nl\\\/de\\\/produkt\\\/innerg\\\/#primaryimage\"},\"image\":{\"@id\":\"https:\\\/\\\/florianhorsefood.nl\\\/de\\\/produkt\\\/innerg\\\/#primaryimage\"},\"thumbnailUrl\":\"https:\\\/\\\/florianhorsefood.nl\\\/wp-content\\\/uploads\\\/2024\\\/08\\\/InnerG-1.png\",\"datePublished\":\"2024-08-09T07:30:23+00:00\",\"dateModified\":\"2026-03-24T19:52:39+00:00\",\"breadcrumb\":{\"@id\":\"https:\\\/\\\/florianhorsefood.nl\\\/de\\\/produkt\\\/innerg\\\/#breadcrumb\"},\"inLanguage\":\"de\",\"potentialAction\":[{\"@type\":\"ReadAction\",\"target\":[\"https:\\\/\\\/florianhorsefood.nl\\\/de\\\/produkt\\\/innerg\\\/\"]}]},{\"@type\":\"ImageObject\",\"inLanguage\":\"de\",\"@id\":\"https:\\\/\\\/florianhorsefood.nl\\\/de\\\/produkt\\\/innerg\\\/#primaryimage\",\"url\":\"https:\\\/\\\/florianhorsefood.nl\\\/wp-content\\\/uploads\\\/2024\\\/08\\\/InnerG-1.png\",\"contentUrl\":\"https:\\\/\\\/florianhorsefood.nl\\\/wp-content\\\/uploads\\\/2024\\\/08\\\/InnerG-1.png\",\"width\":1080,\"height\":1080},{\"@type\":\"BreadcrumbList\",\"@id\":\"https:\\\/\\\/florianhorsefood.nl\\\/de\\\/produkt\\\/innerg\\\/#breadcrumb\",\"itemListElement\":[{\"@type\":\"ListItem\",\"position\":1,\"name\":\"Startseite\",\"item\":\"https:\\\/\\\/florianhorsefood.nl\\\/de\\\/startseite\\\/\"},{\"@type\":\"ListItem\",\"position\":2,\"name\":\"Shop\",\"item\":\"https:\\\/\\\/florianhorsefood.nl\\\/shop\\\/\"},{\"@type\":\"ListItem\",\"position\":3,\"name\":\"Duval InnerG\"}]},{\"@type\":\"WebSite\",\"@id\":\"https:\\\/\\\/florianhorsefood.nl\\\/de\\\/#website\",\"url\":\"https:\\\/\\\/florianhorsefood.nl\\\/de\\\/\",\"name\":\"Florian Horsefood\",\"description\":\"Back to Basic &amp; Health Protection!\",\"publisher\":{\"@id\":\"https:\\\/\\\/florianhorsefood.nl\\\/de\\\/#organization\"},\"potentialAction\":[{\"@type\":\"SearchAction\",\"target\":{\"@type\":\"EntryPoint\",\"urlTemplate\":\"https:\\\/\\\/florianhorsefood.nl\\\/de\\\/?s={search_term_string}\"},\"query-input\":{\"@type\":\"PropertyValueSpecification\",\"valueRequired\":true,\"valueName\":\"search_term_string\"}}],\"inLanguage\":\"de\"},{\"@type\":\"Organization\",\"@id\":\"https:\\\/\\\/florianhorsefood.nl\\\/de\\\/#organization\",\"name\":\"Florian Pferdefutter\",\"url\":\"https:\\\/\\\/florianhorsefood.nl\\\/de\\\/\",\"logo\":{\"@type\":\"ImageObject\",\"inLanguage\":\"de\",\"@id\":\"https:\\\/\\\/florianhorsefood.nl\\\/de\\\/#\\\/schema\\\/logo\\\/image\\\/\",\"url\":\"https:\\\/\\\/florianhorsefood.nl\\\/wp-content\\\/uploads\\\/2020\\\/02\\\/Florian_Horsefood_liggend_RGB.png\",\"contentUrl\":\"https:\\\/\\\/florianhorsefood.nl\\\/wp-content\\\/uploads\\\/2020\\\/02\\\/Florian_Horsefood_liggend_RGB.png\",\"width\":1044,\"height\":393,\"caption\":\"Florian Pferdefutter\"},\"image\":{\"@id\":\"https:\\\/\\\/florianhorsefood.nl\\\/de\\\/#\\\/schema\\\/logo\\\/image\\\/\"},\"sameAs\":[\"https:\\\/\\\/www.linkedin.com\\\/company\\\/florian-horsefood\\\/about\\\/\"]}]}<\/script>\n<!-- \/ Yoast SEO plugin. -->","yoast_head_json":{"title":"Duval InnerG - Florian Horsefood","robots":{"index":"index","follow":"follow","max-snippet":"max-snippet:-1","max-image-preview":"max-image-preview:large","max-video-preview":"max-video-preview:-1"},"canonical":"https:\/\/florianhorsefood.nl\/de\/produkt\/innerg\/","og_locale":"de_DE","og_type":"article","og_title":"Duval InnerG - Florian Horsefood","og_description":"Duval InnerG unterst\u00fctzt das Energieniveau von Pferden, sowohl mit schnell freigesetzter als auch mit lang anhaltender Energie. Dar\u00fcber hinaus unterst\u00fctzt InnerG die Erholung nach der Leistung\/dem Training. InnerG ist kein [&hellip;]","og_url":"https:\/\/florianhorsefood.nl\/de\/produkt\/innerg\/","og_site_name":"Florian Horsefood","article_modified_time":"2026-03-24T19:52:39+00:00","og_image":[{"width":1080,"height":1080,"url":"https:\/\/florianhorsefood.nl\/wp-content\/uploads\/2024\/08\/InnerG-1.png","type":"image\/png"}],"twitter_card":"summary_large_image","twitter_misc":{"Gesch\u00e4tzte Lesezeit":"1\u00a0Minute"},"schema":{"@context":"https:\/\/schema.org","@graph":[{"@type":"WebPage","@id":"https:\/\/florianhorsefood.nl\/de\/produkt\/innerg\/","url":"https:\/\/florianhorsefood.nl\/de\/produkt\/innerg\/","name":"Duval InnerG - Florian Horsefood","isPartOf":{"@id":"https:\/\/florianhorsefood.nl\/de\/#website"},"primaryImageOfPage":{"@id":"https:\/\/florianhorsefood.nl\/de\/produkt\/innerg\/#primaryimage"},"image":{"@id":"https:\/\/florianhorsefood.nl\/de\/produkt\/innerg\/#primaryimage"},"thumbnailUrl":"https:\/\/florianhorsefood.nl\/wp-content\/uploads\/2024\/08\/InnerG-1.png","datePublished":"2024-08-09T07:30:23+00:00","dateModified":"2026-03-24T19:52:39+00:00","breadcrumb":{"@id":"https:\/\/florianhorsefood.nl\/de\/produkt\/innerg\/#breadcrumb"},"inLanguage":"de","potentialAction":[{"@type":"ReadAction","target":["https:\/\/florianhorsefood.nl\/de\/produkt\/innerg\/"]}]},{"@type":"ImageObject","inLanguage":"de","@id":"https:\/\/florianhorsefood.nl\/de\/produkt\/innerg\/#primaryimage","url":"https:\/\/florianhorsefood.nl\/wp-content\/uploads\/2024\/08\/InnerG-1.png","contentUrl":"https:\/\/florianhorsefood.nl\/wp-content\/uploads\/2024\/08\/InnerG-1.png","width":1080,"height":1080},{"@type":"BreadcrumbList","@id":"https:\/\/florianhorsefood.nl\/de\/produkt\/innerg\/#breadcrumb","itemListElement":[{"@type":"ListItem","position":1,"name":"Startseite","item":"https:\/\/florianhorsefood.nl\/de\/startseite\/"},{"@type":"ListItem","position":2,"name":"Shop","item":"https:\/\/florianhorsefood.nl\/shop\/"},{"@type":"ListItem","position":3,"name":"Duval InnerG"}]},{"@type":"WebSite","@id":"https:\/\/florianhorsefood.nl\/de\/#website","url":"https:\/\/florianhorsefood.nl\/de\/","name":"Florian Horsefood","description":"Back to Basic &amp; Health Protection!","publisher":{"@id":"https:\/\/florianhorsefood.nl\/de\/#organization"},"potentialAction":[{"@type":"SearchAction","target":{"@type":"EntryPoint","urlTemplate":"https:\/\/florianhorsefood.nl\/de\/?s={search_term_string}"},"query-input":{"@type":"PropertyValueSpecification","valueRequired":true,"valueName":"search_term_string"}}],"inLanguage":"de"},{"@type":"Organization","@id":"https:\/\/florianhorsefood.nl\/de\/#organization","name":"Florian Pferdefutter","url":"https:\/\/florianhorsefood.nl\/de\/","logo":{"@type":"ImageObject","inLanguage":"de","@id":"https:\/\/florianhorsefood.nl\/de\/#\/schema\/logo\/image\/","url":"https:\/\/florianhorsefood.nl\/wp-content\/uploads\/2020\/02\/Florian_Horsefood_liggend_RGB.png","contentUrl":"https:\/\/florianhorsefood.nl\/wp-content\/uploads\/2020\/02\/Florian_Horsefood_liggend_RGB.png","width":1044,"height":393,"caption":"Florian Pferdefutter"},"image":{"@id":"https:\/\/florianhorsefood.nl\/de\/#\/schema\/logo\/image\/"},"sameAs":["https:\/\/www.linkedin.com\/company\/florian-horsefood\/about\/"]}]}},"_links":{"self":[{"href":"https:\/\/florianhorsefood.nl\/de\/wp-json\/wp\/v2\/product\/12250","targetHints":{"allow":["GET"]}}],"collection":[{"href":"https:\/\/florianhorsefood.nl\/de\/wp-json\/wp\/v2\/product"}],"about":[{"href":"https:\/\/florianhorsefood.nl\/de\/wp-json\/wp\/v2\/types\/product"}],"wp:featuredmedia":[{"embeddable":true,"href":"https:\/\/florianhorsefood.nl\/de\/wp-json\/wp\/v2\/media\/12098"}],"wp:attachment":[{"href":"https:\/\/florianhorsefood.nl\/de\/wp-json\/wp\/v2\/media?parent=12250"}],"wp:term":[{"taxonomy":"product_brand","embeddable":true,"href":"https:\/\/florianhorsefood.nl\/de\/wp-json\/wp\/v2\/product_brand?post=12250"},{"taxonomy":"product_cat","embeddable":true,"href":"https:\/\/florianhorsefood.nl\/de\/wp-json\/wp\/v2\/product_cat?post=12250"},{"taxonomy":"product_tag","embeddable":true,"href":"https:\/\/florianhorsefood.nl\/de\/wp-json\/wp\/v2\/product_tag?post=12250"}],"curies":[{"name":"wp","href":"https:\/\/api.w.org\/{rel}","templated":true}]}}