{"id":12260,"date":"2024-08-09T09:30:24","date_gmt":"2024-08-09T07:30:24","guid":{"rendered":"https:\/\/florianhorsefood.nl\/product\/tendiflex\/"},"modified":"2025-11-06T15:16:22","modified_gmt":"2025-11-06T14:16:22","slug":"tendiflex","status":"publish","type":"product","link":"https:\/\/florianhorsefood.nl\/de\/produkt\/tendiflex\/","title":{"rendered":"Duval TendiFlex"},"content":{"rendered":"<p>TendiFlex wurde speziell f\u00fcr Sehnen, B\u00e4nder, Gelenkfunktionen und die Produktion von neuem Bindegewebe entwickelt. TendiFlex f\u00f6rdert gesunde Sehnen, B\u00e4nder und Knorpel.<\/p>\n<p>TendiFlex kann sowohl in der akuten als auch in der pr\u00e4ventiven Behandlung eingesetzt werden und ist dopingfrei!<\/p>\n<p><strong>Dieses Produkt wird empfohlen f\u00fcr<\/strong><\/p>\n<ul>\n<li>Sehnenverletzungen<\/li>\n<li>Gemeinsame Beschwerden<\/li>\n<li>Starke Belastung von Sehnen, B\u00e4ndern und Sehnenscheiden<\/li>\n<li>Pferde mit Verschlei\u00dferscheinungen und Knorpelabbau<\/li>\n<li>Zerrung von B\u00e4ndern und Sehnen<\/li>\n<\/ul>\n<p>TendiFlex f\u00f6rdert die Qualit\u00e4t des neuen Bindegewebes sowie die Festigkeit und Elastizit\u00e4t von Sehnen und B\u00e4ndern. Dieses Produkt eignet sich hervorragend zur Vorbeugung von Verletzungen bei Pferden, die H\u00f6chstleistungen erbringen m\u00fcssen.<\/p>\n<p><strong>Merkmale:<\/strong><\/p>\n<ul>\n<li>Unterst\u00fctzt die Gelenkschmierung und f\u00f6rdert eine gesunde Gelenkfl\u00fcssigkeit (Synovialfl\u00fcssigkeit)<\/li>\n<li>Unterst\u00fctzt starke und elastische Sehnen und B\u00e4nder<\/li>\n<li>Bietet Unterst\u00fctzung bei Schwellungen und Entz\u00fcndungen<\/li>\n<li>Unterst\u00fctzt die Erhaltung eines gesunden Knorpels<\/li>\n<\/ul>\n<p><strong><span style=\"color: #8bc63e;\">Inhalt: ca. 2,7 kg<\/span><\/strong><\/p>\n","protected":false},"excerpt":{"rendered":"<p>TendiFlex wurde speziell f\u00fcr Sehnen, B\u00e4nder, Gelenkfunktionen und die Produktion von neuem Bindegewebe entwickelt. TendiFlex f\u00f6rdert gesunde Sehnen, B\u00e4nder und Knorpel.<\/p>\n<p>TendiFlex kann sowohl in der akuten als auch in der pr\u00e4ventiven Behandlung eingesetzt werden und ist dopingfrei!<\/p>\n","protected":false},"featured_media":20216,"template":"","meta":[],"product_brand":[],"product_cat":[400,42],"product_tag":[201,47],"class_list":{"0":"post-12260","1":"product","2":"type-product","3":"status-publish","4":"has-post-thumbnail","6":"product_cat-duval","7":"product_cat-supplementen","8":"product_tag-duval","9":"product_tag-emmers","11":"first","12":"instock","13":"taxable","14":"shipping-taxable","15":"purchasable","16":"product-type-variable","17":"has-default-attributes"},"bundled_by":[],"bundle_stock_status":"instock","bundle_stock_quantity":null,"bundle_virtual":false,"bundle_layout":"","bundle_add_to_cart_form_location":"","bundle_editable_in_cart":false,"bundle_sold_individually_context":"","bundle_item_grouping":"","bundle_min_size":"","bundle_max_size":"","bundle_price":[],"bundled_items":[],"bundle_sell_ids":[],"yoast_head":"<!-- This site is optimized with the Yoast SEO plugin v27.3 - https:\/\/yoast.com\/product\/yoast-seo-wordpress\/ -->\n<title>Duval TendiFlex - Florian Horsefood<\/title>\n<meta name=\"description\" content=\"TendiFlex wurde speziell f\u00fcr Sehnen, B\u00e4nder, Gelenkfunktionen und die Produktion von neuem Bindegewebe entwickelt. TendiFlex f\u00f6rdert gesunde Sehnen, B\u00e4nder und Knorpel.\" \/>\n<meta name=\"robots\" content=\"index, follow, max-snippet:-1, max-image-preview:large, max-video-preview:-1\" \/>\n<link rel=\"canonical\" href=\"https:\/\/florianhorsefood.nl\/de\/produkt\/tendiflex\/\" \/>\n<meta property=\"og:locale\" content=\"de_DE\" \/>\n<meta property=\"og:type\" content=\"article\" \/>\n<meta property=\"og:title\" content=\"Duval TendiFlex - Florian Horsefood\" \/>\n<meta property=\"og:description\" content=\"TendiFlex wurde speziell f\u00fcr Sehnen, B\u00e4nder, Gelenkfunktionen und die Produktion von neuem Bindegewebe entwickelt. TendiFlex f\u00f6rdert gesunde Sehnen, B\u00e4nder und Knorpel.\" \/>\n<meta property=\"og:url\" content=\"https:\/\/florianhorsefood.nl\/de\/produkt\/tendiflex\/\" \/>\n<meta property=\"og:site_name\" content=\"Florian Horsefood\" \/>\n<meta property=\"article:modified_time\" content=\"2025-11-06T14:16:22+00:00\" \/>\n<meta property=\"og:image\" content=\"https:\/\/florianhorsefood.nl\/wp-content\/uploads\/2025\/11\/Florian-Horsefood-Web-24.jpg\" \/>\n\t<meta property=\"og:image:width\" content=\"2048\" \/>\n\t<meta property=\"og:image:height\" content=\"1365\" \/>\n\t<meta property=\"og:image:type\" content=\"image\/jpeg\" \/>\n<meta name=\"twitter:card\" content=\"summary_large_image\" \/>\n<meta name=\"twitter:label1\" content=\"Gesch\u00e4tzte Lesezeit\" \/>\n\t<meta name=\"twitter:data1\" content=\"1\u00a0Minute\" \/>\n<script type=\"application\/ld+json\" class=\"yoast-schema-graph\">{\"@context\":\"https:\\\/\\\/schema.org\",\"@graph\":[{\"@type\":\"WebPage\",\"@id\":\"https:\\\/\\\/florianhorsefood.nl\\\/de\\\/produkt\\\/tendiflex\\\/\",\"url\":\"https:\\\/\\\/florianhorsefood.nl\\\/de\\\/produkt\\\/tendiflex\\\/\",\"name\":\"Duval TendiFlex - Florian Horsefood\",\"isPartOf\":{\"@id\":\"https:\\\/\\\/florianhorsefood.nl\\\/de\\\/#website\"},\"primaryImageOfPage\":{\"@id\":\"https:\\\/\\\/florianhorsefood.nl\\\/de\\\/produkt\\\/tendiflex\\\/#primaryimage\"},\"image\":{\"@id\":\"https:\\\/\\\/florianhorsefood.nl\\\/de\\\/produkt\\\/tendiflex\\\/#primaryimage\"},\"thumbnailUrl\":\"https:\\\/\\\/florianhorsefood.nl\\\/wp-content\\\/uploads\\\/2025\\\/11\\\/Florian-Horsefood-Web-24.webp\",\"datePublished\":\"2024-08-09T07:30:24+00:00\",\"dateModified\":\"2025-11-06T14:16:22+00:00\",\"description\":\"TendiFlex wurde speziell f\u00fcr Sehnen, B\u00e4nder, Gelenkfunktionen und die Produktion von neuem Bindegewebe entwickelt. TendiFlex f\u00f6rdert gesunde Sehnen, B\u00e4nder und Knorpel.\",\"breadcrumb\":{\"@id\":\"https:\\\/\\\/florianhorsefood.nl\\\/de\\\/produkt\\\/tendiflex\\\/#breadcrumb\"},\"inLanguage\":\"de\",\"potentialAction\":[{\"@type\":\"ReadAction\",\"target\":[\"https:\\\/\\\/florianhorsefood.nl\\\/de\\\/produkt\\\/tendiflex\\\/\"]}]},{\"@type\":\"ImageObject\",\"inLanguage\":\"de\",\"@id\":\"https:\\\/\\\/florianhorsefood.nl\\\/de\\\/produkt\\\/tendiflex\\\/#primaryimage\",\"url\":\"https:\\\/\\\/florianhorsefood.nl\\\/wp-content\\\/uploads\\\/2025\\\/11\\\/Florian-Horsefood-Web-24.webp\",\"contentUrl\":\"https:\\\/\\\/florianhorsefood.nl\\\/wp-content\\\/uploads\\\/2025\\\/11\\\/Florian-Horsefood-Web-24.webp\",\"width\":2048,\"height\":1365},{\"@type\":\"BreadcrumbList\",\"@id\":\"https:\\\/\\\/florianhorsefood.nl\\\/de\\\/produkt\\\/tendiflex\\\/#breadcrumb\",\"itemListElement\":[{\"@type\":\"ListItem\",\"position\":1,\"name\":\"Startseite\",\"item\":\"https:\\\/\\\/florianhorsefood.nl\\\/de\\\/startseite\\\/\"},{\"@type\":\"ListItem\",\"position\":2,\"name\":\"Shop\",\"item\":\"https:\\\/\\\/florianhorsefood.nl\\\/shop\\\/\"},{\"@type\":\"ListItem\",\"position\":3,\"name\":\"Duval TendiFlex\"}]},{\"@type\":\"WebSite\",\"@id\":\"https:\\\/\\\/florianhorsefood.nl\\\/de\\\/#website\",\"url\":\"https:\\\/\\\/florianhorsefood.nl\\\/de\\\/\",\"name\":\"Florian Horsefood\",\"description\":\"Back to Basic &amp; Health Protection!\",\"publisher\":{\"@id\":\"https:\\\/\\\/florianhorsefood.nl\\\/de\\\/#organization\"},\"potentialAction\":[{\"@type\":\"SearchAction\",\"target\":{\"@type\":\"EntryPoint\",\"urlTemplate\":\"https:\\\/\\\/florianhorsefood.nl\\\/de\\\/?s={search_term_string}\"},\"query-input\":{\"@type\":\"PropertyValueSpecification\",\"valueRequired\":true,\"valueName\":\"search_term_string\"}}],\"inLanguage\":\"de\"},{\"@type\":\"Organization\",\"@id\":\"https:\\\/\\\/florianhorsefood.nl\\\/de\\\/#organization\",\"name\":\"Florian Pferdefutter\",\"url\":\"https:\\\/\\\/florianhorsefood.nl\\\/de\\\/\",\"logo\":{\"@type\":\"ImageObject\",\"inLanguage\":\"de\",\"@id\":\"https:\\\/\\\/florianhorsefood.nl\\\/de\\\/#\\\/schema\\\/logo\\\/image\\\/\",\"url\":\"https:\\\/\\\/florianhorsefood.nl\\\/wp-content\\\/uploads\\\/2020\\\/02\\\/Florian_Horsefood_liggend_RGB.png\",\"contentUrl\":\"https:\\\/\\\/florianhorsefood.nl\\\/wp-content\\\/uploads\\\/2020\\\/02\\\/Florian_Horsefood_liggend_RGB.png\",\"width\":1044,\"height\":393,\"caption\":\"Florian Pferdefutter\"},\"image\":{\"@id\":\"https:\\\/\\\/florianhorsefood.nl\\\/de\\\/#\\\/schema\\\/logo\\\/image\\\/\"},\"sameAs\":[\"https:\\\/\\\/www.linkedin.com\\\/company\\\/florian-horsefood\\\/about\\\/\"]}]}<\/script>\n<!-- \/ Yoast SEO plugin. -->","yoast_head_json":{"title":"Duval TendiFlex - Florian Horsefood","description":"TendiFlex wurde speziell f\u00fcr Sehnen, B\u00e4nder, Gelenkfunktionen und die Produktion von neuem Bindegewebe entwickelt. TendiFlex f\u00f6rdert gesunde Sehnen, B\u00e4nder und Knorpel.","robots":{"index":"index","follow":"follow","max-snippet":"max-snippet:-1","max-image-preview":"max-image-preview:large","max-video-preview":"max-video-preview:-1"},"canonical":"https:\/\/florianhorsefood.nl\/de\/produkt\/tendiflex\/","og_locale":"de_DE","og_type":"article","og_title":"Duval TendiFlex - Florian Horsefood","og_description":"TendiFlex wurde speziell f\u00fcr Sehnen, B\u00e4nder, Gelenkfunktionen und die Produktion von neuem Bindegewebe entwickelt. TendiFlex f\u00f6rdert gesunde Sehnen, B\u00e4nder und Knorpel.","og_url":"https:\/\/florianhorsefood.nl\/de\/produkt\/tendiflex\/","og_site_name":"Florian Horsefood","article_modified_time":"2025-11-06T14:16:22+00:00","og_image":[{"width":2048,"height":1365,"url":"https:\/\/florianhorsefood.nl\/wp-content\/uploads\/2025\/11\/Florian-Horsefood-Web-24.jpg","type":"image\/jpeg"}],"twitter_card":"summary_large_image","twitter_misc":{"Gesch\u00e4tzte Lesezeit":"1\u00a0Minute"},"schema":{"@context":"https:\/\/schema.org","@graph":[{"@type":"WebPage","@id":"https:\/\/florianhorsefood.nl\/de\/produkt\/tendiflex\/","url":"https:\/\/florianhorsefood.nl\/de\/produkt\/tendiflex\/","name":"Duval TendiFlex - Florian Horsefood","isPartOf":{"@id":"https:\/\/florianhorsefood.nl\/de\/#website"},"primaryImageOfPage":{"@id":"https:\/\/florianhorsefood.nl\/de\/produkt\/tendiflex\/#primaryimage"},"image":{"@id":"https:\/\/florianhorsefood.nl\/de\/produkt\/tendiflex\/#primaryimage"},"thumbnailUrl":"https:\/\/florianhorsefood.nl\/wp-content\/uploads\/2025\/11\/Florian-Horsefood-Web-24.webp","datePublished":"2024-08-09T07:30:24+00:00","dateModified":"2025-11-06T14:16:22+00:00","description":"TendiFlex wurde speziell f\u00fcr Sehnen, B\u00e4nder, Gelenkfunktionen und die Produktion von neuem Bindegewebe entwickelt. TendiFlex f\u00f6rdert gesunde Sehnen, B\u00e4nder und Knorpel.","breadcrumb":{"@id":"https:\/\/florianhorsefood.nl\/de\/produkt\/tendiflex\/#breadcrumb"},"inLanguage":"de","potentialAction":[{"@type":"ReadAction","target":["https:\/\/florianhorsefood.nl\/de\/produkt\/tendiflex\/"]}]},{"@type":"ImageObject","inLanguage":"de","@id":"https:\/\/florianhorsefood.nl\/de\/produkt\/tendiflex\/#primaryimage","url":"https:\/\/florianhorsefood.nl\/wp-content\/uploads\/2025\/11\/Florian-Horsefood-Web-24.webp","contentUrl":"https:\/\/florianhorsefood.nl\/wp-content\/uploads\/2025\/11\/Florian-Horsefood-Web-24.webp","width":2048,"height":1365},{"@type":"BreadcrumbList","@id":"https:\/\/florianhorsefood.nl\/de\/produkt\/tendiflex\/#breadcrumb","itemListElement":[{"@type":"ListItem","position":1,"name":"Startseite","item":"https:\/\/florianhorsefood.nl\/de\/startseite\/"},{"@type":"ListItem","position":2,"name":"Shop","item":"https:\/\/florianhorsefood.nl\/shop\/"},{"@type":"ListItem","position":3,"name":"Duval TendiFlex"}]},{"@type":"WebSite","@id":"https:\/\/florianhorsefood.nl\/de\/#website","url":"https:\/\/florianhorsefood.nl\/de\/","name":"Florian Horsefood","description":"Back to Basic &amp; Health Protection!","publisher":{"@id":"https:\/\/florianhorsefood.nl\/de\/#organization"},"potentialAction":[{"@type":"SearchAction","target":{"@type":"EntryPoint","urlTemplate":"https:\/\/florianhorsefood.nl\/de\/?s={search_term_string}"},"query-input":{"@type":"PropertyValueSpecification","valueRequired":true,"valueName":"search_term_string"}}],"inLanguage":"de"},{"@type":"Organization","@id":"https:\/\/florianhorsefood.nl\/de\/#organization","name":"Florian Pferdefutter","url":"https:\/\/florianhorsefood.nl\/de\/","logo":{"@type":"ImageObject","inLanguage":"de","@id":"https:\/\/florianhorsefood.nl\/de\/#\/schema\/logo\/image\/","url":"https:\/\/florianhorsefood.nl\/wp-content\/uploads\/2020\/02\/Florian_Horsefood_liggend_RGB.png","contentUrl":"https:\/\/florianhorsefood.nl\/wp-content\/uploads\/2020\/02\/Florian_Horsefood_liggend_RGB.png","width":1044,"height":393,"caption":"Florian Pferdefutter"},"image":{"@id":"https:\/\/florianhorsefood.nl\/de\/#\/schema\/logo\/image\/"},"sameAs":["https:\/\/www.linkedin.com\/company\/florian-horsefood\/about\/"]}]}},"_links":{"self":[{"href":"https:\/\/florianhorsefood.nl\/de\/wp-json\/wp\/v2\/product\/12260","targetHints":{"allow":["GET"]}}],"collection":[{"href":"https:\/\/florianhorsefood.nl\/de\/wp-json\/wp\/v2\/product"}],"about":[{"href":"https:\/\/florianhorsefood.nl\/de\/wp-json\/wp\/v2\/types\/product"}],"wp:featuredmedia":[{"embeddable":true,"href":"https:\/\/florianhorsefood.nl\/de\/wp-json\/wp\/v2\/media\/20216"}],"wp:attachment":[{"href":"https:\/\/florianhorsefood.nl\/de\/wp-json\/wp\/v2\/media?parent=12260"}],"wp:term":[{"taxonomy":"product_brand","embeddable":true,"href":"https:\/\/florianhorsefood.nl\/de\/wp-json\/wp\/v2\/product_brand?post=12260"},{"taxonomy":"product_cat","embeddable":true,"href":"https:\/\/florianhorsefood.nl\/de\/wp-json\/wp\/v2\/product_cat?post=12260"},{"taxonomy":"product_tag","embeddable":true,"href":"https:\/\/florianhorsefood.nl\/de\/wp-json\/wp\/v2\/product_tag?post=12260"}],"curies":[{"name":"wp","href":"https:\/\/api.w.org\/{rel}","templated":true}]}}