{"id":12266,"date":"2024-08-09T09:30:24","date_gmt":"2024-08-09T07:30:24","guid":{"rendered":"https:\/\/florianhorsefood.nl\/product\/metabolische-unterstuetzung\/"},"modified":"2026-03-24T20:52:21","modified_gmt":"2026-03-24T19:52:21","slug":"metabolische-unterstuetzung","status":"publish","type":"product","link":"https:\/\/florianhorsefood.nl\/de\/produkt\/metabolische-unterstuetzung\/","title":{"rendered":"Metabolische Unterst\u00fctzung"},"content":{"rendered":"<div class=\"vc_row wpb_row vc_row-fluid\">\n<div class=\"wpb_column vc_column_container vc_col-sm-12\">\n<div class=\"vc_column-inner\">\n<div class=\"wpb_wrapper\">\n<div class=\"wpb_text_column wpb_content_element\">\n<div class=\"wpb_wrapper\">\n<h3>Duval Metabolic Support ist das Erg\u00e4nzungsmittel f\u00fcr den Stoffwechsel\/Stoffwechsel von Pferden<\/h3>\n<p>Auf der Grundlage verschiedener Beschwerden im Zusammenhang mit dem Stoffwechsel haben wir ein komplettes Produkt formuliert, das es so noch nie gab. Dieses Produkt basiert auf verschiedenen spezifischen Pilzen, Algen und Kr\u00e4utern.  <strong><em>Jetzt mit verbessertem Geschmack!<\/em><\/strong><\/p>\n<p>Duval Metabolic Support ber\u00fccksichtigt alle Facetten, die den Stoffwechsel und die damit verbundenen Symptome beeinflussen.<\/p>\n<\/div>\n<\/div>\n<div class=\"vc_separator wpb_content_element vc_separator_align_center vc_sep_width_100 vc_sep_pos_align_center vc_separator_no_text vc_sep_color_grey\"><\/div>\n<\/div>\n<\/div>\n<\/div>\n<\/div>\n<section class=\"vc_section\">\n<div class=\"vc_row wpb_row vc_row-fluid\">\n<div class=\"wpb_column vc_column_container vc_col-sm-4\">\n<div class=\"vc_column-inner\">\n<div class=\"wpb_wrapper\">\n<div class=\"wpb_text_column wpb_content_element\">\n<div class=\"wpb_wrapper\">\n<h3><strong>Eigenschaften  <\/strong><\/h3>\n<ul>\n<li>Unterst\u00fctzt die richtige Stoffwechselfunktion<\/li>\n<li>Regulierung des Blutzuckerspiegels<\/li>\n<li>Ausleitung von Abfallstoffen (f\u00f6rdert die Entgiftung der Leber)<\/li>\n<li>Unterst\u00fctzt das Fell und f\u00f6rdert die H\u00e4utung<\/li>\n<li>F\u00f6rdert ein gesundes und kr\u00e4ftiges Hufwachstum<\/li>\n<li>F\u00fcr eine bessere Durchblutung<\/li>\n<li>Ein Schub f\u00fcr das Immunsystem<\/li>\n<li>Unterst\u00fctzt die Selbstheilung<\/li>\n<\/ul>\n<\/div>\n<\/div>\n<\/div>\n<\/div>\n<\/div>\n<div class=\"wpb_column vc_column_container vc_col-sm-4\">\n<div class=\"vc_column-inner\">\n<div class=\"wpb_wrapper\">\n<div class=\"wpb_text_column wpb_content_element\">\n<div class=\"wpb_wrapper\">\n<h3><strong>Geeignet f\u00fcr<\/strong><\/h3>\n<ul>\n<li>Pferde mit schwachem Immunsystem und reduzierter Kondition<\/li>\n<li>\u00c4ltere Pferde (mit verschiedenen altersbedingten Beschwerden)<\/li>\n<li>Pferde mit hartem M\u00e4hnenkamm und\/oder \u00dcbergewicht<\/li>\n<li>Pferde mit schlechten Hufen oder langem lockigem Fell<\/li>\n<li>Pferde, die empfindlich auf Zucker oder einen hohen Fruktangehalt im Futter oder Gras reagieren<\/li>\n<li>N\u00fcchterne Pferderassen oder Pferde, die anf\u00e4llig f\u00fcr Hufrehe sind<\/li>\n<\/ul>\n<p><strong><span style=\"color: #8bc63e;\">Inhalt: ca. 1,5 kg oder 3 kg<\/span><\/strong><\/p>\n<\/div>\n<\/div>\n<\/div>\n<\/div>\n<\/div>\n<\/div>\n<\/section>\n","protected":false},"excerpt":{"rendered":"<div>\n<p class=\"text-base\">Duval Metabolic Support ist ein komplettes Erg\u00e4nzungsfuttermittel f\u00fcr den Stoffwechsel von Pferden, das aus speziellen Pilzen, Algen und Kr\u00e4utern hergestellt wird. Es unterst\u00fctzt eine ordnungsgem\u00e4\u00dfe Stoffwechselfunktion, reguliert den Blutzuckerspiegel und f\u00f6rdert den Abtransport von Abfallstoffen und die Entgiftung der Leber. Es unterst\u00fctzt auch das Fell, f\u00f6rdert ein gesundes Hufwachstum, verbessert die Durchblutung, st\u00e4rkt das Immunsystem und unterst\u00fctzt die Selbstheilung.  <\/p>\n<p class=\"text-base\">Dieses Produkt eignet sich f\u00fcr Pferde mit einem schwachen Immunsystem, verminderter Kondition, altersbedingten Beschwerden, hartem M\u00e4hnenkamm, Fettleibigkeit, schlechten Hufen, langem lockigem Fell, Empfindlichkeit gegen\u00fcber Zucker oder hohem Fruktangehalt im Futter oder Gras, strengen Pferderassen oder Pferden, die zu Hufrehe neigen.<\/p>\n<\/div>\n","protected":false},"featured_media":12107,"template":"","meta":[],"product_brand":[],"product_cat":[407,213],"product_tag":[214,235],"class_list":{"0":"post-12266","1":"product","2":"type-product","3":"status-publish","4":"has-post-thumbnail","6":"product_cat-duval-de","7":"product_cat-erganzungen","8":"product_tag-duval-de","9":"product_tag-eimer","11":"first","12":"instock","13":"taxable","14":"shipping-taxable","15":"purchasable","16":"product-type-variable","17":"has-default-attributes"},"bundled_by":[],"bundle_stock_status":"instock","bundle_stock_quantity":null,"bundle_virtual":false,"bundle_layout":"","bundle_add_to_cart_form_location":"","bundle_editable_in_cart":false,"bundle_sold_individually_context":"","bundle_item_grouping":"","bundle_min_size":"","bundle_max_size":"","bundle_price":[],"bundled_items":[],"bundle_sell_ids":[],"yoast_head":"<!-- This site is optimized with the Yoast SEO plugin v27.3 - https:\/\/yoast.com\/product\/yoast-seo-wordpress\/ -->\n<title>Metabolische Unterst\u00fctzung - Florian Horsefood<\/title>\n<meta name=\"robots\" content=\"index, follow, max-snippet:-1, max-image-preview:large, max-video-preview:-1\" \/>\n<link rel=\"canonical\" href=\"https:\/\/florianhorsefood.nl\/de\/produkt\/metabolische-unterstuetzung\/\" \/>\n<meta property=\"og:locale\" content=\"de_DE\" \/>\n<meta property=\"og:type\" content=\"article\" \/>\n<meta property=\"og:title\" content=\"Metabolische Unterst\u00fctzung - Florian Horsefood\" \/>\n<meta property=\"og:description\" content=\"Duval Metabolic Support ist ein komplettes Erg\u00e4nzungsfuttermittel f\u00fcr den Stoffwechsel von Pferden, das aus speziellen Pilzen, Algen und Kr\u00e4utern hergestellt wird. Es unterst\u00fctzt eine ordnungsgem\u00e4\u00dfe Stoffwechselfunktion, reguliert den Blutzuckerspiegel und f\u00f6rdert den Abtransport von Abfallstoffen und die Entgiftung der Leber. Es unterst\u00fctzt auch das Fell, f\u00f6rdert ein gesundes Hufwachstum, verbessert die Durchblutung, st\u00e4rkt das Immunsystem und unterst\u00fctzt die Selbstheilung.  Dieses Produkt eignet sich f\u00fcr Pferde mit einem schwachen Immunsystem, verminderter Kondition, altersbedingten Beschwerden, hartem M\u00e4hnenkamm, Fettleibigkeit, schlechten Hufen, langem lockigem Fell, Empfindlichkeit gegen\u00fcber Zucker oder hohem Fruktangehalt im Futter oder Gras, strengen Pferderassen oder Pferden, die zu Hufrehe neigen.\" \/>\n<meta property=\"og:url\" content=\"https:\/\/florianhorsefood.nl\/de\/produkt\/metabolische-unterstuetzung\/\" \/>\n<meta property=\"og:site_name\" content=\"Florian Horsefood\" \/>\n<meta property=\"article:modified_time\" content=\"2026-03-24T19:52:21+00:00\" \/>\n<meta property=\"og:image\" content=\"https:\/\/florianhorsefood.nl\/wp-content\/uploads\/2024\/08\/Metabolic-Support.png\" \/>\n\t<meta property=\"og:image:width\" content=\"1080\" \/>\n\t<meta property=\"og:image:height\" content=\"1080\" \/>\n\t<meta property=\"og:image:type\" content=\"image\/png\" \/>\n<meta name=\"twitter:card\" content=\"summary_large_image\" \/>\n<meta name=\"twitter:label1\" content=\"Gesch\u00e4tzte Lesezeit\" \/>\n\t<meta name=\"twitter:data1\" content=\"1\u00a0Minute\" \/>\n<script type=\"application\/ld+json\" class=\"yoast-schema-graph\">{\"@context\":\"https:\\\/\\\/schema.org\",\"@graph\":[{\"@type\":\"WebPage\",\"@id\":\"https:\\\/\\\/florianhorsefood.nl\\\/de\\\/produkt\\\/metabolische-unterstuetzung\\\/\",\"url\":\"https:\\\/\\\/florianhorsefood.nl\\\/de\\\/produkt\\\/metabolische-unterstuetzung\\\/\",\"name\":\"Metabolische Unterst\u00fctzung - Florian Horsefood\",\"isPartOf\":{\"@id\":\"https:\\\/\\\/florianhorsefood.nl\\\/de\\\/#website\"},\"primaryImageOfPage\":{\"@id\":\"https:\\\/\\\/florianhorsefood.nl\\\/de\\\/produkt\\\/metabolische-unterstuetzung\\\/#primaryimage\"},\"image\":{\"@id\":\"https:\\\/\\\/florianhorsefood.nl\\\/de\\\/produkt\\\/metabolische-unterstuetzung\\\/#primaryimage\"},\"thumbnailUrl\":\"https:\\\/\\\/florianhorsefood.nl\\\/wp-content\\\/uploads\\\/2024\\\/08\\\/Metabolic-Support.png\",\"datePublished\":\"2024-08-09T07:30:24+00:00\",\"dateModified\":\"2026-03-24T19:52:21+00:00\",\"breadcrumb\":{\"@id\":\"https:\\\/\\\/florianhorsefood.nl\\\/de\\\/produkt\\\/metabolische-unterstuetzung\\\/#breadcrumb\"},\"inLanguage\":\"de\",\"potentialAction\":[{\"@type\":\"ReadAction\",\"target\":[\"https:\\\/\\\/florianhorsefood.nl\\\/de\\\/produkt\\\/metabolische-unterstuetzung\\\/\"]}]},{\"@type\":\"ImageObject\",\"inLanguage\":\"de\",\"@id\":\"https:\\\/\\\/florianhorsefood.nl\\\/de\\\/produkt\\\/metabolische-unterstuetzung\\\/#primaryimage\",\"url\":\"https:\\\/\\\/florianhorsefood.nl\\\/wp-content\\\/uploads\\\/2024\\\/08\\\/Metabolic-Support.png\",\"contentUrl\":\"https:\\\/\\\/florianhorsefood.nl\\\/wp-content\\\/uploads\\\/2024\\\/08\\\/Metabolic-Support.png\",\"width\":1080,\"height\":1080},{\"@type\":\"BreadcrumbList\",\"@id\":\"https:\\\/\\\/florianhorsefood.nl\\\/de\\\/produkt\\\/metabolische-unterstuetzung\\\/#breadcrumb\",\"itemListElement\":[{\"@type\":\"ListItem\",\"position\":1,\"name\":\"Startseite\",\"item\":\"https:\\\/\\\/florianhorsefood.nl\\\/de\\\/startseite\\\/\"},{\"@type\":\"ListItem\",\"position\":2,\"name\":\"Shop\",\"item\":\"https:\\\/\\\/florianhorsefood.nl\\\/shop\\\/\"},{\"@type\":\"ListItem\",\"position\":3,\"name\":\"Metabolische Unterst\u00fctzung\"}]},{\"@type\":\"WebSite\",\"@id\":\"https:\\\/\\\/florianhorsefood.nl\\\/de\\\/#website\",\"url\":\"https:\\\/\\\/florianhorsefood.nl\\\/de\\\/\",\"name\":\"Florian Horsefood\",\"description\":\"Back to Basic &amp; Health Protection!\",\"publisher\":{\"@id\":\"https:\\\/\\\/florianhorsefood.nl\\\/de\\\/#organization\"},\"potentialAction\":[{\"@type\":\"SearchAction\",\"target\":{\"@type\":\"EntryPoint\",\"urlTemplate\":\"https:\\\/\\\/florianhorsefood.nl\\\/de\\\/?s={search_term_string}\"},\"query-input\":{\"@type\":\"PropertyValueSpecification\",\"valueRequired\":true,\"valueName\":\"search_term_string\"}}],\"inLanguage\":\"de\"},{\"@type\":\"Organization\",\"@id\":\"https:\\\/\\\/florianhorsefood.nl\\\/de\\\/#organization\",\"name\":\"Florian Pferdefutter\",\"url\":\"https:\\\/\\\/florianhorsefood.nl\\\/de\\\/\",\"logo\":{\"@type\":\"ImageObject\",\"inLanguage\":\"de\",\"@id\":\"https:\\\/\\\/florianhorsefood.nl\\\/de\\\/#\\\/schema\\\/logo\\\/image\\\/\",\"url\":\"https:\\\/\\\/florianhorsefood.nl\\\/wp-content\\\/uploads\\\/2020\\\/02\\\/Florian_Horsefood_liggend_RGB.png\",\"contentUrl\":\"https:\\\/\\\/florianhorsefood.nl\\\/wp-content\\\/uploads\\\/2020\\\/02\\\/Florian_Horsefood_liggend_RGB.png\",\"width\":1044,\"height\":393,\"caption\":\"Florian Pferdefutter\"},\"image\":{\"@id\":\"https:\\\/\\\/florianhorsefood.nl\\\/de\\\/#\\\/schema\\\/logo\\\/image\\\/\"},\"sameAs\":[\"https:\\\/\\\/www.linkedin.com\\\/company\\\/florian-horsefood\\\/about\\\/\"]}]}<\/script>\n<!-- \/ Yoast SEO plugin. -->","yoast_head_json":{"title":"Metabolische Unterst\u00fctzung - Florian Horsefood","robots":{"index":"index","follow":"follow","max-snippet":"max-snippet:-1","max-image-preview":"max-image-preview:large","max-video-preview":"max-video-preview:-1"},"canonical":"https:\/\/florianhorsefood.nl\/de\/produkt\/metabolische-unterstuetzung\/","og_locale":"de_DE","og_type":"article","og_title":"Metabolische Unterst\u00fctzung - Florian Horsefood","og_description":"Duval Metabolic Support ist ein komplettes Erg\u00e4nzungsfuttermittel f\u00fcr den Stoffwechsel von Pferden, das aus speziellen Pilzen, Algen und Kr\u00e4utern hergestellt wird. Es unterst\u00fctzt eine ordnungsgem\u00e4\u00dfe Stoffwechselfunktion, reguliert den Blutzuckerspiegel und f\u00f6rdert den Abtransport von Abfallstoffen und die Entgiftung der Leber. Es unterst\u00fctzt auch das Fell, f\u00f6rdert ein gesundes Hufwachstum, verbessert die Durchblutung, st\u00e4rkt das Immunsystem und unterst\u00fctzt die Selbstheilung.  Dieses Produkt eignet sich f\u00fcr Pferde mit einem schwachen Immunsystem, verminderter Kondition, altersbedingten Beschwerden, hartem M\u00e4hnenkamm, Fettleibigkeit, schlechten Hufen, langem lockigem Fell, Empfindlichkeit gegen\u00fcber Zucker oder hohem Fruktangehalt im Futter oder Gras, strengen Pferderassen oder Pferden, die zu Hufrehe neigen.","og_url":"https:\/\/florianhorsefood.nl\/de\/produkt\/metabolische-unterstuetzung\/","og_site_name":"Florian Horsefood","article_modified_time":"2026-03-24T19:52:21+00:00","og_image":[{"width":1080,"height":1080,"url":"https:\/\/florianhorsefood.nl\/wp-content\/uploads\/2024\/08\/Metabolic-Support.png","type":"image\/png"}],"twitter_card":"summary_large_image","twitter_misc":{"Gesch\u00e4tzte Lesezeit":"1\u00a0Minute"},"schema":{"@context":"https:\/\/schema.org","@graph":[{"@type":"WebPage","@id":"https:\/\/florianhorsefood.nl\/de\/produkt\/metabolische-unterstuetzung\/","url":"https:\/\/florianhorsefood.nl\/de\/produkt\/metabolische-unterstuetzung\/","name":"Metabolische Unterst\u00fctzung - Florian Horsefood","isPartOf":{"@id":"https:\/\/florianhorsefood.nl\/de\/#website"},"primaryImageOfPage":{"@id":"https:\/\/florianhorsefood.nl\/de\/produkt\/metabolische-unterstuetzung\/#primaryimage"},"image":{"@id":"https:\/\/florianhorsefood.nl\/de\/produkt\/metabolische-unterstuetzung\/#primaryimage"},"thumbnailUrl":"https:\/\/florianhorsefood.nl\/wp-content\/uploads\/2024\/08\/Metabolic-Support.png","datePublished":"2024-08-09T07:30:24+00:00","dateModified":"2026-03-24T19:52:21+00:00","breadcrumb":{"@id":"https:\/\/florianhorsefood.nl\/de\/produkt\/metabolische-unterstuetzung\/#breadcrumb"},"inLanguage":"de","potentialAction":[{"@type":"ReadAction","target":["https:\/\/florianhorsefood.nl\/de\/produkt\/metabolische-unterstuetzung\/"]}]},{"@type":"ImageObject","inLanguage":"de","@id":"https:\/\/florianhorsefood.nl\/de\/produkt\/metabolische-unterstuetzung\/#primaryimage","url":"https:\/\/florianhorsefood.nl\/wp-content\/uploads\/2024\/08\/Metabolic-Support.png","contentUrl":"https:\/\/florianhorsefood.nl\/wp-content\/uploads\/2024\/08\/Metabolic-Support.png","width":1080,"height":1080},{"@type":"BreadcrumbList","@id":"https:\/\/florianhorsefood.nl\/de\/produkt\/metabolische-unterstuetzung\/#breadcrumb","itemListElement":[{"@type":"ListItem","position":1,"name":"Startseite","item":"https:\/\/florianhorsefood.nl\/de\/startseite\/"},{"@type":"ListItem","position":2,"name":"Shop","item":"https:\/\/florianhorsefood.nl\/shop\/"},{"@type":"ListItem","position":3,"name":"Metabolische Unterst\u00fctzung"}]},{"@type":"WebSite","@id":"https:\/\/florianhorsefood.nl\/de\/#website","url":"https:\/\/florianhorsefood.nl\/de\/","name":"Florian Horsefood","description":"Back to Basic &amp; Health Protection!","publisher":{"@id":"https:\/\/florianhorsefood.nl\/de\/#organization"},"potentialAction":[{"@type":"SearchAction","target":{"@type":"EntryPoint","urlTemplate":"https:\/\/florianhorsefood.nl\/de\/?s={search_term_string}"},"query-input":{"@type":"PropertyValueSpecification","valueRequired":true,"valueName":"search_term_string"}}],"inLanguage":"de"},{"@type":"Organization","@id":"https:\/\/florianhorsefood.nl\/de\/#organization","name":"Florian Pferdefutter","url":"https:\/\/florianhorsefood.nl\/de\/","logo":{"@type":"ImageObject","inLanguage":"de","@id":"https:\/\/florianhorsefood.nl\/de\/#\/schema\/logo\/image\/","url":"https:\/\/florianhorsefood.nl\/wp-content\/uploads\/2020\/02\/Florian_Horsefood_liggend_RGB.png","contentUrl":"https:\/\/florianhorsefood.nl\/wp-content\/uploads\/2020\/02\/Florian_Horsefood_liggend_RGB.png","width":1044,"height":393,"caption":"Florian Pferdefutter"},"image":{"@id":"https:\/\/florianhorsefood.nl\/de\/#\/schema\/logo\/image\/"},"sameAs":["https:\/\/www.linkedin.com\/company\/florian-horsefood\/about\/"]}]}},"_links":{"self":[{"href":"https:\/\/florianhorsefood.nl\/de\/wp-json\/wp\/v2\/product\/12266","targetHints":{"allow":["GET"]}}],"collection":[{"href":"https:\/\/florianhorsefood.nl\/de\/wp-json\/wp\/v2\/product"}],"about":[{"href":"https:\/\/florianhorsefood.nl\/de\/wp-json\/wp\/v2\/types\/product"}],"wp:featuredmedia":[{"embeddable":true,"href":"https:\/\/florianhorsefood.nl\/de\/wp-json\/wp\/v2\/media\/12107"}],"wp:attachment":[{"href":"https:\/\/florianhorsefood.nl\/de\/wp-json\/wp\/v2\/media?parent=12266"}],"wp:term":[{"taxonomy":"product_brand","embeddable":true,"href":"https:\/\/florianhorsefood.nl\/de\/wp-json\/wp\/v2\/product_brand?post=12266"},{"taxonomy":"product_cat","embeddable":true,"href":"https:\/\/florianhorsefood.nl\/de\/wp-json\/wp\/v2\/product_cat?post=12266"},{"taxonomy":"product_tag","embeddable":true,"href":"https:\/\/florianhorsefood.nl\/de\/wp-json\/wp\/v2\/product_tag?post=12266"}],"curies":[{"name":"wp","href":"https:\/\/api.w.org\/{rel}","templated":true}]}}