{"id":12272,"date":"2020-03-03T09:14:22","date_gmt":"2020-03-03T08:14:22","guid":{"rendered":"https:\/\/florianhorsefood.nl\/product\/florian-basic-pur\/"},"modified":"2025-04-18T08:40:38","modified_gmt":"2025-04-18T06:40:38","slug":"florian-basic-pur","status":"publish","type":"product","link":"https:\/\/florianhorsefood.nl\/de\/produkt\/florian-basic-pur\/","title":{"rendered":"Florian Basic Pur"},"content":{"rendered":"<p>Florian Raufuttermischungen bilden in Kombination mit gutem Heu eine ideale Grundlage f\u00fcr die t\u00e4gliche Ration. Die Futtermischungen enthalten verschiedene Faser- und Rohfaserquellen, die die Verdauung des Pferdes anregen. Das Angebot verschiedener Faserquellen als Optimierung Ihres Einzelfuttermittels (Heu) verbessert die Darmflora Ihres Pferdes, seine Immunit\u00e4t und seine allgemeine Gesundheit. <\/p>\n<p><strong>Florian Basic Pure Raufuttermischung<\/strong><\/p>\n<ul>\n<li>Sehr zucker- und st\u00e4rkearm<\/li>\n<li>Gemischt mit Leinsamen und Oliven\u00f6l<\/li>\n<li>Frei von Vollkorn, Melasse und Soja<\/li>\n<\/ul>\n<p><strong><span style=\"color: #8bc63e;\">Fassungsverm\u00f6gen: ca. 14 kg<\/span><\/strong><\/p>\n","protected":false},"excerpt":{"rendered":"<p>Florian Basic Pure Raufuttermischung ist die ideale Basis-Raufuttermischung f\u00fcr jedes Pferd. Hohe Textur durch eine Vielzahl von Faser- und Rohfaserquellen. Die Mischung bietet einen zus\u00e4tzlichen Kauanreiz, wodurch mehr Speichel produziert wird. Aufgrund des niedrigen Zucker-, St\u00e4rke- und Proteingehalts sehr gut f\u00fcr karge Rassen geeignet. Enth\u00e4lt einen Hauch von Minze f\u00fcr einen noch ansprechenderen Geschmack.    <\/p>\n<p><strong><span style=\"color: #8bc63e;\">Fassungsverm\u00f6gen: ca. 14 kg<\/span><\/strong><\/p>\n","protected":false},"featured_media":12274,"template":"","meta":[],"product_brand":[],"product_cat":[18],"product_tag":[45],"class_list":{"0":"post-12272","1":"product","2":"type-product","3":"status-publish","4":"has-post-thumbnail","6":"product_cat-gemixt-ruwvoer","7":"product_tag-zakken","8":"product_shipping_class-pakketpost","10":"first","11":"instock","12":"taxable","13":"shipping-taxable","14":"purchasable","15":"product-type-variable"},"bundled_by":[],"bundle_stock_status":"instock","bundle_stock_quantity":null,"bundle_virtual":false,"bundle_layout":"","bundle_add_to_cart_form_location":"","bundle_editable_in_cart":false,"bundle_sold_individually_context":"","bundle_item_grouping":"","bundle_min_size":"","bundle_max_size":"","bundle_price":[],"bundled_items":[],"bundle_sell_ids":[],"yoast_head":"<!-- This site is optimized with the Yoast SEO plugin v26.8 - https:\/\/yoast.com\/product\/yoast-seo-wordpress\/ -->\n<title>Florian Basic Pur - Florian Horsefood<\/title>\n<meta name=\"description\" content=\"Florian Basic Pure Raufuttermischung ist die ideale Basis-Raufuttermischung f\u00fcr jedes Pferd. Hohe Textur durch eine Vielzahl von Faser- und Rohfaserquellen.\" \/>\n<meta name=\"robots\" content=\"index, follow, max-snippet:-1, max-image-preview:large, max-video-preview:-1\" \/>\n<link rel=\"canonical\" href=\"https:\/\/florianhorsefood.nl\/de\/produkt\/florian-basic-pur\/\" \/>\n<meta property=\"og:locale\" content=\"de_DE\" \/>\n<meta property=\"og:type\" content=\"article\" \/>\n<meta property=\"og:title\" content=\"Florian Basic Pur - Florian Horsefood\" \/>\n<meta property=\"og:description\" content=\"Florian Basic Pure Raufuttermischung ist die ideale Basis-Raufuttermischung f\u00fcr jedes Pferd. Hohe Textur durch eine Vielzahl von Faser- und Rohfaserquellen.\" \/>\n<meta property=\"og:url\" content=\"https:\/\/florianhorsefood.nl\/de\/produkt\/florian-basic-pur\/\" \/>\n<meta property=\"og:site_name\" content=\"Florian Horsefood\" \/>\n<meta property=\"article:modified_time\" content=\"2025-04-18T06:40:38+00:00\" \/>\n<meta property=\"og:image\" content=\"https:\/\/florianhorsefood.nl\/wp-content\/uploads\/2023\/02\/florian-horsefood-basic-pure-ruwvoermix-15kg-1.jpg\" \/>\n\t<meta property=\"og:image:width\" content=\"2222\" \/>\n\t<meta property=\"og:image:height\" content=\"2222\" \/>\n\t<meta property=\"og:image:type\" content=\"image\/jpeg\" \/>\n<meta name=\"twitter:card\" content=\"summary_large_image\" \/>\n<script type=\"application\/ld+json\" class=\"yoast-schema-graph\">{\"@context\":\"https:\/\/schema.org\",\"@graph\":[{\"@type\":\"WebPage\",\"@id\":\"https:\/\/florianhorsefood.nl\/de\/produkt\/florian-basic-pur\/\",\"url\":\"https:\/\/florianhorsefood.nl\/de\/produkt\/florian-basic-pur\/\",\"name\":\"Florian Basic Pur - Florian Horsefood\",\"isPartOf\":{\"@id\":\"https:\/\/florianhorsefood.nl\/de\/#website\"},\"primaryImageOfPage\":{\"@id\":\"https:\/\/florianhorsefood.nl\/de\/produkt\/florian-basic-pur\/#primaryimage\"},\"image\":{\"@id\":\"https:\/\/florianhorsefood.nl\/de\/produkt\/florian-basic-pur\/#primaryimage\"},\"thumbnailUrl\":\"https:\/\/florianhorsefood.nl\/wp-content\/uploads\/2023\/02\/florian-horsefood-basic-pure-ruwvoermix-15kg-1.jpg\",\"datePublished\":\"2020-03-03T08:14:22+00:00\",\"dateModified\":\"2025-04-18T06:40:38+00:00\",\"description\":\"Florian Basic Pure Raufuttermischung ist die ideale Basis-Raufuttermischung f\u00fcr jedes Pferd. Hohe Textur durch eine Vielzahl von Faser- und Rohfaserquellen.\",\"breadcrumb\":{\"@id\":\"https:\/\/florianhorsefood.nl\/de\/produkt\/florian-basic-pur\/#breadcrumb\"},\"inLanguage\":\"de\",\"potentialAction\":[{\"@type\":\"ReadAction\",\"target\":[\"https:\/\/florianhorsefood.nl\/de\/produkt\/florian-basic-pur\/\"]}]},{\"@type\":\"ImageObject\",\"inLanguage\":\"de\",\"@id\":\"https:\/\/florianhorsefood.nl\/de\/produkt\/florian-basic-pur\/#primaryimage\",\"url\":\"https:\/\/florianhorsefood.nl\/wp-content\/uploads\/2023\/02\/florian-horsefood-basic-pure-ruwvoermix-15kg-1.jpg\",\"contentUrl\":\"https:\/\/florianhorsefood.nl\/wp-content\/uploads\/2023\/02\/florian-horsefood-basic-pure-ruwvoermix-15kg-1.jpg\",\"width\":2222,\"height\":2222},{\"@type\":\"BreadcrumbList\",\"@id\":\"https:\/\/florianhorsefood.nl\/de\/produkt\/florian-basic-pur\/#breadcrumb\",\"itemListElement\":[{\"@type\":\"ListItem\",\"position\":1,\"name\":\"Startseite\",\"item\":\"https:\/\/florianhorsefood.nl\/de\/startseite\/\"},{\"@type\":\"ListItem\",\"position\":2,\"name\":\"Shop\",\"item\":\"https:\/\/florianhorsefood.nl\/shop\/\"},{\"@type\":\"ListItem\",\"position\":3,\"name\":\"Florian Basic Pur\"}]},{\"@type\":\"WebSite\",\"@id\":\"https:\/\/florianhorsefood.nl\/de\/#website\",\"url\":\"https:\/\/florianhorsefood.nl\/de\/\",\"name\":\"Florian Horsefood\",\"description\":\"Back to Basic &amp; Health Protection!\",\"publisher\":{\"@id\":\"https:\/\/florianhorsefood.nl\/de\/#organization\"},\"potentialAction\":[{\"@type\":\"SearchAction\",\"target\":{\"@type\":\"EntryPoint\",\"urlTemplate\":\"https:\/\/florianhorsefood.nl\/de\/?s={search_term_string}\"},\"query-input\":{\"@type\":\"PropertyValueSpecification\",\"valueRequired\":true,\"valueName\":\"search_term_string\"}}],\"inLanguage\":\"de\"},{\"@type\":\"Organization\",\"@id\":\"https:\/\/florianhorsefood.nl\/de\/#organization\",\"name\":\"Florian Pferdefutter\",\"url\":\"https:\/\/florianhorsefood.nl\/de\/\",\"logo\":{\"@type\":\"ImageObject\",\"inLanguage\":\"de\",\"@id\":\"https:\/\/florianhorsefood.nl\/de\/#\/schema\/logo\/image\/\",\"url\":\"https:\/\/florianhorsefood.nl\/wp-content\/uploads\/2020\/02\/Florian_Horsefood_liggend_RGB.png\",\"contentUrl\":\"https:\/\/florianhorsefood.nl\/wp-content\/uploads\/2020\/02\/Florian_Horsefood_liggend_RGB.png\",\"width\":1044,\"height\":393,\"caption\":\"Florian Pferdefutter\"},\"image\":{\"@id\":\"https:\/\/florianhorsefood.nl\/de\/#\/schema\/logo\/image\/\"},\"sameAs\":[\"https:\/\/www.linkedin.com\/company\/florian-horsefood\/about\/\"]}]}<\/script>\n<!-- \/ Yoast SEO plugin. -->","yoast_head_json":{"title":"Florian Basic Pur - Florian Horsefood","description":"Florian Basic Pure Raufuttermischung ist die ideale Basis-Raufuttermischung f\u00fcr jedes Pferd. Hohe Textur durch eine Vielzahl von Faser- und Rohfaserquellen.","robots":{"index":"index","follow":"follow","max-snippet":"max-snippet:-1","max-image-preview":"max-image-preview:large","max-video-preview":"max-video-preview:-1"},"canonical":"https:\/\/florianhorsefood.nl\/de\/produkt\/florian-basic-pur\/","og_locale":"de_DE","og_type":"article","og_title":"Florian Basic Pur - Florian Horsefood","og_description":"Florian Basic Pure Raufuttermischung ist die ideale Basis-Raufuttermischung f\u00fcr jedes Pferd. Hohe Textur durch eine Vielzahl von Faser- und Rohfaserquellen.","og_url":"https:\/\/florianhorsefood.nl\/de\/produkt\/florian-basic-pur\/","og_site_name":"Florian Horsefood","article_modified_time":"2025-04-18T06:40:38+00:00","og_image":[{"width":2222,"height":2222,"url":"https:\/\/florianhorsefood.nl\/wp-content\/uploads\/2023\/02\/florian-horsefood-basic-pure-ruwvoermix-15kg-1.jpg","type":"image\/jpeg"}],"twitter_card":"summary_large_image","schema":{"@context":"https:\/\/schema.org","@graph":[{"@type":"WebPage","@id":"https:\/\/florianhorsefood.nl\/de\/produkt\/florian-basic-pur\/","url":"https:\/\/florianhorsefood.nl\/de\/produkt\/florian-basic-pur\/","name":"Florian Basic Pur - Florian Horsefood","isPartOf":{"@id":"https:\/\/florianhorsefood.nl\/de\/#website"},"primaryImageOfPage":{"@id":"https:\/\/florianhorsefood.nl\/de\/produkt\/florian-basic-pur\/#primaryimage"},"image":{"@id":"https:\/\/florianhorsefood.nl\/de\/produkt\/florian-basic-pur\/#primaryimage"},"thumbnailUrl":"https:\/\/florianhorsefood.nl\/wp-content\/uploads\/2023\/02\/florian-horsefood-basic-pure-ruwvoermix-15kg-1.jpg","datePublished":"2020-03-03T08:14:22+00:00","dateModified":"2025-04-18T06:40:38+00:00","description":"Florian Basic Pure Raufuttermischung ist die ideale Basis-Raufuttermischung f\u00fcr jedes Pferd. Hohe Textur durch eine Vielzahl von Faser- und Rohfaserquellen.","breadcrumb":{"@id":"https:\/\/florianhorsefood.nl\/de\/produkt\/florian-basic-pur\/#breadcrumb"},"inLanguage":"de","potentialAction":[{"@type":"ReadAction","target":["https:\/\/florianhorsefood.nl\/de\/produkt\/florian-basic-pur\/"]}]},{"@type":"ImageObject","inLanguage":"de","@id":"https:\/\/florianhorsefood.nl\/de\/produkt\/florian-basic-pur\/#primaryimage","url":"https:\/\/florianhorsefood.nl\/wp-content\/uploads\/2023\/02\/florian-horsefood-basic-pure-ruwvoermix-15kg-1.jpg","contentUrl":"https:\/\/florianhorsefood.nl\/wp-content\/uploads\/2023\/02\/florian-horsefood-basic-pure-ruwvoermix-15kg-1.jpg","width":2222,"height":2222},{"@type":"BreadcrumbList","@id":"https:\/\/florianhorsefood.nl\/de\/produkt\/florian-basic-pur\/#breadcrumb","itemListElement":[{"@type":"ListItem","position":1,"name":"Startseite","item":"https:\/\/florianhorsefood.nl\/de\/startseite\/"},{"@type":"ListItem","position":2,"name":"Shop","item":"https:\/\/florianhorsefood.nl\/shop\/"},{"@type":"ListItem","position":3,"name":"Florian Basic Pur"}]},{"@type":"WebSite","@id":"https:\/\/florianhorsefood.nl\/de\/#website","url":"https:\/\/florianhorsefood.nl\/de\/","name":"Florian Horsefood","description":"Back to Basic &amp; Health Protection!","publisher":{"@id":"https:\/\/florianhorsefood.nl\/de\/#organization"},"potentialAction":[{"@type":"SearchAction","target":{"@type":"EntryPoint","urlTemplate":"https:\/\/florianhorsefood.nl\/de\/?s={search_term_string}"},"query-input":{"@type":"PropertyValueSpecification","valueRequired":true,"valueName":"search_term_string"}}],"inLanguage":"de"},{"@type":"Organization","@id":"https:\/\/florianhorsefood.nl\/de\/#organization","name":"Florian Pferdefutter","url":"https:\/\/florianhorsefood.nl\/de\/","logo":{"@type":"ImageObject","inLanguage":"de","@id":"https:\/\/florianhorsefood.nl\/de\/#\/schema\/logo\/image\/","url":"https:\/\/florianhorsefood.nl\/wp-content\/uploads\/2020\/02\/Florian_Horsefood_liggend_RGB.png","contentUrl":"https:\/\/florianhorsefood.nl\/wp-content\/uploads\/2020\/02\/Florian_Horsefood_liggend_RGB.png","width":1044,"height":393,"caption":"Florian Pferdefutter"},"image":{"@id":"https:\/\/florianhorsefood.nl\/de\/#\/schema\/logo\/image\/"},"sameAs":["https:\/\/www.linkedin.com\/company\/florian-horsefood\/about\/"]}]}},"_links":{"self":[{"href":"https:\/\/florianhorsefood.nl\/de\/wp-json\/wp\/v2\/product\/12272","targetHints":{"allow":["GET"]}}],"collection":[{"href":"https:\/\/florianhorsefood.nl\/de\/wp-json\/wp\/v2\/product"}],"about":[{"href":"https:\/\/florianhorsefood.nl\/de\/wp-json\/wp\/v2\/types\/product"}],"wp:featuredmedia":[{"embeddable":true,"href":"https:\/\/florianhorsefood.nl\/de\/wp-json\/wp\/v2\/media\/12274"}],"wp:attachment":[{"href":"https:\/\/florianhorsefood.nl\/de\/wp-json\/wp\/v2\/media?parent=12272"}],"wp:term":[{"taxonomy":"product_brand","embeddable":true,"href":"https:\/\/florianhorsefood.nl\/de\/wp-json\/wp\/v2\/product_brand?post=12272"},{"taxonomy":"product_cat","embeddable":true,"href":"https:\/\/florianhorsefood.nl\/de\/wp-json\/wp\/v2\/product_cat?post=12272"},{"taxonomy":"product_tag","embeddable":true,"href":"https:\/\/florianhorsefood.nl\/de\/wp-json\/wp\/v2\/product_tag?post=12272"}],"curies":[{"name":"wp","href":"https:\/\/api.w.org\/{rel}","templated":true}]}}