{"id":12286,"date":"2021-11-08T11:37:56","date_gmt":"2024-08-16T07:48:16","guid":{"rendered":"https:\/\/florianhorsefood.nl\/product\/florian-muskelkraft\/"},"modified":"2024-08-16T09:48:16","modified_gmt":"2024-08-16T07:48:16","slug":"florian-muskelkraft","status":"publish","type":"product","link":"https:\/\/florianhorsefood.nl\/de\/produkt\/florian-muskelkraft\/","title":{"rendered":"Florian Muskelkraft"},"content":{"rendered":"<h3>Dieses Produkt verl\u00e4sst unser Sortiment und wird durch <a href=\"https:\/\/florianhorsefood.nl\/product\/duval-multipower\/\">Duval Multipower<\/a> ersetzt.<\/h3>\n<h3>Lesen Sie <a href=\"https:\/\/florianhorsefood.nl\/tips\/samenwerking-florian-horsefood-en-duval-horseproducts\/\">hier<\/a> mehr \u00fcber die Zusammenarbeit zwischen Florian und Duval<\/h3>\n<p>  ----------------- Mit unseren Florian Erg\u00e4nzungsfuttermitteln aus der Finest Enrichment Linie k\u00f6nnen Sie die Ration Ihres Pferdes perfekt abstimmen. Unsere Nahrungserg\u00e4nzungsmittel werden mit \u00e4u\u00dferster Sorgfalt aus nat\u00fcrlichen Produkten hergestellt. Es ist also eine nat\u00fcrliche Unterst\u00fctzung! Florian Muscle Power h\u00e4lt die Muskeln geschmeidig und unterst\u00fctzt den Muskelaufbau und die Erholung.<br \/>\nMuscle Power besteht aus hochverdaulichen Proteinen aus pflanzlichen Quellen und hochwertiger Spirulina.<br \/>\nDar\u00fcber hinaus ist Muscle Power eine Quelle von Vitaminen und Mineralien.<br \/>\nFlorian Muscle Power:     <\/p>\n<ul>\n<li>hilft beim Erhalt, Aufbau und der Erholung der Muskeln<\/li>\n<li>mit hochwertiger Spirulina<\/li>\n<li>enth\u00e4lt viele Vitamine und Mineralien<\/li>\n<li>besteht aus leicht verdaulichen Proteinen aus pflanzlichen Quellen<\/li>\n<\/ul>\n<h3>F\u00fctterungshinweise:<\/h3>\n<p>  Erhaltung: 10 Gramm pro 100kg.<br \/>\nK\u00f6rpergewicht.<br \/>\nAuffrischungskur (maximal 1 Monat): 20 Gramm pro 100kg.<br \/>\nK\u00f6rpergewicht.<br \/>\n(Bei tr\u00e4chtigen Stuten beginnen Sie mit der Erhaltungsdosis)    <\/p>\n","protected":false},"excerpt":{"rendered":"<p>Florian Muscle Power h\u00e4lt die Muskeln geschmeidig und unterst\u00fctzt den Muskelaufbau und die Erholung.<br \/>\nMuscle Power besteht aus hochverdaulichen Proteinen aus pflanzlichen Quellen und hochwertiger Spirulina.   <strong>Inhalt: 2,6 kg<\/strong><\/p>\n","protected":false},"featured_media":12290,"template":"","meta":[],"product_brand":[],"product_cat":[42],"product_tag":[47],"class_list":{"0":"post-12286","1":"product","2":"type-product","3":"status-publish","4":"has-post-thumbnail","6":"product_cat-supplementen","7":"product_tag-emmers","9":"first","10":"outofstock","11":"taxable","12":"shipping-taxable","13":"purchasable","14":"product-type-variable","15":"has-default-attributes"},"bundled_by":[],"bundle_stock_status":"outofstock","bundle_stock_quantity":null,"bundle_virtual":false,"bundle_layout":"","bundle_add_to_cart_form_location":"","bundle_editable_in_cart":false,"bundle_sold_individually_context":"","bundle_item_grouping":"","bundle_min_size":"","bundle_max_size":"","bundle_price":[],"bundled_items":[],"bundle_sell_ids":[],"yoast_head":"<!-- This site is optimized with the Yoast SEO plugin v27.3 - https:\/\/yoast.com\/product\/yoast-seo-wordpress\/ -->\n<title>Florian Muskelkraft - Florian Horsefood<\/title>\n<meta name=\"description\" content=\"Florian Muscle Power h\u00e4lt die Muskeln geschmeidig und unterst\u00fctzt den Muskelaufbau und die Erholung. Hergestellt aus hochwertiger Spirulina.\" \/>\n<meta name=\"robots\" content=\"index, follow, max-snippet:-1, max-image-preview:large, max-video-preview:-1\" \/>\n<link rel=\"canonical\" href=\"https:\/\/florianhorsefood.nl\/de\/produkt\/florian-muskelkraft\/\" \/>\n<meta property=\"og:locale\" content=\"de_DE\" \/>\n<meta property=\"og:type\" content=\"article\" \/>\n<meta property=\"og:title\" content=\"Florian Muskelkraft - Florian Horsefood\" \/>\n<meta property=\"og:description\" content=\"Florian Muscle Power h\u00e4lt die Muskeln geschmeidig und unterst\u00fctzt den Muskelaufbau und die Erholung. Hergestellt aus hochwertiger Spirulina.\" \/>\n<meta property=\"og:url\" content=\"https:\/\/florianhorsefood.nl\/de\/produkt\/florian-muskelkraft\/\" \/>\n<meta property=\"og:site_name\" content=\"Florian Horsefood\" \/>\n<meta property=\"og:image\" content=\"https:\/\/florianhorsefood.nl\/wp-content\/uploads\/2023\/02\/florian-horsefood-muscle-power-emmer-supplement-1.jpg\" \/>\n\t<meta property=\"og:image:width\" content=\"2222\" \/>\n\t<meta property=\"og:image:height\" content=\"2222\" \/>\n\t<meta property=\"og:image:type\" content=\"image\/jpeg\" \/>\n<meta name=\"twitter:card\" content=\"summary_large_image\" \/>\n<meta name=\"twitter:label1\" content=\"Gesch\u00e4tzte Lesezeit\" \/>\n\t<meta name=\"twitter:data1\" content=\"1\u00a0Minute\" \/>\n<script type=\"application\/ld+json\" class=\"yoast-schema-graph\">{\"@context\":\"https:\\\/\\\/schema.org\",\"@graph\":[{\"@type\":\"WebPage\",\"@id\":\"https:\\\/\\\/florianhorsefood.nl\\\/de\\\/produkt\\\/florian-muskelkraft\\\/\",\"url\":\"https:\\\/\\\/florianhorsefood.nl\\\/de\\\/produkt\\\/florian-muskelkraft\\\/\",\"name\":\"Florian Muskelkraft - Florian Horsefood\",\"isPartOf\":{\"@id\":\"https:\\\/\\\/florianhorsefood.nl\\\/de\\\/#website\"},\"primaryImageOfPage\":{\"@id\":\"https:\\\/\\\/florianhorsefood.nl\\\/de\\\/produkt\\\/florian-muskelkraft\\\/#primaryimage\"},\"image\":{\"@id\":\"https:\\\/\\\/florianhorsefood.nl\\\/de\\\/produkt\\\/florian-muskelkraft\\\/#primaryimage\"},\"thumbnailUrl\":\"https:\\\/\\\/florianhorsefood.nl\\\/wp-content\\\/uploads\\\/2023\\\/02\\\/florian-horsefood-muscle-power-emmer-supplement-1.jpg\",\"datePublished\":\"2024-08-16T07:48:16+00:00\",\"description\":\"Florian Muscle Power h\u00e4lt die Muskeln geschmeidig und unterst\u00fctzt den Muskelaufbau und die Erholung. Hergestellt aus hochwertiger Spirulina.\",\"breadcrumb\":{\"@id\":\"https:\\\/\\\/florianhorsefood.nl\\\/de\\\/produkt\\\/florian-muskelkraft\\\/#breadcrumb\"},\"inLanguage\":\"de\",\"potentialAction\":[{\"@type\":\"ReadAction\",\"target\":[\"https:\\\/\\\/florianhorsefood.nl\\\/de\\\/produkt\\\/florian-muskelkraft\\\/\"]}]},{\"@type\":\"ImageObject\",\"inLanguage\":\"de\",\"@id\":\"https:\\\/\\\/florianhorsefood.nl\\\/de\\\/produkt\\\/florian-muskelkraft\\\/#primaryimage\",\"url\":\"https:\\\/\\\/florianhorsefood.nl\\\/wp-content\\\/uploads\\\/2023\\\/02\\\/florian-horsefood-muscle-power-emmer-supplement-1.jpg\",\"contentUrl\":\"https:\\\/\\\/florianhorsefood.nl\\\/wp-content\\\/uploads\\\/2023\\\/02\\\/florian-horsefood-muscle-power-emmer-supplement-1.jpg\",\"width\":2222,\"height\":2222},{\"@type\":\"BreadcrumbList\",\"@id\":\"https:\\\/\\\/florianhorsefood.nl\\\/de\\\/produkt\\\/florian-muskelkraft\\\/#breadcrumb\",\"itemListElement\":[{\"@type\":\"ListItem\",\"position\":1,\"name\":\"Startseite\",\"item\":\"https:\\\/\\\/florianhorsefood.nl\\\/de\\\/startseite\\\/\"},{\"@type\":\"ListItem\",\"position\":2,\"name\":\"Shop\",\"item\":\"https:\\\/\\\/florianhorsefood.nl\\\/shop\\\/\"},{\"@type\":\"ListItem\",\"position\":3,\"name\":\"Florian Muskelkraft\"}]},{\"@type\":\"WebSite\",\"@id\":\"https:\\\/\\\/florianhorsefood.nl\\\/de\\\/#website\",\"url\":\"https:\\\/\\\/florianhorsefood.nl\\\/de\\\/\",\"name\":\"Florian Horsefood\",\"description\":\"Back to Basic &amp; Health Protection!\",\"publisher\":{\"@id\":\"https:\\\/\\\/florianhorsefood.nl\\\/de\\\/#organization\"},\"potentialAction\":[{\"@type\":\"SearchAction\",\"target\":{\"@type\":\"EntryPoint\",\"urlTemplate\":\"https:\\\/\\\/florianhorsefood.nl\\\/de\\\/?s={search_term_string}\"},\"query-input\":{\"@type\":\"PropertyValueSpecification\",\"valueRequired\":true,\"valueName\":\"search_term_string\"}}],\"inLanguage\":\"de\"},{\"@type\":\"Organization\",\"@id\":\"https:\\\/\\\/florianhorsefood.nl\\\/de\\\/#organization\",\"name\":\"Florian Pferdefutter\",\"url\":\"https:\\\/\\\/florianhorsefood.nl\\\/de\\\/\",\"logo\":{\"@type\":\"ImageObject\",\"inLanguage\":\"de\",\"@id\":\"https:\\\/\\\/florianhorsefood.nl\\\/de\\\/#\\\/schema\\\/logo\\\/image\\\/\",\"url\":\"https:\\\/\\\/florianhorsefood.nl\\\/wp-content\\\/uploads\\\/2020\\\/02\\\/Florian_Horsefood_liggend_RGB.png\",\"contentUrl\":\"https:\\\/\\\/florianhorsefood.nl\\\/wp-content\\\/uploads\\\/2020\\\/02\\\/Florian_Horsefood_liggend_RGB.png\",\"width\":1044,\"height\":393,\"caption\":\"Florian Pferdefutter\"},\"image\":{\"@id\":\"https:\\\/\\\/florianhorsefood.nl\\\/de\\\/#\\\/schema\\\/logo\\\/image\\\/\"},\"sameAs\":[\"https:\\\/\\\/www.linkedin.com\\\/company\\\/florian-horsefood\\\/about\\\/\"]}]}<\/script>\n<!-- \/ Yoast SEO plugin. -->","yoast_head_json":{"title":"Florian Muskelkraft - Florian Horsefood","description":"Florian Muscle Power h\u00e4lt die Muskeln geschmeidig und unterst\u00fctzt den Muskelaufbau und die Erholung. Hergestellt aus hochwertiger Spirulina.","robots":{"index":"index","follow":"follow","max-snippet":"max-snippet:-1","max-image-preview":"max-image-preview:large","max-video-preview":"max-video-preview:-1"},"canonical":"https:\/\/florianhorsefood.nl\/de\/produkt\/florian-muskelkraft\/","og_locale":"de_DE","og_type":"article","og_title":"Florian Muskelkraft - Florian Horsefood","og_description":"Florian Muscle Power h\u00e4lt die Muskeln geschmeidig und unterst\u00fctzt den Muskelaufbau und die Erholung. Hergestellt aus hochwertiger Spirulina.","og_url":"https:\/\/florianhorsefood.nl\/de\/produkt\/florian-muskelkraft\/","og_site_name":"Florian Horsefood","og_image":[{"width":2222,"height":2222,"url":"https:\/\/florianhorsefood.nl\/wp-content\/uploads\/2023\/02\/florian-horsefood-muscle-power-emmer-supplement-1.jpg","type":"image\/jpeg"}],"twitter_card":"summary_large_image","twitter_misc":{"Gesch\u00e4tzte Lesezeit":"1\u00a0Minute"},"schema":{"@context":"https:\/\/schema.org","@graph":[{"@type":"WebPage","@id":"https:\/\/florianhorsefood.nl\/de\/produkt\/florian-muskelkraft\/","url":"https:\/\/florianhorsefood.nl\/de\/produkt\/florian-muskelkraft\/","name":"Florian Muskelkraft - Florian Horsefood","isPartOf":{"@id":"https:\/\/florianhorsefood.nl\/de\/#website"},"primaryImageOfPage":{"@id":"https:\/\/florianhorsefood.nl\/de\/produkt\/florian-muskelkraft\/#primaryimage"},"image":{"@id":"https:\/\/florianhorsefood.nl\/de\/produkt\/florian-muskelkraft\/#primaryimage"},"thumbnailUrl":"https:\/\/florianhorsefood.nl\/wp-content\/uploads\/2023\/02\/florian-horsefood-muscle-power-emmer-supplement-1.jpg","datePublished":"2024-08-16T07:48:16+00:00","description":"Florian Muscle Power h\u00e4lt die Muskeln geschmeidig und unterst\u00fctzt den Muskelaufbau und die Erholung. Hergestellt aus hochwertiger Spirulina.","breadcrumb":{"@id":"https:\/\/florianhorsefood.nl\/de\/produkt\/florian-muskelkraft\/#breadcrumb"},"inLanguage":"de","potentialAction":[{"@type":"ReadAction","target":["https:\/\/florianhorsefood.nl\/de\/produkt\/florian-muskelkraft\/"]}]},{"@type":"ImageObject","inLanguage":"de","@id":"https:\/\/florianhorsefood.nl\/de\/produkt\/florian-muskelkraft\/#primaryimage","url":"https:\/\/florianhorsefood.nl\/wp-content\/uploads\/2023\/02\/florian-horsefood-muscle-power-emmer-supplement-1.jpg","contentUrl":"https:\/\/florianhorsefood.nl\/wp-content\/uploads\/2023\/02\/florian-horsefood-muscle-power-emmer-supplement-1.jpg","width":2222,"height":2222},{"@type":"BreadcrumbList","@id":"https:\/\/florianhorsefood.nl\/de\/produkt\/florian-muskelkraft\/#breadcrumb","itemListElement":[{"@type":"ListItem","position":1,"name":"Startseite","item":"https:\/\/florianhorsefood.nl\/de\/startseite\/"},{"@type":"ListItem","position":2,"name":"Shop","item":"https:\/\/florianhorsefood.nl\/shop\/"},{"@type":"ListItem","position":3,"name":"Florian Muskelkraft"}]},{"@type":"WebSite","@id":"https:\/\/florianhorsefood.nl\/de\/#website","url":"https:\/\/florianhorsefood.nl\/de\/","name":"Florian Horsefood","description":"Back to Basic &amp; Health Protection!","publisher":{"@id":"https:\/\/florianhorsefood.nl\/de\/#organization"},"potentialAction":[{"@type":"SearchAction","target":{"@type":"EntryPoint","urlTemplate":"https:\/\/florianhorsefood.nl\/de\/?s={search_term_string}"},"query-input":{"@type":"PropertyValueSpecification","valueRequired":true,"valueName":"search_term_string"}}],"inLanguage":"de"},{"@type":"Organization","@id":"https:\/\/florianhorsefood.nl\/de\/#organization","name":"Florian Pferdefutter","url":"https:\/\/florianhorsefood.nl\/de\/","logo":{"@type":"ImageObject","inLanguage":"de","@id":"https:\/\/florianhorsefood.nl\/de\/#\/schema\/logo\/image\/","url":"https:\/\/florianhorsefood.nl\/wp-content\/uploads\/2020\/02\/Florian_Horsefood_liggend_RGB.png","contentUrl":"https:\/\/florianhorsefood.nl\/wp-content\/uploads\/2020\/02\/Florian_Horsefood_liggend_RGB.png","width":1044,"height":393,"caption":"Florian Pferdefutter"},"image":{"@id":"https:\/\/florianhorsefood.nl\/de\/#\/schema\/logo\/image\/"},"sameAs":["https:\/\/www.linkedin.com\/company\/florian-horsefood\/about\/"]}]}},"_links":{"self":[{"href":"https:\/\/florianhorsefood.nl\/de\/wp-json\/wp\/v2\/product\/12286","targetHints":{"allow":["GET"]}}],"collection":[{"href":"https:\/\/florianhorsefood.nl\/de\/wp-json\/wp\/v2\/product"}],"about":[{"href":"https:\/\/florianhorsefood.nl\/de\/wp-json\/wp\/v2\/types\/product"}],"wp:featuredmedia":[{"embeddable":true,"href":"https:\/\/florianhorsefood.nl\/de\/wp-json\/wp\/v2\/media\/12290"}],"wp:attachment":[{"href":"https:\/\/florianhorsefood.nl\/de\/wp-json\/wp\/v2\/media?parent=12286"}],"wp:term":[{"taxonomy":"product_brand","embeddable":true,"href":"https:\/\/florianhorsefood.nl\/de\/wp-json\/wp\/v2\/product_brand?post=12286"},{"taxonomy":"product_cat","embeddable":true,"href":"https:\/\/florianhorsefood.nl\/de\/wp-json\/wp\/v2\/product_cat?post=12286"},{"taxonomy":"product_tag","embeddable":true,"href":"https:\/\/florianhorsefood.nl\/de\/wp-json\/wp\/v2\/product_tag?post=12286"}],"curies":[{"name":"wp","href":"https:\/\/api.w.org\/{rel}","templated":true}]}}