{"id":12318,"date":"2021-11-08T11:49:16","date_gmt":"2024-08-16T07:48:19","guid":{"rendered":"https:\/\/florianhorsefood.nl\/product\/florian-digest-komfort\/"},"modified":"2024-08-16T09:48:19","modified_gmt":"2024-08-16T07:48:19","slug":"florian-digest-komfort","status":"publish","type":"product","link":"https:\/\/florianhorsefood.nl\/de\/produkt\/florian-digest-komfort\/","title":{"rendered":"Florian Digest Komfort"},"content":{"rendered":"<h3>Dieses Produkt verl\u00e4sst unser Sortiment und wird durch <a href=\"https:\/\/florianhorsefood.nl\/product\/duval-multidigestiv\/\">Duval MultiDigestiv<\/a> ersetzt.<\/h3>\n<h3>Lesen Sie <a href=\"https:\/\/florianhorsefood.nl\/tips\/samenwerking-florian-horsefood-en-duval-horseproducts\/\">hier<\/a> mehr \u00fcber die Zusammenarbeit zwischen Florian und Duval<\/h3>\n<p>  ----------------- Florian Digest Comfort ist ein Nahrungserg\u00e4nzungsmittel, das f\u00fcr eine optimale Gesundheit des Magen-Darm-Trakts sorgt.<br \/>\nDieses Nahrungserg\u00e4nzungsmittel enth\u00e4lt eine einzigartig ausgew\u00e4hlte Algenmischung, Ingwer, Kurkuma und Zimt. <strong><span style=\"color: #8bc63e;\">Vorbeugung von Magengeschw\u00fcren: <\/span><\/strong>Haben Sie ein stressgeplagtes Pferd oder nimmt Ihr Pferd Medikamente ein?<br \/>\nDigest Comfort legt eine Schutzschicht auf die Magenwand und die Darmschleimhaut. <strong><span style=\"color: #8bc63e;\">Einzigartige Meeresalgenmischung <\/span><\/strong>Die einzigartig ausgew\u00e4hlte Algenmischung puffert die Magens\u00e4ure, sch\u00fctzt bei der Einnahme von entz\u00fcndungshemmenden Mitteln und legt eine Schutzschicht auf die Schleimh\u00e4ute.<br \/>\nDie Glukoseaufnahme wird verlangsamt und das Immunsystem gest\u00e4rkt. <strong><span style=\"color: #8bc63e;\">Ingwer <\/span><\/strong>Ingwer f\u00f6rdert die Verdauung und hat eine entgiftende Wirkung.<br \/>\nDar\u00fcber hinaus kann Ingwer Durchfallerscheinungen unterst\u00fctzen. <strong><span style=\"color: #8bc63e;\">Kurkuma<\/span><\/strong> Kurkuma unterst\u00fctzt die Verdauung und st\u00e4rkt das Immunsystem <strong><span style=\"color: #8bc63e;\">Zimt <\/span><\/strong>\u00d6ffnen Sie den Eimer Digest Comfort und der Duft von Zimt weht Ihnen entgegen.<br \/>\nWussten Sie, dass Zimt f\u00fcr einen gesunden Blutzuckerspiegel sorgt?<br \/>\nAu\u00dferdem hat er antioxidative Eigenschaften.        <strong><span style=\"color: #8bc63e;\">Florian Digest Comfort:<\/span><\/strong><\/p>\n<ul>\n<li>F\u00fcr eine optimale Gesundheit des Magen-Darm-Trakts<\/li>\n<li>Mit einzigartig ausgew\u00e4hlter Meeresalgenmischung<\/li>\n<li>Sch\u00fctzt Magenwand und Darmschleimhaut<\/li>\n<li>Reduziert die \u00dcbers\u00e4uerung des Dickdarms<\/li>\n<li>Verbessert die N\u00e4hrstoffaufnahme<\/li>\n<\/ul>\n<p><strong><span style=\"color: #8bc63e;\">F\u00fctterungsempfehlung:<\/span><\/strong> Erhaltung: 10 Gramm pro 100kg.<br \/>\nK\u00f6rpergewicht.<br \/>\nAuffrischungsfuttermittel (maximal 1 Monat): 20 Gramm pro 100kg.<br \/>\nK\u00f6rpergewicht.<br \/>\n(Bei tr\u00e4chtigen Stuten beginnen Sie mit der Erhaltungsdosis). <strong><span style=\"color: #8bc63e;\">Mehr Informationen?<\/span><\/strong> Lesen Sie mehr in unserem Blog: <a href=\"https:\/\/florianhorsefood.nl\/balans\/maagzweren-voorkomen\/\">Vorbeugung von Magengeschw\u00fcren<\/a>    <\/p>\n","protected":false},"excerpt":{"rendered":"<p>Florian Digest Comfort wurde speziell f\u00fcr Pferde mit einem empfindlichen Magen oder einer gest\u00f6rten Verdauung entwickelt.<br \/>\nDieses Produkt sch\u00fctzt die Magenwand und die Darmschleimhaut, reduziert die \u00dcbers\u00e4uerung im Dickdarm und verbessert die N\u00e4hrstoffaufnahme.   <strong><span style=\"color: #8bc63e;\">Fassungsverm\u00f6gen: 2,9 kg<\/span><\/strong><\/p>\n","protected":false},"featured_media":12320,"template":"","meta":[],"product_brand":[],"product_cat":[42],"product_tag":[47],"class_list":{"0":"post-12318","1":"product","2":"type-product","3":"status-publish","4":"has-post-thumbnail","6":"product_cat-supplementen","7":"product_tag-emmers","9":"first","10":"outofstock","11":"taxable","12":"shipping-taxable","13":"purchasable","14":"product-type-variable","15":"has-default-attributes"},"bundled_by":[],"bundle_stock_status":"outofstock","bundle_stock_quantity":0,"bundle_virtual":false,"bundle_layout":"","bundle_add_to_cart_form_location":"","bundle_editable_in_cart":false,"bundle_sold_individually_context":"","bundle_item_grouping":"","bundle_min_size":"","bundle_max_size":"","bundle_price":[],"bundled_items":[],"bundle_sell_ids":[],"yoast_head":"<!-- This site is optimized with the Yoast SEO plugin v27.3 - https:\/\/yoast.com\/product\/yoast-seo-wordpress\/ -->\n<title>Florian Digest Komfort - Florian Horsefood<\/title>\n<meta name=\"description\" content=\"Florian Digest Comfort wurde speziell f\u00fcr Pferde mit einem empfindlichen Magen oder einer gest\u00f6rten Verdauung entwickelt.\" \/>\n<meta name=\"robots\" content=\"index, follow, max-snippet:-1, max-image-preview:large, max-video-preview:-1\" \/>\n<link rel=\"canonical\" href=\"https:\/\/florianhorsefood.nl\/de\/produkt\/florian-digest-komfort\/\" \/>\n<meta property=\"og:locale\" content=\"de_DE\" \/>\n<meta property=\"og:type\" content=\"article\" \/>\n<meta property=\"og:title\" content=\"Florian Digest Komfort - Florian Horsefood\" \/>\n<meta property=\"og:description\" content=\"Florian Digest Comfort wurde speziell f\u00fcr Pferde mit einem empfindlichen Magen oder einer gest\u00f6rten Verdauung entwickelt.\" \/>\n<meta property=\"og:url\" content=\"https:\/\/florianhorsefood.nl\/de\/produkt\/florian-digest-komfort\/\" \/>\n<meta property=\"og:site_name\" content=\"Florian Horsefood\" \/>\n<meta property=\"og:image\" content=\"https:\/\/florianhorsefood.nl\/wp-content\/uploads\/2023\/02\/florian-horsefood-digest-comfort-emmer-supplement-1.jpg\" \/>\n\t<meta property=\"og:image:width\" content=\"2222\" \/>\n\t<meta property=\"og:image:height\" content=\"2222\" \/>\n\t<meta property=\"og:image:type\" content=\"image\/jpeg\" \/>\n<meta name=\"twitter:card\" content=\"summary_large_image\" \/>\n<meta name=\"twitter:label1\" content=\"Gesch\u00e4tzte Lesezeit\" \/>\n\t<meta name=\"twitter:data1\" content=\"1\u00a0Minute\" \/>\n<script type=\"application\/ld+json\" class=\"yoast-schema-graph\">{\"@context\":\"https:\\\/\\\/schema.org\",\"@graph\":[{\"@type\":\"WebPage\",\"@id\":\"https:\\\/\\\/florianhorsefood.nl\\\/de\\\/produkt\\\/florian-digest-komfort\\\/\",\"url\":\"https:\\\/\\\/florianhorsefood.nl\\\/de\\\/produkt\\\/florian-digest-komfort\\\/\",\"name\":\"Florian Digest Komfort - Florian Horsefood\",\"isPartOf\":{\"@id\":\"https:\\\/\\\/florianhorsefood.nl\\\/de\\\/#website\"},\"primaryImageOfPage\":{\"@id\":\"https:\\\/\\\/florianhorsefood.nl\\\/de\\\/produkt\\\/florian-digest-komfort\\\/#primaryimage\"},\"image\":{\"@id\":\"https:\\\/\\\/florianhorsefood.nl\\\/de\\\/produkt\\\/florian-digest-komfort\\\/#primaryimage\"},\"thumbnailUrl\":\"https:\\\/\\\/florianhorsefood.nl\\\/wp-content\\\/uploads\\\/2023\\\/02\\\/florian-horsefood-digest-comfort-emmer-supplement-1.jpg\",\"datePublished\":\"2024-08-16T07:48:19+00:00\",\"description\":\"Florian Digest Comfort wurde speziell f\u00fcr Pferde mit einem empfindlichen Magen oder einer gest\u00f6rten Verdauung entwickelt.\",\"breadcrumb\":{\"@id\":\"https:\\\/\\\/florianhorsefood.nl\\\/de\\\/produkt\\\/florian-digest-komfort\\\/#breadcrumb\"},\"inLanguage\":\"de\",\"potentialAction\":[{\"@type\":\"ReadAction\",\"target\":[\"https:\\\/\\\/florianhorsefood.nl\\\/de\\\/produkt\\\/florian-digest-komfort\\\/\"]}]},{\"@type\":\"ImageObject\",\"inLanguage\":\"de\",\"@id\":\"https:\\\/\\\/florianhorsefood.nl\\\/de\\\/produkt\\\/florian-digest-komfort\\\/#primaryimage\",\"url\":\"https:\\\/\\\/florianhorsefood.nl\\\/wp-content\\\/uploads\\\/2023\\\/02\\\/florian-horsefood-digest-comfort-emmer-supplement-1.jpg\",\"contentUrl\":\"https:\\\/\\\/florianhorsefood.nl\\\/wp-content\\\/uploads\\\/2023\\\/02\\\/florian-horsefood-digest-comfort-emmer-supplement-1.jpg\",\"width\":2222,\"height\":2222},{\"@type\":\"BreadcrumbList\",\"@id\":\"https:\\\/\\\/florianhorsefood.nl\\\/de\\\/produkt\\\/florian-digest-komfort\\\/#breadcrumb\",\"itemListElement\":[{\"@type\":\"ListItem\",\"position\":1,\"name\":\"Startseite\",\"item\":\"https:\\\/\\\/florianhorsefood.nl\\\/de\\\/startseite\\\/\"},{\"@type\":\"ListItem\",\"position\":2,\"name\":\"Shop\",\"item\":\"https:\\\/\\\/florianhorsefood.nl\\\/shop\\\/\"},{\"@type\":\"ListItem\",\"position\":3,\"name\":\"Florian Digest Komfort\"}]},{\"@type\":\"WebSite\",\"@id\":\"https:\\\/\\\/florianhorsefood.nl\\\/de\\\/#website\",\"url\":\"https:\\\/\\\/florianhorsefood.nl\\\/de\\\/\",\"name\":\"Florian Horsefood\",\"description\":\"Back to Basic &amp; Health Protection!\",\"publisher\":{\"@id\":\"https:\\\/\\\/florianhorsefood.nl\\\/de\\\/#organization\"},\"potentialAction\":[{\"@type\":\"SearchAction\",\"target\":{\"@type\":\"EntryPoint\",\"urlTemplate\":\"https:\\\/\\\/florianhorsefood.nl\\\/de\\\/?s={search_term_string}\"},\"query-input\":{\"@type\":\"PropertyValueSpecification\",\"valueRequired\":true,\"valueName\":\"search_term_string\"}}],\"inLanguage\":\"de\"},{\"@type\":\"Organization\",\"@id\":\"https:\\\/\\\/florianhorsefood.nl\\\/de\\\/#organization\",\"name\":\"Florian Pferdefutter\",\"url\":\"https:\\\/\\\/florianhorsefood.nl\\\/de\\\/\",\"logo\":{\"@type\":\"ImageObject\",\"inLanguage\":\"de\",\"@id\":\"https:\\\/\\\/florianhorsefood.nl\\\/de\\\/#\\\/schema\\\/logo\\\/image\\\/\",\"url\":\"https:\\\/\\\/florianhorsefood.nl\\\/wp-content\\\/uploads\\\/2020\\\/02\\\/Florian_Horsefood_liggend_RGB.png\",\"contentUrl\":\"https:\\\/\\\/florianhorsefood.nl\\\/wp-content\\\/uploads\\\/2020\\\/02\\\/Florian_Horsefood_liggend_RGB.png\",\"width\":1044,\"height\":393,\"caption\":\"Florian Pferdefutter\"},\"image\":{\"@id\":\"https:\\\/\\\/florianhorsefood.nl\\\/de\\\/#\\\/schema\\\/logo\\\/image\\\/\"},\"sameAs\":[\"https:\\\/\\\/www.linkedin.com\\\/company\\\/florian-horsefood\\\/about\\\/\"]}]}<\/script>\n<!-- \/ Yoast SEO plugin. -->","yoast_head_json":{"title":"Florian Digest Komfort - Florian Horsefood","description":"Florian Digest Comfort wurde speziell f\u00fcr Pferde mit einem empfindlichen Magen oder einer gest\u00f6rten Verdauung entwickelt.","robots":{"index":"index","follow":"follow","max-snippet":"max-snippet:-1","max-image-preview":"max-image-preview:large","max-video-preview":"max-video-preview:-1"},"canonical":"https:\/\/florianhorsefood.nl\/de\/produkt\/florian-digest-komfort\/","og_locale":"de_DE","og_type":"article","og_title":"Florian Digest Komfort - Florian Horsefood","og_description":"Florian Digest Comfort wurde speziell f\u00fcr Pferde mit einem empfindlichen Magen oder einer gest\u00f6rten Verdauung entwickelt.","og_url":"https:\/\/florianhorsefood.nl\/de\/produkt\/florian-digest-komfort\/","og_site_name":"Florian Horsefood","og_image":[{"width":2222,"height":2222,"url":"https:\/\/florianhorsefood.nl\/wp-content\/uploads\/2023\/02\/florian-horsefood-digest-comfort-emmer-supplement-1.jpg","type":"image\/jpeg"}],"twitter_card":"summary_large_image","twitter_misc":{"Gesch\u00e4tzte Lesezeit":"1\u00a0Minute"},"schema":{"@context":"https:\/\/schema.org","@graph":[{"@type":"WebPage","@id":"https:\/\/florianhorsefood.nl\/de\/produkt\/florian-digest-komfort\/","url":"https:\/\/florianhorsefood.nl\/de\/produkt\/florian-digest-komfort\/","name":"Florian Digest Komfort - Florian Horsefood","isPartOf":{"@id":"https:\/\/florianhorsefood.nl\/de\/#website"},"primaryImageOfPage":{"@id":"https:\/\/florianhorsefood.nl\/de\/produkt\/florian-digest-komfort\/#primaryimage"},"image":{"@id":"https:\/\/florianhorsefood.nl\/de\/produkt\/florian-digest-komfort\/#primaryimage"},"thumbnailUrl":"https:\/\/florianhorsefood.nl\/wp-content\/uploads\/2023\/02\/florian-horsefood-digest-comfort-emmer-supplement-1.jpg","datePublished":"2024-08-16T07:48:19+00:00","description":"Florian Digest Comfort wurde speziell f\u00fcr Pferde mit einem empfindlichen Magen oder einer gest\u00f6rten Verdauung entwickelt.","breadcrumb":{"@id":"https:\/\/florianhorsefood.nl\/de\/produkt\/florian-digest-komfort\/#breadcrumb"},"inLanguage":"de","potentialAction":[{"@type":"ReadAction","target":["https:\/\/florianhorsefood.nl\/de\/produkt\/florian-digest-komfort\/"]}]},{"@type":"ImageObject","inLanguage":"de","@id":"https:\/\/florianhorsefood.nl\/de\/produkt\/florian-digest-komfort\/#primaryimage","url":"https:\/\/florianhorsefood.nl\/wp-content\/uploads\/2023\/02\/florian-horsefood-digest-comfort-emmer-supplement-1.jpg","contentUrl":"https:\/\/florianhorsefood.nl\/wp-content\/uploads\/2023\/02\/florian-horsefood-digest-comfort-emmer-supplement-1.jpg","width":2222,"height":2222},{"@type":"BreadcrumbList","@id":"https:\/\/florianhorsefood.nl\/de\/produkt\/florian-digest-komfort\/#breadcrumb","itemListElement":[{"@type":"ListItem","position":1,"name":"Startseite","item":"https:\/\/florianhorsefood.nl\/de\/startseite\/"},{"@type":"ListItem","position":2,"name":"Shop","item":"https:\/\/florianhorsefood.nl\/shop\/"},{"@type":"ListItem","position":3,"name":"Florian Digest Komfort"}]},{"@type":"WebSite","@id":"https:\/\/florianhorsefood.nl\/de\/#website","url":"https:\/\/florianhorsefood.nl\/de\/","name":"Florian Horsefood","description":"Back to Basic &amp; Health Protection!","publisher":{"@id":"https:\/\/florianhorsefood.nl\/de\/#organization"},"potentialAction":[{"@type":"SearchAction","target":{"@type":"EntryPoint","urlTemplate":"https:\/\/florianhorsefood.nl\/de\/?s={search_term_string}"},"query-input":{"@type":"PropertyValueSpecification","valueRequired":true,"valueName":"search_term_string"}}],"inLanguage":"de"},{"@type":"Organization","@id":"https:\/\/florianhorsefood.nl\/de\/#organization","name":"Florian Pferdefutter","url":"https:\/\/florianhorsefood.nl\/de\/","logo":{"@type":"ImageObject","inLanguage":"de","@id":"https:\/\/florianhorsefood.nl\/de\/#\/schema\/logo\/image\/","url":"https:\/\/florianhorsefood.nl\/wp-content\/uploads\/2020\/02\/Florian_Horsefood_liggend_RGB.png","contentUrl":"https:\/\/florianhorsefood.nl\/wp-content\/uploads\/2020\/02\/Florian_Horsefood_liggend_RGB.png","width":1044,"height":393,"caption":"Florian Pferdefutter"},"image":{"@id":"https:\/\/florianhorsefood.nl\/de\/#\/schema\/logo\/image\/"},"sameAs":["https:\/\/www.linkedin.com\/company\/florian-horsefood\/about\/"]}]}},"_links":{"self":[{"href":"https:\/\/florianhorsefood.nl\/de\/wp-json\/wp\/v2\/product\/12318","targetHints":{"allow":["GET"]}}],"collection":[{"href":"https:\/\/florianhorsefood.nl\/de\/wp-json\/wp\/v2\/product"}],"about":[{"href":"https:\/\/florianhorsefood.nl\/de\/wp-json\/wp\/v2\/types\/product"}],"wp:featuredmedia":[{"embeddable":true,"href":"https:\/\/florianhorsefood.nl\/de\/wp-json\/wp\/v2\/media\/12320"}],"wp:attachment":[{"href":"https:\/\/florianhorsefood.nl\/de\/wp-json\/wp\/v2\/media?parent=12318"}],"wp:term":[{"taxonomy":"product_brand","embeddable":true,"href":"https:\/\/florianhorsefood.nl\/de\/wp-json\/wp\/v2\/product_brand?post=12318"},{"taxonomy":"product_cat","embeddable":true,"href":"https:\/\/florianhorsefood.nl\/de\/wp-json\/wp\/v2\/product_cat?post=12318"},{"taxonomy":"product_tag","embeddable":true,"href":"https:\/\/florianhorsefood.nl\/de\/wp-json\/wp\/v2\/product_tag?post=12318"}],"curies":[{"name":"wp","href":"https:\/\/api.w.org\/{rel}","templated":true}]}}