{"id":12328,"date":"2020-03-03T10:57:27","date_gmt":"2020-03-03T09:57:27","guid":{"rendered":"https:\/\/florianhorsefood.nl\/product\/florian-total-plus\/"},"modified":"2025-04-18T08:53:01","modified_gmt":"2025-04-18T06:53:01","slug":"florian-total-plus","status":"publish","type":"product","link":"https:\/\/florianhorsefood.nl\/de\/produkt\/florian-total-plus\/","title":{"rendered":"Florian Total Plus"},"content":{"rendered":"<p>Florian Raufuttermischungen bilden in Kombination mit gutem Heu eine ideale Grundlage f\u00fcr die t\u00e4gliche Ration. Die Futtermischungen enthalten verschiedene Faser- und Rohfaserquellen, die die Verdauung des Pferdes anregen. Das Angebot verschiedener Faserquellen als Optimierung Ihres Einzelfuttermittels (Heu) verbessert die Darmflora Ihres Pferdes, seine Immunit\u00e4t und seine allgemeine Gesundheit. <\/p>\n<p>Florian Total Plus ist ein Alleinfuttermittel, das f\u00fcr Pferde geeignet ist, die nur mit Raufutter gut zurechtkommen. Neben den verschiedenen Ballaststoff- und Rohfaserquellen sorgen die zugesetzten Vitamine und Mineralstoffe daf\u00fcr, dass dieses einzigartige Produkt als Alleinfuttermittel verwendet werden kann, ohne dass zus\u00e4tzlich Kraftfutter zugesetzt werden muss. <\/p>\n<p><strong>Florian Total Plus Raufuttermischung<\/strong><\/p>\n<ul>\n<li>Wenig Zucker und St\u00e4rke<\/li>\n<li>Alleinfuttermittel, dem ein Vitamin- und Mineralstoffbalancer zugesetzt wurde<\/li>\n<li>Gemischt mit Oliven- und Lein\u00f6l<\/li>\n<\/ul>\n<p><strong><span style=\"color: #8bc63e;\">Inhalt: ca. 15 kg<\/span><\/strong><\/p>\n","protected":false},"excerpt":{"rendered":"<p>Florian Total Plus ist ein Alleinfuttermittel, das f\u00fcr Pferde geeignet ist, die nur mit Raufutter gut zurechtkommen. Neben den verschiedenen Ballaststoff- und Rohfaserquellen sorgen die zugesetzten Vitamine und Mineralstoffe daf\u00fcr, dass dieses einzigartige Produkt als Alleinfuttermittel verwendet werden kann, ohne dass zus\u00e4tzlich Kraftfutter zugesetzt werden muss. <\/p>\n<p><strong><span style=\"color: #8bc63e;\">Inhalt: ca. 15 kg<\/span><\/strong><\/p>\n","protected":false},"featured_media":12333,"template":"","meta":[],"product_brand":[],"product_cat":[18],"product_tag":[45],"class_list":{"0":"post-12328","1":"product","2":"type-product","3":"status-publish","4":"has-post-thumbnail","6":"product_cat-gemixt-ruwvoer","7":"product_tag-zakken","8":"product_shipping_class-pakketpost","10":"first","11":"instock","12":"taxable","13":"shipping-taxable","14":"purchasable","15":"product-type-variable"},"bundled_by":[],"bundle_stock_status":"instock","bundle_stock_quantity":null,"bundle_virtual":false,"bundle_layout":"","bundle_add_to_cart_form_location":"","bundle_editable_in_cart":false,"bundle_sold_individually_context":"","bundle_item_grouping":"","bundle_min_size":"","bundle_max_size":"","bundle_price":[],"bundled_items":[],"bundle_sell_ids":[],"yoast_head":"<!-- This site is optimized with the Yoast SEO plugin v26.8 - https:\/\/yoast.com\/product\/yoast-seo-wordpress\/ -->\n<title>Florian Total Plus - Florian Horsefood<\/title>\n<meta name=\"description\" content=\"Florian Total Plus ist eine sehr komplette Raufuttermischung mit Vitaminen und Mineralien, die eine Erg\u00e4nzung mit Kraftfutter \u00fcberfl\u00fcssig macht.\" \/>\n<meta name=\"robots\" content=\"index, follow, max-snippet:-1, max-image-preview:large, max-video-preview:-1\" \/>\n<link rel=\"canonical\" href=\"https:\/\/florianhorsefood.nl\/de\/produkt\/florian-total-plus\/\" \/>\n<meta property=\"og:locale\" content=\"de_DE\" \/>\n<meta property=\"og:type\" content=\"article\" \/>\n<meta property=\"og:title\" content=\"Florian Total Plus - Florian Horsefood\" \/>\n<meta property=\"og:description\" content=\"Florian Total Plus ist eine sehr komplette Raufuttermischung mit Vitaminen und Mineralien, die eine Erg\u00e4nzung mit Kraftfutter \u00fcberfl\u00fcssig macht.\" \/>\n<meta property=\"og:url\" content=\"https:\/\/florianhorsefood.nl\/de\/produkt\/florian-total-plus\/\" \/>\n<meta property=\"og:site_name\" content=\"Florian Horsefood\" \/>\n<meta property=\"article:modified_time\" content=\"2025-04-18T06:53:01+00:00\" \/>\n<meta property=\"og:image\" content=\"https:\/\/florianhorsefood.nl\/wp-content\/uploads\/2020\/03\/florian-horsefood-ruwvoermix-total-plus-15kg-1.jpg\" \/>\n\t<meta property=\"og:image:width\" content=\"2000\" \/>\n\t<meta property=\"og:image:height\" content=\"2000\" \/>\n\t<meta property=\"og:image:type\" content=\"image\/jpeg\" \/>\n<meta name=\"twitter:card\" content=\"summary_large_image\" \/>\n<meta name=\"twitter:label1\" content=\"Gesch\u00e4tzte Lesezeit\" \/>\n\t<meta name=\"twitter:data1\" content=\"1\u00a0Minute\" \/>\n<script type=\"application\/ld+json\" class=\"yoast-schema-graph\">{\"@context\":\"https:\/\/schema.org\",\"@graph\":[{\"@type\":\"WebPage\",\"@id\":\"https:\/\/florianhorsefood.nl\/de\/produkt\/florian-total-plus\/\",\"url\":\"https:\/\/florianhorsefood.nl\/de\/produkt\/florian-total-plus\/\",\"name\":\"Florian Total Plus - Florian Horsefood\",\"isPartOf\":{\"@id\":\"https:\/\/florianhorsefood.nl\/de\/#website\"},\"primaryImageOfPage\":{\"@id\":\"https:\/\/florianhorsefood.nl\/de\/produkt\/florian-total-plus\/#primaryimage\"},\"image\":{\"@id\":\"https:\/\/florianhorsefood.nl\/de\/produkt\/florian-total-plus\/#primaryimage\"},\"thumbnailUrl\":\"https:\/\/florianhorsefood.nl\/wp-content\/uploads\/2020\/03\/florian-horsefood-ruwvoermix-total-plus-15kg-1.jpg\",\"datePublished\":\"2020-03-03T09:57:27+00:00\",\"dateModified\":\"2025-04-18T06:53:01+00:00\",\"description\":\"Florian Total Plus ist eine sehr komplette Raufuttermischung mit Vitaminen und Mineralien, die eine Erg\u00e4nzung mit Kraftfutter \u00fcberfl\u00fcssig macht.\",\"breadcrumb\":{\"@id\":\"https:\/\/florianhorsefood.nl\/de\/produkt\/florian-total-plus\/#breadcrumb\"},\"inLanguage\":\"de\",\"potentialAction\":[{\"@type\":\"ReadAction\",\"target\":[\"https:\/\/florianhorsefood.nl\/de\/produkt\/florian-total-plus\/\"]}]},{\"@type\":\"ImageObject\",\"inLanguage\":\"de\",\"@id\":\"https:\/\/florianhorsefood.nl\/de\/produkt\/florian-total-plus\/#primaryimage\",\"url\":\"https:\/\/florianhorsefood.nl\/wp-content\/uploads\/2020\/03\/florian-horsefood-ruwvoermix-total-plus-15kg-1.jpg\",\"contentUrl\":\"https:\/\/florianhorsefood.nl\/wp-content\/uploads\/2020\/03\/florian-horsefood-ruwvoermix-total-plus-15kg-1.jpg\",\"width\":2000,\"height\":2000,\"caption\":\"Florian Horsefood Ruwvoermix Total Plus\"},{\"@type\":\"BreadcrumbList\",\"@id\":\"https:\/\/florianhorsefood.nl\/de\/produkt\/florian-total-plus\/#breadcrumb\",\"itemListElement\":[{\"@type\":\"ListItem\",\"position\":1,\"name\":\"Startseite\",\"item\":\"https:\/\/florianhorsefood.nl\/de\/startseite\/\"},{\"@type\":\"ListItem\",\"position\":2,\"name\":\"Shop\",\"item\":\"https:\/\/florianhorsefood.nl\/shop\/\"},{\"@type\":\"ListItem\",\"position\":3,\"name\":\"Florian Total Plus\"}]},{\"@type\":\"WebSite\",\"@id\":\"https:\/\/florianhorsefood.nl\/de\/#website\",\"url\":\"https:\/\/florianhorsefood.nl\/de\/\",\"name\":\"Florian Horsefood\",\"description\":\"Back to Basic &amp; Health Protection!\",\"publisher\":{\"@id\":\"https:\/\/florianhorsefood.nl\/de\/#organization\"},\"potentialAction\":[{\"@type\":\"SearchAction\",\"target\":{\"@type\":\"EntryPoint\",\"urlTemplate\":\"https:\/\/florianhorsefood.nl\/de\/?s={search_term_string}\"},\"query-input\":{\"@type\":\"PropertyValueSpecification\",\"valueRequired\":true,\"valueName\":\"search_term_string\"}}],\"inLanguage\":\"de\"},{\"@type\":\"Organization\",\"@id\":\"https:\/\/florianhorsefood.nl\/de\/#organization\",\"name\":\"Florian Pferdefutter\",\"url\":\"https:\/\/florianhorsefood.nl\/de\/\",\"logo\":{\"@type\":\"ImageObject\",\"inLanguage\":\"de\",\"@id\":\"https:\/\/florianhorsefood.nl\/de\/#\/schema\/logo\/image\/\",\"url\":\"https:\/\/florianhorsefood.nl\/wp-content\/uploads\/2020\/02\/Florian_Horsefood_liggend_RGB.png\",\"contentUrl\":\"https:\/\/florianhorsefood.nl\/wp-content\/uploads\/2020\/02\/Florian_Horsefood_liggend_RGB.png\",\"width\":1044,\"height\":393,\"caption\":\"Florian Pferdefutter\"},\"image\":{\"@id\":\"https:\/\/florianhorsefood.nl\/de\/#\/schema\/logo\/image\/\"},\"sameAs\":[\"https:\/\/www.linkedin.com\/company\/florian-horsefood\/about\/\"]}]}<\/script>\n<!-- \/ Yoast SEO plugin. -->","yoast_head_json":{"title":"Florian Total Plus - Florian Horsefood","description":"Florian Total Plus ist eine sehr komplette Raufuttermischung mit Vitaminen und Mineralien, die eine Erg\u00e4nzung mit Kraftfutter \u00fcberfl\u00fcssig macht.","robots":{"index":"index","follow":"follow","max-snippet":"max-snippet:-1","max-image-preview":"max-image-preview:large","max-video-preview":"max-video-preview:-1"},"canonical":"https:\/\/florianhorsefood.nl\/de\/produkt\/florian-total-plus\/","og_locale":"de_DE","og_type":"article","og_title":"Florian Total Plus - Florian Horsefood","og_description":"Florian Total Plus ist eine sehr komplette Raufuttermischung mit Vitaminen und Mineralien, die eine Erg\u00e4nzung mit Kraftfutter \u00fcberfl\u00fcssig macht.","og_url":"https:\/\/florianhorsefood.nl\/de\/produkt\/florian-total-plus\/","og_site_name":"Florian Horsefood","article_modified_time":"2025-04-18T06:53:01+00:00","og_image":[{"width":2000,"height":2000,"url":"https:\/\/florianhorsefood.nl\/wp-content\/uploads\/2020\/03\/florian-horsefood-ruwvoermix-total-plus-15kg-1.jpg","type":"image\/jpeg"}],"twitter_card":"summary_large_image","twitter_misc":{"Gesch\u00e4tzte Lesezeit":"1\u00a0Minute"},"schema":{"@context":"https:\/\/schema.org","@graph":[{"@type":"WebPage","@id":"https:\/\/florianhorsefood.nl\/de\/produkt\/florian-total-plus\/","url":"https:\/\/florianhorsefood.nl\/de\/produkt\/florian-total-plus\/","name":"Florian Total Plus - Florian Horsefood","isPartOf":{"@id":"https:\/\/florianhorsefood.nl\/de\/#website"},"primaryImageOfPage":{"@id":"https:\/\/florianhorsefood.nl\/de\/produkt\/florian-total-plus\/#primaryimage"},"image":{"@id":"https:\/\/florianhorsefood.nl\/de\/produkt\/florian-total-plus\/#primaryimage"},"thumbnailUrl":"https:\/\/florianhorsefood.nl\/wp-content\/uploads\/2020\/03\/florian-horsefood-ruwvoermix-total-plus-15kg-1.jpg","datePublished":"2020-03-03T09:57:27+00:00","dateModified":"2025-04-18T06:53:01+00:00","description":"Florian Total Plus ist eine sehr komplette Raufuttermischung mit Vitaminen und Mineralien, die eine Erg\u00e4nzung mit Kraftfutter \u00fcberfl\u00fcssig macht.","breadcrumb":{"@id":"https:\/\/florianhorsefood.nl\/de\/produkt\/florian-total-plus\/#breadcrumb"},"inLanguage":"de","potentialAction":[{"@type":"ReadAction","target":["https:\/\/florianhorsefood.nl\/de\/produkt\/florian-total-plus\/"]}]},{"@type":"ImageObject","inLanguage":"de","@id":"https:\/\/florianhorsefood.nl\/de\/produkt\/florian-total-plus\/#primaryimage","url":"https:\/\/florianhorsefood.nl\/wp-content\/uploads\/2020\/03\/florian-horsefood-ruwvoermix-total-plus-15kg-1.jpg","contentUrl":"https:\/\/florianhorsefood.nl\/wp-content\/uploads\/2020\/03\/florian-horsefood-ruwvoermix-total-plus-15kg-1.jpg","width":2000,"height":2000,"caption":"Florian Horsefood Ruwvoermix Total Plus"},{"@type":"BreadcrumbList","@id":"https:\/\/florianhorsefood.nl\/de\/produkt\/florian-total-plus\/#breadcrumb","itemListElement":[{"@type":"ListItem","position":1,"name":"Startseite","item":"https:\/\/florianhorsefood.nl\/de\/startseite\/"},{"@type":"ListItem","position":2,"name":"Shop","item":"https:\/\/florianhorsefood.nl\/shop\/"},{"@type":"ListItem","position":3,"name":"Florian Total Plus"}]},{"@type":"WebSite","@id":"https:\/\/florianhorsefood.nl\/de\/#website","url":"https:\/\/florianhorsefood.nl\/de\/","name":"Florian Horsefood","description":"Back to Basic &amp; Health Protection!","publisher":{"@id":"https:\/\/florianhorsefood.nl\/de\/#organization"},"potentialAction":[{"@type":"SearchAction","target":{"@type":"EntryPoint","urlTemplate":"https:\/\/florianhorsefood.nl\/de\/?s={search_term_string}"},"query-input":{"@type":"PropertyValueSpecification","valueRequired":true,"valueName":"search_term_string"}}],"inLanguage":"de"},{"@type":"Organization","@id":"https:\/\/florianhorsefood.nl\/de\/#organization","name":"Florian Pferdefutter","url":"https:\/\/florianhorsefood.nl\/de\/","logo":{"@type":"ImageObject","inLanguage":"de","@id":"https:\/\/florianhorsefood.nl\/de\/#\/schema\/logo\/image\/","url":"https:\/\/florianhorsefood.nl\/wp-content\/uploads\/2020\/02\/Florian_Horsefood_liggend_RGB.png","contentUrl":"https:\/\/florianhorsefood.nl\/wp-content\/uploads\/2020\/02\/Florian_Horsefood_liggend_RGB.png","width":1044,"height":393,"caption":"Florian Pferdefutter"},"image":{"@id":"https:\/\/florianhorsefood.nl\/de\/#\/schema\/logo\/image\/"},"sameAs":["https:\/\/www.linkedin.com\/company\/florian-horsefood\/about\/"]}]}},"_links":{"self":[{"href":"https:\/\/florianhorsefood.nl\/de\/wp-json\/wp\/v2\/product\/12328","targetHints":{"allow":["GET"]}}],"collection":[{"href":"https:\/\/florianhorsefood.nl\/de\/wp-json\/wp\/v2\/product"}],"about":[{"href":"https:\/\/florianhorsefood.nl\/de\/wp-json\/wp\/v2\/types\/product"}],"wp:featuredmedia":[{"embeddable":true,"href":"https:\/\/florianhorsefood.nl\/de\/wp-json\/wp\/v2\/media\/12333"}],"wp:attachment":[{"href":"https:\/\/florianhorsefood.nl\/de\/wp-json\/wp\/v2\/media?parent=12328"}],"wp:term":[{"taxonomy":"product_brand","embeddable":true,"href":"https:\/\/florianhorsefood.nl\/de\/wp-json\/wp\/v2\/product_brand?post=12328"},{"taxonomy":"product_cat","embeddable":true,"href":"https:\/\/florianhorsefood.nl\/de\/wp-json\/wp\/v2\/product_cat?post=12328"},{"taxonomy":"product_tag","embeddable":true,"href":"https:\/\/florianhorsefood.nl\/de\/wp-json\/wp\/v2\/product_tag?post=12328"}],"curies":[{"name":"wp","href":"https:\/\/api.w.org\/{rel}","templated":true}]}}