{"id":12394,"date":"2022-01-18T14:24:03","date_gmt":"2024-08-16T07:48:26","guid":{"rendered":"https:\/\/florianhorsefood.nl\/product\/florian-goldkraeuter\/"},"modified":"2024-08-16T15:39:15","modified_gmt":"2024-08-16T13:39:15","slug":"florian-goldkraeuter","status":"publish","type":"product","link":"https:\/\/florianhorsefood.nl\/de\/produkt\/florian-goldkraeuter\/","title":{"rendered":"Florian Goldkr\u00e4uter"},"content":{"rendered":"<p>Florian Golden Herbs ist eine Kr\u00e4utermischung, die die reinigende Wirkung von Leber und Nieren unterst\u00fctzt. Florian Golden Herbs enth\u00e4lt verschiedene Kr\u00e4uter und Meeresalgen und wird als Entgiftungskur im Fr\u00fchjahr und Herbst empfohlen. Dieses Produkt bringt den K\u00f6rper nach einer Wurmkur oder einer medikament\u00f6sen Behandlung wieder ins Gleichgewicht.<br \/>\nFlorian Golden Herbs - Enth\u00e4lt verschiedene Kr\u00e4uter und Algen - Unterst\u00fctzt die reinigende Wirkung von Leber und Nieren - Hat starke antioxidative Eigenschaften - Empfohlen als Entgiftungskur im Fr\u00fchjahr und Herbst - Auch nach einer Wurmkur oder medikament\u00f6sen Behandlung empfohlen   <\/p>\n<h3><strong><span style=\"color: #8bc63e;\">F\u00fctterungshinweise:<\/span><\/strong><\/h3>\n<p>  50 Gramm pro 100 kg K\u00f6rpergewicht pro Tag  &nbsp;<\/p>\n","protected":false},"excerpt":{"rendered":"<p>De Florian Golden Herbs is een kruidenmix die de reinigende werking van de lever en nieren ondersteunt. Florian Golden Herbs bevat verschillende kruiden en zeewieren en wordt aangeraden als detox kuur in het voorjaar en najaar. <strong><span style=\"color: #8bc63e;\">Inhoud: ca. 10 kg<\/span><\/strong> <\/p>\n","protected":false},"featured_media":12396,"template":"","meta":[],"product_brand":[],"product_cat":[237],"product_tag":[235],"class_list":{"0":"post-12394","1":"product","2":"type-product","3":"status-publish","4":"has-post-thumbnail","6":"product_cat-balancers-de","7":"product_tag-eimer","9":"first","10":"outofstock","11":"taxable","12":"shipping-taxable","13":"purchasable","14":"product-type-variable","15":"has-default-attributes"},"bundled_by":[],"bundle_stock_status":"outofstock","bundle_stock_quantity":0,"bundle_virtual":false,"bundle_layout":"","bundle_add_to_cart_form_location":"","bundle_editable_in_cart":false,"bundle_sold_individually_context":"","bundle_item_grouping":"","bundle_min_size":"","bundle_max_size":"","bundle_price":[],"bundled_items":[],"bundle_sell_ids":[],"yoast_head":"<!-- This site is optimized with the Yoast SEO plugin v27.3 - https:\/\/yoast.com\/product\/yoast-seo-wordpress\/ -->\n<title>Florian Goldkr\u00e4uter - Florian Horsefood<\/title>\n<meta name=\"description\" content=\"Florian Golden Herbs ist eine Kr\u00e4utermischung, die die reinigende Wirkung von Leber und Nieren unterst\u00fctzt. Entgiftung f\u00fcr das Pferd.\" \/>\n<meta name=\"robots\" content=\"index, follow, max-snippet:-1, max-image-preview:large, max-video-preview:-1\" \/>\n<link rel=\"canonical\" href=\"https:\/\/florianhorsefood.nl\/de\/produkt\/florian-goldkraeuter\/\" \/>\n<meta property=\"og:locale\" content=\"de_DE\" \/>\n<meta property=\"og:type\" content=\"article\" \/>\n<meta property=\"og:title\" content=\"Florian Goldkr\u00e4uter - Florian Horsefood\" \/>\n<meta property=\"og:description\" content=\"Florian Golden Herbs ist eine Kr\u00e4utermischung, die die reinigende Wirkung von Leber und Nieren unterst\u00fctzt. Entgiftung f\u00fcr das Pferd.\" \/>\n<meta property=\"og:url\" content=\"https:\/\/florianhorsefood.nl\/de\/produkt\/florian-goldkraeuter\/\" \/>\n<meta property=\"og:site_name\" content=\"Florian Horsefood\" \/>\n<meta property=\"article:modified_time\" content=\"2024-08-16T13:39:15+00:00\" \/>\n<meta property=\"og:image\" content=\"https:\/\/florianhorsefood.nl\/\/wp-content\/uploads\/2023\/02\/florian-horsefood-golden-herbs-supplement-emmer-1.jpg\" \/>\n\t<meta property=\"og:image:width\" content=\"2222\" \/>\n\t<meta property=\"og:image:height\" content=\"2222\" \/>\n\t<meta property=\"og:image:type\" content=\"image\/jpeg\" \/>\n<meta name=\"twitter:card\" content=\"summary_large_image\" \/>\n<meta name=\"twitter:label1\" content=\"Gesch\u00e4tzte Lesezeit\" \/>\n\t<meta name=\"twitter:data1\" content=\"1\u00a0Minute\" \/>\n<script type=\"application\/ld+json\" class=\"yoast-schema-graph\">{\"@context\":\"https:\\\/\\\/schema.org\",\"@graph\":[{\"@type\":\"WebPage\",\"@id\":\"https:\\\/\\\/florianhorsefood.nl\\\/de\\\/produkt\\\/florian-goldkraeuter\\\/\",\"url\":\"https:\\\/\\\/florianhorsefood.nl\\\/de\\\/produkt\\\/florian-goldkraeuter\\\/\",\"name\":\"Florian Goldkr\u00e4uter - Florian Horsefood\",\"isPartOf\":{\"@id\":\"https:\\\/\\\/florianhorsefood.nl\\\/de\\\/#website\"},\"primaryImageOfPage\":{\"@id\":\"https:\\\/\\\/florianhorsefood.nl\\\/de\\\/produkt\\\/florian-goldkraeuter\\\/#primaryimage\"},\"image\":{\"@id\":\"https:\\\/\\\/florianhorsefood.nl\\\/de\\\/produkt\\\/florian-goldkraeuter\\\/#primaryimage\"},\"thumbnailUrl\":\"https:\\\/\\\/florianhorsefood.nl\\\/wp-content\\\/uploads\\\/2023\\\/02\\\/florian-horsefood-golden-herbs-supplement-emmer-1.jpg\",\"datePublished\":\"2024-08-16T07:48:26+00:00\",\"dateModified\":\"2024-08-16T13:39:15+00:00\",\"description\":\"Florian Golden Herbs ist eine Kr\u00e4utermischung, die die reinigende Wirkung von Leber und Nieren unterst\u00fctzt. Entgiftung f\u00fcr das Pferd.\",\"breadcrumb\":{\"@id\":\"https:\\\/\\\/florianhorsefood.nl\\\/de\\\/produkt\\\/florian-goldkraeuter\\\/#breadcrumb\"},\"inLanguage\":\"de\",\"potentialAction\":[{\"@type\":\"ReadAction\",\"target\":[\"https:\\\/\\\/florianhorsefood.nl\\\/de\\\/produkt\\\/florian-goldkraeuter\\\/\"]}]},{\"@type\":\"ImageObject\",\"inLanguage\":\"de\",\"@id\":\"https:\\\/\\\/florianhorsefood.nl\\\/de\\\/produkt\\\/florian-goldkraeuter\\\/#primaryimage\",\"url\":\"https:\\\/\\\/florianhorsefood.nl\\\/wp-content\\\/uploads\\\/2023\\\/02\\\/florian-horsefood-golden-herbs-supplement-emmer-1.jpg\",\"contentUrl\":\"https:\\\/\\\/florianhorsefood.nl\\\/wp-content\\\/uploads\\\/2023\\\/02\\\/florian-horsefood-golden-herbs-supplement-emmer-1.jpg\",\"width\":2222,\"height\":2222},{\"@type\":\"BreadcrumbList\",\"@id\":\"https:\\\/\\\/florianhorsefood.nl\\\/de\\\/produkt\\\/florian-goldkraeuter\\\/#breadcrumb\",\"itemListElement\":[{\"@type\":\"ListItem\",\"position\":1,\"name\":\"Startseite\",\"item\":\"https:\\\/\\\/florianhorsefood.nl\\\/de\\\/startseite\\\/\"},{\"@type\":\"ListItem\",\"position\":2,\"name\":\"Shop\",\"item\":\"https:\\\/\\\/florianhorsefood.nl\\\/shop\\\/\"},{\"@type\":\"ListItem\",\"position\":3,\"name\":\"Florian Goldkr\u00e4uter\"}]},{\"@type\":\"WebSite\",\"@id\":\"https:\\\/\\\/florianhorsefood.nl\\\/de\\\/#website\",\"url\":\"https:\\\/\\\/florianhorsefood.nl\\\/de\\\/\",\"name\":\"Florian Horsefood\",\"description\":\"Back to Basic &amp; Health Protection!\",\"publisher\":{\"@id\":\"https:\\\/\\\/florianhorsefood.nl\\\/de\\\/#organization\"},\"potentialAction\":[{\"@type\":\"SearchAction\",\"target\":{\"@type\":\"EntryPoint\",\"urlTemplate\":\"https:\\\/\\\/florianhorsefood.nl\\\/de\\\/?s={search_term_string}\"},\"query-input\":{\"@type\":\"PropertyValueSpecification\",\"valueRequired\":true,\"valueName\":\"search_term_string\"}}],\"inLanguage\":\"de\"},{\"@type\":\"Organization\",\"@id\":\"https:\\\/\\\/florianhorsefood.nl\\\/de\\\/#organization\",\"name\":\"Florian Pferdefutter\",\"url\":\"https:\\\/\\\/florianhorsefood.nl\\\/de\\\/\",\"logo\":{\"@type\":\"ImageObject\",\"inLanguage\":\"de\",\"@id\":\"https:\\\/\\\/florianhorsefood.nl\\\/de\\\/#\\\/schema\\\/logo\\\/image\\\/\",\"url\":\"https:\\\/\\\/florianhorsefood.nl\\\/wp-content\\\/uploads\\\/2020\\\/02\\\/Florian_Horsefood_liggend_RGB.png\",\"contentUrl\":\"https:\\\/\\\/florianhorsefood.nl\\\/wp-content\\\/uploads\\\/2020\\\/02\\\/Florian_Horsefood_liggend_RGB.png\",\"width\":1044,\"height\":393,\"caption\":\"Florian Pferdefutter\"},\"image\":{\"@id\":\"https:\\\/\\\/florianhorsefood.nl\\\/de\\\/#\\\/schema\\\/logo\\\/image\\\/\"},\"sameAs\":[\"https:\\\/\\\/www.linkedin.com\\\/company\\\/florian-horsefood\\\/about\\\/\"]}]}<\/script>\n<!-- \/ Yoast SEO plugin. -->","yoast_head_json":{"title":"Florian Goldkr\u00e4uter - Florian Horsefood","description":"Florian Golden Herbs ist eine Kr\u00e4utermischung, die die reinigende Wirkung von Leber und Nieren unterst\u00fctzt. Entgiftung f\u00fcr das Pferd.","robots":{"index":"index","follow":"follow","max-snippet":"max-snippet:-1","max-image-preview":"max-image-preview:large","max-video-preview":"max-video-preview:-1"},"canonical":"https:\/\/florianhorsefood.nl\/de\/produkt\/florian-goldkraeuter\/","og_locale":"de_DE","og_type":"article","og_title":"Florian Goldkr\u00e4uter - Florian Horsefood","og_description":"Florian Golden Herbs ist eine Kr\u00e4utermischung, die die reinigende Wirkung von Leber und Nieren unterst\u00fctzt. Entgiftung f\u00fcr das Pferd.","og_url":"https:\/\/florianhorsefood.nl\/de\/produkt\/florian-goldkraeuter\/","og_site_name":"Florian Horsefood","article_modified_time":"2024-08-16T13:39:15+00:00","og_image":[{"width":2222,"height":2222,"url":"https:\/\/florianhorsefood.nl\/\/wp-content\/uploads\/2023\/02\/florian-horsefood-golden-herbs-supplement-emmer-1.jpg","type":"image\/jpeg"}],"twitter_card":"summary_large_image","twitter_misc":{"Gesch\u00e4tzte Lesezeit":"1\u00a0Minute"},"schema":{"@context":"https:\/\/schema.org","@graph":[{"@type":"WebPage","@id":"https:\/\/florianhorsefood.nl\/de\/produkt\/florian-goldkraeuter\/","url":"https:\/\/florianhorsefood.nl\/de\/produkt\/florian-goldkraeuter\/","name":"Florian Goldkr\u00e4uter - Florian Horsefood","isPartOf":{"@id":"https:\/\/florianhorsefood.nl\/de\/#website"},"primaryImageOfPage":{"@id":"https:\/\/florianhorsefood.nl\/de\/produkt\/florian-goldkraeuter\/#primaryimage"},"image":{"@id":"https:\/\/florianhorsefood.nl\/de\/produkt\/florian-goldkraeuter\/#primaryimage"},"thumbnailUrl":"https:\/\/florianhorsefood.nl\/wp-content\/uploads\/2023\/02\/florian-horsefood-golden-herbs-supplement-emmer-1.jpg","datePublished":"2024-08-16T07:48:26+00:00","dateModified":"2024-08-16T13:39:15+00:00","description":"Florian Golden Herbs ist eine Kr\u00e4utermischung, die die reinigende Wirkung von Leber und Nieren unterst\u00fctzt. Entgiftung f\u00fcr das Pferd.","breadcrumb":{"@id":"https:\/\/florianhorsefood.nl\/de\/produkt\/florian-goldkraeuter\/#breadcrumb"},"inLanguage":"de","potentialAction":[{"@type":"ReadAction","target":["https:\/\/florianhorsefood.nl\/de\/produkt\/florian-goldkraeuter\/"]}]},{"@type":"ImageObject","inLanguage":"de","@id":"https:\/\/florianhorsefood.nl\/de\/produkt\/florian-goldkraeuter\/#primaryimage","url":"https:\/\/florianhorsefood.nl\/wp-content\/uploads\/2023\/02\/florian-horsefood-golden-herbs-supplement-emmer-1.jpg","contentUrl":"https:\/\/florianhorsefood.nl\/wp-content\/uploads\/2023\/02\/florian-horsefood-golden-herbs-supplement-emmer-1.jpg","width":2222,"height":2222},{"@type":"BreadcrumbList","@id":"https:\/\/florianhorsefood.nl\/de\/produkt\/florian-goldkraeuter\/#breadcrumb","itemListElement":[{"@type":"ListItem","position":1,"name":"Startseite","item":"https:\/\/florianhorsefood.nl\/de\/startseite\/"},{"@type":"ListItem","position":2,"name":"Shop","item":"https:\/\/florianhorsefood.nl\/shop\/"},{"@type":"ListItem","position":3,"name":"Florian Goldkr\u00e4uter"}]},{"@type":"WebSite","@id":"https:\/\/florianhorsefood.nl\/de\/#website","url":"https:\/\/florianhorsefood.nl\/de\/","name":"Florian Horsefood","description":"Back to Basic &amp; Health Protection!","publisher":{"@id":"https:\/\/florianhorsefood.nl\/de\/#organization"},"potentialAction":[{"@type":"SearchAction","target":{"@type":"EntryPoint","urlTemplate":"https:\/\/florianhorsefood.nl\/de\/?s={search_term_string}"},"query-input":{"@type":"PropertyValueSpecification","valueRequired":true,"valueName":"search_term_string"}}],"inLanguage":"de"},{"@type":"Organization","@id":"https:\/\/florianhorsefood.nl\/de\/#organization","name":"Florian Pferdefutter","url":"https:\/\/florianhorsefood.nl\/de\/","logo":{"@type":"ImageObject","inLanguage":"de","@id":"https:\/\/florianhorsefood.nl\/de\/#\/schema\/logo\/image\/","url":"https:\/\/florianhorsefood.nl\/wp-content\/uploads\/2020\/02\/Florian_Horsefood_liggend_RGB.png","contentUrl":"https:\/\/florianhorsefood.nl\/wp-content\/uploads\/2020\/02\/Florian_Horsefood_liggend_RGB.png","width":1044,"height":393,"caption":"Florian Pferdefutter"},"image":{"@id":"https:\/\/florianhorsefood.nl\/de\/#\/schema\/logo\/image\/"},"sameAs":["https:\/\/www.linkedin.com\/company\/florian-horsefood\/about\/"]}]}},"_links":{"self":[{"href":"https:\/\/florianhorsefood.nl\/de\/wp-json\/wp\/v2\/product\/12394","targetHints":{"allow":["GET"]}}],"collection":[{"href":"https:\/\/florianhorsefood.nl\/de\/wp-json\/wp\/v2\/product"}],"about":[{"href":"https:\/\/florianhorsefood.nl\/de\/wp-json\/wp\/v2\/types\/product"}],"wp:featuredmedia":[{"embeddable":true,"href":"https:\/\/florianhorsefood.nl\/de\/wp-json\/wp\/v2\/media\/12396"}],"wp:attachment":[{"href":"https:\/\/florianhorsefood.nl\/de\/wp-json\/wp\/v2\/media?parent=12394"}],"wp:term":[{"taxonomy":"product_brand","embeddable":true,"href":"https:\/\/florianhorsefood.nl\/de\/wp-json\/wp\/v2\/product_brand?post=12394"},{"taxonomy":"product_cat","embeddable":true,"href":"https:\/\/florianhorsefood.nl\/de\/wp-json\/wp\/v2\/product_cat?post=12394"},{"taxonomy":"product_tag","embeddable":true,"href":"https:\/\/florianhorsefood.nl\/de\/wp-json\/wp\/v2\/product_tag?post=12394"}],"curies":[{"name":"wp","href":"https:\/\/api.w.org\/{rel}","templated":true}]}}