{"id":12429,"date":"2022-01-18T14:40:07","date_gmt":"2022-01-18T13:40:07","guid":{"rendered":"https:\/\/florianhorsefood.nl\/product\/florian-reflorish\/"},"modified":"2025-11-04T15:03:21","modified_gmt":"2025-11-04T14:03:21","slug":"florian-reflorish","status":"publish","type":"product","link":"https:\/\/florianhorsefood.nl\/de\/produkt\/florian-reflorish\/","title":{"rendered":"Florian Reflorish"},"content":{"rendered":"<p style=\"text-align: left;\">Florian Reflorish ist ein Nahrungserg\u00e4nzungsmittel in Form eines Brausepulvers, das Elektrolyte und muskel- und darmunterst\u00fctzende Inhaltsstoffe enth\u00e4lt.<\/p>\n<p style=\"text-align: left;\"><strong><span style=\"color: #8bc63e;\">Elektrolyte<br \/>\n<\/span><\/strong>Bei sportlicher Bet\u00e4tigung kommt es zu einem nat\u00fcrlichen Verlust von Fl\u00fcssigkeit und Elektrolyten durch Schwei\u00df. Diese Elemente sind jedoch f\u00fcr die Gewebereparatur und die ordnungsgem\u00e4\u00dfe Funktion von Muskeln und Nervensystem unerl\u00e4sslich. <\/p>\n<p style=\"text-align: left;\"><strong><span style=\"color: #8bc63e;\">Bikarbonat<br \/>\n<\/span><\/strong>Bikarbonat ist eine bekannte Base, die von Sportlern zunehmend zur Neutralisierung von Milchs\u00e4ure, zur Heilung von Muskelazidose, aber auch zur Vorbeugung von Muskelazidose eingesetzt wird.<\/p>\n<p style=\"text-align: left;\"><strong><span style=\"color: #8bc63e;\">Florian Reflorish:<\/span><\/strong><\/p>\n<ul>\n<li>Brausepulver mit Elektrolyten und muskel- und darmf\u00f6rdernden Inhaltsstoffen<\/li>\n<li>Tr\u00e4gt zur schnellen Erholung nach dem Sport bei<\/li>\n<li>Hilft gegen die \u00dcbers\u00e4uerung der Muskeln<\/li>\n<li>Unterst\u00fctzt und sch\u00fctzt den Darm<\/li>\n<\/ul>\n<p style=\"text-align: left;\"><strong><span style=\"color: #8bc63e;\">F\u00fctterungshinweis:<br \/>\n<\/span><\/strong>L\u00f6sen Sie 1 P\u00e4ckchen Brausepulver in lauwarmem oder kaltem Wasser auf. Reflorish kann mit Brei gegeben werden. <\/p>\n<p style=\"text-align: left;\"><strong>Reflorish ist ein innovatives Erg\u00e4nzungsfuttermittel zur Unterst\u00fctzung der Erholung des Pferdes nach dem Training.  <\/strong><\/p>\n<p style=\"text-align: left;\"><strong><span style=\"color: #8bc63e;\">Mehr Informationen?<\/span><\/strong><\/p>\n<p style=\"text-align: left;\">Lesen Sie mehr in unserem Blog: <a href=\"https:\/\/florianhorsefood.nl\/de\/rest\/superschnelle-erholung\/\"><u>Superschnelle Erholung <\/u><\/a> <\/p>\n","protected":false},"excerpt":{"rendered":"<p>Florian Reflorish ist ein Nahrungserg\u00e4nzungsmittel in Form eines Brausepulvers, das Elektrolyte und muskel- und darmf\u00f6rdernde Inhaltsstoffe enth\u00e4lt.<\/p>\n<p>1 Packung Reflorish besteht aus 8 Beuteln Brausepulver, die Sie einfach in lauwarmem oder kaltem Wasser aufl\u00f6sen k\u00f6nnen.<\/p>\n<p><strong><span style=\"color: #8bc63e;\">Inhalt: 8 St\u00fcck \u00e0 50 Gramm<\/span><\/strong><\/p>\n","protected":false},"featured_media":12431,"template":"","meta":[],"product_brand":[],"product_cat":[42],"product_tag":[46],"class_list":{"0":"post-12429","1":"product","2":"type-product","3":"status-publish","4":"has-post-thumbnail","6":"product_cat-supplementen","7":"product_tag-kleine-verpakking","8":"product_shipping_class-brievenbuspakketje","10":"first","11":"instock","12":"taxable","13":"shipping-taxable","14":"purchasable","15":"product-type-variable","16":"has-default-attributes"},"bundled_by":["12239"],"bundle_stock_status":"instock","bundle_stock_quantity":null,"bundle_virtual":false,"bundle_layout":"","bundle_add_to_cart_form_location":"","bundle_editable_in_cart":false,"bundle_sold_individually_context":"","bundle_item_grouping":"","bundle_min_size":"","bundle_max_size":"","bundle_price":[],"bundled_items":[],"bundle_sell_ids":[],"yoast_head":"<!-- This site is optimized with the Yoast SEO plugin v27.3 - https:\/\/yoast.com\/product\/yoast-seo-wordpress\/ -->\n<title>Florian Reflorish - Florian Horsefood<\/title>\n<meta name=\"description\" content=\"Florian Reflorish ist ein Nahrungserg\u00e4nzungsmittel in Form eines Brausepulvers, das Elektrolyte und Inhaltsstoffe zur Unterst\u00fctzung von Muskeln und Darm enth\u00e4lt.\" \/>\n<meta name=\"robots\" content=\"index, follow, max-snippet:-1, max-image-preview:large, max-video-preview:-1\" \/>\n<link rel=\"canonical\" href=\"https:\/\/florianhorsefood.nl\/de\/produkt\/florian-reflorish\/\" \/>\n<meta property=\"og:locale\" content=\"de_DE\" \/>\n<meta property=\"og:type\" content=\"article\" \/>\n<meta property=\"og:title\" content=\"Florian Reflorish - Florian Horsefood\" \/>\n<meta property=\"og:description\" content=\"Florian Reflorish ist ein Nahrungserg\u00e4nzungsmittel in Form eines Brausepulvers, das Elektrolyte und Inhaltsstoffe zur Unterst\u00fctzung von Muskeln und Darm enth\u00e4lt.\" \/>\n<meta property=\"og:url\" content=\"https:\/\/florianhorsefood.nl\/de\/produkt\/florian-reflorish\/\" \/>\n<meta property=\"og:site_name\" content=\"Florian Horsefood\" \/>\n<meta property=\"article:modified_time\" content=\"2025-11-04T14:03:21+00:00\" \/>\n<meta property=\"og:image\" content=\"https:\/\/florianhorsefood.nl\/wp-content\/uploads\/2023\/02\/florian-horsefood-reflorish-doosje-supplement-1.jpg\" \/>\n\t<meta property=\"og:image:width\" content=\"2222\" \/>\n\t<meta property=\"og:image:height\" content=\"2222\" \/>\n\t<meta property=\"og:image:type\" content=\"image\/jpeg\" \/>\n<meta name=\"twitter:card\" content=\"summary_large_image\" \/>\n<meta name=\"twitter:label1\" content=\"Gesch\u00e4tzte Lesezeit\" \/>\n\t<meta name=\"twitter:data1\" content=\"1\u00a0Minute\" \/>\n<script type=\"application\/ld+json\" class=\"yoast-schema-graph\">{\"@context\":\"https:\\\/\\\/schema.org\",\"@graph\":[{\"@type\":\"WebPage\",\"@id\":\"https:\\\/\\\/florianhorsefood.nl\\\/de\\\/produkt\\\/florian-reflorish\\\/\",\"url\":\"https:\\\/\\\/florianhorsefood.nl\\\/de\\\/produkt\\\/florian-reflorish\\\/\",\"name\":\"Florian Reflorish - Florian Horsefood\",\"isPartOf\":{\"@id\":\"https:\\\/\\\/florianhorsefood.nl\\\/de\\\/#website\"},\"primaryImageOfPage\":{\"@id\":\"https:\\\/\\\/florianhorsefood.nl\\\/de\\\/produkt\\\/florian-reflorish\\\/#primaryimage\"},\"image\":{\"@id\":\"https:\\\/\\\/florianhorsefood.nl\\\/de\\\/produkt\\\/florian-reflorish\\\/#primaryimage\"},\"thumbnailUrl\":\"https:\\\/\\\/florianhorsefood.nl\\\/wp-content\\\/uploads\\\/2023\\\/02\\\/florian-horsefood-reflorish-doosje-supplement-1.jpg\",\"datePublished\":\"2022-01-18T13:40:07+00:00\",\"dateModified\":\"2025-11-04T14:03:21+00:00\",\"description\":\"Florian Reflorish ist ein Nahrungserg\u00e4nzungsmittel in Form eines Brausepulvers, das Elektrolyte und Inhaltsstoffe zur Unterst\u00fctzung von Muskeln und Darm enth\u00e4lt.\",\"breadcrumb\":{\"@id\":\"https:\\\/\\\/florianhorsefood.nl\\\/de\\\/produkt\\\/florian-reflorish\\\/#breadcrumb\"},\"inLanguage\":\"de\",\"potentialAction\":[{\"@type\":\"ReadAction\",\"target\":[\"https:\\\/\\\/florianhorsefood.nl\\\/de\\\/produkt\\\/florian-reflorish\\\/\"]}]},{\"@type\":\"ImageObject\",\"inLanguage\":\"de\",\"@id\":\"https:\\\/\\\/florianhorsefood.nl\\\/de\\\/produkt\\\/florian-reflorish\\\/#primaryimage\",\"url\":\"https:\\\/\\\/florianhorsefood.nl\\\/wp-content\\\/uploads\\\/2023\\\/02\\\/florian-horsefood-reflorish-doosje-supplement-1.jpg\",\"contentUrl\":\"https:\\\/\\\/florianhorsefood.nl\\\/wp-content\\\/uploads\\\/2023\\\/02\\\/florian-horsefood-reflorish-doosje-supplement-1.jpg\",\"width\":2222,\"height\":2222},{\"@type\":\"BreadcrumbList\",\"@id\":\"https:\\\/\\\/florianhorsefood.nl\\\/de\\\/produkt\\\/florian-reflorish\\\/#breadcrumb\",\"itemListElement\":[{\"@type\":\"ListItem\",\"position\":1,\"name\":\"Startseite\",\"item\":\"https:\\\/\\\/florianhorsefood.nl\\\/de\\\/startseite\\\/\"},{\"@type\":\"ListItem\",\"position\":2,\"name\":\"Shop\",\"item\":\"https:\\\/\\\/florianhorsefood.nl\\\/shop\\\/\"},{\"@type\":\"ListItem\",\"position\":3,\"name\":\"Florian Reflorish\"}]},{\"@type\":\"WebSite\",\"@id\":\"https:\\\/\\\/florianhorsefood.nl\\\/de\\\/#website\",\"url\":\"https:\\\/\\\/florianhorsefood.nl\\\/de\\\/\",\"name\":\"Florian Horsefood\",\"description\":\"Back to Basic &amp; Health Protection!\",\"publisher\":{\"@id\":\"https:\\\/\\\/florianhorsefood.nl\\\/de\\\/#organization\"},\"potentialAction\":[{\"@type\":\"SearchAction\",\"target\":{\"@type\":\"EntryPoint\",\"urlTemplate\":\"https:\\\/\\\/florianhorsefood.nl\\\/de\\\/?s={search_term_string}\"},\"query-input\":{\"@type\":\"PropertyValueSpecification\",\"valueRequired\":true,\"valueName\":\"search_term_string\"}}],\"inLanguage\":\"de\"},{\"@type\":\"Organization\",\"@id\":\"https:\\\/\\\/florianhorsefood.nl\\\/de\\\/#organization\",\"name\":\"Florian Pferdefutter\",\"url\":\"https:\\\/\\\/florianhorsefood.nl\\\/de\\\/\",\"logo\":{\"@type\":\"ImageObject\",\"inLanguage\":\"de\",\"@id\":\"https:\\\/\\\/florianhorsefood.nl\\\/de\\\/#\\\/schema\\\/logo\\\/image\\\/\",\"url\":\"https:\\\/\\\/florianhorsefood.nl\\\/wp-content\\\/uploads\\\/2020\\\/02\\\/Florian_Horsefood_liggend_RGB.png\",\"contentUrl\":\"https:\\\/\\\/florianhorsefood.nl\\\/wp-content\\\/uploads\\\/2020\\\/02\\\/Florian_Horsefood_liggend_RGB.png\",\"width\":1044,\"height\":393,\"caption\":\"Florian Pferdefutter\"},\"image\":{\"@id\":\"https:\\\/\\\/florianhorsefood.nl\\\/de\\\/#\\\/schema\\\/logo\\\/image\\\/\"},\"sameAs\":[\"https:\\\/\\\/www.linkedin.com\\\/company\\\/florian-horsefood\\\/about\\\/\"]}]}<\/script>\n<!-- \/ Yoast SEO plugin. -->","yoast_head_json":{"title":"Florian Reflorish - Florian Horsefood","description":"Florian Reflorish ist ein Nahrungserg\u00e4nzungsmittel in Form eines Brausepulvers, das Elektrolyte und Inhaltsstoffe zur Unterst\u00fctzung von Muskeln und Darm enth\u00e4lt.","robots":{"index":"index","follow":"follow","max-snippet":"max-snippet:-1","max-image-preview":"max-image-preview:large","max-video-preview":"max-video-preview:-1"},"canonical":"https:\/\/florianhorsefood.nl\/de\/produkt\/florian-reflorish\/","og_locale":"de_DE","og_type":"article","og_title":"Florian Reflorish - Florian Horsefood","og_description":"Florian Reflorish ist ein Nahrungserg\u00e4nzungsmittel in Form eines Brausepulvers, das Elektrolyte und Inhaltsstoffe zur Unterst\u00fctzung von Muskeln und Darm enth\u00e4lt.","og_url":"https:\/\/florianhorsefood.nl\/de\/produkt\/florian-reflorish\/","og_site_name":"Florian Horsefood","article_modified_time":"2025-11-04T14:03:21+00:00","og_image":[{"width":2222,"height":2222,"url":"https:\/\/florianhorsefood.nl\/wp-content\/uploads\/2023\/02\/florian-horsefood-reflorish-doosje-supplement-1.jpg","type":"image\/jpeg"}],"twitter_card":"summary_large_image","twitter_misc":{"Gesch\u00e4tzte Lesezeit":"1\u00a0Minute"},"schema":{"@context":"https:\/\/schema.org","@graph":[{"@type":"WebPage","@id":"https:\/\/florianhorsefood.nl\/de\/produkt\/florian-reflorish\/","url":"https:\/\/florianhorsefood.nl\/de\/produkt\/florian-reflorish\/","name":"Florian Reflorish - Florian Horsefood","isPartOf":{"@id":"https:\/\/florianhorsefood.nl\/de\/#website"},"primaryImageOfPage":{"@id":"https:\/\/florianhorsefood.nl\/de\/produkt\/florian-reflorish\/#primaryimage"},"image":{"@id":"https:\/\/florianhorsefood.nl\/de\/produkt\/florian-reflorish\/#primaryimage"},"thumbnailUrl":"https:\/\/florianhorsefood.nl\/wp-content\/uploads\/2023\/02\/florian-horsefood-reflorish-doosje-supplement-1.jpg","datePublished":"2022-01-18T13:40:07+00:00","dateModified":"2025-11-04T14:03:21+00:00","description":"Florian Reflorish ist ein Nahrungserg\u00e4nzungsmittel in Form eines Brausepulvers, das Elektrolyte und Inhaltsstoffe zur Unterst\u00fctzung von Muskeln und Darm enth\u00e4lt.","breadcrumb":{"@id":"https:\/\/florianhorsefood.nl\/de\/produkt\/florian-reflorish\/#breadcrumb"},"inLanguage":"de","potentialAction":[{"@type":"ReadAction","target":["https:\/\/florianhorsefood.nl\/de\/produkt\/florian-reflorish\/"]}]},{"@type":"ImageObject","inLanguage":"de","@id":"https:\/\/florianhorsefood.nl\/de\/produkt\/florian-reflorish\/#primaryimage","url":"https:\/\/florianhorsefood.nl\/wp-content\/uploads\/2023\/02\/florian-horsefood-reflorish-doosje-supplement-1.jpg","contentUrl":"https:\/\/florianhorsefood.nl\/wp-content\/uploads\/2023\/02\/florian-horsefood-reflorish-doosje-supplement-1.jpg","width":2222,"height":2222},{"@type":"BreadcrumbList","@id":"https:\/\/florianhorsefood.nl\/de\/produkt\/florian-reflorish\/#breadcrumb","itemListElement":[{"@type":"ListItem","position":1,"name":"Startseite","item":"https:\/\/florianhorsefood.nl\/de\/startseite\/"},{"@type":"ListItem","position":2,"name":"Shop","item":"https:\/\/florianhorsefood.nl\/shop\/"},{"@type":"ListItem","position":3,"name":"Florian Reflorish"}]},{"@type":"WebSite","@id":"https:\/\/florianhorsefood.nl\/de\/#website","url":"https:\/\/florianhorsefood.nl\/de\/","name":"Florian Horsefood","description":"Back to Basic &amp; Health Protection!","publisher":{"@id":"https:\/\/florianhorsefood.nl\/de\/#organization"},"potentialAction":[{"@type":"SearchAction","target":{"@type":"EntryPoint","urlTemplate":"https:\/\/florianhorsefood.nl\/de\/?s={search_term_string}"},"query-input":{"@type":"PropertyValueSpecification","valueRequired":true,"valueName":"search_term_string"}}],"inLanguage":"de"},{"@type":"Organization","@id":"https:\/\/florianhorsefood.nl\/de\/#organization","name":"Florian Pferdefutter","url":"https:\/\/florianhorsefood.nl\/de\/","logo":{"@type":"ImageObject","inLanguage":"de","@id":"https:\/\/florianhorsefood.nl\/de\/#\/schema\/logo\/image\/","url":"https:\/\/florianhorsefood.nl\/wp-content\/uploads\/2020\/02\/Florian_Horsefood_liggend_RGB.png","contentUrl":"https:\/\/florianhorsefood.nl\/wp-content\/uploads\/2020\/02\/Florian_Horsefood_liggend_RGB.png","width":1044,"height":393,"caption":"Florian Pferdefutter"},"image":{"@id":"https:\/\/florianhorsefood.nl\/de\/#\/schema\/logo\/image\/"},"sameAs":["https:\/\/www.linkedin.com\/company\/florian-horsefood\/about\/"]}]}},"_links":{"self":[{"href":"https:\/\/florianhorsefood.nl\/de\/wp-json\/wp\/v2\/product\/12429","targetHints":{"allow":["GET"]}}],"collection":[{"href":"https:\/\/florianhorsefood.nl\/de\/wp-json\/wp\/v2\/product"}],"about":[{"href":"https:\/\/florianhorsefood.nl\/de\/wp-json\/wp\/v2\/types\/product"}],"wp:featuredmedia":[{"embeddable":true,"href":"https:\/\/florianhorsefood.nl\/de\/wp-json\/wp\/v2\/media\/12431"}],"wp:attachment":[{"href":"https:\/\/florianhorsefood.nl\/de\/wp-json\/wp\/v2\/media?parent=12429"}],"wp:term":[{"taxonomy":"product_brand","embeddable":true,"href":"https:\/\/florianhorsefood.nl\/de\/wp-json\/wp\/v2\/product_brand?post=12429"},{"taxonomy":"product_cat","embeddable":true,"href":"https:\/\/florianhorsefood.nl\/de\/wp-json\/wp\/v2\/product_cat?post=12429"},{"taxonomy":"product_tag","embeddable":true,"href":"https:\/\/florianhorsefood.nl\/de\/wp-json\/wp\/v2\/product_tag?post=12429"}],"curies":[{"name":"wp","href":"https:\/\/api.w.org\/{rel}","templated":true}]}}