{"id":12471,"date":"2022-06-10T16:56:59","date_gmt":"2022-06-10T14:56:59","guid":{"rendered":"https:\/\/florianhorsefood.nl\/product\/probe-naechster-aufprall-oerbrok\/"},"modified":"2025-04-18T09:37:28","modified_gmt":"2025-04-18T07:37:28","slug":"probe-naechster-aufprall-oerbrok","status":"publish","type":"product","link":"https:\/\/florianhorsefood.nl\/de\/produkt\/probe-naechster-aufprall-oerbrok\/","title":{"rendered":"Probenbeutel Next Impact Urzeitlicher Brocken"},"content":{"rendered":"<p>Sie m\u00f6chten ein Produkt testen, es riechen, f\u00fchlen&#8230; oder einfach nur sehen, ob Ihr Pferd es mag? Dann ist ein Probebeutel ideal.<\/p>\n<p>Die Next Impact Ur-Pellets sind ideal f\u00fcr Ihre tr\u00e4chtige Stute ab dem letzten Trimester der Tr\u00e4chtigkeit, f\u00fcr Ihre laktierende Stute und f\u00fcr Ihr wachsendes Fohlen. Next Impact ist reich an Proteinen und essentiellen Aminos\u00e4uren. Dieser Urbrocken enth\u00e4lt au\u00dferdem hochentwickelte Vitamine und Mineralien zur optimalen Unterst\u00fctzung des Knochenaufbaus.  <\/p>\n<p>Die einzigartige Zusammensetzung der Primal Chunks f\u00f6rdert die Verdauung und da die Primal Chunks besonders gro\u00df sind, wird das Kauen besonders angeregt.<\/p>\n<p>&nbsp;<\/p>\n<p><strong>Florian Oerbrok N\u00e4chste Auswirkung<\/strong><\/p>\n<ul>\n<li>Reich an essentiellen Aminos\u00e4uren und Eiwei\u00df<\/li>\n<li>Sowohl f\u00fcr die Zuchtstute als auch f\u00fcr das Fohlen<\/li>\n<li>Ausgew\u00e4hlte Vitamine und Mineralien zur Unterst\u00fctzung der Knochenbildung<\/li>\n<\/ul>\n<h3>F\u00fctterungshinweise:<\/h3>\n<ul>\n<li>9-11 Monate der Tr\u00e4chtigkeit: ca. 300 Gramm pro 100 kg K\u00f6rpergewicht pro Tag<\/li>\n<li>In den ersten 4 Monaten der Laktation: ca. 500 Gramm pro 100 kg K\u00f6rpergewicht<\/li>\n<li>Im ersten 5. und 6. Monat der Laktation: ca. 300 Gramm pro 100 kg K\u00f6rpergewicht<\/li>\n<li>Fohlen bis zu einem Alter von 1 Jahr: ca. 350 Gramm pro 100 kg K\u00f6rpergewicht pro Tag<\/li>\n<\/ul>\n<p>&nbsp;<\/p>\n","protected":false},"excerpt":{"rendered":"<p><strong><span style=\"color: #8bc63e;\">Testen!<br \/>\n<\/span><\/strong>M\u00f6chten Sie ein Produkt testen, es riechen, f\u00fchlen&#8230; oder einfach nur sehen, ob Ihr Pferd es mag? Dann ist ein Probebeutel ideal.<\/p>\n<p><strong><span style=\"color: #8bc63e;\">Kombi-Rabatt<br \/>\n<\/span><\/strong>Drei verschiedene Probenbeutel kosten 3,99 \u20ac. Der Rabatt wird automatisch im Einkaufskorb verrechnet.<\/p>\n<p><strong><span style=\"color: #8bc63e;\">Inhalt: ca. 200 g<\/span><\/strong><\/p>\n","protected":false},"featured_media":20144,"template":"","meta":[],"product_brand":[],"product_cat":[116,401],"product_tag":[46,112],"class_list":{"0":"post-12471","1":"product","2":"type-product","3":"status-publish","4":"has-post-thumbnail","6":"product_cat-samples","7":"product_cat-oerbrok","8":"product_tag-kleine-verpakking","9":"product_tag-samplezakjes","11":"first","12":"instock","13":"taxable","14":"shipping-taxable","15":"purchasable","16":"product-type-simple"},"bundled_by":[],"bundle_stock_status":"instock","bundle_stock_quantity":null,"bundle_virtual":false,"bundle_layout":"","bundle_add_to_cart_form_location":"","bundle_editable_in_cart":false,"bundle_sold_individually_context":"","bundle_item_grouping":"","bundle_min_size":"","bundle_max_size":"","bundle_price":[],"bundled_items":[],"bundle_sell_ids":[],"yoast_head":"<!-- This site is optimized with the Yoast SEO plugin v27.3 - https:\/\/yoast.com\/product\/yoast-seo-wordpress\/ -->\n<title>Probenbeutel Next Impact Urzeitlicher Brocken - Florian Horsefood<\/title>\n<meta name=\"description\" content=\"Die Next Impact Ur-Pellets enthalten viel Eiwei\u00df und sind ideal f\u00fcr Ihre tr\u00e4chtige Stute und ein wachsendes Fohlen.\" \/>\n<meta name=\"robots\" content=\"index, follow, max-snippet:-1, max-image-preview:large, max-video-preview:-1\" \/>\n<link rel=\"canonical\" href=\"https:\/\/florianhorsefood.nl\/de\/produkt\/probe-naechster-aufprall-oerbrok\/\" \/>\n<meta property=\"og:locale\" content=\"de_DE\" \/>\n<meta property=\"og:type\" content=\"article\" \/>\n<meta property=\"og:title\" content=\"Probenbeutel Next Impact Urzeitlicher Brocken - Florian Horsefood\" \/>\n<meta property=\"og:description\" content=\"Die Next Impact Ur-Pellets enthalten viel Eiwei\u00df und sind ideal f\u00fcr Ihre tr\u00e4chtige Stute und ein wachsendes Fohlen.\" \/>\n<meta property=\"og:url\" content=\"https:\/\/florianhorsefood.nl\/de\/produkt\/probe-naechster-aufprall-oerbrok\/\" \/>\n<meta property=\"og:site_name\" content=\"Florian Horsefood\" \/>\n<meta property=\"article:modified_time\" content=\"2025-04-18T07:37:28+00:00\" \/>\n<meta property=\"og:image\" content=\"https:\/\/florianhorsefood.nl\/wp-content\/uploads\/2023\/02\/florian-horsefood-next-gen-oerbrok-sample-1.jpg\" \/>\n\t<meta property=\"og:image:width\" content=\"2222\" \/>\n\t<meta property=\"og:image:height\" content=\"2222\" \/>\n\t<meta property=\"og:image:type\" content=\"image\/jpeg\" \/>\n<meta name=\"twitter:card\" content=\"summary_large_image\" \/>\n<meta name=\"twitter:label1\" content=\"Gesch\u00e4tzte Lesezeit\" \/>\n\t<meta name=\"twitter:data1\" content=\"1\u00a0Minute\" \/>\n<script type=\"application\/ld+json\" class=\"yoast-schema-graph\">{\"@context\":\"https:\\\/\\\/schema.org\",\"@graph\":[{\"@type\":\"WebPage\",\"@id\":\"https:\\\/\\\/florianhorsefood.nl\\\/de\\\/produkt\\\/probe-naechster-aufprall-oerbrok\\\/\",\"url\":\"https:\\\/\\\/florianhorsefood.nl\\\/de\\\/produkt\\\/probe-naechster-aufprall-oerbrok\\\/\",\"name\":\"Probenbeutel Next Impact Urzeitlicher Brocken - Florian Horsefood\",\"isPartOf\":{\"@id\":\"https:\\\/\\\/florianhorsefood.nl\\\/de\\\/#website\"},\"primaryImageOfPage\":{\"@id\":\"https:\\\/\\\/florianhorsefood.nl\\\/de\\\/produkt\\\/probe-naechster-aufprall-oerbrok\\\/#primaryimage\"},\"image\":{\"@id\":\"https:\\\/\\\/florianhorsefood.nl\\\/de\\\/produkt\\\/probe-naechster-aufprall-oerbrok\\\/#primaryimage\"},\"thumbnailUrl\":\"https:\\\/\\\/florianhorsefood.nl\\\/wp-content\\\/uploads\\\/2025\\\/11\\\/florian-horsefood-sample-zakje-next-impact.webp\",\"datePublished\":\"2022-06-10T14:56:59+00:00\",\"dateModified\":\"2025-04-18T07:37:28+00:00\",\"description\":\"Die Next Impact Ur-Pellets enthalten viel Eiwei\u00df und sind ideal f\u00fcr Ihre tr\u00e4chtige Stute und ein wachsendes Fohlen.\",\"breadcrumb\":{\"@id\":\"https:\\\/\\\/florianhorsefood.nl\\\/de\\\/produkt\\\/probe-naechster-aufprall-oerbrok\\\/#breadcrumb\"},\"inLanguage\":\"de\",\"potentialAction\":[{\"@type\":\"ReadAction\",\"target\":[\"https:\\\/\\\/florianhorsefood.nl\\\/de\\\/produkt\\\/probe-naechster-aufprall-oerbrok\\\/\"]}]},{\"@type\":\"ImageObject\",\"inLanguage\":\"de\",\"@id\":\"https:\\\/\\\/florianhorsefood.nl\\\/de\\\/produkt\\\/probe-naechster-aufprall-oerbrok\\\/#primaryimage\",\"url\":\"https:\\\/\\\/florianhorsefood.nl\\\/wp-content\\\/uploads\\\/2025\\\/11\\\/florian-horsefood-sample-zakje-next-impact.webp\",\"contentUrl\":\"https:\\\/\\\/florianhorsefood.nl\\\/wp-content\\\/uploads\\\/2025\\\/11\\\/florian-horsefood-sample-zakje-next-impact.webp\",\"width\":2222,\"height\":2222},{\"@type\":\"BreadcrumbList\",\"@id\":\"https:\\\/\\\/florianhorsefood.nl\\\/de\\\/produkt\\\/probe-naechster-aufprall-oerbrok\\\/#breadcrumb\",\"itemListElement\":[{\"@type\":\"ListItem\",\"position\":1,\"name\":\"Startseite\",\"item\":\"https:\\\/\\\/florianhorsefood.nl\\\/de\\\/startseite\\\/\"},{\"@type\":\"ListItem\",\"position\":2,\"name\":\"Shop\",\"item\":\"https:\\\/\\\/florianhorsefood.nl\\\/shop\\\/\"},{\"@type\":\"ListItem\",\"position\":3,\"name\":\"Probenbeutel Next Impact Urzeitlicher Brocken\"}]},{\"@type\":\"WebSite\",\"@id\":\"https:\\\/\\\/florianhorsefood.nl\\\/de\\\/#website\",\"url\":\"https:\\\/\\\/florianhorsefood.nl\\\/de\\\/\",\"name\":\"Florian Horsefood\",\"description\":\"Back to Basic &amp; Health Protection!\",\"publisher\":{\"@id\":\"https:\\\/\\\/florianhorsefood.nl\\\/de\\\/#organization\"},\"potentialAction\":[{\"@type\":\"SearchAction\",\"target\":{\"@type\":\"EntryPoint\",\"urlTemplate\":\"https:\\\/\\\/florianhorsefood.nl\\\/de\\\/?s={search_term_string}\"},\"query-input\":{\"@type\":\"PropertyValueSpecification\",\"valueRequired\":true,\"valueName\":\"search_term_string\"}}],\"inLanguage\":\"de\"},{\"@type\":\"Organization\",\"@id\":\"https:\\\/\\\/florianhorsefood.nl\\\/de\\\/#organization\",\"name\":\"Florian Pferdefutter\",\"url\":\"https:\\\/\\\/florianhorsefood.nl\\\/de\\\/\",\"logo\":{\"@type\":\"ImageObject\",\"inLanguage\":\"de\",\"@id\":\"https:\\\/\\\/florianhorsefood.nl\\\/de\\\/#\\\/schema\\\/logo\\\/image\\\/\",\"url\":\"https:\\\/\\\/florianhorsefood.nl\\\/wp-content\\\/uploads\\\/2020\\\/02\\\/Florian_Horsefood_liggend_RGB.png\",\"contentUrl\":\"https:\\\/\\\/florianhorsefood.nl\\\/wp-content\\\/uploads\\\/2020\\\/02\\\/Florian_Horsefood_liggend_RGB.png\",\"width\":1044,\"height\":393,\"caption\":\"Florian Pferdefutter\"},\"image\":{\"@id\":\"https:\\\/\\\/florianhorsefood.nl\\\/de\\\/#\\\/schema\\\/logo\\\/image\\\/\"},\"sameAs\":[\"https:\\\/\\\/www.linkedin.com\\\/company\\\/florian-horsefood\\\/about\\\/\"]}]}<\/script>\n<!-- \/ Yoast SEO plugin. -->","yoast_head_json":{"title":"Probenbeutel Next Impact Urzeitlicher Brocken - Florian Horsefood","description":"Die Next Impact Ur-Pellets enthalten viel Eiwei\u00df und sind ideal f\u00fcr Ihre tr\u00e4chtige Stute und ein wachsendes Fohlen.","robots":{"index":"index","follow":"follow","max-snippet":"max-snippet:-1","max-image-preview":"max-image-preview:large","max-video-preview":"max-video-preview:-1"},"canonical":"https:\/\/florianhorsefood.nl\/de\/produkt\/probe-naechster-aufprall-oerbrok\/","og_locale":"de_DE","og_type":"article","og_title":"Probenbeutel Next Impact Urzeitlicher Brocken - Florian Horsefood","og_description":"Die Next Impact Ur-Pellets enthalten viel Eiwei\u00df und sind ideal f\u00fcr Ihre tr\u00e4chtige Stute und ein wachsendes Fohlen.","og_url":"https:\/\/florianhorsefood.nl\/de\/produkt\/probe-naechster-aufprall-oerbrok\/","og_site_name":"Florian Horsefood","article_modified_time":"2025-04-18T07:37:28+00:00","og_image":[{"width":2222,"height":2222,"url":"https:\/\/florianhorsefood.nl\/wp-content\/uploads\/2023\/02\/florian-horsefood-next-gen-oerbrok-sample-1.jpg","type":"image\/jpeg"}],"twitter_card":"summary_large_image","twitter_misc":{"Gesch\u00e4tzte Lesezeit":"1\u00a0Minute"},"schema":{"@context":"https:\/\/schema.org","@graph":[{"@type":"WebPage","@id":"https:\/\/florianhorsefood.nl\/de\/produkt\/probe-naechster-aufprall-oerbrok\/","url":"https:\/\/florianhorsefood.nl\/de\/produkt\/probe-naechster-aufprall-oerbrok\/","name":"Probenbeutel Next Impact Urzeitlicher Brocken - Florian Horsefood","isPartOf":{"@id":"https:\/\/florianhorsefood.nl\/de\/#website"},"primaryImageOfPage":{"@id":"https:\/\/florianhorsefood.nl\/de\/produkt\/probe-naechster-aufprall-oerbrok\/#primaryimage"},"image":{"@id":"https:\/\/florianhorsefood.nl\/de\/produkt\/probe-naechster-aufprall-oerbrok\/#primaryimage"},"thumbnailUrl":"https:\/\/florianhorsefood.nl\/wp-content\/uploads\/2025\/11\/florian-horsefood-sample-zakje-next-impact.webp","datePublished":"2022-06-10T14:56:59+00:00","dateModified":"2025-04-18T07:37:28+00:00","description":"Die Next Impact Ur-Pellets enthalten viel Eiwei\u00df und sind ideal f\u00fcr Ihre tr\u00e4chtige Stute und ein wachsendes Fohlen.","breadcrumb":{"@id":"https:\/\/florianhorsefood.nl\/de\/produkt\/probe-naechster-aufprall-oerbrok\/#breadcrumb"},"inLanguage":"de","potentialAction":[{"@type":"ReadAction","target":["https:\/\/florianhorsefood.nl\/de\/produkt\/probe-naechster-aufprall-oerbrok\/"]}]},{"@type":"ImageObject","inLanguage":"de","@id":"https:\/\/florianhorsefood.nl\/de\/produkt\/probe-naechster-aufprall-oerbrok\/#primaryimage","url":"https:\/\/florianhorsefood.nl\/wp-content\/uploads\/2025\/11\/florian-horsefood-sample-zakje-next-impact.webp","contentUrl":"https:\/\/florianhorsefood.nl\/wp-content\/uploads\/2025\/11\/florian-horsefood-sample-zakje-next-impact.webp","width":2222,"height":2222},{"@type":"BreadcrumbList","@id":"https:\/\/florianhorsefood.nl\/de\/produkt\/probe-naechster-aufprall-oerbrok\/#breadcrumb","itemListElement":[{"@type":"ListItem","position":1,"name":"Startseite","item":"https:\/\/florianhorsefood.nl\/de\/startseite\/"},{"@type":"ListItem","position":2,"name":"Shop","item":"https:\/\/florianhorsefood.nl\/shop\/"},{"@type":"ListItem","position":3,"name":"Probenbeutel Next Impact Urzeitlicher Brocken"}]},{"@type":"WebSite","@id":"https:\/\/florianhorsefood.nl\/de\/#website","url":"https:\/\/florianhorsefood.nl\/de\/","name":"Florian Horsefood","description":"Back to Basic &amp; Health Protection!","publisher":{"@id":"https:\/\/florianhorsefood.nl\/de\/#organization"},"potentialAction":[{"@type":"SearchAction","target":{"@type":"EntryPoint","urlTemplate":"https:\/\/florianhorsefood.nl\/de\/?s={search_term_string}"},"query-input":{"@type":"PropertyValueSpecification","valueRequired":true,"valueName":"search_term_string"}}],"inLanguage":"de"},{"@type":"Organization","@id":"https:\/\/florianhorsefood.nl\/de\/#organization","name":"Florian Pferdefutter","url":"https:\/\/florianhorsefood.nl\/de\/","logo":{"@type":"ImageObject","inLanguage":"de","@id":"https:\/\/florianhorsefood.nl\/de\/#\/schema\/logo\/image\/","url":"https:\/\/florianhorsefood.nl\/wp-content\/uploads\/2020\/02\/Florian_Horsefood_liggend_RGB.png","contentUrl":"https:\/\/florianhorsefood.nl\/wp-content\/uploads\/2020\/02\/Florian_Horsefood_liggend_RGB.png","width":1044,"height":393,"caption":"Florian Pferdefutter"},"image":{"@id":"https:\/\/florianhorsefood.nl\/de\/#\/schema\/logo\/image\/"},"sameAs":["https:\/\/www.linkedin.com\/company\/florian-horsefood\/about\/"]}]}},"_links":{"self":[{"href":"https:\/\/florianhorsefood.nl\/de\/wp-json\/wp\/v2\/product\/12471","targetHints":{"allow":["GET"]}}],"collection":[{"href":"https:\/\/florianhorsefood.nl\/de\/wp-json\/wp\/v2\/product"}],"about":[{"href":"https:\/\/florianhorsefood.nl\/de\/wp-json\/wp\/v2\/types\/product"}],"wp:featuredmedia":[{"embeddable":true,"href":"https:\/\/florianhorsefood.nl\/de\/wp-json\/wp\/v2\/media\/20144"}],"wp:attachment":[{"href":"https:\/\/florianhorsefood.nl\/de\/wp-json\/wp\/v2\/media?parent=12471"}],"wp:term":[{"taxonomy":"product_brand","embeddable":true,"href":"https:\/\/florianhorsefood.nl\/de\/wp-json\/wp\/v2\/product_brand?post=12471"},{"taxonomy":"product_cat","embeddable":true,"href":"https:\/\/florianhorsefood.nl\/de\/wp-json\/wp\/v2\/product_cat?post=12471"},{"taxonomy":"product_tag","embeddable":true,"href":"https:\/\/florianhorsefood.nl\/de\/wp-json\/wp\/v2\/product_tag?post=12471"}],"curies":[{"name":"wp","href":"https:\/\/api.w.org\/{rel}","templated":true}]}}