{"id":12487,"date":"2022-06-10T17:23:51","date_gmt":"2022-06-10T15:23:51","guid":{"rendered":"https:\/\/florianhorsefood.nl\/product\/muster-easy-impact-oerbrok\/"},"modified":"2025-05-23T16:27:06","modified_gmt":"2025-05-23T14:27:06","slug":"muster-easy-impact-oerbrok","status":"publish","type":"product","link":"https:\/\/florianhorsefood.nl\/de\/produkt\/muster-easy-impact-oerbrok\/","title":{"rendered":"Probenbeutel Easy Impact Urzeitlicher Brocken"},"content":{"rendered":"<p>Sie m\u00f6chten ein Produkt testen, es riechen, f\u00fchlen&#8230; oder einfach nur sehen, ob Ihr Pferd es mag? Dann ist ein Probebeutel ideal.<\/p>\n<p>Das Florian Easy Impact ist ein ballaststoff- und proteinreiches Urfutter mit essentiellen Aminos\u00e4uren. Dieses Urfutter ist reich an Luzerne und enth\u00e4lt alle Vitamine und Mineralien, die ein Pferd braucht. Es ist besonders f\u00fcr stressempfindliche und junge Pferde geeignet. <\/p>\n<p>Die einzigartige Zusammensetzung der Primal Chunks f\u00f6rdert die Verdauung und da die Primal Chunks besonders gro\u00df sind, wird das Kauen besonders angeregt.<\/p>\n<p>&nbsp;<\/p>\n<p><strong>Florian Oerbrok Einfacher Aufschlag<\/strong><\/p>\n<ul>\n<li>F\u00fcr stressempfindliche (Sport-)Pferde<\/li>\n<li>Unterst\u00fctzt die Stallentwicklung bei jungen Pferden<\/li>\n<li>H\u00e4lt Ihr Pferd auf einem angenehmen Gewicht<\/li>\n<li>Ein urspr\u00fcnglicher (Sport-)Brocken f\u00fcr Kraft und Geschmeidigkeit<\/li>\n<\/ul>\n<h3>F\u00fctterungshinweise:<\/h3>\n<p>Als Grundfutter oder in Kombination mit anderen Kraftfuttermitteln: ca. 125 g pro 100 kg K\u00f6rpergewicht<\/p>\n<p>Als einzige Kraftfutterration:<\/p>\n<p>- Bei leichter bis m\u00e4\u00dfiger Arbeit: von 150 g bis etwa 250 g pro 100 kg K\u00f6rpergewicht<\/p>\n<p>- Bei schwerer bis sehr schwerer Arbeit: von 300 g bis etwa 500 g pro 100 kg K\u00f6rpergewicht<\/p>\n<p>&nbsp;<\/p>\n<p>&nbsp;<\/p>\n","protected":false},"excerpt":{"rendered":"<p><strong><span style=\"color: #8bc63e;\">Testen!<br \/>\n<\/span><\/strong>M\u00f6chten Sie ein Produkt testen, es riechen, f\u00fchlen&#8230; oder einfach nur sehen, ob Ihr Pferd es mag? Dann ist ein Probebeutel ideal.<\/p>\n<p><strong><span style=\"color: #8bc63e;\">Kombi-Rabatt<br \/>\n<\/span><\/strong>Drei verschiedene Probenbeutel kosten 3,99 \u20ac. Der Rabatt wird automatisch im Einkaufskorb verrechnet.<\/p>\n<p><strong><span style=\"color: #8bc63e;\">Inhalt: ca. 200 g<\/span><\/strong><\/p>\n","protected":false},"featured_media":20123,"template":"","meta":[],"product_brand":[],"product_cat":[116,401],"product_tag":[46,112],"class_list":{"0":"post-12487","1":"product","2":"type-product","3":"status-publish","4":"has-post-thumbnail","6":"product_cat-samples","7":"product_cat-oerbrok","8":"product_tag-kleine-verpakking","9":"product_tag-samplezakjes","10":"product_shipping_class-pakketpost","12":"first","13":"instock","14":"taxable","15":"shipping-taxable","16":"purchasable","17":"product-type-simple"},"bundled_by":[],"bundle_stock_status":"instock","bundle_stock_quantity":null,"bundle_virtual":false,"bundle_layout":"","bundle_add_to_cart_form_location":"","bundle_editable_in_cart":false,"bundle_sold_individually_context":"","bundle_item_grouping":"","bundle_min_size":"","bundle_max_size":"","bundle_price":[],"bundled_items":[],"bundle_sell_ids":[],"yoast_head":"<!-- This site is optimized with the Yoast SEO plugin v27.3 - https:\/\/yoast.com\/product\/yoast-seo-wordpress\/ -->\n<title>Probenbeutel Easy Impact Urzeitlicher Brocken - Florian Horsefood<\/title>\n<meta name=\"description\" content=\"Easy Impact wurde speziell f\u00fcr stressempfindliche und junge Pferde entwickelt. Der urspr\u00fcngliche Brocken unterst\u00fctzt ein ruhiges und stabiles Wachstum.\" \/>\n<meta name=\"robots\" content=\"index, follow, max-snippet:-1, max-image-preview:large, max-video-preview:-1\" \/>\n<link rel=\"canonical\" href=\"https:\/\/florianhorsefood.nl\/de\/produkt\/muster-easy-impact-oerbrok\/\" \/>\n<meta property=\"og:locale\" content=\"de_DE\" \/>\n<meta property=\"og:type\" content=\"article\" \/>\n<meta property=\"og:title\" content=\"Probenbeutel Easy Impact Urzeitlicher Brocken - Florian Horsefood\" \/>\n<meta property=\"og:description\" content=\"Easy Impact wurde speziell f\u00fcr stressempfindliche und junge Pferde entwickelt. Der urspr\u00fcngliche Brocken unterst\u00fctzt ein ruhiges und stabiles Wachstum.\" \/>\n<meta property=\"og:url\" content=\"https:\/\/florianhorsefood.nl\/de\/produkt\/muster-easy-impact-oerbrok\/\" \/>\n<meta property=\"og:site_name\" content=\"Florian Horsefood\" \/>\n<meta property=\"article:modified_time\" content=\"2025-05-23T14:27:06+00:00\" \/>\n<meta property=\"og:image\" content=\"https:\/\/florianhorsefood.nl\/wp-content\/uploads\/2023\/02\/florian-horsefood-easy-impact-oerbrok-sample-1.jpg\" \/>\n\t<meta property=\"og:image:width\" content=\"2222\" \/>\n\t<meta property=\"og:image:height\" content=\"2222\" \/>\n\t<meta property=\"og:image:type\" content=\"image\/jpeg\" \/>\n<meta name=\"twitter:card\" content=\"summary_large_image\" \/>\n<meta name=\"twitter:label1\" content=\"Gesch\u00e4tzte Lesezeit\" \/>\n\t<meta name=\"twitter:data1\" content=\"1\u00a0Minute\" \/>\n<script type=\"application\/ld+json\" class=\"yoast-schema-graph\">{\"@context\":\"https:\\\/\\\/schema.org\",\"@graph\":[{\"@type\":\"WebPage\",\"@id\":\"https:\\\/\\\/florianhorsefood.nl\\\/de\\\/produkt\\\/muster-easy-impact-oerbrok\\\/\",\"url\":\"https:\\\/\\\/florianhorsefood.nl\\\/de\\\/produkt\\\/muster-easy-impact-oerbrok\\\/\",\"name\":\"Probenbeutel Easy Impact Urzeitlicher Brocken - Florian Horsefood\",\"isPartOf\":{\"@id\":\"https:\\\/\\\/florianhorsefood.nl\\\/de\\\/#website\"},\"primaryImageOfPage\":{\"@id\":\"https:\\\/\\\/florianhorsefood.nl\\\/de\\\/produkt\\\/muster-easy-impact-oerbrok\\\/#primaryimage\"},\"image\":{\"@id\":\"https:\\\/\\\/florianhorsefood.nl\\\/de\\\/produkt\\\/muster-easy-impact-oerbrok\\\/#primaryimage\"},\"thumbnailUrl\":\"https:\\\/\\\/florianhorsefood.nl\\\/wp-content\\\/uploads\\\/2025\\\/11\\\/florian-horsefood-sample-zakje-easy-impact.webp\",\"datePublished\":\"2022-06-10T15:23:51+00:00\",\"dateModified\":\"2025-05-23T14:27:06+00:00\",\"description\":\"Easy Impact wurde speziell f\u00fcr stressempfindliche und junge Pferde entwickelt. Der urspr\u00fcngliche Brocken unterst\u00fctzt ein ruhiges und stabiles Wachstum.\",\"breadcrumb\":{\"@id\":\"https:\\\/\\\/florianhorsefood.nl\\\/de\\\/produkt\\\/muster-easy-impact-oerbrok\\\/#breadcrumb\"},\"inLanguage\":\"de\",\"potentialAction\":[{\"@type\":\"ReadAction\",\"target\":[\"https:\\\/\\\/florianhorsefood.nl\\\/de\\\/produkt\\\/muster-easy-impact-oerbrok\\\/\"]}]},{\"@type\":\"ImageObject\",\"inLanguage\":\"de\",\"@id\":\"https:\\\/\\\/florianhorsefood.nl\\\/de\\\/produkt\\\/muster-easy-impact-oerbrok\\\/#primaryimage\",\"url\":\"https:\\\/\\\/florianhorsefood.nl\\\/wp-content\\\/uploads\\\/2025\\\/11\\\/florian-horsefood-sample-zakje-easy-impact.webp\",\"contentUrl\":\"https:\\\/\\\/florianhorsefood.nl\\\/wp-content\\\/uploads\\\/2025\\\/11\\\/florian-horsefood-sample-zakje-easy-impact.webp\",\"width\":2222,\"height\":2222},{\"@type\":\"BreadcrumbList\",\"@id\":\"https:\\\/\\\/florianhorsefood.nl\\\/de\\\/produkt\\\/muster-easy-impact-oerbrok\\\/#breadcrumb\",\"itemListElement\":[{\"@type\":\"ListItem\",\"position\":1,\"name\":\"Startseite\",\"item\":\"https:\\\/\\\/florianhorsefood.nl\\\/de\\\/startseite\\\/\"},{\"@type\":\"ListItem\",\"position\":2,\"name\":\"Shop\",\"item\":\"https:\\\/\\\/florianhorsefood.nl\\\/shop\\\/\"},{\"@type\":\"ListItem\",\"position\":3,\"name\":\"Probenbeutel Easy Impact Urzeitlicher Brocken\"}]},{\"@type\":\"WebSite\",\"@id\":\"https:\\\/\\\/florianhorsefood.nl\\\/de\\\/#website\",\"url\":\"https:\\\/\\\/florianhorsefood.nl\\\/de\\\/\",\"name\":\"Florian Horsefood\",\"description\":\"Back to Basic &amp; Health Protection!\",\"publisher\":{\"@id\":\"https:\\\/\\\/florianhorsefood.nl\\\/de\\\/#organization\"},\"potentialAction\":[{\"@type\":\"SearchAction\",\"target\":{\"@type\":\"EntryPoint\",\"urlTemplate\":\"https:\\\/\\\/florianhorsefood.nl\\\/de\\\/?s={search_term_string}\"},\"query-input\":{\"@type\":\"PropertyValueSpecification\",\"valueRequired\":true,\"valueName\":\"search_term_string\"}}],\"inLanguage\":\"de\"},{\"@type\":\"Organization\",\"@id\":\"https:\\\/\\\/florianhorsefood.nl\\\/de\\\/#organization\",\"name\":\"Florian Pferdefutter\",\"url\":\"https:\\\/\\\/florianhorsefood.nl\\\/de\\\/\",\"logo\":{\"@type\":\"ImageObject\",\"inLanguage\":\"de\",\"@id\":\"https:\\\/\\\/florianhorsefood.nl\\\/de\\\/#\\\/schema\\\/logo\\\/image\\\/\",\"url\":\"https:\\\/\\\/florianhorsefood.nl\\\/wp-content\\\/uploads\\\/2020\\\/02\\\/Florian_Horsefood_liggend_RGB.png\",\"contentUrl\":\"https:\\\/\\\/florianhorsefood.nl\\\/wp-content\\\/uploads\\\/2020\\\/02\\\/Florian_Horsefood_liggend_RGB.png\",\"width\":1044,\"height\":393,\"caption\":\"Florian Pferdefutter\"},\"image\":{\"@id\":\"https:\\\/\\\/florianhorsefood.nl\\\/de\\\/#\\\/schema\\\/logo\\\/image\\\/\"},\"sameAs\":[\"https:\\\/\\\/www.linkedin.com\\\/company\\\/florian-horsefood\\\/about\\\/\"]}]}<\/script>\n<!-- \/ Yoast SEO plugin. -->","yoast_head_json":{"title":"Probenbeutel Easy Impact Urzeitlicher Brocken - Florian Horsefood","description":"Easy Impact wurde speziell f\u00fcr stressempfindliche und junge Pferde entwickelt. Der urspr\u00fcngliche Brocken unterst\u00fctzt ein ruhiges und stabiles Wachstum.","robots":{"index":"index","follow":"follow","max-snippet":"max-snippet:-1","max-image-preview":"max-image-preview:large","max-video-preview":"max-video-preview:-1"},"canonical":"https:\/\/florianhorsefood.nl\/de\/produkt\/muster-easy-impact-oerbrok\/","og_locale":"de_DE","og_type":"article","og_title":"Probenbeutel Easy Impact Urzeitlicher Brocken - Florian Horsefood","og_description":"Easy Impact wurde speziell f\u00fcr stressempfindliche und junge Pferde entwickelt. Der urspr\u00fcngliche Brocken unterst\u00fctzt ein ruhiges und stabiles Wachstum.","og_url":"https:\/\/florianhorsefood.nl\/de\/produkt\/muster-easy-impact-oerbrok\/","og_site_name":"Florian Horsefood","article_modified_time":"2025-05-23T14:27:06+00:00","og_image":[{"width":2222,"height":2222,"url":"https:\/\/florianhorsefood.nl\/wp-content\/uploads\/2023\/02\/florian-horsefood-easy-impact-oerbrok-sample-1.jpg","type":"image\/jpeg"}],"twitter_card":"summary_large_image","twitter_misc":{"Gesch\u00e4tzte Lesezeit":"1\u00a0Minute"},"schema":{"@context":"https:\/\/schema.org","@graph":[{"@type":"WebPage","@id":"https:\/\/florianhorsefood.nl\/de\/produkt\/muster-easy-impact-oerbrok\/","url":"https:\/\/florianhorsefood.nl\/de\/produkt\/muster-easy-impact-oerbrok\/","name":"Probenbeutel Easy Impact Urzeitlicher Brocken - Florian Horsefood","isPartOf":{"@id":"https:\/\/florianhorsefood.nl\/de\/#website"},"primaryImageOfPage":{"@id":"https:\/\/florianhorsefood.nl\/de\/produkt\/muster-easy-impact-oerbrok\/#primaryimage"},"image":{"@id":"https:\/\/florianhorsefood.nl\/de\/produkt\/muster-easy-impact-oerbrok\/#primaryimage"},"thumbnailUrl":"https:\/\/florianhorsefood.nl\/wp-content\/uploads\/2025\/11\/florian-horsefood-sample-zakje-easy-impact.webp","datePublished":"2022-06-10T15:23:51+00:00","dateModified":"2025-05-23T14:27:06+00:00","description":"Easy Impact wurde speziell f\u00fcr stressempfindliche und junge Pferde entwickelt. Der urspr\u00fcngliche Brocken unterst\u00fctzt ein ruhiges und stabiles Wachstum.","breadcrumb":{"@id":"https:\/\/florianhorsefood.nl\/de\/produkt\/muster-easy-impact-oerbrok\/#breadcrumb"},"inLanguage":"de","potentialAction":[{"@type":"ReadAction","target":["https:\/\/florianhorsefood.nl\/de\/produkt\/muster-easy-impact-oerbrok\/"]}]},{"@type":"ImageObject","inLanguage":"de","@id":"https:\/\/florianhorsefood.nl\/de\/produkt\/muster-easy-impact-oerbrok\/#primaryimage","url":"https:\/\/florianhorsefood.nl\/wp-content\/uploads\/2025\/11\/florian-horsefood-sample-zakje-easy-impact.webp","contentUrl":"https:\/\/florianhorsefood.nl\/wp-content\/uploads\/2025\/11\/florian-horsefood-sample-zakje-easy-impact.webp","width":2222,"height":2222},{"@type":"BreadcrumbList","@id":"https:\/\/florianhorsefood.nl\/de\/produkt\/muster-easy-impact-oerbrok\/#breadcrumb","itemListElement":[{"@type":"ListItem","position":1,"name":"Startseite","item":"https:\/\/florianhorsefood.nl\/de\/startseite\/"},{"@type":"ListItem","position":2,"name":"Shop","item":"https:\/\/florianhorsefood.nl\/shop\/"},{"@type":"ListItem","position":3,"name":"Probenbeutel Easy Impact Urzeitlicher Brocken"}]},{"@type":"WebSite","@id":"https:\/\/florianhorsefood.nl\/de\/#website","url":"https:\/\/florianhorsefood.nl\/de\/","name":"Florian Horsefood","description":"Back to Basic &amp; Health Protection!","publisher":{"@id":"https:\/\/florianhorsefood.nl\/de\/#organization"},"potentialAction":[{"@type":"SearchAction","target":{"@type":"EntryPoint","urlTemplate":"https:\/\/florianhorsefood.nl\/de\/?s={search_term_string}"},"query-input":{"@type":"PropertyValueSpecification","valueRequired":true,"valueName":"search_term_string"}}],"inLanguage":"de"},{"@type":"Organization","@id":"https:\/\/florianhorsefood.nl\/de\/#organization","name":"Florian Pferdefutter","url":"https:\/\/florianhorsefood.nl\/de\/","logo":{"@type":"ImageObject","inLanguage":"de","@id":"https:\/\/florianhorsefood.nl\/de\/#\/schema\/logo\/image\/","url":"https:\/\/florianhorsefood.nl\/wp-content\/uploads\/2020\/02\/Florian_Horsefood_liggend_RGB.png","contentUrl":"https:\/\/florianhorsefood.nl\/wp-content\/uploads\/2020\/02\/Florian_Horsefood_liggend_RGB.png","width":1044,"height":393,"caption":"Florian Pferdefutter"},"image":{"@id":"https:\/\/florianhorsefood.nl\/de\/#\/schema\/logo\/image\/"},"sameAs":["https:\/\/www.linkedin.com\/company\/florian-horsefood\/about\/"]}]}},"_links":{"self":[{"href":"https:\/\/florianhorsefood.nl\/de\/wp-json\/wp\/v2\/product\/12487","targetHints":{"allow":["GET"]}}],"collection":[{"href":"https:\/\/florianhorsefood.nl\/de\/wp-json\/wp\/v2\/product"}],"about":[{"href":"https:\/\/florianhorsefood.nl\/de\/wp-json\/wp\/v2\/types\/product"}],"wp:featuredmedia":[{"embeddable":true,"href":"https:\/\/florianhorsefood.nl\/de\/wp-json\/wp\/v2\/media\/20123"}],"wp:attachment":[{"href":"https:\/\/florianhorsefood.nl\/de\/wp-json\/wp\/v2\/media?parent=12487"}],"wp:term":[{"taxonomy":"product_brand","embeddable":true,"href":"https:\/\/florianhorsefood.nl\/de\/wp-json\/wp\/v2\/product_brand?post=12487"},{"taxonomy":"product_cat","embeddable":true,"href":"https:\/\/florianhorsefood.nl\/de\/wp-json\/wp\/v2\/product_cat?post=12487"},{"taxonomy":"product_tag","embeddable":true,"href":"https:\/\/florianhorsefood.nl\/de\/wp-json\/wp\/v2\/product_tag?post=12487"}],"curies":[{"name":"wp","href":"https:\/\/api.w.org\/{rel}","templated":true}]}}