{"id":12497,"date":"2022-07-01T11:32:45","date_gmt":"2024-08-16T07:49:53","guid":{"rendered":"https:\/\/florianhorsefood.nl\/product\/muster-reflorish\/"},"modified":"2025-05-23T16:27:53","modified_gmt":"2025-05-23T14:27:53","slug":"muster-reflorish","status":"publish","type":"product","link":"https:\/\/florianhorsefood.nl\/de\/produkt\/muster-reflorish\/","title":{"rendered":"Probenbeutel Reflorish"},"content":{"rendered":"<p>Sie m\u00f6chten ein Produkt testen, es riechen, f\u00fchlen&#8230; oder einfach nur sehen, ob Ihr Pferd es mag? Dann ist ein Probebeutel ideal.<\/p>\n<p>Je nach der Leistung, die Sie von Ihrem Pferd erwarten, kann die Ration aus Heu und Raufuttermischungen erg\u00e4nzt werden. Florian hat zu diesem Zweck innovative Konzentrate und Balancer entwickelt.<\/p>\n<p style=\"text-align: left;\">Florian Reflorish ist ein Erg\u00e4nzungsmittel mit Elektrolyten sowie muskel- und darmunterst\u00fctzenden Inhaltsstoffen. Dieses Erg\u00e4nzungsmittel enth\u00e4lt unter anderem darmsch\u00fctzende Inhaltsstoffe, Elektrolyte und Bikarbonat. <\/p>\n<p style=\"text-align: left;\"><strong><span style=\"color: #8bc63e;\">Elektrolyte<br \/>\n<\/span><\/strong>Bei sportlicher Bet\u00e4tigung kommt es zu einem nat\u00fcrlichen Verlust von Fl\u00fcssigkeit und Elektrolyten durch Schwei\u00df. Diese Elemente sind jedoch f\u00fcr die Gewebereparatur und die ordnungsgem\u00e4\u00dfe Funktion von Muskeln und Nervensystem unerl\u00e4sslich. <\/p>\n<p style=\"text-align: left;\"><strong><span style=\"color: #8bc63e;\">Bikarbonat<br \/>\n<\/span><\/strong>Bikarbonat ist eine bekannte Base, die von Sportlern zunehmend zur Neutralisierung von Milchs\u00e4ure, zur Heilung von Muskelazidose, aber auch zur Vorbeugung von Muskelazidose eingesetzt wird.<\/p>\n<p style=\"text-align: left;\"><strong><span style=\"color: #8bc63e;\">Florian Reflorish:<\/span><\/strong><\/p>\n<ul>\n<li>Brausepulver mit Elektrolyten und muskel- und darmf\u00f6rdernden Inhaltsstoffen<\/li>\n<li>Tr\u00e4gt zur schnellen Erholung nach dem Sport bei<\/li>\n<li>Hilft gegen die \u00dcbers\u00e4uerung der Muskeln<\/li>\n<li>Unterst\u00fctzt und sch\u00fctzt den Darm<\/li>\n<\/ul>\n<p style=\"text-align: left;\"><strong><span style=\"color: #8bc63e;\">F\u00fctterungshinweis:<br \/>\n<\/span><\/strong>L\u00f6sen Sie 1 P\u00e4ckchen Brausepulver in lauwarmem oder kaltem Wasser auf. Reflorish kann mit Brei gegeben werden. <\/p>\n<p style=\"text-align: left;\"><strong>Reflorish ist ein innovatives Erg\u00e4nzungsfuttermittel zur Unterst\u00fctzung der Erholung des Pferdes nach dem Training.  <\/strong><\/p>\n<p style=\"text-align: left;\"><strong><span style=\"color: #8bc63e;\">Mehr Informationen?<\/span><\/strong><\/p>\n<p style=\"text-align: left;\">Lesen Sie mehr in unserem Blog: <a href=\"https:\/\/florianhorsefood.nl\/de\/rest\/superschnelle-erholung\/\"><u>Superschnelle Erholung <\/u><\/a> <\/p>\n","protected":false},"excerpt":{"rendered":"<p>Das Florian Reflorish ist ein Nahrungserg\u00e4nzungsmittel mit Elektrolyten sowie muskel- und darmunterst\u00fctzenden Inhaltsstoffen.<\/p>\n<p>1 Packung Reflorish besteht aus 7 Beuteln Brausepulver, die Sie einfach in lauwarmem oder kaltem Wasser aufl\u00f6sen k\u00f6nnen.<\/p>\n<p><strong><span style=\"color: #8bc63e;\">Inhalt: 1 Beutel \u00e0 50 Gramm<\/span><\/strong><\/p>\n","protected":false},"featured_media":12498,"template":"","meta":[],"product_brand":[],"product_cat":[42,116],"product_tag":[46,112],"class_list":{"0":"post-12497","1":"product","2":"type-product","3":"status-publish","4":"has-post-thumbnail","6":"product_cat-supplementen","7":"product_cat-samples","8":"product_tag-kleine-verpakking","9":"product_tag-samplezakjes","10":"product_shipping_class-pakketpost","12":"first","13":"instock","14":"taxable","15":"shipping-taxable","16":"purchasable","17":"product-type-simple"},"bundled_by":[],"bundle_stock_status":"instock","bundle_stock_quantity":null,"bundle_virtual":false,"bundle_layout":"","bundle_add_to_cart_form_location":"","bundle_editable_in_cart":false,"bundle_sold_individually_context":"","bundle_item_grouping":"","bundle_min_size":"","bundle_max_size":"","bundle_price":[],"bundled_items":[],"bundle_sell_ids":[],"yoast_head":"<!-- This site is optimized with the Yoast SEO plugin v27.3 - https:\/\/yoast.com\/product\/yoast-seo-wordpress\/ -->\n<title>Probenbeutel Reflorish - Florian Horsefood<\/title>\n<meta name=\"description\" content=\"Florian Reflorish ist ein Nahrungserg\u00e4nzungsmittel in Form einer Brausetablette, die Elektrolyte und Inhaltsstoffe zur Unterst\u00fctzung von Muskeln und Darm enth\u00e4lt.\" \/>\n<meta name=\"robots\" content=\"index, follow, max-snippet:-1, max-image-preview:large, max-video-preview:-1\" \/>\n<link rel=\"canonical\" href=\"https:\/\/florianhorsefood.nl\/de\/produkt\/muster-reflorish\/\" \/>\n<meta property=\"og:locale\" content=\"de_DE\" \/>\n<meta property=\"og:type\" content=\"article\" \/>\n<meta property=\"og:title\" content=\"Probenbeutel Reflorish - Florian Horsefood\" \/>\n<meta property=\"og:description\" content=\"Florian Reflorish ist ein Nahrungserg\u00e4nzungsmittel in Form einer Brausetablette, die Elektrolyte und Inhaltsstoffe zur Unterst\u00fctzung von Muskeln und Darm enth\u00e4lt.\" \/>\n<meta property=\"og:url\" content=\"https:\/\/florianhorsefood.nl\/de\/produkt\/muster-reflorish\/\" \/>\n<meta property=\"og:site_name\" content=\"Florian Horsefood\" \/>\n<meta property=\"article:modified_time\" content=\"2025-05-23T14:27:53+00:00\" \/>\n<meta property=\"og:image\" content=\"https:\/\/florianhorsefood.nl\/wp-content\/uploads\/2022\/07\/florian-horsefood-reflorish-sample-supplement-1.jpg\" \/>\n\t<meta property=\"og:image:width\" content=\"2222\" \/>\n\t<meta property=\"og:image:height\" content=\"2222\" \/>\n\t<meta property=\"og:image:type\" content=\"image\/jpeg\" \/>\n<meta name=\"twitter:card\" content=\"summary_large_image\" \/>\n<meta name=\"twitter:label1\" content=\"Gesch\u00e4tzte Lesezeit\" \/>\n\t<meta name=\"twitter:data1\" content=\"1\u00a0Minute\" \/>\n<script type=\"application\/ld+json\" class=\"yoast-schema-graph\">{\"@context\":\"https:\\\/\\\/schema.org\",\"@graph\":[{\"@type\":\"WebPage\",\"@id\":\"https:\\\/\\\/florianhorsefood.nl\\\/de\\\/produkt\\\/muster-reflorish\\\/\",\"url\":\"https:\\\/\\\/florianhorsefood.nl\\\/de\\\/produkt\\\/muster-reflorish\\\/\",\"name\":\"Probenbeutel Reflorish - Florian Horsefood\",\"isPartOf\":{\"@id\":\"https:\\\/\\\/florianhorsefood.nl\\\/de\\\/#website\"},\"primaryImageOfPage\":{\"@id\":\"https:\\\/\\\/florianhorsefood.nl\\\/de\\\/produkt\\\/muster-reflorish\\\/#primaryimage\"},\"image\":{\"@id\":\"https:\\\/\\\/florianhorsefood.nl\\\/de\\\/produkt\\\/muster-reflorish\\\/#primaryimage\"},\"thumbnailUrl\":\"https:\\\/\\\/florianhorsefood.nl\\\/wp-content\\\/uploads\\\/2022\\\/07\\\/florian-horsefood-reflorish-sample-supplement-1.jpg\",\"datePublished\":\"2024-08-16T07:49:53+00:00\",\"dateModified\":\"2025-05-23T14:27:53+00:00\",\"description\":\"Florian Reflorish ist ein Nahrungserg\u00e4nzungsmittel in Form einer Brausetablette, die Elektrolyte und Inhaltsstoffe zur Unterst\u00fctzung von Muskeln und Darm enth\u00e4lt.\",\"breadcrumb\":{\"@id\":\"https:\\\/\\\/florianhorsefood.nl\\\/de\\\/produkt\\\/muster-reflorish\\\/#breadcrumb\"},\"inLanguage\":\"de\",\"potentialAction\":[{\"@type\":\"ReadAction\",\"target\":[\"https:\\\/\\\/florianhorsefood.nl\\\/de\\\/produkt\\\/muster-reflorish\\\/\"]}]},{\"@type\":\"ImageObject\",\"inLanguage\":\"de\",\"@id\":\"https:\\\/\\\/florianhorsefood.nl\\\/de\\\/produkt\\\/muster-reflorish\\\/#primaryimage\",\"url\":\"https:\\\/\\\/florianhorsefood.nl\\\/wp-content\\\/uploads\\\/2022\\\/07\\\/florian-horsefood-reflorish-sample-supplement-1.jpg\",\"contentUrl\":\"https:\\\/\\\/florianhorsefood.nl\\\/wp-content\\\/uploads\\\/2022\\\/07\\\/florian-horsefood-reflorish-sample-supplement-1.jpg\",\"width\":2222,\"height\":2222},{\"@type\":\"BreadcrumbList\",\"@id\":\"https:\\\/\\\/florianhorsefood.nl\\\/de\\\/produkt\\\/muster-reflorish\\\/#breadcrumb\",\"itemListElement\":[{\"@type\":\"ListItem\",\"position\":1,\"name\":\"Startseite\",\"item\":\"https:\\\/\\\/florianhorsefood.nl\\\/de\\\/startseite\\\/\"},{\"@type\":\"ListItem\",\"position\":2,\"name\":\"Shop\",\"item\":\"https:\\\/\\\/florianhorsefood.nl\\\/shop\\\/\"},{\"@type\":\"ListItem\",\"position\":3,\"name\":\"Probenbeutel Reflorish\"}]},{\"@type\":\"WebSite\",\"@id\":\"https:\\\/\\\/florianhorsefood.nl\\\/de\\\/#website\",\"url\":\"https:\\\/\\\/florianhorsefood.nl\\\/de\\\/\",\"name\":\"Florian Horsefood\",\"description\":\"Back to Basic &amp; Health Protection!\",\"publisher\":{\"@id\":\"https:\\\/\\\/florianhorsefood.nl\\\/de\\\/#organization\"},\"potentialAction\":[{\"@type\":\"SearchAction\",\"target\":{\"@type\":\"EntryPoint\",\"urlTemplate\":\"https:\\\/\\\/florianhorsefood.nl\\\/de\\\/?s={search_term_string}\"},\"query-input\":{\"@type\":\"PropertyValueSpecification\",\"valueRequired\":true,\"valueName\":\"search_term_string\"}}],\"inLanguage\":\"de\"},{\"@type\":\"Organization\",\"@id\":\"https:\\\/\\\/florianhorsefood.nl\\\/de\\\/#organization\",\"name\":\"Florian Pferdefutter\",\"url\":\"https:\\\/\\\/florianhorsefood.nl\\\/de\\\/\",\"logo\":{\"@type\":\"ImageObject\",\"inLanguage\":\"de\",\"@id\":\"https:\\\/\\\/florianhorsefood.nl\\\/de\\\/#\\\/schema\\\/logo\\\/image\\\/\",\"url\":\"https:\\\/\\\/florianhorsefood.nl\\\/wp-content\\\/uploads\\\/2020\\\/02\\\/Florian_Horsefood_liggend_RGB.png\",\"contentUrl\":\"https:\\\/\\\/florianhorsefood.nl\\\/wp-content\\\/uploads\\\/2020\\\/02\\\/Florian_Horsefood_liggend_RGB.png\",\"width\":1044,\"height\":393,\"caption\":\"Florian Pferdefutter\"},\"image\":{\"@id\":\"https:\\\/\\\/florianhorsefood.nl\\\/de\\\/#\\\/schema\\\/logo\\\/image\\\/\"},\"sameAs\":[\"https:\\\/\\\/www.linkedin.com\\\/company\\\/florian-horsefood\\\/about\\\/\"]}]}<\/script>\n<!-- \/ Yoast SEO plugin. -->","yoast_head_json":{"title":"Probenbeutel Reflorish - Florian Horsefood","description":"Florian Reflorish ist ein Nahrungserg\u00e4nzungsmittel in Form einer Brausetablette, die Elektrolyte und Inhaltsstoffe zur Unterst\u00fctzung von Muskeln und Darm enth\u00e4lt.","robots":{"index":"index","follow":"follow","max-snippet":"max-snippet:-1","max-image-preview":"max-image-preview:large","max-video-preview":"max-video-preview:-1"},"canonical":"https:\/\/florianhorsefood.nl\/de\/produkt\/muster-reflorish\/","og_locale":"de_DE","og_type":"article","og_title":"Probenbeutel Reflorish - Florian Horsefood","og_description":"Florian Reflorish ist ein Nahrungserg\u00e4nzungsmittel in Form einer Brausetablette, die Elektrolyte und Inhaltsstoffe zur Unterst\u00fctzung von Muskeln und Darm enth\u00e4lt.","og_url":"https:\/\/florianhorsefood.nl\/de\/produkt\/muster-reflorish\/","og_site_name":"Florian Horsefood","article_modified_time":"2025-05-23T14:27:53+00:00","og_image":[{"width":2222,"height":2222,"url":"https:\/\/florianhorsefood.nl\/wp-content\/uploads\/2022\/07\/florian-horsefood-reflorish-sample-supplement-1.jpg","type":"image\/jpeg"}],"twitter_card":"summary_large_image","twitter_misc":{"Gesch\u00e4tzte Lesezeit":"1\u00a0Minute"},"schema":{"@context":"https:\/\/schema.org","@graph":[{"@type":"WebPage","@id":"https:\/\/florianhorsefood.nl\/de\/produkt\/muster-reflorish\/","url":"https:\/\/florianhorsefood.nl\/de\/produkt\/muster-reflorish\/","name":"Probenbeutel Reflorish - Florian Horsefood","isPartOf":{"@id":"https:\/\/florianhorsefood.nl\/de\/#website"},"primaryImageOfPage":{"@id":"https:\/\/florianhorsefood.nl\/de\/produkt\/muster-reflorish\/#primaryimage"},"image":{"@id":"https:\/\/florianhorsefood.nl\/de\/produkt\/muster-reflorish\/#primaryimage"},"thumbnailUrl":"https:\/\/florianhorsefood.nl\/wp-content\/uploads\/2022\/07\/florian-horsefood-reflorish-sample-supplement-1.jpg","datePublished":"2024-08-16T07:49:53+00:00","dateModified":"2025-05-23T14:27:53+00:00","description":"Florian Reflorish ist ein Nahrungserg\u00e4nzungsmittel in Form einer Brausetablette, die Elektrolyte und Inhaltsstoffe zur Unterst\u00fctzung von Muskeln und Darm enth\u00e4lt.","breadcrumb":{"@id":"https:\/\/florianhorsefood.nl\/de\/produkt\/muster-reflorish\/#breadcrumb"},"inLanguage":"de","potentialAction":[{"@type":"ReadAction","target":["https:\/\/florianhorsefood.nl\/de\/produkt\/muster-reflorish\/"]}]},{"@type":"ImageObject","inLanguage":"de","@id":"https:\/\/florianhorsefood.nl\/de\/produkt\/muster-reflorish\/#primaryimage","url":"https:\/\/florianhorsefood.nl\/wp-content\/uploads\/2022\/07\/florian-horsefood-reflorish-sample-supplement-1.jpg","contentUrl":"https:\/\/florianhorsefood.nl\/wp-content\/uploads\/2022\/07\/florian-horsefood-reflorish-sample-supplement-1.jpg","width":2222,"height":2222},{"@type":"BreadcrumbList","@id":"https:\/\/florianhorsefood.nl\/de\/produkt\/muster-reflorish\/#breadcrumb","itemListElement":[{"@type":"ListItem","position":1,"name":"Startseite","item":"https:\/\/florianhorsefood.nl\/de\/startseite\/"},{"@type":"ListItem","position":2,"name":"Shop","item":"https:\/\/florianhorsefood.nl\/shop\/"},{"@type":"ListItem","position":3,"name":"Probenbeutel Reflorish"}]},{"@type":"WebSite","@id":"https:\/\/florianhorsefood.nl\/de\/#website","url":"https:\/\/florianhorsefood.nl\/de\/","name":"Florian Horsefood","description":"Back to Basic &amp; Health Protection!","publisher":{"@id":"https:\/\/florianhorsefood.nl\/de\/#organization"},"potentialAction":[{"@type":"SearchAction","target":{"@type":"EntryPoint","urlTemplate":"https:\/\/florianhorsefood.nl\/de\/?s={search_term_string}"},"query-input":{"@type":"PropertyValueSpecification","valueRequired":true,"valueName":"search_term_string"}}],"inLanguage":"de"},{"@type":"Organization","@id":"https:\/\/florianhorsefood.nl\/de\/#organization","name":"Florian Pferdefutter","url":"https:\/\/florianhorsefood.nl\/de\/","logo":{"@type":"ImageObject","inLanguage":"de","@id":"https:\/\/florianhorsefood.nl\/de\/#\/schema\/logo\/image\/","url":"https:\/\/florianhorsefood.nl\/wp-content\/uploads\/2020\/02\/Florian_Horsefood_liggend_RGB.png","contentUrl":"https:\/\/florianhorsefood.nl\/wp-content\/uploads\/2020\/02\/Florian_Horsefood_liggend_RGB.png","width":1044,"height":393,"caption":"Florian Pferdefutter"},"image":{"@id":"https:\/\/florianhorsefood.nl\/de\/#\/schema\/logo\/image\/"},"sameAs":["https:\/\/www.linkedin.com\/company\/florian-horsefood\/about\/"]}]}},"_links":{"self":[{"href":"https:\/\/florianhorsefood.nl\/de\/wp-json\/wp\/v2\/product\/12497","targetHints":{"allow":["GET"]}}],"collection":[{"href":"https:\/\/florianhorsefood.nl\/de\/wp-json\/wp\/v2\/product"}],"about":[{"href":"https:\/\/florianhorsefood.nl\/de\/wp-json\/wp\/v2\/types\/product"}],"wp:featuredmedia":[{"embeddable":true,"href":"https:\/\/florianhorsefood.nl\/de\/wp-json\/wp\/v2\/media\/12498"}],"wp:attachment":[{"href":"https:\/\/florianhorsefood.nl\/de\/wp-json\/wp\/v2\/media?parent=12497"}],"wp:term":[{"taxonomy":"product_brand","embeddable":true,"href":"https:\/\/florianhorsefood.nl\/de\/wp-json\/wp\/v2\/product_brand?post=12497"},{"taxonomy":"product_cat","embeddable":true,"href":"https:\/\/florianhorsefood.nl\/de\/wp-json\/wp\/v2\/product_cat?post=12497"},{"taxonomy":"product_tag","embeddable":true,"href":"https:\/\/florianhorsefood.nl\/de\/wp-json\/wp\/v2\/product_tag?post=12497"}],"curies":[{"name":"wp","href":"https:\/\/api.w.org\/{rel}","templated":true}]}}