{"id":12518,"date":"2022-06-23T11:55:49","date_gmt":"2024-08-16T07:49:56","guid":{"rendered":"https:\/\/florianhorsefood.nl\/product\/probe-golden-herbs\/"},"modified":"2024-08-16T09:49:56","modified_gmt":"2024-08-16T07:49:56","slug":"probe-golden-herbs","status":"publish","type":"product","link":"https:\/\/florianhorsefood.nl\/de\/produkt\/probe-golden-herbs\/","title":{"rendered":"Probe Golden Herbs"},"content":{"rendered":"<p>Sie m\u00f6chten ein Produkt testen, es riechen, f\u00fchlen&#8230; oder einfach nur sehen, ob Ihr Pferd es mag? Dann ist ein Probebeutel ideal. Je nach der Leistung, die Sie von Ihrem Pferd erwarten, kann die Ration aus Heu und Raufuttermischungen erg\u00e4nzt werden. Florian hat zu diesem Zweck innovative Kraftfutter und Balancer entwickelt. Florian Golden Herbs ist eine Kr\u00e4utermischung, die die reinigende Wirkung von Leber und Nieren unterst\u00fctzt. Florian Golden Herbs enth\u00e4lt verschiedene Kr\u00e4uter und Meeresalgen und wird als Entgiftungskur im Fr\u00fchjahr und Herbst empfohlen. Dieses Produkt bringt den K\u00f6rper nach einer Wurmkur oder Medikamentenkur wieder ins Gleichgewicht. Florian Golden Herbs - Enth\u00e4lt verschiedene Kr\u00e4uter und Algen - Unterst\u00fctzt die reinigende Wirkung von Leber und Nieren - Hat eine starke antioxidative Wirkung - Empfohlen als Entgiftungskur im Fr\u00fchjahr und Herbst - Auch nach einer Wurmkur oder medikament\u00f6sen Behandlung zu empfehlen  <\/p>\n<h3>F\u00fctterungshinweise:<\/h3>\n<p>  50 Gramm pro 100 kg K\u00f6rpergewicht pro Tag<\/p>\n","protected":false},"excerpt":{"rendered":"<p><strong><span style=\"color: #8bc63e;\">Testen! <\/span><\/strong>M\u00f6chten Sie ein Produkt testen, es riechen, f\u00fchlen&#8230; oder einfach nur sehen, ob Ihr Pferd es mag? Dann ist ein Probebeutel ideal. <strong><span style=\"color: #8bc63e;\">Kombi-Rabatt <\/span><\/strong>Drei verschiedene Probebeutel kosten \u20ac3,99. Der Rabatt wird automatisch im Einkaufskorb verrechnet. <strong><span style=\"color: #8bc63e;\">Inhalt: ca. 100 Gramm<\/span><\/strong><\/p>\n","protected":false},"featured_media":12519,"template":"","meta":[],"product_brand":[],"product_cat":[20,116],"product_tag":[46,112],"class_list":{"0":"post-12518","1":"product","2":"type-product","3":"status-publish","4":"has-post-thumbnail","6":"product_cat-balancers","7":"product_cat-samples","8":"product_tag-kleine-verpakking","9":"product_tag-samplezakjes","10":"product_shipping_class-brievenbuspakketje","12":"first","13":"instock","14":"taxable","15":"shipping-taxable","16":"purchasable","17":"product-type-simple"},"bundled_by":[],"bundle_stock_status":"instock","bundle_stock_quantity":null,"bundle_virtual":false,"bundle_layout":"","bundle_add_to_cart_form_location":"","bundle_editable_in_cart":false,"bundle_sold_individually_context":"","bundle_item_grouping":"","bundle_min_size":"","bundle_max_size":"","bundle_price":[],"bundled_items":[],"bundle_sell_ids":[],"yoast_head":"<!-- This site is optimized with the Yoast SEO plugin v27.3 - https:\/\/yoast.com\/product\/yoast-seo-wordpress\/ -->\n<title>Probe Golden Herbs - Florian Horsefood<\/title>\n<meta name=\"description\" content=\"Florian Golden Herbs ist eine Kr\u00e4utermischung, die die reinigende Wirkung von Leber und Nieren unterst\u00fctzt. Entgiftung f\u00fcr das Pferd.\" \/>\n<meta name=\"robots\" content=\"index, follow, max-snippet:-1, max-image-preview:large, max-video-preview:-1\" \/>\n<link rel=\"canonical\" href=\"https:\/\/florianhorsefood.nl\/de\/produkt\/probe-golden-herbs\/\" \/>\n<meta property=\"og:locale\" content=\"de_DE\" \/>\n<meta property=\"og:type\" content=\"article\" \/>\n<meta property=\"og:title\" content=\"Probe Golden Herbs - Florian Horsefood\" \/>\n<meta property=\"og:description\" content=\"Florian Golden Herbs ist eine Kr\u00e4utermischung, die die reinigende Wirkung von Leber und Nieren unterst\u00fctzt. Entgiftung f\u00fcr das Pferd.\" \/>\n<meta property=\"og:url\" content=\"https:\/\/florianhorsefood.nl\/de\/produkt\/probe-golden-herbs\/\" \/>\n<meta property=\"og:site_name\" content=\"Florian Horsefood\" \/>\n<meta property=\"og:image\" content=\"https:\/\/florianhorsefood.nl\/wp-content\/uploads\/2023\/02\/florian-horsefood-golden-herbs-supplement-sample-1.jpg\" \/>\n\t<meta property=\"og:image:width\" content=\"2222\" \/>\n\t<meta property=\"og:image:height\" content=\"2222\" \/>\n\t<meta property=\"og:image:type\" content=\"image\/jpeg\" \/>\n<meta name=\"twitter:card\" content=\"summary_large_image\" \/>\n<meta name=\"twitter:label1\" content=\"Gesch\u00e4tzte Lesezeit\" \/>\n\t<meta name=\"twitter:data1\" content=\"1\u00a0Minute\" \/>\n<script type=\"application\/ld+json\" class=\"yoast-schema-graph\">{\"@context\":\"https:\\\/\\\/schema.org\",\"@graph\":[{\"@type\":\"WebPage\",\"@id\":\"https:\\\/\\\/florianhorsefood.nl\\\/de\\\/produkt\\\/probe-golden-herbs\\\/\",\"url\":\"https:\\\/\\\/florianhorsefood.nl\\\/de\\\/produkt\\\/probe-golden-herbs\\\/\",\"name\":\"Probe Golden Herbs - Florian Horsefood\",\"isPartOf\":{\"@id\":\"https:\\\/\\\/florianhorsefood.nl\\\/de\\\/#website\"},\"primaryImageOfPage\":{\"@id\":\"https:\\\/\\\/florianhorsefood.nl\\\/de\\\/produkt\\\/probe-golden-herbs\\\/#primaryimage\"},\"image\":{\"@id\":\"https:\\\/\\\/florianhorsefood.nl\\\/de\\\/produkt\\\/probe-golden-herbs\\\/#primaryimage\"},\"thumbnailUrl\":\"https:\\\/\\\/florianhorsefood.nl\\\/wp-content\\\/uploads\\\/2023\\\/02\\\/florian-horsefood-golden-herbs-supplement-sample-1.jpg\",\"datePublished\":\"2024-08-16T07:49:56+00:00\",\"description\":\"Florian Golden Herbs ist eine Kr\u00e4utermischung, die die reinigende Wirkung von Leber und Nieren unterst\u00fctzt. Entgiftung f\u00fcr das Pferd.\",\"breadcrumb\":{\"@id\":\"https:\\\/\\\/florianhorsefood.nl\\\/de\\\/produkt\\\/probe-golden-herbs\\\/#breadcrumb\"},\"inLanguage\":\"de\",\"potentialAction\":[{\"@type\":\"ReadAction\",\"target\":[\"https:\\\/\\\/florianhorsefood.nl\\\/de\\\/produkt\\\/probe-golden-herbs\\\/\"]}]},{\"@type\":\"ImageObject\",\"inLanguage\":\"de\",\"@id\":\"https:\\\/\\\/florianhorsefood.nl\\\/de\\\/produkt\\\/probe-golden-herbs\\\/#primaryimage\",\"url\":\"https:\\\/\\\/florianhorsefood.nl\\\/wp-content\\\/uploads\\\/2023\\\/02\\\/florian-horsefood-golden-herbs-supplement-sample-1.jpg\",\"contentUrl\":\"https:\\\/\\\/florianhorsefood.nl\\\/wp-content\\\/uploads\\\/2023\\\/02\\\/florian-horsefood-golden-herbs-supplement-sample-1.jpg\",\"width\":2222,\"height\":2222},{\"@type\":\"BreadcrumbList\",\"@id\":\"https:\\\/\\\/florianhorsefood.nl\\\/de\\\/produkt\\\/probe-golden-herbs\\\/#breadcrumb\",\"itemListElement\":[{\"@type\":\"ListItem\",\"position\":1,\"name\":\"Startseite\",\"item\":\"https:\\\/\\\/florianhorsefood.nl\\\/de\\\/startseite\\\/\"},{\"@type\":\"ListItem\",\"position\":2,\"name\":\"Shop\",\"item\":\"https:\\\/\\\/florianhorsefood.nl\\\/shop\\\/\"},{\"@type\":\"ListItem\",\"position\":3,\"name\":\"Probe Golden Herbs\"}]},{\"@type\":\"WebSite\",\"@id\":\"https:\\\/\\\/florianhorsefood.nl\\\/de\\\/#website\",\"url\":\"https:\\\/\\\/florianhorsefood.nl\\\/de\\\/\",\"name\":\"Florian Horsefood\",\"description\":\"Back to Basic &amp; Health Protection!\",\"publisher\":{\"@id\":\"https:\\\/\\\/florianhorsefood.nl\\\/de\\\/#organization\"},\"potentialAction\":[{\"@type\":\"SearchAction\",\"target\":{\"@type\":\"EntryPoint\",\"urlTemplate\":\"https:\\\/\\\/florianhorsefood.nl\\\/de\\\/?s={search_term_string}\"},\"query-input\":{\"@type\":\"PropertyValueSpecification\",\"valueRequired\":true,\"valueName\":\"search_term_string\"}}],\"inLanguage\":\"de\"},{\"@type\":\"Organization\",\"@id\":\"https:\\\/\\\/florianhorsefood.nl\\\/de\\\/#organization\",\"name\":\"Florian Pferdefutter\",\"url\":\"https:\\\/\\\/florianhorsefood.nl\\\/de\\\/\",\"logo\":{\"@type\":\"ImageObject\",\"inLanguage\":\"de\",\"@id\":\"https:\\\/\\\/florianhorsefood.nl\\\/de\\\/#\\\/schema\\\/logo\\\/image\\\/\",\"url\":\"https:\\\/\\\/florianhorsefood.nl\\\/wp-content\\\/uploads\\\/2020\\\/02\\\/Florian_Horsefood_liggend_RGB.png\",\"contentUrl\":\"https:\\\/\\\/florianhorsefood.nl\\\/wp-content\\\/uploads\\\/2020\\\/02\\\/Florian_Horsefood_liggend_RGB.png\",\"width\":1044,\"height\":393,\"caption\":\"Florian Pferdefutter\"},\"image\":{\"@id\":\"https:\\\/\\\/florianhorsefood.nl\\\/de\\\/#\\\/schema\\\/logo\\\/image\\\/\"},\"sameAs\":[\"https:\\\/\\\/www.linkedin.com\\\/company\\\/florian-horsefood\\\/about\\\/\"]}]}<\/script>\n<!-- \/ Yoast SEO plugin. -->","yoast_head_json":{"title":"Probe Golden Herbs - Florian Horsefood","description":"Florian Golden Herbs ist eine Kr\u00e4utermischung, die die reinigende Wirkung von Leber und Nieren unterst\u00fctzt. Entgiftung f\u00fcr das Pferd.","robots":{"index":"index","follow":"follow","max-snippet":"max-snippet:-1","max-image-preview":"max-image-preview:large","max-video-preview":"max-video-preview:-1"},"canonical":"https:\/\/florianhorsefood.nl\/de\/produkt\/probe-golden-herbs\/","og_locale":"de_DE","og_type":"article","og_title":"Probe Golden Herbs - Florian Horsefood","og_description":"Florian Golden Herbs ist eine Kr\u00e4utermischung, die die reinigende Wirkung von Leber und Nieren unterst\u00fctzt. Entgiftung f\u00fcr das Pferd.","og_url":"https:\/\/florianhorsefood.nl\/de\/produkt\/probe-golden-herbs\/","og_site_name":"Florian Horsefood","og_image":[{"width":2222,"height":2222,"url":"https:\/\/florianhorsefood.nl\/wp-content\/uploads\/2023\/02\/florian-horsefood-golden-herbs-supplement-sample-1.jpg","type":"image\/jpeg"}],"twitter_card":"summary_large_image","twitter_misc":{"Gesch\u00e4tzte Lesezeit":"1\u00a0Minute"},"schema":{"@context":"https:\/\/schema.org","@graph":[{"@type":"WebPage","@id":"https:\/\/florianhorsefood.nl\/de\/produkt\/probe-golden-herbs\/","url":"https:\/\/florianhorsefood.nl\/de\/produkt\/probe-golden-herbs\/","name":"Probe Golden Herbs - Florian Horsefood","isPartOf":{"@id":"https:\/\/florianhorsefood.nl\/de\/#website"},"primaryImageOfPage":{"@id":"https:\/\/florianhorsefood.nl\/de\/produkt\/probe-golden-herbs\/#primaryimage"},"image":{"@id":"https:\/\/florianhorsefood.nl\/de\/produkt\/probe-golden-herbs\/#primaryimage"},"thumbnailUrl":"https:\/\/florianhorsefood.nl\/wp-content\/uploads\/2023\/02\/florian-horsefood-golden-herbs-supplement-sample-1.jpg","datePublished":"2024-08-16T07:49:56+00:00","description":"Florian Golden Herbs ist eine Kr\u00e4utermischung, die die reinigende Wirkung von Leber und Nieren unterst\u00fctzt. Entgiftung f\u00fcr das Pferd.","breadcrumb":{"@id":"https:\/\/florianhorsefood.nl\/de\/produkt\/probe-golden-herbs\/#breadcrumb"},"inLanguage":"de","potentialAction":[{"@type":"ReadAction","target":["https:\/\/florianhorsefood.nl\/de\/produkt\/probe-golden-herbs\/"]}]},{"@type":"ImageObject","inLanguage":"de","@id":"https:\/\/florianhorsefood.nl\/de\/produkt\/probe-golden-herbs\/#primaryimage","url":"https:\/\/florianhorsefood.nl\/wp-content\/uploads\/2023\/02\/florian-horsefood-golden-herbs-supplement-sample-1.jpg","contentUrl":"https:\/\/florianhorsefood.nl\/wp-content\/uploads\/2023\/02\/florian-horsefood-golden-herbs-supplement-sample-1.jpg","width":2222,"height":2222},{"@type":"BreadcrumbList","@id":"https:\/\/florianhorsefood.nl\/de\/produkt\/probe-golden-herbs\/#breadcrumb","itemListElement":[{"@type":"ListItem","position":1,"name":"Startseite","item":"https:\/\/florianhorsefood.nl\/de\/startseite\/"},{"@type":"ListItem","position":2,"name":"Shop","item":"https:\/\/florianhorsefood.nl\/shop\/"},{"@type":"ListItem","position":3,"name":"Probe Golden Herbs"}]},{"@type":"WebSite","@id":"https:\/\/florianhorsefood.nl\/de\/#website","url":"https:\/\/florianhorsefood.nl\/de\/","name":"Florian Horsefood","description":"Back to Basic &amp; Health Protection!","publisher":{"@id":"https:\/\/florianhorsefood.nl\/de\/#organization"},"potentialAction":[{"@type":"SearchAction","target":{"@type":"EntryPoint","urlTemplate":"https:\/\/florianhorsefood.nl\/de\/?s={search_term_string}"},"query-input":{"@type":"PropertyValueSpecification","valueRequired":true,"valueName":"search_term_string"}}],"inLanguage":"de"},{"@type":"Organization","@id":"https:\/\/florianhorsefood.nl\/de\/#organization","name":"Florian Pferdefutter","url":"https:\/\/florianhorsefood.nl\/de\/","logo":{"@type":"ImageObject","inLanguage":"de","@id":"https:\/\/florianhorsefood.nl\/de\/#\/schema\/logo\/image\/","url":"https:\/\/florianhorsefood.nl\/wp-content\/uploads\/2020\/02\/Florian_Horsefood_liggend_RGB.png","contentUrl":"https:\/\/florianhorsefood.nl\/wp-content\/uploads\/2020\/02\/Florian_Horsefood_liggend_RGB.png","width":1044,"height":393,"caption":"Florian Pferdefutter"},"image":{"@id":"https:\/\/florianhorsefood.nl\/de\/#\/schema\/logo\/image\/"},"sameAs":["https:\/\/www.linkedin.com\/company\/florian-horsefood\/about\/"]}]}},"_links":{"self":[{"href":"https:\/\/florianhorsefood.nl\/de\/wp-json\/wp\/v2\/product\/12518","targetHints":{"allow":["GET"]}}],"collection":[{"href":"https:\/\/florianhorsefood.nl\/de\/wp-json\/wp\/v2\/product"}],"about":[{"href":"https:\/\/florianhorsefood.nl\/de\/wp-json\/wp\/v2\/types\/product"}],"wp:featuredmedia":[{"embeddable":true,"href":"https:\/\/florianhorsefood.nl\/de\/wp-json\/wp\/v2\/media\/12519"}],"wp:attachment":[{"href":"https:\/\/florianhorsefood.nl\/de\/wp-json\/wp\/v2\/media?parent=12518"}],"wp:term":[{"taxonomy":"product_brand","embeddable":true,"href":"https:\/\/florianhorsefood.nl\/de\/wp-json\/wp\/v2\/product_brand?post=12518"},{"taxonomy":"product_cat","embeddable":true,"href":"https:\/\/florianhorsefood.nl\/de\/wp-json\/wp\/v2\/product_cat?post=12518"},{"taxonomy":"product_tag","embeddable":true,"href":"https:\/\/florianhorsefood.nl\/de\/wp-json\/wp\/v2\/product_tag?post=12518"}],"curies":[{"name":"wp","href":"https:\/\/api.w.org\/{rel}","templated":true}]}}