{"id":12597,"date":"2024-01-26T09:02:00","date_gmt":"2024-01-26T08:02:00","guid":{"rendered":"https:\/\/florianhorsefood.nl\/product\/duval-multipower\/"},"modified":"2025-05-20T17:52:27","modified_gmt":"2025-05-20T15:52:27","slug":"duval-multipower","status":"publish","type":"product","link":"https:\/\/florianhorsefood.nl\/de\/produkt\/duval-multipower\/","title":{"rendered":"Duval Multipower"},"content":{"rendered":"<p>Duval Multipower f\u00f6rdert den Muskelaufbau bei Pferden, eine schnellere Erholung der Muskeln, unterst\u00fctzt die Ausdauer und die allgemeine Gesundheit Ihres Pferdes.<\/p>\n<p>Ein 100% nat\u00fcrliches Produkt mit einem hohen Gehalt an der aktiven Alge Chlorella, die viele besonders vorteilhafte Eigenschaften besitzt.<\/p>\n<h3>Multipower-Funktionen<\/h3>\n<ul>\n<li>F\u00f6rdert das Muskelwachstum und eine schnellere Erholung<\/li>\n<li>F\u00f6rdert Fitness und Ausdauer<\/li>\n<li>Zur Unterst\u00fctzung des Immunsystems<\/li>\n<li>F\u00fcr ein gl\u00e4nzendes Fell und kr\u00e4ftiges Hufwachstum<\/li>\n<li>F\u00f6rdert die Zellerneuerung in Muskeln und anderen Bindegeweben<\/li>\n<li>Hat eine positive Wirkung auf die Darmflora<\/li>\n<li>Entw\u00e4sserung von Abfallstoffen im K\u00f6rper und Abbau von Milchs\u00e4ure in den Muskeln<\/li>\n<\/ul>\n<h3>Anwendung Multipower<\/h3>\n<ul>\n<li>F\u00fcr Pferde, deren Bemuskelung hinterherhinkt<\/li>\n<li>W\u00e4hrend Wettkampfphasen oder intensivem Training<\/li>\n<li>F\u00fcr junge Pferde\/Ponys<\/li>\n<li>W\u00e4hrend der Brutzeit oder bei Inspektionen<\/li>\n<li>Zur Unterst\u00fctzung des Immunsystems<\/li>\n<li>Ein Schub f\u00fcr die allgemeine Gesundheit<\/li>\n<li>Geeignet f\u00fcr Pferde in der Rehabilitations-\/Wiederaufbauphase<\/li>\n<li>Oder einfach das ganze Jahr \u00fcber als zus\u00e4tzliche Unterst\u00fctzung<\/li>\n<\/ul>\n<p><strong>Multipower ist vollgepackt mit Vitaminen und Mineralien, die das Immunsystem st\u00e4rken. Ihr Pferd wird sich schon bald sichtbar fitter f\u00fchlen!<\/strong><\/p>\n<p>Multipower f\u00f6rdert den Muskelaufbau und die richtige Muskelfunktion w\u00e4hrend (intensiver) Trainingsperioden. Dieses Produkt besteht aus einem speziell ausgew\u00e4hlten Algenkomplex und versorgt die Muskeln mit ausreichend Protein und allen 18 essentiellen Aminos\u00e4uren in einer einzigartigen Zusammensetzung. <\/p>\n<p>Multipower ist reich an Vitaminen, Spurenelementen, Mineralien und Chlorophyll. Chlorophyll hat eine stark reinigende Wirkung auf den Darm, die Leber, die Nieren und die Muskeln. Dadurch werden Abfallprodukte im ganzen K\u00f6rper ausgeschieden und die Milchs\u00e4ure in den Muskeln abgebaut. Milchs\u00e4ure wird durch anstrengende k\u00f6rperliche Bet\u00e4tigung produziert. Wenn diese Milchs\u00e4ure in den Muskeln nicht richtig abgeleitet wird, leidet Ihr Pferd unter Muskelkater oder \u00dcbers\u00e4uerung.   <\/p>\n<p>Au\u00dferdem enth\u00e4lt Multipower nat\u00fcrlich vorkommende BCAAs, die f\u00fcr den Muskelaufbau unerl\u00e4sslich sind.<\/p>\n<p>Neben dem Muskelaufbau und einer verk\u00fcrzten Erholungsphase f\u00f6rdert dieses Produkt die Ausdauer und die allgemeine Kondition Ihres Pferdes. Denken Sie an das Fell und den Zustand der Hufe. <\/p>\n<p><strong>Sauberer Sport | Dopingfrei<\/strong> -&gt; Duval Multipower ist dopingfrei und kann daher sicher bei FEI-Wettbewerben eingesetzt werden.<\/p>\n<p><strong>Ohne Zucker, Geruchs-, Farb- oder Geschmacksstoffe<\/strong> -&gt; Bei der Herstellung werden weder Zucker noch Geruchs-, Farb- oder Geschmacksstoffe zugesetzt. Trotzdem ist es ein leckeres Granulat! <\/p>\n<p><strong>Komplettes Produkt<\/strong> -&gt; Multipower ist ein komplettes Produkt und reich an nat\u00fcrlichem Vitamin E, D, Beta-Carotin und Mineralien wie Magnesium, Kalzium und Eisen sowie an ALLEN essentiellen Aminos\u00e4uren!<\/p>\n<p><strong>Hochwertige Rohstoffe<\/strong> -&gt; Multipower enth\u00e4lt nur hochwertige Rohstoffe, also keine R\u00fcckst\u00e4nde, Zucker, Konservierungsmittel oder F\u00fcllstoffe.<\/p>\n<p><strong>Einfach zu dosieren<\/strong> -&gt; Da dieses Produkt in einer praktischen und schmackhaften Granulatform vorliegt, kann es einfach dosiert werden. Kein \u00c4rger mehr mit Pulvern <\/p>\n","protected":false},"excerpt":{"rendered":"<p>Duval Multipower f\u00f6rdert den Muskelaufbau bei Pferden, eine schnellere Muskelerholung, unterst\u00fctzt die Ausdauer und die allgemeine Gesundheit Ihres Pferdes.<\/p>\n<p><strong>Inhalt: 3kg<\/strong><\/p>\n","protected":false},"featured_media":20297,"template":"","meta":[],"product_brand":[],"product_cat":[400,42],"product_tag":[201,47],"class_list":{"0":"post-12597","1":"product","2":"type-product","3":"status-publish","4":"has-post-thumbnail","6":"product_cat-duval","7":"product_cat-supplementen","8":"product_tag-duval","9":"product_tag-emmers","11":"first","12":"instock","13":"taxable","14":"shipping-taxable","15":"purchasable","16":"product-type-variable","17":"has-default-attributes"},"bundled_by":[],"bundle_stock_status":"instock","bundle_stock_quantity":null,"bundle_virtual":false,"bundle_layout":"","bundle_add_to_cart_form_location":"","bundle_editable_in_cart":false,"bundle_sold_individually_context":"","bundle_item_grouping":"","bundle_min_size":"","bundle_max_size":"","bundle_price":[],"bundled_items":[],"bundle_sell_ids":[],"yoast_head":"<!-- This site is optimized with the Yoast SEO plugin v27.3 - https:\/\/yoast.com\/product\/yoast-seo-wordpress\/ -->\n<title>Duval Multipower - Florian Horsefood<\/title>\n<meta name=\"description\" content=\"Duval Multipower h\u00e4lt die Muskeln geschmeidig und unterst\u00fctzt den Muskelaufbau und die Erholung.\" \/>\n<meta name=\"robots\" content=\"index, follow, max-snippet:-1, max-image-preview:large, max-video-preview:-1\" \/>\n<link rel=\"canonical\" href=\"https:\/\/florianhorsefood.nl\/de\/produkt\/duval-multipower\/\" \/>\n<meta property=\"og:locale\" content=\"de_DE\" \/>\n<meta property=\"og:type\" content=\"article\" \/>\n<meta property=\"og:title\" content=\"Duval Multipower - Florian Horsefood\" \/>\n<meta property=\"og:description\" content=\"Duval Multipower h\u00e4lt die Muskeln geschmeidig und unterst\u00fctzt den Muskelaufbau und die Erholung.\" \/>\n<meta property=\"og:url\" content=\"https:\/\/florianhorsefood.nl\/de\/produkt\/duval-multipower\/\" \/>\n<meta property=\"og:site_name\" content=\"Florian Horsefood\" \/>\n<meta property=\"article:modified_time\" content=\"2025-05-20T15:52:27+00:00\" \/>\n<meta property=\"og:image\" content=\"https:\/\/florianhorsefood.nl\/wp-content\/uploads\/2024\/01\/Multipower-1.png\" \/>\n\t<meta property=\"og:image:width\" content=\"1080\" \/>\n\t<meta property=\"og:image:height\" content=\"1080\" \/>\n\t<meta property=\"og:image:type\" content=\"image\/png\" \/>\n<meta name=\"twitter:card\" content=\"summary_large_image\" \/>\n<meta name=\"twitter:label1\" content=\"Gesch\u00e4tzte Lesezeit\" \/>\n\t<meta name=\"twitter:data1\" content=\"2\u00a0Minuten\" \/>\n<script type=\"application\/ld+json\" class=\"yoast-schema-graph\">{\"@context\":\"https:\\\/\\\/schema.org\",\"@graph\":[{\"@type\":\"WebPage\",\"@id\":\"https:\\\/\\\/florianhorsefood.nl\\\/de\\\/produkt\\\/duval-multipower\\\/\",\"url\":\"https:\\\/\\\/florianhorsefood.nl\\\/de\\\/produkt\\\/duval-multipower\\\/\",\"name\":\"Duval Multipower - Florian Horsefood\",\"isPartOf\":{\"@id\":\"https:\\\/\\\/florianhorsefood.nl\\\/de\\\/#website\"},\"primaryImageOfPage\":{\"@id\":\"https:\\\/\\\/florianhorsefood.nl\\\/de\\\/produkt\\\/duval-multipower\\\/#primaryimage\"},\"image\":{\"@id\":\"https:\\\/\\\/florianhorsefood.nl\\\/de\\\/produkt\\\/duval-multipower\\\/#primaryimage\"},\"thumbnailUrl\":\"https:\\\/\\\/florianhorsefood.nl\\\/wp-content\\\/uploads\\\/2025\\\/11\\\/Florian-Horsefood-Web-16.webp\",\"datePublished\":\"2024-01-26T08:02:00+00:00\",\"dateModified\":\"2025-05-20T15:52:27+00:00\",\"description\":\"Duval Multipower h\u00e4lt die Muskeln geschmeidig und unterst\u00fctzt den Muskelaufbau und die Erholung.\",\"breadcrumb\":{\"@id\":\"https:\\\/\\\/florianhorsefood.nl\\\/de\\\/produkt\\\/duval-multipower\\\/#breadcrumb\"},\"inLanguage\":\"de\",\"potentialAction\":[{\"@type\":\"ReadAction\",\"target\":[\"https:\\\/\\\/florianhorsefood.nl\\\/de\\\/produkt\\\/duval-multipower\\\/\"]}]},{\"@type\":\"ImageObject\",\"inLanguage\":\"de\",\"@id\":\"https:\\\/\\\/florianhorsefood.nl\\\/de\\\/produkt\\\/duval-multipower\\\/#primaryimage\",\"url\":\"https:\\\/\\\/florianhorsefood.nl\\\/wp-content\\\/uploads\\\/2025\\\/11\\\/Florian-Horsefood-Web-16.webp\",\"contentUrl\":\"https:\\\/\\\/florianhorsefood.nl\\\/wp-content\\\/uploads\\\/2025\\\/11\\\/Florian-Horsefood-Web-16.webp\",\"width\":1365,\"height\":2048},{\"@type\":\"BreadcrumbList\",\"@id\":\"https:\\\/\\\/florianhorsefood.nl\\\/de\\\/produkt\\\/duval-multipower\\\/#breadcrumb\",\"itemListElement\":[{\"@type\":\"ListItem\",\"position\":1,\"name\":\"Startseite\",\"item\":\"https:\\\/\\\/florianhorsefood.nl\\\/de\\\/startseite\\\/\"},{\"@type\":\"ListItem\",\"position\":2,\"name\":\"Shop\",\"item\":\"https:\\\/\\\/florianhorsefood.nl\\\/shop\\\/\"},{\"@type\":\"ListItem\",\"position\":3,\"name\":\"Duval Multipower\"}]},{\"@type\":\"WebSite\",\"@id\":\"https:\\\/\\\/florianhorsefood.nl\\\/de\\\/#website\",\"url\":\"https:\\\/\\\/florianhorsefood.nl\\\/de\\\/\",\"name\":\"Florian Horsefood\",\"description\":\"Back to Basic &amp; Health Protection!\",\"publisher\":{\"@id\":\"https:\\\/\\\/florianhorsefood.nl\\\/de\\\/#organization\"},\"potentialAction\":[{\"@type\":\"SearchAction\",\"target\":{\"@type\":\"EntryPoint\",\"urlTemplate\":\"https:\\\/\\\/florianhorsefood.nl\\\/de\\\/?s={search_term_string}\"},\"query-input\":{\"@type\":\"PropertyValueSpecification\",\"valueRequired\":true,\"valueName\":\"search_term_string\"}}],\"inLanguage\":\"de\"},{\"@type\":\"Organization\",\"@id\":\"https:\\\/\\\/florianhorsefood.nl\\\/de\\\/#organization\",\"name\":\"Florian Pferdefutter\",\"url\":\"https:\\\/\\\/florianhorsefood.nl\\\/de\\\/\",\"logo\":{\"@type\":\"ImageObject\",\"inLanguage\":\"de\",\"@id\":\"https:\\\/\\\/florianhorsefood.nl\\\/de\\\/#\\\/schema\\\/logo\\\/image\\\/\",\"url\":\"https:\\\/\\\/florianhorsefood.nl\\\/wp-content\\\/uploads\\\/2020\\\/02\\\/Florian_Horsefood_liggend_RGB.png\",\"contentUrl\":\"https:\\\/\\\/florianhorsefood.nl\\\/wp-content\\\/uploads\\\/2020\\\/02\\\/Florian_Horsefood_liggend_RGB.png\",\"width\":1044,\"height\":393,\"caption\":\"Florian Pferdefutter\"},\"image\":{\"@id\":\"https:\\\/\\\/florianhorsefood.nl\\\/de\\\/#\\\/schema\\\/logo\\\/image\\\/\"},\"sameAs\":[\"https:\\\/\\\/www.linkedin.com\\\/company\\\/florian-horsefood\\\/about\\\/\"]}]}<\/script>\n<!-- \/ Yoast SEO plugin. -->","yoast_head_json":{"title":"Duval Multipower - Florian Horsefood","description":"Duval Multipower h\u00e4lt die Muskeln geschmeidig und unterst\u00fctzt den Muskelaufbau und die Erholung.","robots":{"index":"index","follow":"follow","max-snippet":"max-snippet:-1","max-image-preview":"max-image-preview:large","max-video-preview":"max-video-preview:-1"},"canonical":"https:\/\/florianhorsefood.nl\/de\/produkt\/duval-multipower\/","og_locale":"de_DE","og_type":"article","og_title":"Duval Multipower - Florian Horsefood","og_description":"Duval Multipower h\u00e4lt die Muskeln geschmeidig und unterst\u00fctzt den Muskelaufbau und die Erholung.","og_url":"https:\/\/florianhorsefood.nl\/de\/produkt\/duval-multipower\/","og_site_name":"Florian Horsefood","article_modified_time":"2025-05-20T15:52:27+00:00","og_image":[{"width":1080,"height":1080,"url":"https:\/\/florianhorsefood.nl\/wp-content\/uploads\/2024\/01\/Multipower-1.png","type":"image\/png"}],"twitter_card":"summary_large_image","twitter_misc":{"Gesch\u00e4tzte Lesezeit":"2\u00a0Minuten"},"schema":{"@context":"https:\/\/schema.org","@graph":[{"@type":"WebPage","@id":"https:\/\/florianhorsefood.nl\/de\/produkt\/duval-multipower\/","url":"https:\/\/florianhorsefood.nl\/de\/produkt\/duval-multipower\/","name":"Duval Multipower - Florian Horsefood","isPartOf":{"@id":"https:\/\/florianhorsefood.nl\/de\/#website"},"primaryImageOfPage":{"@id":"https:\/\/florianhorsefood.nl\/de\/produkt\/duval-multipower\/#primaryimage"},"image":{"@id":"https:\/\/florianhorsefood.nl\/de\/produkt\/duval-multipower\/#primaryimage"},"thumbnailUrl":"https:\/\/florianhorsefood.nl\/wp-content\/uploads\/2025\/11\/Florian-Horsefood-Web-16.webp","datePublished":"2024-01-26T08:02:00+00:00","dateModified":"2025-05-20T15:52:27+00:00","description":"Duval Multipower h\u00e4lt die Muskeln geschmeidig und unterst\u00fctzt den Muskelaufbau und die Erholung.","breadcrumb":{"@id":"https:\/\/florianhorsefood.nl\/de\/produkt\/duval-multipower\/#breadcrumb"},"inLanguage":"de","potentialAction":[{"@type":"ReadAction","target":["https:\/\/florianhorsefood.nl\/de\/produkt\/duval-multipower\/"]}]},{"@type":"ImageObject","inLanguage":"de","@id":"https:\/\/florianhorsefood.nl\/de\/produkt\/duval-multipower\/#primaryimage","url":"https:\/\/florianhorsefood.nl\/wp-content\/uploads\/2025\/11\/Florian-Horsefood-Web-16.webp","contentUrl":"https:\/\/florianhorsefood.nl\/wp-content\/uploads\/2025\/11\/Florian-Horsefood-Web-16.webp","width":1365,"height":2048},{"@type":"BreadcrumbList","@id":"https:\/\/florianhorsefood.nl\/de\/produkt\/duval-multipower\/#breadcrumb","itemListElement":[{"@type":"ListItem","position":1,"name":"Startseite","item":"https:\/\/florianhorsefood.nl\/de\/startseite\/"},{"@type":"ListItem","position":2,"name":"Shop","item":"https:\/\/florianhorsefood.nl\/shop\/"},{"@type":"ListItem","position":3,"name":"Duval Multipower"}]},{"@type":"WebSite","@id":"https:\/\/florianhorsefood.nl\/de\/#website","url":"https:\/\/florianhorsefood.nl\/de\/","name":"Florian Horsefood","description":"Back to Basic &amp; Health Protection!","publisher":{"@id":"https:\/\/florianhorsefood.nl\/de\/#organization"},"potentialAction":[{"@type":"SearchAction","target":{"@type":"EntryPoint","urlTemplate":"https:\/\/florianhorsefood.nl\/de\/?s={search_term_string}"},"query-input":{"@type":"PropertyValueSpecification","valueRequired":true,"valueName":"search_term_string"}}],"inLanguage":"de"},{"@type":"Organization","@id":"https:\/\/florianhorsefood.nl\/de\/#organization","name":"Florian Pferdefutter","url":"https:\/\/florianhorsefood.nl\/de\/","logo":{"@type":"ImageObject","inLanguage":"de","@id":"https:\/\/florianhorsefood.nl\/de\/#\/schema\/logo\/image\/","url":"https:\/\/florianhorsefood.nl\/wp-content\/uploads\/2020\/02\/Florian_Horsefood_liggend_RGB.png","contentUrl":"https:\/\/florianhorsefood.nl\/wp-content\/uploads\/2020\/02\/Florian_Horsefood_liggend_RGB.png","width":1044,"height":393,"caption":"Florian Pferdefutter"},"image":{"@id":"https:\/\/florianhorsefood.nl\/de\/#\/schema\/logo\/image\/"},"sameAs":["https:\/\/www.linkedin.com\/company\/florian-horsefood\/about\/"]}]}},"_links":{"self":[{"href":"https:\/\/florianhorsefood.nl\/de\/wp-json\/wp\/v2\/product\/12597","targetHints":{"allow":["GET"]}}],"collection":[{"href":"https:\/\/florianhorsefood.nl\/de\/wp-json\/wp\/v2\/product"}],"about":[{"href":"https:\/\/florianhorsefood.nl\/de\/wp-json\/wp\/v2\/types\/product"}],"wp:featuredmedia":[{"embeddable":true,"href":"https:\/\/florianhorsefood.nl\/de\/wp-json\/wp\/v2\/media\/20297"}],"wp:attachment":[{"href":"https:\/\/florianhorsefood.nl\/de\/wp-json\/wp\/v2\/media?parent=12597"}],"wp:term":[{"taxonomy":"product_brand","embeddable":true,"href":"https:\/\/florianhorsefood.nl\/de\/wp-json\/wp\/v2\/product_brand?post=12597"},{"taxonomy":"product_cat","embeddable":true,"href":"https:\/\/florianhorsefood.nl\/de\/wp-json\/wp\/v2\/product_cat?post=12597"},{"taxonomy":"product_tag","embeddable":true,"href":"https:\/\/florianhorsefood.nl\/de\/wp-json\/wp\/v2\/product_tag?post=12597"}],"curies":[{"name":"wp","href":"https:\/\/api.w.org\/{rel}","templated":true}]}}