{"id":12614,"date":"2024-03-25T06:39:56","date_gmt":"2024-03-25T05:39:56","guid":{"rendered":"https:\/\/florianhorsefood.nl\/product\/florian-power-fit\/"},"modified":"2025-11-04T11:42:54","modified_gmt":"2025-11-04T10:42:54","slug":"florian-power-fit","status":"publish","type":"product","link":"https:\/\/florianhorsefood.nl\/de\/produkt\/florian-power-fit\/","title":{"rendered":"Florian Power Fit"},"content":{"rendered":"<p class=\"p2\">Power Fit ist ein ausgewogener Support Mix mit viel hochwertigem Protein. Power Fit ist reich an Proteinen und enth\u00e4lt zus\u00e4tzlich Vitamin E und Biotin. Die Mischung enth\u00e4lt auch Energie aus Kohlenhydraten, die f\u00fcr zus\u00e4tzliche Kraft und verwertbare Energie sorgen. Diese Futtermischung ist sehr gut geeignet f\u00fcr junge Pferde, Sportpferde, die zus\u00e4tzliche Muskeln aufbauen m\u00fcssen, oder \u00e4ltere Pferde mit einem h\u00f6heren Proteinbedarf.   <\/p>\n<p><strong>Florian Power Fit<\/strong><\/p>\n<ul>\n<li>Enth\u00e4lt hochwertiges Eiwei\u00df und zus\u00e4tzliche Vit. E und Biotin <\/li>\n<li>Verleiht Kraft und unterst\u00fctzt den Muskelaufbau<\/li>\n<li>Vollst\u00e4ndige Ern\u00e4hrung in Form von Vitaminen und Mineralien<\/li>\n<li>Sie f\u00fcttern mehr als 50% weniger als bei einem normalen M\u00fcsli<\/li>\n<li>Alfalfa frei<\/li>\n<\/ul>\n<h3>F\u00fctterungshinweise:<\/h3>\n<p>Zur Erhaltung oder in Kombination mit anderen Konzentraten: von ca. 40 g bis ca. 70 g pro 100 kg K\u00f6rpergewicht<\/p>\n<p>Als einzige Kraftfutterration:<\/p>\n<ul>\n<li>Von keiner bis zu leichter und m\u00e4\u00dfiger Arbeit: von 75 Gramm bis etwa 100 pro 100 kg K\u00f6rpergewicht<\/li>\n<li>Bei schwerer bis sehr schwerer Arbeit: von 125 g bis etwa 150 g pro 100 kg K\u00f6rpergewicht<\/li>\n<\/ul>\n<p>&nbsp;<\/p>\n","protected":false},"excerpt":{"rendered":"<p>Power Fit ist ein ausgewogener Support Mix mit viel hochwertigem Protein. Power Fit ist reich an Proteinen und enth\u00e4lt zus\u00e4tzlich Vitamin E und Biotin. Die Mischung enth\u00e4lt auch Energie aus Kohlenhydraten, die f\u00fcr zus\u00e4tzliche Kraft und verwertbare Energie sorgen. Diese Futtermischung ist sehr gut geeignet f\u00fcr junge Pferde, Sportpferde, die zus\u00e4tzliche Muskeln aufbauen m\u00fcssen, oder \u00e4ltere Pferde mit einem h\u00f6heren Proteinbedarf.   <\/p>\n<p><strong>Inhalt: ca. 18 kg<\/strong><\/p>\n","protected":false},"featured_media":12615,"template":"","meta":[],"product_brand":[],"product_cat":[19],"product_tag":[45],"class_list":{"0":"post-12614","1":"product","2":"type-product","3":"status-publish","4":"has-post-thumbnail","6":"product_cat-support-mix","7":"product_tag-zakken","9":"first","10":"instock","11":"taxable","12":"shipping-taxable","13":"purchasable","14":"product-type-variable","15":"has-default-attributes"},"bundled_by":[],"bundle_stock_status":"instock","bundle_stock_quantity":null,"bundle_virtual":false,"bundle_layout":"","bundle_add_to_cart_form_location":"","bundle_editable_in_cart":false,"bundle_sold_individually_context":"","bundle_item_grouping":"","bundle_min_size":"","bundle_max_size":"","bundle_price":[],"bundled_items":[],"bundle_sell_ids":[],"yoast_head":"<!-- This site is optimized with the Yoast SEO plugin v27.3 - https:\/\/yoast.com\/product\/yoast-seo-wordpress\/ -->\n<title>Florian Power Fit - Florian Horsefood<\/title>\n<meta name=\"description\" content=\"Power Fit ist ein ausgewogener Support Mix mit viel hochwertigem Protein. Ideal f\u00fcr junge Pferde, Sportpferde, die zus\u00e4tzliche Muskeln aufbauen m\u00fcssen, oder \u00e4ltere Pferde mit h\u00f6herem Proteinbedarf.\" \/>\n<meta name=\"robots\" content=\"index, follow, max-snippet:-1, max-image-preview:large, max-video-preview:-1\" \/>\n<link rel=\"canonical\" href=\"https:\/\/florianhorsefood.nl\/de\/produkt\/florian-power-fit\/\" \/>\n<meta property=\"og:locale\" content=\"de_DE\" \/>\n<meta property=\"og:type\" content=\"article\" \/>\n<meta property=\"og:title\" content=\"Florian Power Fit - Florian Horsefood\" \/>\n<meta property=\"og:description\" content=\"Power Fit ist ein ausgewogener Support Mix mit viel hochwertigem Protein. Ideal f\u00fcr junge Pferde, Sportpferde, die zus\u00e4tzliche Muskeln aufbauen m\u00fcssen, oder \u00e4ltere Pferde mit h\u00f6herem Proteinbedarf.\" \/>\n<meta property=\"og:url\" content=\"https:\/\/florianhorsefood.nl\/de\/produkt\/florian-power-fit\/\" \/>\n<meta property=\"og:site_name\" content=\"Florian Horsefood\" \/>\n<meta property=\"article:modified_time\" content=\"2025-11-04T10:42:54+00:00\" \/>\n<meta property=\"og:image\" content=\"https:\/\/florianhorsefood.nl\/wp-content\/uploads\/2024\/01\/florian-horsefood-power-fit-support-mix-14kg-1.jpg\" \/>\n\t<meta property=\"og:image:width\" content=\"2000\" \/>\n\t<meta property=\"og:image:height\" content=\"2000\" \/>\n\t<meta property=\"og:image:type\" content=\"image\/jpeg\" \/>\n<meta name=\"twitter:card\" content=\"summary_large_image\" \/>\n<meta name=\"twitter:label1\" content=\"Gesch\u00e4tzte Lesezeit\" \/>\n\t<meta name=\"twitter:data1\" content=\"1\u00a0Minute\" \/>\n<script type=\"application\/ld+json\" class=\"yoast-schema-graph\">{\"@context\":\"https:\\\/\\\/schema.org\",\"@graph\":[{\"@type\":\"WebPage\",\"@id\":\"https:\\\/\\\/florianhorsefood.nl\\\/de\\\/produkt\\\/florian-power-fit\\\/\",\"url\":\"https:\\\/\\\/florianhorsefood.nl\\\/de\\\/produkt\\\/florian-power-fit\\\/\",\"name\":\"Florian Power Fit - Florian Horsefood\",\"isPartOf\":{\"@id\":\"https:\\\/\\\/florianhorsefood.nl\\\/de\\\/#website\"},\"primaryImageOfPage\":{\"@id\":\"https:\\\/\\\/florianhorsefood.nl\\\/de\\\/produkt\\\/florian-power-fit\\\/#primaryimage\"},\"image\":{\"@id\":\"https:\\\/\\\/florianhorsefood.nl\\\/de\\\/produkt\\\/florian-power-fit\\\/#primaryimage\"},\"thumbnailUrl\":\"https:\\\/\\\/florianhorsefood.nl\\\/wp-content\\\/uploads\\\/2024\\\/01\\\/florian-horsefood-power-fit-support-mix-14kg-1.jpg\",\"datePublished\":\"2024-03-25T05:39:56+00:00\",\"dateModified\":\"2025-11-04T10:42:54+00:00\",\"description\":\"Power Fit ist ein ausgewogener Support Mix mit viel hochwertigem Protein. Ideal f\u00fcr junge Pferde, Sportpferde, die zus\u00e4tzliche Muskeln aufbauen m\u00fcssen, oder \u00e4ltere Pferde mit h\u00f6herem Proteinbedarf.\",\"breadcrumb\":{\"@id\":\"https:\\\/\\\/florianhorsefood.nl\\\/de\\\/produkt\\\/florian-power-fit\\\/#breadcrumb\"},\"inLanguage\":\"de\",\"potentialAction\":[{\"@type\":\"ReadAction\",\"target\":[\"https:\\\/\\\/florianhorsefood.nl\\\/de\\\/produkt\\\/florian-power-fit\\\/\"]}]},{\"@type\":\"ImageObject\",\"inLanguage\":\"de\",\"@id\":\"https:\\\/\\\/florianhorsefood.nl\\\/de\\\/produkt\\\/florian-power-fit\\\/#primaryimage\",\"url\":\"https:\\\/\\\/florianhorsefood.nl\\\/wp-content\\\/uploads\\\/2024\\\/01\\\/florian-horsefood-power-fit-support-mix-14kg-1.jpg\",\"contentUrl\":\"https:\\\/\\\/florianhorsefood.nl\\\/wp-content\\\/uploads\\\/2024\\\/01\\\/florian-horsefood-power-fit-support-mix-14kg-1.jpg\",\"width\":2000,\"height\":2000},{\"@type\":\"BreadcrumbList\",\"@id\":\"https:\\\/\\\/florianhorsefood.nl\\\/de\\\/produkt\\\/florian-power-fit\\\/#breadcrumb\",\"itemListElement\":[{\"@type\":\"ListItem\",\"position\":1,\"name\":\"Startseite\",\"item\":\"https:\\\/\\\/florianhorsefood.nl\\\/de\\\/startseite\\\/\"},{\"@type\":\"ListItem\",\"position\":2,\"name\":\"Shop\",\"item\":\"https:\\\/\\\/florianhorsefood.nl\\\/shop\\\/\"},{\"@type\":\"ListItem\",\"position\":3,\"name\":\"Florian Power Fit\"}]},{\"@type\":\"WebSite\",\"@id\":\"https:\\\/\\\/florianhorsefood.nl\\\/de\\\/#website\",\"url\":\"https:\\\/\\\/florianhorsefood.nl\\\/de\\\/\",\"name\":\"Florian Horsefood\",\"description\":\"Back to Basic &amp; Health Protection!\",\"publisher\":{\"@id\":\"https:\\\/\\\/florianhorsefood.nl\\\/de\\\/#organization\"},\"potentialAction\":[{\"@type\":\"SearchAction\",\"target\":{\"@type\":\"EntryPoint\",\"urlTemplate\":\"https:\\\/\\\/florianhorsefood.nl\\\/de\\\/?s={search_term_string}\"},\"query-input\":{\"@type\":\"PropertyValueSpecification\",\"valueRequired\":true,\"valueName\":\"search_term_string\"}}],\"inLanguage\":\"de\"},{\"@type\":\"Organization\",\"@id\":\"https:\\\/\\\/florianhorsefood.nl\\\/de\\\/#organization\",\"name\":\"Florian Pferdefutter\",\"url\":\"https:\\\/\\\/florianhorsefood.nl\\\/de\\\/\",\"logo\":{\"@type\":\"ImageObject\",\"inLanguage\":\"de\",\"@id\":\"https:\\\/\\\/florianhorsefood.nl\\\/de\\\/#\\\/schema\\\/logo\\\/image\\\/\",\"url\":\"https:\\\/\\\/florianhorsefood.nl\\\/wp-content\\\/uploads\\\/2020\\\/02\\\/Florian_Horsefood_liggend_RGB.png\",\"contentUrl\":\"https:\\\/\\\/florianhorsefood.nl\\\/wp-content\\\/uploads\\\/2020\\\/02\\\/Florian_Horsefood_liggend_RGB.png\",\"width\":1044,\"height\":393,\"caption\":\"Florian Pferdefutter\"},\"image\":{\"@id\":\"https:\\\/\\\/florianhorsefood.nl\\\/de\\\/#\\\/schema\\\/logo\\\/image\\\/\"},\"sameAs\":[\"https:\\\/\\\/www.linkedin.com\\\/company\\\/florian-horsefood\\\/about\\\/\"]}]}<\/script>\n<!-- \/ Yoast SEO plugin. -->","yoast_head_json":{"title":"Florian Power Fit - Florian Horsefood","description":"Power Fit ist ein ausgewogener Support Mix mit viel hochwertigem Protein. Ideal f\u00fcr junge Pferde, Sportpferde, die zus\u00e4tzliche Muskeln aufbauen m\u00fcssen, oder \u00e4ltere Pferde mit h\u00f6herem Proteinbedarf.","robots":{"index":"index","follow":"follow","max-snippet":"max-snippet:-1","max-image-preview":"max-image-preview:large","max-video-preview":"max-video-preview:-1"},"canonical":"https:\/\/florianhorsefood.nl\/de\/produkt\/florian-power-fit\/","og_locale":"de_DE","og_type":"article","og_title":"Florian Power Fit - Florian Horsefood","og_description":"Power Fit ist ein ausgewogener Support Mix mit viel hochwertigem Protein. Ideal f\u00fcr junge Pferde, Sportpferde, die zus\u00e4tzliche Muskeln aufbauen m\u00fcssen, oder \u00e4ltere Pferde mit h\u00f6herem Proteinbedarf.","og_url":"https:\/\/florianhorsefood.nl\/de\/produkt\/florian-power-fit\/","og_site_name":"Florian Horsefood","article_modified_time":"2025-11-04T10:42:54+00:00","og_image":[{"width":2000,"height":2000,"url":"https:\/\/florianhorsefood.nl\/wp-content\/uploads\/2024\/01\/florian-horsefood-power-fit-support-mix-14kg-1.jpg","type":"image\/jpeg"}],"twitter_card":"summary_large_image","twitter_misc":{"Gesch\u00e4tzte Lesezeit":"1\u00a0Minute"},"schema":{"@context":"https:\/\/schema.org","@graph":[{"@type":"WebPage","@id":"https:\/\/florianhorsefood.nl\/de\/produkt\/florian-power-fit\/","url":"https:\/\/florianhorsefood.nl\/de\/produkt\/florian-power-fit\/","name":"Florian Power Fit - Florian Horsefood","isPartOf":{"@id":"https:\/\/florianhorsefood.nl\/de\/#website"},"primaryImageOfPage":{"@id":"https:\/\/florianhorsefood.nl\/de\/produkt\/florian-power-fit\/#primaryimage"},"image":{"@id":"https:\/\/florianhorsefood.nl\/de\/produkt\/florian-power-fit\/#primaryimage"},"thumbnailUrl":"https:\/\/florianhorsefood.nl\/wp-content\/uploads\/2024\/01\/florian-horsefood-power-fit-support-mix-14kg-1.jpg","datePublished":"2024-03-25T05:39:56+00:00","dateModified":"2025-11-04T10:42:54+00:00","description":"Power Fit ist ein ausgewogener Support Mix mit viel hochwertigem Protein. Ideal f\u00fcr junge Pferde, Sportpferde, die zus\u00e4tzliche Muskeln aufbauen m\u00fcssen, oder \u00e4ltere Pferde mit h\u00f6herem Proteinbedarf.","breadcrumb":{"@id":"https:\/\/florianhorsefood.nl\/de\/produkt\/florian-power-fit\/#breadcrumb"},"inLanguage":"de","potentialAction":[{"@type":"ReadAction","target":["https:\/\/florianhorsefood.nl\/de\/produkt\/florian-power-fit\/"]}]},{"@type":"ImageObject","inLanguage":"de","@id":"https:\/\/florianhorsefood.nl\/de\/produkt\/florian-power-fit\/#primaryimage","url":"https:\/\/florianhorsefood.nl\/wp-content\/uploads\/2024\/01\/florian-horsefood-power-fit-support-mix-14kg-1.jpg","contentUrl":"https:\/\/florianhorsefood.nl\/wp-content\/uploads\/2024\/01\/florian-horsefood-power-fit-support-mix-14kg-1.jpg","width":2000,"height":2000},{"@type":"BreadcrumbList","@id":"https:\/\/florianhorsefood.nl\/de\/produkt\/florian-power-fit\/#breadcrumb","itemListElement":[{"@type":"ListItem","position":1,"name":"Startseite","item":"https:\/\/florianhorsefood.nl\/de\/startseite\/"},{"@type":"ListItem","position":2,"name":"Shop","item":"https:\/\/florianhorsefood.nl\/shop\/"},{"@type":"ListItem","position":3,"name":"Florian Power Fit"}]},{"@type":"WebSite","@id":"https:\/\/florianhorsefood.nl\/de\/#website","url":"https:\/\/florianhorsefood.nl\/de\/","name":"Florian Horsefood","description":"Back to Basic &amp; Health Protection!","publisher":{"@id":"https:\/\/florianhorsefood.nl\/de\/#organization"},"potentialAction":[{"@type":"SearchAction","target":{"@type":"EntryPoint","urlTemplate":"https:\/\/florianhorsefood.nl\/de\/?s={search_term_string}"},"query-input":{"@type":"PropertyValueSpecification","valueRequired":true,"valueName":"search_term_string"}}],"inLanguage":"de"},{"@type":"Organization","@id":"https:\/\/florianhorsefood.nl\/de\/#organization","name":"Florian Pferdefutter","url":"https:\/\/florianhorsefood.nl\/de\/","logo":{"@type":"ImageObject","inLanguage":"de","@id":"https:\/\/florianhorsefood.nl\/de\/#\/schema\/logo\/image\/","url":"https:\/\/florianhorsefood.nl\/wp-content\/uploads\/2020\/02\/Florian_Horsefood_liggend_RGB.png","contentUrl":"https:\/\/florianhorsefood.nl\/wp-content\/uploads\/2020\/02\/Florian_Horsefood_liggend_RGB.png","width":1044,"height":393,"caption":"Florian Pferdefutter"},"image":{"@id":"https:\/\/florianhorsefood.nl\/de\/#\/schema\/logo\/image\/"},"sameAs":["https:\/\/www.linkedin.com\/company\/florian-horsefood\/about\/"]}]}},"_links":{"self":[{"href":"https:\/\/florianhorsefood.nl\/de\/wp-json\/wp\/v2\/product\/12614","targetHints":{"allow":["GET"]}}],"collection":[{"href":"https:\/\/florianhorsefood.nl\/de\/wp-json\/wp\/v2\/product"}],"about":[{"href":"https:\/\/florianhorsefood.nl\/de\/wp-json\/wp\/v2\/types\/product"}],"wp:featuredmedia":[{"embeddable":true,"href":"https:\/\/florianhorsefood.nl\/de\/wp-json\/wp\/v2\/media\/12615"}],"wp:attachment":[{"href":"https:\/\/florianhorsefood.nl\/de\/wp-json\/wp\/v2\/media?parent=12614"}],"wp:term":[{"taxonomy":"product_brand","embeddable":true,"href":"https:\/\/florianhorsefood.nl\/de\/wp-json\/wp\/v2\/product_brand?post=12614"},{"taxonomy":"product_cat","embeddable":true,"href":"https:\/\/florianhorsefood.nl\/de\/wp-json\/wp\/v2\/product_cat?post=12614"},{"taxonomy":"product_tag","embeddable":true,"href":"https:\/\/florianhorsefood.nl\/de\/wp-json\/wp\/v2\/product_tag?post=12614"}],"curies":[{"name":"wp","href":"https:\/\/api.w.org\/{rel}","templated":true}]}}