{"id":12625,"date":"2024-03-25T07:16:22","date_gmt":"2024-03-25T06:16:22","guid":{"rendered":"https:\/\/florianhorsefood.nl\/product\/florian-slow-fit\/"},"modified":"2025-11-04T11:43:08","modified_gmt":"2025-11-04T10:43:08","slug":"florian-slow-fit","status":"publish","type":"product","link":"https:\/\/florianhorsefood.nl\/de\/produkt\/florian-slow-fit\/","title":{"rendered":"Florian Slow Fit"},"content":{"rendered":"<p class=\"p2\">Slow Fit ist ein komfortabler Support Mix mit hohem Fett- und Proteingehalt, dem zus\u00e4tzlich \u00d6l und Magnesium beigemischt ist. Sehr gut geeignet f\u00fcr Freizeit- und Sportpferde, die Energie ben\u00f6tigen, aber fein arbeitbar bleiben m\u00fcssen. Diese Mischung ist reich an Vitaminen und Mineralien und enth\u00e4lt wenig Zucker und St\u00e4rke. Slow Fit tr\u00e4gt zum Komfort kraftvoller, aber langsam freigesetzter Energie bei und wurde teilweise f\u00fcr scharfe und sensible Sportpferde entwickelt.   <\/p>\n<p><strong>Florian Slow Fit<\/strong><\/p>\n<ul>\n<li>Verleiht kraftvolle und langsam freigesetzte Energie<\/li>\n<li>Reich an Magnesium, Vitaminen und Mineralien<\/li>\n<li>\u00dcber 50% weniger Futtermittel im Vergleich zu normalem M\u00fcsli<\/li>\n<li>Alfalfa frei<\/li>\n<\/ul>\n<h3>F\u00fctterungshinweise:<\/h3>\n<p>Zur Erhaltung oder in Kombination mit anderen Konzentraten: ca. 40 bis 70 g pro 100 kg K\u00f6rpergewicht<\/p>\n<p>Als einzige Kraftfutterration:<\/p>\n<ul>\n<li>Von keiner bis zu leichter und m\u00e4\u00dfiger Arbeit: ca. 75 bis ca. 100 Gramm pro 100 kg K\u00f6rpergewicht<\/li>\n<li>Bei schwerer bis sehr schwerer Arbeit: etwa 125 bis etwa 150 Gramm pro 100 kg K\u00f6rpergewicht<\/li>\n<\/ul>\n<p>&nbsp;<\/p>\n","protected":false},"excerpt":{"rendered":"<p>Slow Fit ist ein komfortabler Support Mix mit hohem Fett- und Proteingehalt, dem zus\u00e4tzlich \u00d6l und Magnesium beigemischt ist. Sehr gut geeignet f\u00fcr Freizeit- und Sportpferde, die Energie ben\u00f6tigen, aber fein arbeitbar bleiben m\u00fcssen. Diese Mischung ist reich an Vitaminen und Mineralien und enth\u00e4lt wenig Zucker und St\u00e4rke. Slow Fit tr\u00e4gt zum Komfort kraftvoller, aber langsam freigesetzter Energie bei und wurde teilweise f\u00fcr scharfe und sensible Sportpferde entwickelt.   <\/p>\n<p><strong>Inhalt: ca. 18 kg<\/strong><\/p>\n","protected":false},"featured_media":12626,"template":"","meta":[],"product_brand":[],"product_cat":[19],"product_tag":[45],"class_list":{"0":"post-12625","1":"product","2":"type-product","3":"status-publish","4":"has-post-thumbnail","6":"product_cat-support-mix","7":"product_tag-zakken","9":"first","10":"instock","11":"taxable","12":"shipping-taxable","13":"purchasable","14":"product-type-variable","15":"has-default-attributes"},"bundled_by":[],"bundle_stock_status":"instock","bundle_stock_quantity":null,"bundle_virtual":false,"bundle_layout":"","bundle_add_to_cart_form_location":"","bundle_editable_in_cart":false,"bundle_sold_individually_context":"","bundle_item_grouping":"","bundle_min_size":"","bundle_max_size":"","bundle_price":[],"bundled_items":[],"bundle_sell_ids":[],"yoast_head":"<!-- This site is optimized with the Yoast SEO plugin v27.3 - https:\/\/yoast.com\/product\/yoast-seo-wordpress\/ -->\n<title>Florian Slow Fit - Florian Horsefood<\/title>\n<meta name=\"description\" content=\"Der Slow Fit ist ein bequemer Support Mix mit einem hohen Fett- und Proteingehalt, dem zus\u00e4tzlich \u00d6l und Magnesium beigemischt ist.\" \/>\n<meta name=\"robots\" content=\"index, follow, max-snippet:-1, max-image-preview:large, max-video-preview:-1\" \/>\n<link rel=\"canonical\" href=\"https:\/\/florianhorsefood.nl\/de\/produkt\/florian-slow-fit\/\" \/>\n<meta property=\"og:locale\" content=\"de_DE\" \/>\n<meta property=\"og:type\" content=\"article\" \/>\n<meta property=\"og:title\" content=\"Florian Slow Fit - Florian Horsefood\" \/>\n<meta property=\"og:description\" content=\"Der Slow Fit ist ein bequemer Support Mix mit einem hohen Fett- und Proteingehalt, dem zus\u00e4tzlich \u00d6l und Magnesium beigemischt ist.\" \/>\n<meta property=\"og:url\" content=\"https:\/\/florianhorsefood.nl\/de\/produkt\/florian-slow-fit\/\" \/>\n<meta property=\"og:site_name\" content=\"Florian Horsefood\" \/>\n<meta property=\"article:modified_time\" content=\"2025-11-04T10:43:08+00:00\" \/>\n<meta property=\"og:image\" content=\"https:\/\/florianhorsefood.nl\/wp-content\/uploads\/2024\/03\/florian-horsefood-slow-fit-support-mix-1.jpg\" \/>\n\t<meta property=\"og:image:width\" content=\"2000\" \/>\n\t<meta property=\"og:image:height\" content=\"2000\" \/>\n\t<meta property=\"og:image:type\" content=\"image\/jpeg\" \/>\n<meta name=\"twitter:card\" content=\"summary_large_image\" \/>\n<meta name=\"twitter:label1\" content=\"Gesch\u00e4tzte Lesezeit\" \/>\n\t<meta name=\"twitter:data1\" content=\"1\u00a0Minute\" \/>\n<script type=\"application\/ld+json\" class=\"yoast-schema-graph\">{\"@context\":\"https:\\\/\\\/schema.org\",\"@graph\":[{\"@type\":\"WebPage\",\"@id\":\"https:\\\/\\\/florianhorsefood.nl\\\/de\\\/produkt\\\/florian-slow-fit\\\/\",\"url\":\"https:\\\/\\\/florianhorsefood.nl\\\/de\\\/produkt\\\/florian-slow-fit\\\/\",\"name\":\"Florian Slow Fit - Florian Horsefood\",\"isPartOf\":{\"@id\":\"https:\\\/\\\/florianhorsefood.nl\\\/de\\\/#website\"},\"primaryImageOfPage\":{\"@id\":\"https:\\\/\\\/florianhorsefood.nl\\\/de\\\/produkt\\\/florian-slow-fit\\\/#primaryimage\"},\"image\":{\"@id\":\"https:\\\/\\\/florianhorsefood.nl\\\/de\\\/produkt\\\/florian-slow-fit\\\/#primaryimage\"},\"thumbnailUrl\":\"https:\\\/\\\/florianhorsefood.nl\\\/wp-content\\\/uploads\\\/2024\\\/03\\\/florian-horsefood-slow-fit-support-mix-1.jpg\",\"datePublished\":\"2024-03-25T06:16:22+00:00\",\"dateModified\":\"2025-11-04T10:43:08+00:00\",\"description\":\"Der Slow Fit ist ein bequemer Support Mix mit einem hohen Fett- und Proteingehalt, dem zus\u00e4tzlich \u00d6l und Magnesium beigemischt ist.\",\"breadcrumb\":{\"@id\":\"https:\\\/\\\/florianhorsefood.nl\\\/de\\\/produkt\\\/florian-slow-fit\\\/#breadcrumb\"},\"inLanguage\":\"de\",\"potentialAction\":[{\"@type\":\"ReadAction\",\"target\":[\"https:\\\/\\\/florianhorsefood.nl\\\/de\\\/produkt\\\/florian-slow-fit\\\/\"]}]},{\"@type\":\"ImageObject\",\"inLanguage\":\"de\",\"@id\":\"https:\\\/\\\/florianhorsefood.nl\\\/de\\\/produkt\\\/florian-slow-fit\\\/#primaryimage\",\"url\":\"https:\\\/\\\/florianhorsefood.nl\\\/wp-content\\\/uploads\\\/2024\\\/03\\\/florian-horsefood-slow-fit-support-mix-1.jpg\",\"contentUrl\":\"https:\\\/\\\/florianhorsefood.nl\\\/wp-content\\\/uploads\\\/2024\\\/03\\\/florian-horsefood-slow-fit-support-mix-1.jpg\",\"width\":2000,\"height\":2000},{\"@type\":\"BreadcrumbList\",\"@id\":\"https:\\\/\\\/florianhorsefood.nl\\\/de\\\/produkt\\\/florian-slow-fit\\\/#breadcrumb\",\"itemListElement\":[{\"@type\":\"ListItem\",\"position\":1,\"name\":\"Startseite\",\"item\":\"https:\\\/\\\/florianhorsefood.nl\\\/de\\\/startseite\\\/\"},{\"@type\":\"ListItem\",\"position\":2,\"name\":\"Shop\",\"item\":\"https:\\\/\\\/florianhorsefood.nl\\\/shop\\\/\"},{\"@type\":\"ListItem\",\"position\":3,\"name\":\"Florian Slow Fit\"}]},{\"@type\":\"WebSite\",\"@id\":\"https:\\\/\\\/florianhorsefood.nl\\\/de\\\/#website\",\"url\":\"https:\\\/\\\/florianhorsefood.nl\\\/de\\\/\",\"name\":\"Florian Horsefood\",\"description\":\"Back to Basic &amp; Health Protection!\",\"publisher\":{\"@id\":\"https:\\\/\\\/florianhorsefood.nl\\\/de\\\/#organization\"},\"potentialAction\":[{\"@type\":\"SearchAction\",\"target\":{\"@type\":\"EntryPoint\",\"urlTemplate\":\"https:\\\/\\\/florianhorsefood.nl\\\/de\\\/?s={search_term_string}\"},\"query-input\":{\"@type\":\"PropertyValueSpecification\",\"valueRequired\":true,\"valueName\":\"search_term_string\"}}],\"inLanguage\":\"de\"},{\"@type\":\"Organization\",\"@id\":\"https:\\\/\\\/florianhorsefood.nl\\\/de\\\/#organization\",\"name\":\"Florian Pferdefutter\",\"url\":\"https:\\\/\\\/florianhorsefood.nl\\\/de\\\/\",\"logo\":{\"@type\":\"ImageObject\",\"inLanguage\":\"de\",\"@id\":\"https:\\\/\\\/florianhorsefood.nl\\\/de\\\/#\\\/schema\\\/logo\\\/image\\\/\",\"url\":\"https:\\\/\\\/florianhorsefood.nl\\\/wp-content\\\/uploads\\\/2020\\\/02\\\/Florian_Horsefood_liggend_RGB.png\",\"contentUrl\":\"https:\\\/\\\/florianhorsefood.nl\\\/wp-content\\\/uploads\\\/2020\\\/02\\\/Florian_Horsefood_liggend_RGB.png\",\"width\":1044,\"height\":393,\"caption\":\"Florian Pferdefutter\"},\"image\":{\"@id\":\"https:\\\/\\\/florianhorsefood.nl\\\/de\\\/#\\\/schema\\\/logo\\\/image\\\/\"},\"sameAs\":[\"https:\\\/\\\/www.linkedin.com\\\/company\\\/florian-horsefood\\\/about\\\/\"]}]}<\/script>\n<!-- \/ Yoast SEO plugin. -->","yoast_head_json":{"title":"Florian Slow Fit - Florian Horsefood","description":"Der Slow Fit ist ein bequemer Support Mix mit einem hohen Fett- und Proteingehalt, dem zus\u00e4tzlich \u00d6l und Magnesium beigemischt ist.","robots":{"index":"index","follow":"follow","max-snippet":"max-snippet:-1","max-image-preview":"max-image-preview:large","max-video-preview":"max-video-preview:-1"},"canonical":"https:\/\/florianhorsefood.nl\/de\/produkt\/florian-slow-fit\/","og_locale":"de_DE","og_type":"article","og_title":"Florian Slow Fit - Florian Horsefood","og_description":"Der Slow Fit ist ein bequemer Support Mix mit einem hohen Fett- und Proteingehalt, dem zus\u00e4tzlich \u00d6l und Magnesium beigemischt ist.","og_url":"https:\/\/florianhorsefood.nl\/de\/produkt\/florian-slow-fit\/","og_site_name":"Florian Horsefood","article_modified_time":"2025-11-04T10:43:08+00:00","og_image":[{"width":2000,"height":2000,"url":"https:\/\/florianhorsefood.nl\/wp-content\/uploads\/2024\/03\/florian-horsefood-slow-fit-support-mix-1.jpg","type":"image\/jpeg"}],"twitter_card":"summary_large_image","twitter_misc":{"Gesch\u00e4tzte Lesezeit":"1\u00a0Minute"},"schema":{"@context":"https:\/\/schema.org","@graph":[{"@type":"WebPage","@id":"https:\/\/florianhorsefood.nl\/de\/produkt\/florian-slow-fit\/","url":"https:\/\/florianhorsefood.nl\/de\/produkt\/florian-slow-fit\/","name":"Florian Slow Fit - Florian Horsefood","isPartOf":{"@id":"https:\/\/florianhorsefood.nl\/de\/#website"},"primaryImageOfPage":{"@id":"https:\/\/florianhorsefood.nl\/de\/produkt\/florian-slow-fit\/#primaryimage"},"image":{"@id":"https:\/\/florianhorsefood.nl\/de\/produkt\/florian-slow-fit\/#primaryimage"},"thumbnailUrl":"https:\/\/florianhorsefood.nl\/wp-content\/uploads\/2024\/03\/florian-horsefood-slow-fit-support-mix-1.jpg","datePublished":"2024-03-25T06:16:22+00:00","dateModified":"2025-11-04T10:43:08+00:00","description":"Der Slow Fit ist ein bequemer Support Mix mit einem hohen Fett- und Proteingehalt, dem zus\u00e4tzlich \u00d6l und Magnesium beigemischt ist.","breadcrumb":{"@id":"https:\/\/florianhorsefood.nl\/de\/produkt\/florian-slow-fit\/#breadcrumb"},"inLanguage":"de","potentialAction":[{"@type":"ReadAction","target":["https:\/\/florianhorsefood.nl\/de\/produkt\/florian-slow-fit\/"]}]},{"@type":"ImageObject","inLanguage":"de","@id":"https:\/\/florianhorsefood.nl\/de\/produkt\/florian-slow-fit\/#primaryimage","url":"https:\/\/florianhorsefood.nl\/wp-content\/uploads\/2024\/03\/florian-horsefood-slow-fit-support-mix-1.jpg","contentUrl":"https:\/\/florianhorsefood.nl\/wp-content\/uploads\/2024\/03\/florian-horsefood-slow-fit-support-mix-1.jpg","width":2000,"height":2000},{"@type":"BreadcrumbList","@id":"https:\/\/florianhorsefood.nl\/de\/produkt\/florian-slow-fit\/#breadcrumb","itemListElement":[{"@type":"ListItem","position":1,"name":"Startseite","item":"https:\/\/florianhorsefood.nl\/de\/startseite\/"},{"@type":"ListItem","position":2,"name":"Shop","item":"https:\/\/florianhorsefood.nl\/shop\/"},{"@type":"ListItem","position":3,"name":"Florian Slow Fit"}]},{"@type":"WebSite","@id":"https:\/\/florianhorsefood.nl\/de\/#website","url":"https:\/\/florianhorsefood.nl\/de\/","name":"Florian Horsefood","description":"Back to Basic &amp; Health Protection!","publisher":{"@id":"https:\/\/florianhorsefood.nl\/de\/#organization"},"potentialAction":[{"@type":"SearchAction","target":{"@type":"EntryPoint","urlTemplate":"https:\/\/florianhorsefood.nl\/de\/?s={search_term_string}"},"query-input":{"@type":"PropertyValueSpecification","valueRequired":true,"valueName":"search_term_string"}}],"inLanguage":"de"},{"@type":"Organization","@id":"https:\/\/florianhorsefood.nl\/de\/#organization","name":"Florian Pferdefutter","url":"https:\/\/florianhorsefood.nl\/de\/","logo":{"@type":"ImageObject","inLanguage":"de","@id":"https:\/\/florianhorsefood.nl\/de\/#\/schema\/logo\/image\/","url":"https:\/\/florianhorsefood.nl\/wp-content\/uploads\/2020\/02\/Florian_Horsefood_liggend_RGB.png","contentUrl":"https:\/\/florianhorsefood.nl\/wp-content\/uploads\/2020\/02\/Florian_Horsefood_liggend_RGB.png","width":1044,"height":393,"caption":"Florian Pferdefutter"},"image":{"@id":"https:\/\/florianhorsefood.nl\/de\/#\/schema\/logo\/image\/"},"sameAs":["https:\/\/www.linkedin.com\/company\/florian-horsefood\/about\/"]}]}},"_links":{"self":[{"href":"https:\/\/florianhorsefood.nl\/de\/wp-json\/wp\/v2\/product\/12625","targetHints":{"allow":["GET"]}}],"collection":[{"href":"https:\/\/florianhorsefood.nl\/de\/wp-json\/wp\/v2\/product"}],"about":[{"href":"https:\/\/florianhorsefood.nl\/de\/wp-json\/wp\/v2\/types\/product"}],"wp:featuredmedia":[{"embeddable":true,"href":"https:\/\/florianhorsefood.nl\/de\/wp-json\/wp\/v2\/media\/12626"}],"wp:attachment":[{"href":"https:\/\/florianhorsefood.nl\/de\/wp-json\/wp\/v2\/media?parent=12625"}],"wp:term":[{"taxonomy":"product_brand","embeddable":true,"href":"https:\/\/florianhorsefood.nl\/de\/wp-json\/wp\/v2\/product_brand?post=12625"},{"taxonomy":"product_cat","embeddable":true,"href":"https:\/\/florianhorsefood.nl\/de\/wp-json\/wp\/v2\/product_cat?post=12625"},{"taxonomy":"product_tag","embeddable":true,"href":"https:\/\/florianhorsefood.nl\/de\/wp-json\/wp\/v2\/product_tag?post=12625"}],"curies":[{"name":"wp","href":"https:\/\/api.w.org\/{rel}","templated":true}]}}