{"id":12636,"date":"2024-03-25T07:33:52","date_gmt":"2024-03-25T06:33:52","guid":{"rendered":"https:\/\/florianhorsefood.nl\/product\/florian-firstcare-xtra\/"},"modified":"2025-11-04T15:00:53","modified_gmt":"2025-11-04T14:00:53","slug":"florian-firstcare-xtra","status":"publish","type":"product","link":"https:\/\/florianhorsefood.nl\/de\/produkt\/florian-firstcare-xtra\/","title":{"rendered":"Florian FirstCare Xtra"},"content":{"rendered":"<p class=\"p2\">FirstCare Xtra ist ein einzigartiges Schlabberm\u00fcsli, das sich positiv auf die Verdauung, die Magen- und Darmfunktion auswirkt. Dank der zugesetzten Kleie, des Apfelbreis und des Zichorienbreis wird die Verdauung der Rohfaser zus\u00e4tzlich angeregt. Dieser energiereiche Brei kann auch trocken verf\u00fcttert werden. FirstCare Xtra eignet sich hervorragend f\u00fcr den Feierabend, als Snack, f\u00fcr den Wettkampf oder als t\u00e4gliche Leckerei.<\/p>\n<p><strong>Florian Erste Pflege Xtra<\/strong><\/p>\n<ul>\n<li>Bequem in der Anwendung, sowohl f\u00fcr Nass- als auch f\u00fcr Trockenf\u00fctterung<\/li>\n<li>Stimuliert die Verdauung<\/li>\n<li>Sojafrei und zuckerarm<\/li>\n<li>Gut f\u00fcr Pferde, die Schwierigkeiten beim Fressen haben<\/li>\n<li>Ideal nach anstrengender Bewegung, um Dehydrierung zu verhindern<\/li>\n<\/ul>\n<h3>F\u00fctterungshinweise:<\/h3>\n<p>- Zur Verwendung als Slobber, ab 1\/3 Futterl\u00f6ffel 250 Gramm bis maximal 750 Gramm pro Futter (=1 voller Futterl\u00f6ffel)<\/p>\n<p>- Als Erhaltungsfutter oder in Kombination mit anderen Konzentraten: von ca. 100 bis 250 g pro 100 kg K\u00f6rpergewicht<\/p>\n<p>- Als Einzelkonzentrat-Ration maximal 1,5 kg pro Tag: Wir empfehlen, dieses Produkt mit einem Balancer zu kombinieren!<\/p>\n<p>&nbsp;<\/p>\n","protected":false},"excerpt":{"rendered":"<p>FirstCare Xtra ist ein einzigartiges Schlabberm\u00fcsli, das sich positiv auf die Verdauung, die Magen- und Darmfunktion auswirkt. Dank der zugesetzten Kleie, des Apfelbreis und des Zichorienbreis wird die Verdauung der Rohfaser zus\u00e4tzlich angeregt. Dieser energiereiche Brei kann auch trocken verf\u00fcttert werden. FirstCare Xtra eignet sich hervorragend f\u00fcr den Feierabend, als Snack, f\u00fcr den Wettkampf oder als t\u00e4gliche Leckerei.<\/p>\n<p><strong>Inhalt: ca. 18 kg<\/strong><\/p>\n","protected":false},"featured_media":12640,"template":"","meta":[],"product_brand":[],"product_cat":[202],"product_tag":[45],"class_list":{"0":"post-12636","1":"product","2":"type-product","3":"status-publish","4":"has-post-thumbnail","6":"product_cat-mashes","7":"product_tag-zakken","9":"first","10":"instock","11":"taxable","12":"shipping-taxable","13":"purchasable","14":"product-type-variable"},"bundled_by":["12239"],"bundle_stock_status":"instock","bundle_stock_quantity":null,"bundle_virtual":false,"bundle_layout":"","bundle_add_to_cart_form_location":"","bundle_editable_in_cart":false,"bundle_sold_individually_context":"","bundle_item_grouping":"","bundle_min_size":"","bundle_max_size":"","bundle_price":[],"bundled_items":[],"bundle_sell_ids":[],"yoast_head":"<!-- This site is optimized with the Yoast SEO plugin v27.3 - https:\/\/yoast.com\/product\/yoast-seo-wordpress\/ -->\n<title>Florian FirstCare Xtra - Florian Horsefood<\/title>\n<meta name=\"description\" content=\"FirstCare Xtra ist ein einzigartiges Magenm\u00fcsli, das sich positiv auf die Verdauung und die Magen- und Darmfunktion auswirkt.\" \/>\n<meta name=\"robots\" content=\"index, follow, max-snippet:-1, max-image-preview:large, max-video-preview:-1\" \/>\n<link rel=\"canonical\" href=\"https:\/\/florianhorsefood.nl\/de\/produkt\/florian-firstcare-xtra\/\" \/>\n<meta property=\"og:locale\" content=\"de_DE\" \/>\n<meta property=\"og:type\" content=\"article\" \/>\n<meta property=\"og:title\" content=\"Florian FirstCare Xtra - Florian Horsefood\" \/>\n<meta property=\"og:description\" content=\"FirstCare Xtra ist ein einzigartiges Magenm\u00fcsli, das sich positiv auf die Verdauung und die Magen- und Darmfunktion auswirkt.\" \/>\n<meta property=\"og:url\" content=\"https:\/\/florianhorsefood.nl\/de\/produkt\/florian-firstcare-xtra\/\" \/>\n<meta property=\"og:site_name\" content=\"Florian Horsefood\" \/>\n<meta property=\"article:modified_time\" content=\"2025-11-04T14:00:53+00:00\" \/>\n<meta property=\"og:image\" content=\"https:\/\/florianhorsefood.nl\/wp-content\/uploads\/2024\/03\/florian-horsefood-first-care-xtra-gastro-mash-20kg-1.jpg\" \/>\n\t<meta property=\"og:image:width\" content=\"2000\" \/>\n\t<meta property=\"og:image:height\" content=\"2000\" \/>\n\t<meta property=\"og:image:type\" content=\"image\/jpeg\" \/>\n<meta name=\"twitter:card\" content=\"summary_large_image\" \/>\n<meta name=\"twitter:label1\" content=\"Gesch\u00e4tzte Lesezeit\" \/>\n\t<meta name=\"twitter:data1\" content=\"1\u00a0Minute\" \/>\n<script type=\"application\/ld+json\" class=\"yoast-schema-graph\">{\"@context\":\"https:\\\/\\\/schema.org\",\"@graph\":[{\"@type\":\"WebPage\",\"@id\":\"https:\\\/\\\/florianhorsefood.nl\\\/de\\\/produkt\\\/florian-firstcare-xtra\\\/\",\"url\":\"https:\\\/\\\/florianhorsefood.nl\\\/de\\\/produkt\\\/florian-firstcare-xtra\\\/\",\"name\":\"Florian FirstCare Xtra - Florian Horsefood\",\"isPartOf\":{\"@id\":\"https:\\\/\\\/florianhorsefood.nl\\\/de\\\/#website\"},\"primaryImageOfPage\":{\"@id\":\"https:\\\/\\\/florianhorsefood.nl\\\/de\\\/produkt\\\/florian-firstcare-xtra\\\/#primaryimage\"},\"image\":{\"@id\":\"https:\\\/\\\/florianhorsefood.nl\\\/de\\\/produkt\\\/florian-firstcare-xtra\\\/#primaryimage\"},\"thumbnailUrl\":\"https:\\\/\\\/florianhorsefood.nl\\\/wp-content\\\/uploads\\\/2024\\\/03\\\/florian-horsefood-first-care-xtra-gastro-mash-20kg-1.jpg\",\"datePublished\":\"2024-03-25T06:33:52+00:00\",\"dateModified\":\"2025-11-04T14:00:53+00:00\",\"description\":\"FirstCare Xtra ist ein einzigartiges Magenm\u00fcsli, das sich positiv auf die Verdauung und die Magen- und Darmfunktion auswirkt.\",\"breadcrumb\":{\"@id\":\"https:\\\/\\\/florianhorsefood.nl\\\/de\\\/produkt\\\/florian-firstcare-xtra\\\/#breadcrumb\"},\"inLanguage\":\"de\",\"potentialAction\":[{\"@type\":\"ReadAction\",\"target\":[\"https:\\\/\\\/florianhorsefood.nl\\\/de\\\/produkt\\\/florian-firstcare-xtra\\\/\"]}]},{\"@type\":\"ImageObject\",\"inLanguage\":\"de\",\"@id\":\"https:\\\/\\\/florianhorsefood.nl\\\/de\\\/produkt\\\/florian-firstcare-xtra\\\/#primaryimage\",\"url\":\"https:\\\/\\\/florianhorsefood.nl\\\/wp-content\\\/uploads\\\/2024\\\/03\\\/florian-horsefood-first-care-xtra-gastro-mash-20kg-1.jpg\",\"contentUrl\":\"https:\\\/\\\/florianhorsefood.nl\\\/wp-content\\\/uploads\\\/2024\\\/03\\\/florian-horsefood-first-care-xtra-gastro-mash-20kg-1.jpg\",\"width\":2000,\"height\":2000},{\"@type\":\"BreadcrumbList\",\"@id\":\"https:\\\/\\\/florianhorsefood.nl\\\/de\\\/produkt\\\/florian-firstcare-xtra\\\/#breadcrumb\",\"itemListElement\":[{\"@type\":\"ListItem\",\"position\":1,\"name\":\"Startseite\",\"item\":\"https:\\\/\\\/florianhorsefood.nl\\\/de\\\/startseite\\\/\"},{\"@type\":\"ListItem\",\"position\":2,\"name\":\"Shop\",\"item\":\"https:\\\/\\\/florianhorsefood.nl\\\/shop\\\/\"},{\"@type\":\"ListItem\",\"position\":3,\"name\":\"Florian FirstCare Xtra\"}]},{\"@type\":\"WebSite\",\"@id\":\"https:\\\/\\\/florianhorsefood.nl\\\/de\\\/#website\",\"url\":\"https:\\\/\\\/florianhorsefood.nl\\\/de\\\/\",\"name\":\"Florian Horsefood\",\"description\":\"Back to Basic &amp; Health Protection!\",\"publisher\":{\"@id\":\"https:\\\/\\\/florianhorsefood.nl\\\/de\\\/#organization\"},\"potentialAction\":[{\"@type\":\"SearchAction\",\"target\":{\"@type\":\"EntryPoint\",\"urlTemplate\":\"https:\\\/\\\/florianhorsefood.nl\\\/de\\\/?s={search_term_string}\"},\"query-input\":{\"@type\":\"PropertyValueSpecification\",\"valueRequired\":true,\"valueName\":\"search_term_string\"}}],\"inLanguage\":\"de\"},{\"@type\":\"Organization\",\"@id\":\"https:\\\/\\\/florianhorsefood.nl\\\/de\\\/#organization\",\"name\":\"Florian Pferdefutter\",\"url\":\"https:\\\/\\\/florianhorsefood.nl\\\/de\\\/\",\"logo\":{\"@type\":\"ImageObject\",\"inLanguage\":\"de\",\"@id\":\"https:\\\/\\\/florianhorsefood.nl\\\/de\\\/#\\\/schema\\\/logo\\\/image\\\/\",\"url\":\"https:\\\/\\\/florianhorsefood.nl\\\/wp-content\\\/uploads\\\/2020\\\/02\\\/Florian_Horsefood_liggend_RGB.png\",\"contentUrl\":\"https:\\\/\\\/florianhorsefood.nl\\\/wp-content\\\/uploads\\\/2020\\\/02\\\/Florian_Horsefood_liggend_RGB.png\",\"width\":1044,\"height\":393,\"caption\":\"Florian Pferdefutter\"},\"image\":{\"@id\":\"https:\\\/\\\/florianhorsefood.nl\\\/de\\\/#\\\/schema\\\/logo\\\/image\\\/\"},\"sameAs\":[\"https:\\\/\\\/www.linkedin.com\\\/company\\\/florian-horsefood\\\/about\\\/\"]}]}<\/script>\n<!-- \/ Yoast SEO plugin. -->","yoast_head_json":{"title":"Florian FirstCare Xtra - Florian Horsefood","description":"FirstCare Xtra ist ein einzigartiges Magenm\u00fcsli, das sich positiv auf die Verdauung und die Magen- und Darmfunktion auswirkt.","robots":{"index":"index","follow":"follow","max-snippet":"max-snippet:-1","max-image-preview":"max-image-preview:large","max-video-preview":"max-video-preview:-1"},"canonical":"https:\/\/florianhorsefood.nl\/de\/produkt\/florian-firstcare-xtra\/","og_locale":"de_DE","og_type":"article","og_title":"Florian FirstCare Xtra - Florian Horsefood","og_description":"FirstCare Xtra ist ein einzigartiges Magenm\u00fcsli, das sich positiv auf die Verdauung und die Magen- und Darmfunktion auswirkt.","og_url":"https:\/\/florianhorsefood.nl\/de\/produkt\/florian-firstcare-xtra\/","og_site_name":"Florian Horsefood","article_modified_time":"2025-11-04T14:00:53+00:00","og_image":[{"width":2000,"height":2000,"url":"https:\/\/florianhorsefood.nl\/wp-content\/uploads\/2024\/03\/florian-horsefood-first-care-xtra-gastro-mash-20kg-1.jpg","type":"image\/jpeg"}],"twitter_card":"summary_large_image","twitter_misc":{"Gesch\u00e4tzte Lesezeit":"1\u00a0Minute"},"schema":{"@context":"https:\/\/schema.org","@graph":[{"@type":"WebPage","@id":"https:\/\/florianhorsefood.nl\/de\/produkt\/florian-firstcare-xtra\/","url":"https:\/\/florianhorsefood.nl\/de\/produkt\/florian-firstcare-xtra\/","name":"Florian FirstCare Xtra - Florian Horsefood","isPartOf":{"@id":"https:\/\/florianhorsefood.nl\/de\/#website"},"primaryImageOfPage":{"@id":"https:\/\/florianhorsefood.nl\/de\/produkt\/florian-firstcare-xtra\/#primaryimage"},"image":{"@id":"https:\/\/florianhorsefood.nl\/de\/produkt\/florian-firstcare-xtra\/#primaryimage"},"thumbnailUrl":"https:\/\/florianhorsefood.nl\/wp-content\/uploads\/2024\/03\/florian-horsefood-first-care-xtra-gastro-mash-20kg-1.jpg","datePublished":"2024-03-25T06:33:52+00:00","dateModified":"2025-11-04T14:00:53+00:00","description":"FirstCare Xtra ist ein einzigartiges Magenm\u00fcsli, das sich positiv auf die Verdauung und die Magen- und Darmfunktion auswirkt.","breadcrumb":{"@id":"https:\/\/florianhorsefood.nl\/de\/produkt\/florian-firstcare-xtra\/#breadcrumb"},"inLanguage":"de","potentialAction":[{"@type":"ReadAction","target":["https:\/\/florianhorsefood.nl\/de\/produkt\/florian-firstcare-xtra\/"]}]},{"@type":"ImageObject","inLanguage":"de","@id":"https:\/\/florianhorsefood.nl\/de\/produkt\/florian-firstcare-xtra\/#primaryimage","url":"https:\/\/florianhorsefood.nl\/wp-content\/uploads\/2024\/03\/florian-horsefood-first-care-xtra-gastro-mash-20kg-1.jpg","contentUrl":"https:\/\/florianhorsefood.nl\/wp-content\/uploads\/2024\/03\/florian-horsefood-first-care-xtra-gastro-mash-20kg-1.jpg","width":2000,"height":2000},{"@type":"BreadcrumbList","@id":"https:\/\/florianhorsefood.nl\/de\/produkt\/florian-firstcare-xtra\/#breadcrumb","itemListElement":[{"@type":"ListItem","position":1,"name":"Startseite","item":"https:\/\/florianhorsefood.nl\/de\/startseite\/"},{"@type":"ListItem","position":2,"name":"Shop","item":"https:\/\/florianhorsefood.nl\/shop\/"},{"@type":"ListItem","position":3,"name":"Florian FirstCare Xtra"}]},{"@type":"WebSite","@id":"https:\/\/florianhorsefood.nl\/de\/#website","url":"https:\/\/florianhorsefood.nl\/de\/","name":"Florian Horsefood","description":"Back to Basic &amp; Health Protection!","publisher":{"@id":"https:\/\/florianhorsefood.nl\/de\/#organization"},"potentialAction":[{"@type":"SearchAction","target":{"@type":"EntryPoint","urlTemplate":"https:\/\/florianhorsefood.nl\/de\/?s={search_term_string}"},"query-input":{"@type":"PropertyValueSpecification","valueRequired":true,"valueName":"search_term_string"}}],"inLanguage":"de"},{"@type":"Organization","@id":"https:\/\/florianhorsefood.nl\/de\/#organization","name":"Florian Pferdefutter","url":"https:\/\/florianhorsefood.nl\/de\/","logo":{"@type":"ImageObject","inLanguage":"de","@id":"https:\/\/florianhorsefood.nl\/de\/#\/schema\/logo\/image\/","url":"https:\/\/florianhorsefood.nl\/wp-content\/uploads\/2020\/02\/Florian_Horsefood_liggend_RGB.png","contentUrl":"https:\/\/florianhorsefood.nl\/wp-content\/uploads\/2020\/02\/Florian_Horsefood_liggend_RGB.png","width":1044,"height":393,"caption":"Florian Pferdefutter"},"image":{"@id":"https:\/\/florianhorsefood.nl\/de\/#\/schema\/logo\/image\/"},"sameAs":["https:\/\/www.linkedin.com\/company\/florian-horsefood\/about\/"]}]}},"_links":{"self":[{"href":"https:\/\/florianhorsefood.nl\/de\/wp-json\/wp\/v2\/product\/12636","targetHints":{"allow":["GET"]}}],"collection":[{"href":"https:\/\/florianhorsefood.nl\/de\/wp-json\/wp\/v2\/product"}],"about":[{"href":"https:\/\/florianhorsefood.nl\/de\/wp-json\/wp\/v2\/types\/product"}],"wp:featuredmedia":[{"embeddable":true,"href":"https:\/\/florianhorsefood.nl\/de\/wp-json\/wp\/v2\/media\/12640"}],"wp:attachment":[{"href":"https:\/\/florianhorsefood.nl\/de\/wp-json\/wp\/v2\/media?parent=12636"}],"wp:term":[{"taxonomy":"product_brand","embeddable":true,"href":"https:\/\/florianhorsefood.nl\/de\/wp-json\/wp\/v2\/product_brand?post=12636"},{"taxonomy":"product_cat","embeddable":true,"href":"https:\/\/florianhorsefood.nl\/de\/wp-json\/wp\/v2\/product_cat?post=12636"},{"taxonomy":"product_tag","embeddable":true,"href":"https:\/\/florianhorsefood.nl\/de\/wp-json\/wp\/v2\/product_tag?post=12636"}],"curies":[{"name":"wp","href":"https:\/\/api.w.org\/{rel}","templated":true}]}}