{"id":12667,"date":"2024-03-25T14:42:37","date_gmt":"2024-03-25T13:42:37","guid":{"rendered":"https:\/\/florianhorsefood.nl\/product\/primal-chunk-icelandic-impact\/"},"modified":"2025-11-04T11:08:01","modified_gmt":"2025-11-04T10:08:01","slug":"primal-chunk-icelandic-impact","status":"publish","type":"product","link":"https:\/\/florianhorsefood.nl\/de\/produkt\/primal-chunk-icelandic-impact\/","title":{"rendered":"Icelandic Impact Urzeitlicher Brocken"},"content":{"rendered":"<p class=\"p2\">Icelandic Impact ist ein ballaststoffreiches und gesundes Ur-Pellet, dem zus\u00e4tzliche Vitamine und Mineralien zugesetzt wurden. Das Pellet ist sch\u00f6n ausgewogen in Bezug auf Energie und Leistung und ist sehr vielseitig. Empfohlen f\u00fcr Pferde mit empfindlicher Verdauung und Haut. Dieses einzigartige Ur-Pellet wurde mit besonderem Augenmerk auf Islandpferde entwickelt.   <\/p>\n<p>Die einzigartige Zusammensetzung der Primal Chunks f\u00f6rdert die Verdauung und da die Primal Chunks besonders gro\u00df sind, wird das Kauen besonders angeregt.<\/p>\n<p>&nbsp;<\/p>\n<p><strong>Florian Isl\u00e4ndische Auswirkungen<\/strong><\/p>\n<ul>\n<li>Zucker- und st\u00e4rkearm und frei von Melasse<\/li>\n<li>Mit Reis als Energiequelle<\/li>\n<li>Enth\u00e4lt einen einzigartigen Mykotoxin-Deaktivator<\/li>\n<li>Mit zus\u00e4tzlichem Vitamin E, Zink und Kupfer<\/li>\n<\/ul>\n<h3>F\u00fctterungshinweise:<\/h3>\n<p>Als Grundfutter oder in Kombination mit anderen Kraftfuttermitteln: ca. 100 g pro 100 kg K\u00f6rpergewicht<\/p>\n<p>Als einzige Kraftfutterration:<\/p>\n<p>- Bei leichter bis m\u00e4\u00dfiger Arbeit: von 150 g bis etwa 200 g pro 100 kg K\u00f6rpergewicht<\/p>\n<p>- Von schwerer bis sehr schwerer Arbeit: von 250 g bis etwa 400 g pro 100 kg K\u00f6rpergewicht<\/p>\n<p>&nbsp;<\/p>\n","protected":false},"excerpt":{"rendered":"<p>Icelandic Impact ist ein ballaststoffreiches und gesundes Ur-Pellet, dem zus\u00e4tzliche Vitamine und Mineralien zugesetzt wurden. Das Pellet ist sch\u00f6n ausgewogen in Bezug auf Energie und Leistung und ist sehr vielseitig. Empfohlen f\u00fcr Pferde mit empfindlicher Verdauung und Haut. Dieses einzigartige Ur-Pellet wurde mit besonderem Augenmerk auf Islandpferde entwickelt.   <\/p>\n<p><strong>Inhalt: ca. 20 kg<\/strong><\/p>\n<p class=\"p1\">Unsere Urgesteinsbrocken sind auch in Gro\u00dfmengen von 1.000 kg erh\u00e4ltlich. Sind Sie daran interessiert? Wenn ja, kontaktieren Sie uns bitte unter <a href=\"mailto:info@florianhorsefood.nl\"><span class=\"s1\">info@florianhorsefood.nl<\/span><\/a>.<\/p>\n","protected":false},"featured_media":12669,"template":"","meta":[],"product_brand":[],"product_cat":[401],"product_tag":[45],"class_list":{"0":"post-12667","1":"product","2":"type-product","3":"status-publish","4":"has-post-thumbnail","6":"product_cat-oerbrok","7":"product_tag-zakken","9":"first","10":"instock","11":"taxable","12":"shipping-taxable","13":"purchasable","14":"product-type-variable","15":"has-default-attributes"},"bundled_by":[],"bundle_stock_status":"instock","bundle_stock_quantity":null,"bundle_virtual":false,"bundle_layout":"","bundle_add_to_cart_form_location":"","bundle_editable_in_cart":false,"bundle_sold_individually_context":"","bundle_item_grouping":"","bundle_min_size":"","bundle_max_size":"","bundle_price":[],"bundled_items":[],"bundle_sell_ids":[],"yoast_head":"<!-- This site is optimized with the Yoast SEO plugin v26.8 - https:\/\/yoast.com\/product\/yoast-seo-wordpress\/ -->\n<title>Icelandic Impact Urzeitlicher Brocken - Florian Horsefood<\/title>\n<meta name=\"description\" content=\"Das Florian Icelandic Impact Primal Chunk ist in Bezug auf den Energiegehalt sehr ausgewogen und wird f\u00fcr Pferde mit empfindlicher Verdauung und Haut empfohlen.\" \/>\n<meta name=\"robots\" content=\"index, follow, max-snippet:-1, max-image-preview:large, max-video-preview:-1\" \/>\n<link rel=\"canonical\" href=\"https:\/\/florianhorsefood.nl\/de\/produkt\/primal-chunk-icelandic-impact\/\" \/>\n<meta property=\"og:locale\" content=\"de_DE\" \/>\n<meta property=\"og:type\" content=\"article\" \/>\n<meta property=\"og:title\" content=\"Icelandic Impact Urzeitlicher Brocken - Florian Horsefood\" \/>\n<meta property=\"og:description\" content=\"Das Florian Icelandic Impact Primal Chunk ist in Bezug auf den Energiegehalt sehr ausgewogen und wird f\u00fcr Pferde mit empfindlicher Verdauung und Haut empfohlen.\" \/>\n<meta property=\"og:url\" content=\"https:\/\/florianhorsefood.nl\/de\/produkt\/primal-chunk-icelandic-impact\/\" \/>\n<meta property=\"og:site_name\" content=\"Florian Horsefood\" \/>\n<meta property=\"article:modified_time\" content=\"2025-11-04T10:08:01+00:00\" \/>\n<meta property=\"og:image\" content=\"https:\/\/florianhorsefood.nl\/wp-content\/uploads\/2024\/01\/florian-horsefood-icelandic-impact-oerbrok-22kg-1.jpg\" \/>\n\t<meta property=\"og:image:width\" content=\"2000\" \/>\n\t<meta property=\"og:image:height\" content=\"2000\" \/>\n\t<meta property=\"og:image:type\" content=\"image\/jpeg\" \/>\n<meta name=\"twitter:card\" content=\"summary_large_image\" \/>\n<meta name=\"twitter:label1\" content=\"Gesch\u00e4tzte Lesezeit\" \/>\n\t<meta name=\"twitter:data1\" content=\"1\u00a0Minute\" \/>\n<script type=\"application\/ld+json\" class=\"yoast-schema-graph\">{\"@context\":\"https:\/\/schema.org\",\"@graph\":[{\"@type\":\"WebPage\",\"@id\":\"https:\/\/florianhorsefood.nl\/de\/produkt\/primal-chunk-icelandic-impact\/\",\"url\":\"https:\/\/florianhorsefood.nl\/de\/produkt\/primal-chunk-icelandic-impact\/\",\"name\":\"Icelandic Impact Urzeitlicher Brocken - Florian Horsefood\",\"isPartOf\":{\"@id\":\"https:\/\/florianhorsefood.nl\/de\/#website\"},\"primaryImageOfPage\":{\"@id\":\"https:\/\/florianhorsefood.nl\/de\/produkt\/primal-chunk-icelandic-impact\/#primaryimage\"},\"image\":{\"@id\":\"https:\/\/florianhorsefood.nl\/de\/produkt\/primal-chunk-icelandic-impact\/#primaryimage\"},\"thumbnailUrl\":\"https:\/\/florianhorsefood.nl\/wp-content\/uploads\/2024\/01\/florian-horsefood-icelandic-impact-oerbrok-22kg-1.jpg\",\"datePublished\":\"2024-03-25T13:42:37+00:00\",\"dateModified\":\"2025-11-04T10:08:01+00:00\",\"description\":\"Das Florian Icelandic Impact Primal Chunk ist in Bezug auf den Energiegehalt sehr ausgewogen und wird f\u00fcr Pferde mit empfindlicher Verdauung und Haut empfohlen.\",\"breadcrumb\":{\"@id\":\"https:\/\/florianhorsefood.nl\/de\/produkt\/primal-chunk-icelandic-impact\/#breadcrumb\"},\"inLanguage\":\"de\",\"potentialAction\":[{\"@type\":\"ReadAction\",\"target\":[\"https:\/\/florianhorsefood.nl\/de\/produkt\/primal-chunk-icelandic-impact\/\"]}]},{\"@type\":\"ImageObject\",\"inLanguage\":\"de\",\"@id\":\"https:\/\/florianhorsefood.nl\/de\/produkt\/primal-chunk-icelandic-impact\/#primaryimage\",\"url\":\"https:\/\/florianhorsefood.nl\/wp-content\/uploads\/2024\/01\/florian-horsefood-icelandic-impact-oerbrok-22kg-1.jpg\",\"contentUrl\":\"https:\/\/florianhorsefood.nl\/wp-content\/uploads\/2024\/01\/florian-horsefood-icelandic-impact-oerbrok-22kg-1.jpg\",\"width\":2000,\"height\":2000},{\"@type\":\"BreadcrumbList\",\"@id\":\"https:\/\/florianhorsefood.nl\/de\/produkt\/primal-chunk-icelandic-impact\/#breadcrumb\",\"itemListElement\":[{\"@type\":\"ListItem\",\"position\":1,\"name\":\"Startseite\",\"item\":\"https:\/\/florianhorsefood.nl\/de\/startseite\/\"},{\"@type\":\"ListItem\",\"position\":2,\"name\":\"Shop\",\"item\":\"https:\/\/florianhorsefood.nl\/shop\/\"},{\"@type\":\"ListItem\",\"position\":3,\"name\":\"Icelandic Impact Urzeitlicher Brocken\"}]},{\"@type\":\"WebSite\",\"@id\":\"https:\/\/florianhorsefood.nl\/de\/#website\",\"url\":\"https:\/\/florianhorsefood.nl\/de\/\",\"name\":\"Florian Horsefood\",\"description\":\"Back to Basic &amp; Health Protection!\",\"publisher\":{\"@id\":\"https:\/\/florianhorsefood.nl\/de\/#organization\"},\"potentialAction\":[{\"@type\":\"SearchAction\",\"target\":{\"@type\":\"EntryPoint\",\"urlTemplate\":\"https:\/\/florianhorsefood.nl\/de\/?s={search_term_string}\"},\"query-input\":{\"@type\":\"PropertyValueSpecification\",\"valueRequired\":true,\"valueName\":\"search_term_string\"}}],\"inLanguage\":\"de\"},{\"@type\":\"Organization\",\"@id\":\"https:\/\/florianhorsefood.nl\/de\/#organization\",\"name\":\"Florian Pferdefutter\",\"url\":\"https:\/\/florianhorsefood.nl\/de\/\",\"logo\":{\"@type\":\"ImageObject\",\"inLanguage\":\"de\",\"@id\":\"https:\/\/florianhorsefood.nl\/de\/#\/schema\/logo\/image\/\",\"url\":\"https:\/\/florianhorsefood.nl\/wp-content\/uploads\/2020\/02\/Florian_Horsefood_liggend_RGB.png\",\"contentUrl\":\"https:\/\/florianhorsefood.nl\/wp-content\/uploads\/2020\/02\/Florian_Horsefood_liggend_RGB.png\",\"width\":1044,\"height\":393,\"caption\":\"Florian Pferdefutter\"},\"image\":{\"@id\":\"https:\/\/florianhorsefood.nl\/de\/#\/schema\/logo\/image\/\"},\"sameAs\":[\"https:\/\/www.linkedin.com\/company\/florian-horsefood\/about\/\"]}]}<\/script>\n<!-- \/ Yoast SEO plugin. -->","yoast_head_json":{"title":"Icelandic Impact Urzeitlicher Brocken - Florian Horsefood","description":"Das Florian Icelandic Impact Primal Chunk ist in Bezug auf den Energiegehalt sehr ausgewogen und wird f\u00fcr Pferde mit empfindlicher Verdauung und Haut empfohlen.","robots":{"index":"index","follow":"follow","max-snippet":"max-snippet:-1","max-image-preview":"max-image-preview:large","max-video-preview":"max-video-preview:-1"},"canonical":"https:\/\/florianhorsefood.nl\/de\/produkt\/primal-chunk-icelandic-impact\/","og_locale":"de_DE","og_type":"article","og_title":"Icelandic Impact Urzeitlicher Brocken - Florian Horsefood","og_description":"Das Florian Icelandic Impact Primal Chunk ist in Bezug auf den Energiegehalt sehr ausgewogen und wird f\u00fcr Pferde mit empfindlicher Verdauung und Haut empfohlen.","og_url":"https:\/\/florianhorsefood.nl\/de\/produkt\/primal-chunk-icelandic-impact\/","og_site_name":"Florian Horsefood","article_modified_time":"2025-11-04T10:08:01+00:00","og_image":[{"width":2000,"height":2000,"url":"https:\/\/florianhorsefood.nl\/wp-content\/uploads\/2024\/01\/florian-horsefood-icelandic-impact-oerbrok-22kg-1.jpg","type":"image\/jpeg"}],"twitter_card":"summary_large_image","twitter_misc":{"Gesch\u00e4tzte Lesezeit":"1\u00a0Minute"},"schema":{"@context":"https:\/\/schema.org","@graph":[{"@type":"WebPage","@id":"https:\/\/florianhorsefood.nl\/de\/produkt\/primal-chunk-icelandic-impact\/","url":"https:\/\/florianhorsefood.nl\/de\/produkt\/primal-chunk-icelandic-impact\/","name":"Icelandic Impact Urzeitlicher Brocken - Florian Horsefood","isPartOf":{"@id":"https:\/\/florianhorsefood.nl\/de\/#website"},"primaryImageOfPage":{"@id":"https:\/\/florianhorsefood.nl\/de\/produkt\/primal-chunk-icelandic-impact\/#primaryimage"},"image":{"@id":"https:\/\/florianhorsefood.nl\/de\/produkt\/primal-chunk-icelandic-impact\/#primaryimage"},"thumbnailUrl":"https:\/\/florianhorsefood.nl\/wp-content\/uploads\/2024\/01\/florian-horsefood-icelandic-impact-oerbrok-22kg-1.jpg","datePublished":"2024-03-25T13:42:37+00:00","dateModified":"2025-11-04T10:08:01+00:00","description":"Das Florian Icelandic Impact Primal Chunk ist in Bezug auf den Energiegehalt sehr ausgewogen und wird f\u00fcr Pferde mit empfindlicher Verdauung und Haut empfohlen.","breadcrumb":{"@id":"https:\/\/florianhorsefood.nl\/de\/produkt\/primal-chunk-icelandic-impact\/#breadcrumb"},"inLanguage":"de","potentialAction":[{"@type":"ReadAction","target":["https:\/\/florianhorsefood.nl\/de\/produkt\/primal-chunk-icelandic-impact\/"]}]},{"@type":"ImageObject","inLanguage":"de","@id":"https:\/\/florianhorsefood.nl\/de\/produkt\/primal-chunk-icelandic-impact\/#primaryimage","url":"https:\/\/florianhorsefood.nl\/wp-content\/uploads\/2024\/01\/florian-horsefood-icelandic-impact-oerbrok-22kg-1.jpg","contentUrl":"https:\/\/florianhorsefood.nl\/wp-content\/uploads\/2024\/01\/florian-horsefood-icelandic-impact-oerbrok-22kg-1.jpg","width":2000,"height":2000},{"@type":"BreadcrumbList","@id":"https:\/\/florianhorsefood.nl\/de\/produkt\/primal-chunk-icelandic-impact\/#breadcrumb","itemListElement":[{"@type":"ListItem","position":1,"name":"Startseite","item":"https:\/\/florianhorsefood.nl\/de\/startseite\/"},{"@type":"ListItem","position":2,"name":"Shop","item":"https:\/\/florianhorsefood.nl\/shop\/"},{"@type":"ListItem","position":3,"name":"Icelandic Impact Urzeitlicher Brocken"}]},{"@type":"WebSite","@id":"https:\/\/florianhorsefood.nl\/de\/#website","url":"https:\/\/florianhorsefood.nl\/de\/","name":"Florian Horsefood","description":"Back to Basic &amp; Health Protection!","publisher":{"@id":"https:\/\/florianhorsefood.nl\/de\/#organization"},"potentialAction":[{"@type":"SearchAction","target":{"@type":"EntryPoint","urlTemplate":"https:\/\/florianhorsefood.nl\/de\/?s={search_term_string}"},"query-input":{"@type":"PropertyValueSpecification","valueRequired":true,"valueName":"search_term_string"}}],"inLanguage":"de"},{"@type":"Organization","@id":"https:\/\/florianhorsefood.nl\/de\/#organization","name":"Florian Pferdefutter","url":"https:\/\/florianhorsefood.nl\/de\/","logo":{"@type":"ImageObject","inLanguage":"de","@id":"https:\/\/florianhorsefood.nl\/de\/#\/schema\/logo\/image\/","url":"https:\/\/florianhorsefood.nl\/wp-content\/uploads\/2020\/02\/Florian_Horsefood_liggend_RGB.png","contentUrl":"https:\/\/florianhorsefood.nl\/wp-content\/uploads\/2020\/02\/Florian_Horsefood_liggend_RGB.png","width":1044,"height":393,"caption":"Florian Pferdefutter"},"image":{"@id":"https:\/\/florianhorsefood.nl\/de\/#\/schema\/logo\/image\/"},"sameAs":["https:\/\/www.linkedin.com\/company\/florian-horsefood\/about\/"]}]}},"_links":{"self":[{"href":"https:\/\/florianhorsefood.nl\/de\/wp-json\/wp\/v2\/product\/12667","targetHints":{"allow":["GET"]}}],"collection":[{"href":"https:\/\/florianhorsefood.nl\/de\/wp-json\/wp\/v2\/product"}],"about":[{"href":"https:\/\/florianhorsefood.nl\/de\/wp-json\/wp\/v2\/types\/product"}],"wp:featuredmedia":[{"embeddable":true,"href":"https:\/\/florianhorsefood.nl\/de\/wp-json\/wp\/v2\/media\/12669"}],"wp:attachment":[{"href":"https:\/\/florianhorsefood.nl\/de\/wp-json\/wp\/v2\/media?parent=12667"}],"wp:term":[{"taxonomy":"product_brand","embeddable":true,"href":"https:\/\/florianhorsefood.nl\/de\/wp-json\/wp\/v2\/product_brand?post=12667"},{"taxonomy":"product_cat","embeddable":true,"href":"https:\/\/florianhorsefood.nl\/de\/wp-json\/wp\/v2\/product_cat?post=12667"},{"taxonomy":"product_tag","embeddable":true,"href":"https:\/\/florianhorsefood.nl\/de\/wp-json\/wp\/v2\/product_tag?post=12667"}],"curies":[{"name":"wp","href":"https:\/\/api.w.org\/{rel}","templated":true}]}}