{"id":12681,"date":"2024-03-25T07:54:26","date_gmt":"2024-03-25T06:54:26","guid":{"rendered":"https:\/\/florianhorsefood.nl\/product\/florian-vimi-pflegebalancer\/"},"modified":"2025-11-04T13:54:33","modified_gmt":"2025-11-04T12:54:33","slug":"florian-vimi-pflegebalancer","status":"publish","type":"product","link":"https:\/\/florianhorsefood.nl\/de\/produkt\/florian-vimi-pflegebalancer\/","title":{"rendered":"Florian ViMi-Care Balancer"},"content":{"rendered":"<p class=\"p2\">Der ViMi-Care Balancer ist f\u00fcr alle Arten von Pferden geeignet, vom Freizeit- bis zum Sportpferd. Pferde fressen den ganzen Tag \u00fcber Raufutter, aber da das moderne Raufutter nicht so abwechslungsreich ist wie ihr nat\u00fcrlicher Speiseplan, fehlt es ihnen oft an Vitaminen und Mineralien. ViMi-Care f\u00fcllt diese L\u00fccke. ViMi-Care ist eine essentielle Vitamin- und Mineralstoffmischung mit Lieschgras als Tr\u00e4gerstoff. Au\u00dferdem enth\u00e4lt es Esparcette und Leinsamen.     Dieser Conditioning Balancer ist frei von unn\u00f6tigen Substanzen wie Melasse, Alfalfa, (Voll-)Getreide und Soja.<\/p>\n<p><strong>Florian ViMi-Care Balancer<\/strong><\/p>\n<ul>\n<li>Frei von (Voll)getreide, Alfalfa, Soja und Melasse<\/li>\n<li>Besteht aus nur 4,2% Zucker und 4,8% St\u00e4rke<\/li>\n<li>Enth\u00e4lt Esparcette und alle wichtigen Vitamine und Mineralien<\/li>\n<\/ul>\n<h3>F\u00fctterungshinweise:<\/h3>\n<ul>\n<li>Als zus\u00e4tzliche Vitamin- und Mineralstoffspende oder i.c.w. mit anderen Konzentraten:\n<ul>\n<li>Maximal ca. 15-20 Gramm pro 100 kg K\u00f6rpergewicht pro Tag<\/li>\n<\/ul>\n<\/li>\n<li>Als einzelne Kraftfutterration in Kombination mit einer Futtermischung:\n<ul>\n<li>Von keiner bis zu leichter Arbeit: ca. 30-40 Gramm pro 100 kg K\u00f6rpergewicht<\/li>\n<li>Von m\u00e4\u00dfiger bis schwerer Arbeit: ca. 50-60 Gramm pro 100 kg K\u00f6rpergewicht<\/li>\n<\/ul>\n<\/li>\n<\/ul>\n<p>&nbsp;<\/p>\n","protected":false},"excerpt":{"rendered":"<p>Der ViMi-Care Balancer ist f\u00fcr alle Arten von Pferden geeignet, vom Freizeit- bis zum Sportpferd. Pferde fressen den ganzen Tag \u00fcber Raufutter, aber da das moderne Raufutter nicht so abwechslungsreich ist wie ihr nat\u00fcrlicher Speiseplan, fehlt es ihnen oft an Vitaminen und Mineralien. ViMi-Care f\u00fcllt diese L\u00fccke. ViMi-Care ist eine essentielle Vitamin- und Mineralstoffmischung mit Lieschgras als Tr\u00e4gerstoff. Au\u00dferdem enth\u00e4lt es Esparcette und Leinsamen.     Dieser Conditioning Balancer ist frei von unn\u00f6tigen Substanzen wie Melasse, Alfalfa, (Voll-)Getreide und Soja.<\/p>\n<p><strong>Inhalt: ca. 15 kg<\/strong><\/p>\n","protected":false},"featured_media":12683,"template":"","meta":[],"product_brand":[],"product_cat":[20],"product_tag":[45],"class_list":{"0":"post-12681","1":"product","2":"type-product","3":"status-publish","4":"has-post-thumbnail","6":"product_cat-balancers","7":"product_tag-zakken","9":"first","10":"instock","11":"taxable","12":"shipping-taxable","13":"purchasable","14":"product-type-variable","15":"has-default-attributes"},"bundled_by":[],"bundle_stock_status":"instock","bundle_stock_quantity":null,"bundle_virtual":false,"bundle_layout":"","bundle_add_to_cart_form_location":"","bundle_editable_in_cart":false,"bundle_sold_individually_context":"","bundle_item_grouping":"","bundle_min_size":"","bundle_max_size":"","bundle_price":[],"bundled_items":[],"bundle_sell_ids":[],"yoast_head":"<!-- This site is optimized with the Yoast SEO plugin v27.3 - https:\/\/yoast.com\/product\/yoast-seo-wordpress\/ -->\n<title>Florian ViMi-Care Balancer - Florian Horsefood<\/title>\n<meta name=\"description\" content=\"Der Vimi Care ist unsere gesunde Alternative in der Welt der Balancer! Der ViMi-Care Balancer ist f\u00fcr alle Arten von Pferden geeignet, von Freizeit bis Sport.\" \/>\n<meta name=\"robots\" content=\"index, follow, max-snippet:-1, max-image-preview:large, max-video-preview:-1\" \/>\n<link rel=\"canonical\" href=\"https:\/\/florianhorsefood.nl\/de\/produkt\/florian-vimi-pflegebalancer\/\" \/>\n<meta property=\"og:locale\" content=\"de_DE\" \/>\n<meta property=\"og:type\" content=\"article\" \/>\n<meta property=\"og:title\" content=\"Florian ViMi-Care Balancer - Florian Horsefood\" \/>\n<meta property=\"og:description\" content=\"Der Vimi Care ist unsere gesunde Alternative in der Welt der Balancer! Der ViMi-Care Balancer ist f\u00fcr alle Arten von Pferden geeignet, von Freizeit bis Sport.\" \/>\n<meta property=\"og:url\" content=\"https:\/\/florianhorsefood.nl\/de\/produkt\/florian-vimi-pflegebalancer\/\" \/>\n<meta property=\"og:site_name\" content=\"Florian Horsefood\" \/>\n<meta property=\"article:modified_time\" content=\"2025-11-04T12:54:33+00:00\" \/>\n<meta property=\"og:image\" content=\"https:\/\/florianhorsefood.nl\/wp-content\/uploads\/2024\/01\/florian-horsefood-vimi-care-balancer-16kg-1.jpg\" \/>\n\t<meta property=\"og:image:width\" content=\"2000\" \/>\n\t<meta property=\"og:image:height\" content=\"2000\" \/>\n\t<meta property=\"og:image:type\" content=\"image\/jpeg\" \/>\n<meta name=\"twitter:card\" content=\"summary_large_image\" \/>\n<meta name=\"twitter:label1\" content=\"Gesch\u00e4tzte Lesezeit\" \/>\n\t<meta name=\"twitter:data1\" content=\"1\u00a0Minute\" \/>\n<script type=\"application\/ld+json\" class=\"yoast-schema-graph\">{\"@context\":\"https:\\\/\\\/schema.org\",\"@graph\":[{\"@type\":\"WebPage\",\"@id\":\"https:\\\/\\\/florianhorsefood.nl\\\/de\\\/produkt\\\/florian-vimi-pflegebalancer\\\/\",\"url\":\"https:\\\/\\\/florianhorsefood.nl\\\/de\\\/produkt\\\/florian-vimi-pflegebalancer\\\/\",\"name\":\"Florian ViMi-Care Balancer - Florian Horsefood\",\"isPartOf\":{\"@id\":\"https:\\\/\\\/florianhorsefood.nl\\\/de\\\/#website\"},\"primaryImageOfPage\":{\"@id\":\"https:\\\/\\\/florianhorsefood.nl\\\/de\\\/produkt\\\/florian-vimi-pflegebalancer\\\/#primaryimage\"},\"image\":{\"@id\":\"https:\\\/\\\/florianhorsefood.nl\\\/de\\\/produkt\\\/florian-vimi-pflegebalancer\\\/#primaryimage\"},\"thumbnailUrl\":\"https:\\\/\\\/florianhorsefood.nl\\\/wp-content\\\/uploads\\\/2024\\\/01\\\/florian-horsefood-vimi-care-balancer-16kg-1.jpg\",\"datePublished\":\"2024-03-25T06:54:26+00:00\",\"dateModified\":\"2025-11-04T12:54:33+00:00\",\"description\":\"Der Vimi Care ist unsere gesunde Alternative in der Welt der Balancer! Der ViMi-Care Balancer ist f\u00fcr alle Arten von Pferden geeignet, von Freizeit bis Sport.\",\"breadcrumb\":{\"@id\":\"https:\\\/\\\/florianhorsefood.nl\\\/de\\\/produkt\\\/florian-vimi-pflegebalancer\\\/#breadcrumb\"},\"inLanguage\":\"de\",\"potentialAction\":[{\"@type\":\"ReadAction\",\"target\":[\"https:\\\/\\\/florianhorsefood.nl\\\/de\\\/produkt\\\/florian-vimi-pflegebalancer\\\/\"]}]},{\"@type\":\"ImageObject\",\"inLanguage\":\"de\",\"@id\":\"https:\\\/\\\/florianhorsefood.nl\\\/de\\\/produkt\\\/florian-vimi-pflegebalancer\\\/#primaryimage\",\"url\":\"https:\\\/\\\/florianhorsefood.nl\\\/wp-content\\\/uploads\\\/2024\\\/01\\\/florian-horsefood-vimi-care-balancer-16kg-1.jpg\",\"contentUrl\":\"https:\\\/\\\/florianhorsefood.nl\\\/wp-content\\\/uploads\\\/2024\\\/01\\\/florian-horsefood-vimi-care-balancer-16kg-1.jpg\",\"width\":2000,\"height\":2000},{\"@type\":\"BreadcrumbList\",\"@id\":\"https:\\\/\\\/florianhorsefood.nl\\\/de\\\/produkt\\\/florian-vimi-pflegebalancer\\\/#breadcrumb\",\"itemListElement\":[{\"@type\":\"ListItem\",\"position\":1,\"name\":\"Startseite\",\"item\":\"https:\\\/\\\/florianhorsefood.nl\\\/de\\\/startseite\\\/\"},{\"@type\":\"ListItem\",\"position\":2,\"name\":\"Shop\",\"item\":\"https:\\\/\\\/florianhorsefood.nl\\\/shop\\\/\"},{\"@type\":\"ListItem\",\"position\":3,\"name\":\"Florian ViMi-Care Balancer\"}]},{\"@type\":\"WebSite\",\"@id\":\"https:\\\/\\\/florianhorsefood.nl\\\/de\\\/#website\",\"url\":\"https:\\\/\\\/florianhorsefood.nl\\\/de\\\/\",\"name\":\"Florian Horsefood\",\"description\":\"Back to Basic &amp; Health Protection!\",\"publisher\":{\"@id\":\"https:\\\/\\\/florianhorsefood.nl\\\/de\\\/#organization\"},\"potentialAction\":[{\"@type\":\"SearchAction\",\"target\":{\"@type\":\"EntryPoint\",\"urlTemplate\":\"https:\\\/\\\/florianhorsefood.nl\\\/de\\\/?s={search_term_string}\"},\"query-input\":{\"@type\":\"PropertyValueSpecification\",\"valueRequired\":true,\"valueName\":\"search_term_string\"}}],\"inLanguage\":\"de\"},{\"@type\":\"Organization\",\"@id\":\"https:\\\/\\\/florianhorsefood.nl\\\/de\\\/#organization\",\"name\":\"Florian Pferdefutter\",\"url\":\"https:\\\/\\\/florianhorsefood.nl\\\/de\\\/\",\"logo\":{\"@type\":\"ImageObject\",\"inLanguage\":\"de\",\"@id\":\"https:\\\/\\\/florianhorsefood.nl\\\/de\\\/#\\\/schema\\\/logo\\\/image\\\/\",\"url\":\"https:\\\/\\\/florianhorsefood.nl\\\/wp-content\\\/uploads\\\/2020\\\/02\\\/Florian_Horsefood_liggend_RGB.png\",\"contentUrl\":\"https:\\\/\\\/florianhorsefood.nl\\\/wp-content\\\/uploads\\\/2020\\\/02\\\/Florian_Horsefood_liggend_RGB.png\",\"width\":1044,\"height\":393,\"caption\":\"Florian Pferdefutter\"},\"image\":{\"@id\":\"https:\\\/\\\/florianhorsefood.nl\\\/de\\\/#\\\/schema\\\/logo\\\/image\\\/\"},\"sameAs\":[\"https:\\\/\\\/www.linkedin.com\\\/company\\\/florian-horsefood\\\/about\\\/\"]}]}<\/script>\n<!-- \/ Yoast SEO plugin. -->","yoast_head_json":{"title":"Florian ViMi-Care Balancer - Florian Horsefood","description":"Der Vimi Care ist unsere gesunde Alternative in der Welt der Balancer! Der ViMi-Care Balancer ist f\u00fcr alle Arten von Pferden geeignet, von Freizeit bis Sport.","robots":{"index":"index","follow":"follow","max-snippet":"max-snippet:-1","max-image-preview":"max-image-preview:large","max-video-preview":"max-video-preview:-1"},"canonical":"https:\/\/florianhorsefood.nl\/de\/produkt\/florian-vimi-pflegebalancer\/","og_locale":"de_DE","og_type":"article","og_title":"Florian ViMi-Care Balancer - Florian Horsefood","og_description":"Der Vimi Care ist unsere gesunde Alternative in der Welt der Balancer! Der ViMi-Care Balancer ist f\u00fcr alle Arten von Pferden geeignet, von Freizeit bis Sport.","og_url":"https:\/\/florianhorsefood.nl\/de\/produkt\/florian-vimi-pflegebalancer\/","og_site_name":"Florian Horsefood","article_modified_time":"2025-11-04T12:54:33+00:00","og_image":[{"width":2000,"height":2000,"url":"https:\/\/florianhorsefood.nl\/wp-content\/uploads\/2024\/01\/florian-horsefood-vimi-care-balancer-16kg-1.jpg","type":"image\/jpeg"}],"twitter_card":"summary_large_image","twitter_misc":{"Gesch\u00e4tzte Lesezeit":"1\u00a0Minute"},"schema":{"@context":"https:\/\/schema.org","@graph":[{"@type":"WebPage","@id":"https:\/\/florianhorsefood.nl\/de\/produkt\/florian-vimi-pflegebalancer\/","url":"https:\/\/florianhorsefood.nl\/de\/produkt\/florian-vimi-pflegebalancer\/","name":"Florian ViMi-Care Balancer - Florian Horsefood","isPartOf":{"@id":"https:\/\/florianhorsefood.nl\/de\/#website"},"primaryImageOfPage":{"@id":"https:\/\/florianhorsefood.nl\/de\/produkt\/florian-vimi-pflegebalancer\/#primaryimage"},"image":{"@id":"https:\/\/florianhorsefood.nl\/de\/produkt\/florian-vimi-pflegebalancer\/#primaryimage"},"thumbnailUrl":"https:\/\/florianhorsefood.nl\/wp-content\/uploads\/2024\/01\/florian-horsefood-vimi-care-balancer-16kg-1.jpg","datePublished":"2024-03-25T06:54:26+00:00","dateModified":"2025-11-04T12:54:33+00:00","description":"Der Vimi Care ist unsere gesunde Alternative in der Welt der Balancer! Der ViMi-Care Balancer ist f\u00fcr alle Arten von Pferden geeignet, von Freizeit bis Sport.","breadcrumb":{"@id":"https:\/\/florianhorsefood.nl\/de\/produkt\/florian-vimi-pflegebalancer\/#breadcrumb"},"inLanguage":"de","potentialAction":[{"@type":"ReadAction","target":["https:\/\/florianhorsefood.nl\/de\/produkt\/florian-vimi-pflegebalancer\/"]}]},{"@type":"ImageObject","inLanguage":"de","@id":"https:\/\/florianhorsefood.nl\/de\/produkt\/florian-vimi-pflegebalancer\/#primaryimage","url":"https:\/\/florianhorsefood.nl\/wp-content\/uploads\/2024\/01\/florian-horsefood-vimi-care-balancer-16kg-1.jpg","contentUrl":"https:\/\/florianhorsefood.nl\/wp-content\/uploads\/2024\/01\/florian-horsefood-vimi-care-balancer-16kg-1.jpg","width":2000,"height":2000},{"@type":"BreadcrumbList","@id":"https:\/\/florianhorsefood.nl\/de\/produkt\/florian-vimi-pflegebalancer\/#breadcrumb","itemListElement":[{"@type":"ListItem","position":1,"name":"Startseite","item":"https:\/\/florianhorsefood.nl\/de\/startseite\/"},{"@type":"ListItem","position":2,"name":"Shop","item":"https:\/\/florianhorsefood.nl\/shop\/"},{"@type":"ListItem","position":3,"name":"Florian ViMi-Care Balancer"}]},{"@type":"WebSite","@id":"https:\/\/florianhorsefood.nl\/de\/#website","url":"https:\/\/florianhorsefood.nl\/de\/","name":"Florian Horsefood","description":"Back to Basic &amp; Health Protection!","publisher":{"@id":"https:\/\/florianhorsefood.nl\/de\/#organization"},"potentialAction":[{"@type":"SearchAction","target":{"@type":"EntryPoint","urlTemplate":"https:\/\/florianhorsefood.nl\/de\/?s={search_term_string}"},"query-input":{"@type":"PropertyValueSpecification","valueRequired":true,"valueName":"search_term_string"}}],"inLanguage":"de"},{"@type":"Organization","@id":"https:\/\/florianhorsefood.nl\/de\/#organization","name":"Florian Pferdefutter","url":"https:\/\/florianhorsefood.nl\/de\/","logo":{"@type":"ImageObject","inLanguage":"de","@id":"https:\/\/florianhorsefood.nl\/de\/#\/schema\/logo\/image\/","url":"https:\/\/florianhorsefood.nl\/wp-content\/uploads\/2020\/02\/Florian_Horsefood_liggend_RGB.png","contentUrl":"https:\/\/florianhorsefood.nl\/wp-content\/uploads\/2020\/02\/Florian_Horsefood_liggend_RGB.png","width":1044,"height":393,"caption":"Florian Pferdefutter"},"image":{"@id":"https:\/\/florianhorsefood.nl\/de\/#\/schema\/logo\/image\/"},"sameAs":["https:\/\/www.linkedin.com\/company\/florian-horsefood\/about\/"]}]}},"_links":{"self":[{"href":"https:\/\/florianhorsefood.nl\/de\/wp-json\/wp\/v2\/product\/12681","targetHints":{"allow":["GET"]}}],"collection":[{"href":"https:\/\/florianhorsefood.nl\/de\/wp-json\/wp\/v2\/product"}],"about":[{"href":"https:\/\/florianhorsefood.nl\/de\/wp-json\/wp\/v2\/types\/product"}],"wp:featuredmedia":[{"embeddable":true,"href":"https:\/\/florianhorsefood.nl\/de\/wp-json\/wp\/v2\/media\/12683"}],"wp:attachment":[{"href":"https:\/\/florianhorsefood.nl\/de\/wp-json\/wp\/v2\/media?parent=12681"}],"wp:term":[{"taxonomy":"product_brand","embeddable":true,"href":"https:\/\/florianhorsefood.nl\/de\/wp-json\/wp\/v2\/product_brand?post=12681"},{"taxonomy":"product_cat","embeddable":true,"href":"https:\/\/florianhorsefood.nl\/de\/wp-json\/wp\/v2\/product_cat?post=12681"},{"taxonomy":"product_tag","embeddable":true,"href":"https:\/\/florianhorsefood.nl\/de\/wp-json\/wp\/v2\/product_tag?post=12681"}],"curies":[{"name":"wp","href":"https:\/\/api.w.org\/{rel}","templated":true}]}}