{"id":12695,"date":"2024-04-15T21:12:44","date_gmt":"2024-04-15T19:12:44","guid":{"rendered":"https:\/\/florianhorsefood.nl\/product\/duval-multidigestiv\/"},"modified":"2025-05-20T17:57:36","modified_gmt":"2025-05-20T15:57:36","slug":"duval-multidigestiv","status":"publish","type":"product","link":"https:\/\/florianhorsefood.nl\/de\/produkt\/duval-multidigestiv\/","title":{"rendered":"Duval MultiDigestiv"},"content":{"rendered":"<p>Duval MultiDigestiv ist (pr\u00e4ventiv) f\u00fcr die Erhaltung eines gesunden Magens und Darms. Es wird unter anderem bei Pferden empfohlen, die zu Stress, Magengeschw\u00fcren, vermindertem Appetit, Koliken oder unregelm\u00e4\u00dfiger Mast neigen.<\/p>\n<h3>MultiDigestiv Eigenschaften<\/h3>\n<ul>\n<li>\u00dcbersch\u00fcssige Magens\u00e4ure wird gepuffert, wodurch der pH-Wert im Magen neutralisiert wird. Dies unterst\u00fctzt die Aufrechterhaltung normaler Magens\u00e4fte, was die Magenwand vor dem Verfall des Magens sch\u00fctzt, der die Ursache f\u00fcr ein Magengeschw\u00fcr sein kann. <\/li>\n<li>Unterst\u00fctzt Stress im Magen und im Verdauungssystem. Stress hat die Wirkung, die Darmflora zu st\u00f6ren.<\/li>\n<li>Verbessert die Raufutterverdauung und optimiert die Futtereffizienz<\/li>\n<li>MultiDigestiv unterst\u00fctzt D\u00fcnnkot, es f\u00f6rdert gesunden Kot und verbessert die Peristaltik (Kontraktionen im Darm), was auch Bl\u00e4hungen reduzieren kann. Der Kot verbessert sich oft schon innerhalb weniger Tage erheblich. <\/li>\n<li>Wirkt krampfl\u00f6send und appetitanregend<\/li>\n<\/ul>\n<h3>Anwendung MultiDigestiv<\/h3>\n<ul>\n<li>F\u00fcr Magen und Ged\u00e4rme<\/li>\n<li>Bei d\u00fcnnem oder unregelm\u00e4\u00dfigem Stuhlgang (z.B. mit Kotbeimengungen)<\/li>\n<li>Pferde mit empfindlichen M\u00e4gen und Neigung zu Koliken<\/li>\n<li>Pferde mit erh\u00f6htem Stresslevel oder vermindertem Appetit<\/li>\n<li>F\u00fcr ein gutes S\u00e4ure-Basen-Gleichgewicht im Magen<\/li>\n<\/ul>\n<p>Dieses Produkt wirkt wie ein \"Rennie\" f\u00fcr Pferde. Das leicht verf\u00fcgbare Calciumcarbonat beruhigt die Magens\u00e4ure, so dass die Magens\u00e4fte weniger Gelegenheit haben, die Magenwand anzugreifen. Dar\u00fcber hinaus optimiert dieses Produkt die Verdauung, erm\u00f6glicht eine erh\u00f6hte N\u00e4hrstoffaufnahme und erleichtert es, den Energiebedarf Ihres Pferdes zu decken. Dies ist ein wichtiger Vorteil, nicht nur f\u00fcr Sportpferde, sondern auch f\u00fcr \u00e4ltere Tiere, die schnell an Gewicht verlieren. Die Wirkung der kalziumhaltigen Alge Lithothamnium ist wissenschaftlich untersucht worden.   <\/p>\n<h3>Symptome, an denen Sie Magen-Darm-Probleme erkennen k\u00f6nnen, sind<\/h3>\n<ul>\n<li>Verminderter Appetit<\/li>\n<li>Boshaftes Verhalten<\/li>\n<li>Unregelm\u00e4\u00dfiger \/ d\u00fcnner Dung<\/li>\n<li>Gewichtsverlust<\/li>\n<li>Singularit\u00e4t<\/li>\n<li>Sinkende Leistung<\/li>\n<li>Ein stumpfes Fell<\/li>\n<li>Z\u00e4hneknirschen<\/li>\n<\/ul>\n<p>H\u00e4ufiges G\u00e4hnen, Stress und leichte Koliksymptome k\u00f6nnen auf das Vorhandensein von Magenproblemen oder sogar Magengeschw\u00fcren hinweisen.<\/p>\n<p>Wenn sich der S\u00e4uregehalt im Darm des Pferdes ver\u00e4ndert, z.B. durch Stress, Antibiotika, Futterumstellung usw., wird die Darmflora gest\u00f6rt und schlechte Bakterien k\u00f6nnen die Oberhand gewinnen, was zu d\u00fcnnem Kot f\u00fchrt. MultiDigestiv erg\u00e4nzt die guten Bakterien und enth\u00e4lt verschiedene Kr\u00e4uter, die die Widerstandskraft des Darms st\u00e4rken. Es tr\u00e4gt dazu bei, das mikrobielle Gleichgewicht in Phasen mit negativen Auswirkungen auf das Verdauungssystem Ihres Pferdes aufrechtzuerhalten.  <\/p>\n<p>Dieses Produkt ist eine einzigartige nat\u00fcrliche Zusammensetzung, die aus der Lithothamnium-Alge, Ingwer und Zimt gewonnen wird. Das Produkt ist sehr reich an Calcium und Magnesium!<\/p>\n","protected":false},"excerpt":{"rendered":"<p>Duval MultiDigestiv ist (pr\u00e4ventiv) f\u00fcr die Erhaltung eines gesunden Magens und Darms. Es wird unter anderem bei Pferden empfohlen, die zu Stress, Magengeschw\u00fcren, vermindertem Appetit, Koliken oder unregelm\u00e4\u00dfiger Mast neigen.<\/p>\n<p><strong>Inhalt: 3kg<\/strong><\/p>\n","protected":false},"featured_media":20210,"template":"","meta":[],"product_brand":[],"product_cat":[407,213],"product_tag":[214,235],"class_list":{"0":"post-12695","1":"product","2":"type-product","3":"status-publish","4":"has-post-thumbnail","6":"product_cat-duval-de","7":"product_cat-erganzungen","8":"product_tag-duval-de","9":"product_tag-eimer","11":"first","12":"instock","13":"taxable","14":"shipping-taxable","15":"purchasable","16":"product-type-variable","17":"has-default-attributes"},"bundled_by":[],"bundle_stock_status":"instock","bundle_stock_quantity":null,"bundle_virtual":false,"bundle_layout":"","bundle_add_to_cart_form_location":"","bundle_editable_in_cart":false,"bundle_sold_individually_context":"","bundle_item_grouping":"","bundle_min_size":"","bundle_max_size":"","bundle_price":[],"bundled_items":[],"bundle_sell_ids":[],"yoast_head":"<!-- This site is optimized with the Yoast SEO plugin v27.3 - https:\/\/yoast.com\/product\/yoast-seo-wordpress\/ -->\n<title>Duval MultiDigestiv - Florian Horsefood<\/title>\n<meta name=\"description\" content=\"Duval MultiDigestiv ist (pr\u00e4ventiv) f\u00fcr die Erhaltung eines gesunden Magens und Darms.\" \/>\n<meta name=\"robots\" content=\"index, follow, max-snippet:-1, max-image-preview:large, max-video-preview:-1\" \/>\n<link rel=\"canonical\" href=\"https:\/\/florianhorsefood.nl\/de\/produkt\/duval-multidigestiv\/\" \/>\n<meta property=\"og:locale\" content=\"de_DE\" \/>\n<meta property=\"og:type\" content=\"article\" \/>\n<meta property=\"og:title\" content=\"Duval MultiDigestiv - Florian Horsefood\" \/>\n<meta property=\"og:description\" content=\"Duval MultiDigestiv ist (pr\u00e4ventiv) f\u00fcr die Erhaltung eines gesunden Magens und Darms.\" \/>\n<meta property=\"og:url\" content=\"https:\/\/florianhorsefood.nl\/de\/produkt\/duval-multidigestiv\/\" \/>\n<meta property=\"og:site_name\" content=\"Florian Horsefood\" \/>\n<meta property=\"article:modified_time\" content=\"2025-05-20T15:57:36+00:00\" \/>\n<meta property=\"og:image\" content=\"https:\/\/florianhorsefood.nl\/wp-content\/uploads\/2024\/04\/florian-horsefood-duval-horseproducts-multidigestiv.png\" \/>\n\t<meta property=\"og:image:width\" content=\"1080\" \/>\n\t<meta property=\"og:image:height\" content=\"1080\" \/>\n\t<meta property=\"og:image:type\" content=\"image\/png\" \/>\n<meta name=\"twitter:card\" content=\"summary_large_image\" \/>\n<meta name=\"twitter:label1\" content=\"Gesch\u00e4tzte Lesezeit\" \/>\n\t<meta name=\"twitter:data1\" content=\"2\u00a0Minuten\" \/>\n<script type=\"application\/ld+json\" class=\"yoast-schema-graph\">{\"@context\":\"https:\\\/\\\/schema.org\",\"@graph\":[{\"@type\":\"WebPage\",\"@id\":\"https:\\\/\\\/florianhorsefood.nl\\\/de\\\/produkt\\\/duval-multidigestiv\\\/\",\"url\":\"https:\\\/\\\/florianhorsefood.nl\\\/de\\\/produkt\\\/duval-multidigestiv\\\/\",\"name\":\"Duval MultiDigestiv - Florian Horsefood\",\"isPartOf\":{\"@id\":\"https:\\\/\\\/florianhorsefood.nl\\\/de\\\/#website\"},\"primaryImageOfPage\":{\"@id\":\"https:\\\/\\\/florianhorsefood.nl\\\/de\\\/produkt\\\/duval-multidigestiv\\\/#primaryimage\"},\"image\":{\"@id\":\"https:\\\/\\\/florianhorsefood.nl\\\/de\\\/produkt\\\/duval-multidigestiv\\\/#primaryimage\"},\"thumbnailUrl\":\"https:\\\/\\\/florianhorsefood.nl\\\/wp-content\\\/uploads\\\/2025\\\/11\\\/Florian-Horsefood-Web-22.webp\",\"datePublished\":\"2024-04-15T19:12:44+00:00\",\"dateModified\":\"2025-05-20T15:57:36+00:00\",\"description\":\"Duval MultiDigestiv ist (pr\u00e4ventiv) f\u00fcr die Erhaltung eines gesunden Magens und Darms.\",\"breadcrumb\":{\"@id\":\"https:\\\/\\\/florianhorsefood.nl\\\/de\\\/produkt\\\/duval-multidigestiv\\\/#breadcrumb\"},\"inLanguage\":\"de\",\"potentialAction\":[{\"@type\":\"ReadAction\",\"target\":[\"https:\\\/\\\/florianhorsefood.nl\\\/de\\\/produkt\\\/duval-multidigestiv\\\/\"]}]},{\"@type\":\"ImageObject\",\"inLanguage\":\"de\",\"@id\":\"https:\\\/\\\/florianhorsefood.nl\\\/de\\\/produkt\\\/duval-multidigestiv\\\/#primaryimage\",\"url\":\"https:\\\/\\\/florianhorsefood.nl\\\/wp-content\\\/uploads\\\/2025\\\/11\\\/Florian-Horsefood-Web-22.webp\",\"contentUrl\":\"https:\\\/\\\/florianhorsefood.nl\\\/wp-content\\\/uploads\\\/2025\\\/11\\\/Florian-Horsefood-Web-22.webp\",\"width\":2048,\"height\":1365},{\"@type\":\"BreadcrumbList\",\"@id\":\"https:\\\/\\\/florianhorsefood.nl\\\/de\\\/produkt\\\/duval-multidigestiv\\\/#breadcrumb\",\"itemListElement\":[{\"@type\":\"ListItem\",\"position\":1,\"name\":\"Startseite\",\"item\":\"https:\\\/\\\/florianhorsefood.nl\\\/de\\\/startseite\\\/\"},{\"@type\":\"ListItem\",\"position\":2,\"name\":\"Shop\",\"item\":\"https:\\\/\\\/florianhorsefood.nl\\\/shop\\\/\"},{\"@type\":\"ListItem\",\"position\":3,\"name\":\"Duval MultiDigestiv\"}]},{\"@type\":\"WebSite\",\"@id\":\"https:\\\/\\\/florianhorsefood.nl\\\/de\\\/#website\",\"url\":\"https:\\\/\\\/florianhorsefood.nl\\\/de\\\/\",\"name\":\"Florian Horsefood\",\"description\":\"Back to Basic &amp; Health Protection!\",\"publisher\":{\"@id\":\"https:\\\/\\\/florianhorsefood.nl\\\/de\\\/#organization\"},\"potentialAction\":[{\"@type\":\"SearchAction\",\"target\":{\"@type\":\"EntryPoint\",\"urlTemplate\":\"https:\\\/\\\/florianhorsefood.nl\\\/de\\\/?s={search_term_string}\"},\"query-input\":{\"@type\":\"PropertyValueSpecification\",\"valueRequired\":true,\"valueName\":\"search_term_string\"}}],\"inLanguage\":\"de\"},{\"@type\":\"Organization\",\"@id\":\"https:\\\/\\\/florianhorsefood.nl\\\/de\\\/#organization\",\"name\":\"Florian Pferdefutter\",\"url\":\"https:\\\/\\\/florianhorsefood.nl\\\/de\\\/\",\"logo\":{\"@type\":\"ImageObject\",\"inLanguage\":\"de\",\"@id\":\"https:\\\/\\\/florianhorsefood.nl\\\/de\\\/#\\\/schema\\\/logo\\\/image\\\/\",\"url\":\"https:\\\/\\\/florianhorsefood.nl\\\/wp-content\\\/uploads\\\/2020\\\/02\\\/Florian_Horsefood_liggend_RGB.png\",\"contentUrl\":\"https:\\\/\\\/florianhorsefood.nl\\\/wp-content\\\/uploads\\\/2020\\\/02\\\/Florian_Horsefood_liggend_RGB.png\",\"width\":1044,\"height\":393,\"caption\":\"Florian Pferdefutter\"},\"image\":{\"@id\":\"https:\\\/\\\/florianhorsefood.nl\\\/de\\\/#\\\/schema\\\/logo\\\/image\\\/\"},\"sameAs\":[\"https:\\\/\\\/www.linkedin.com\\\/company\\\/florian-horsefood\\\/about\\\/\"]}]}<\/script>\n<!-- \/ Yoast SEO plugin. -->","yoast_head_json":{"title":"Duval MultiDigestiv - Florian Horsefood","description":"Duval MultiDigestiv ist (pr\u00e4ventiv) f\u00fcr die Erhaltung eines gesunden Magens und Darms.","robots":{"index":"index","follow":"follow","max-snippet":"max-snippet:-1","max-image-preview":"max-image-preview:large","max-video-preview":"max-video-preview:-1"},"canonical":"https:\/\/florianhorsefood.nl\/de\/produkt\/duval-multidigestiv\/","og_locale":"de_DE","og_type":"article","og_title":"Duval MultiDigestiv - Florian Horsefood","og_description":"Duval MultiDigestiv ist (pr\u00e4ventiv) f\u00fcr die Erhaltung eines gesunden Magens und Darms.","og_url":"https:\/\/florianhorsefood.nl\/de\/produkt\/duval-multidigestiv\/","og_site_name":"Florian Horsefood","article_modified_time":"2025-05-20T15:57:36+00:00","og_image":[{"width":1080,"height":1080,"url":"https:\/\/florianhorsefood.nl\/wp-content\/uploads\/2024\/04\/florian-horsefood-duval-horseproducts-multidigestiv.png","type":"image\/png"}],"twitter_card":"summary_large_image","twitter_misc":{"Gesch\u00e4tzte Lesezeit":"2\u00a0Minuten"},"schema":{"@context":"https:\/\/schema.org","@graph":[{"@type":"WebPage","@id":"https:\/\/florianhorsefood.nl\/de\/produkt\/duval-multidigestiv\/","url":"https:\/\/florianhorsefood.nl\/de\/produkt\/duval-multidigestiv\/","name":"Duval MultiDigestiv - Florian Horsefood","isPartOf":{"@id":"https:\/\/florianhorsefood.nl\/de\/#website"},"primaryImageOfPage":{"@id":"https:\/\/florianhorsefood.nl\/de\/produkt\/duval-multidigestiv\/#primaryimage"},"image":{"@id":"https:\/\/florianhorsefood.nl\/de\/produkt\/duval-multidigestiv\/#primaryimage"},"thumbnailUrl":"https:\/\/florianhorsefood.nl\/wp-content\/uploads\/2025\/11\/Florian-Horsefood-Web-22.webp","datePublished":"2024-04-15T19:12:44+00:00","dateModified":"2025-05-20T15:57:36+00:00","description":"Duval MultiDigestiv ist (pr\u00e4ventiv) f\u00fcr die Erhaltung eines gesunden Magens und Darms.","breadcrumb":{"@id":"https:\/\/florianhorsefood.nl\/de\/produkt\/duval-multidigestiv\/#breadcrumb"},"inLanguage":"de","potentialAction":[{"@type":"ReadAction","target":["https:\/\/florianhorsefood.nl\/de\/produkt\/duval-multidigestiv\/"]}]},{"@type":"ImageObject","inLanguage":"de","@id":"https:\/\/florianhorsefood.nl\/de\/produkt\/duval-multidigestiv\/#primaryimage","url":"https:\/\/florianhorsefood.nl\/wp-content\/uploads\/2025\/11\/Florian-Horsefood-Web-22.webp","contentUrl":"https:\/\/florianhorsefood.nl\/wp-content\/uploads\/2025\/11\/Florian-Horsefood-Web-22.webp","width":2048,"height":1365},{"@type":"BreadcrumbList","@id":"https:\/\/florianhorsefood.nl\/de\/produkt\/duval-multidigestiv\/#breadcrumb","itemListElement":[{"@type":"ListItem","position":1,"name":"Startseite","item":"https:\/\/florianhorsefood.nl\/de\/startseite\/"},{"@type":"ListItem","position":2,"name":"Shop","item":"https:\/\/florianhorsefood.nl\/shop\/"},{"@type":"ListItem","position":3,"name":"Duval MultiDigestiv"}]},{"@type":"WebSite","@id":"https:\/\/florianhorsefood.nl\/de\/#website","url":"https:\/\/florianhorsefood.nl\/de\/","name":"Florian Horsefood","description":"Back to Basic &amp; Health Protection!","publisher":{"@id":"https:\/\/florianhorsefood.nl\/de\/#organization"},"potentialAction":[{"@type":"SearchAction","target":{"@type":"EntryPoint","urlTemplate":"https:\/\/florianhorsefood.nl\/de\/?s={search_term_string}"},"query-input":{"@type":"PropertyValueSpecification","valueRequired":true,"valueName":"search_term_string"}}],"inLanguage":"de"},{"@type":"Organization","@id":"https:\/\/florianhorsefood.nl\/de\/#organization","name":"Florian Pferdefutter","url":"https:\/\/florianhorsefood.nl\/de\/","logo":{"@type":"ImageObject","inLanguage":"de","@id":"https:\/\/florianhorsefood.nl\/de\/#\/schema\/logo\/image\/","url":"https:\/\/florianhorsefood.nl\/wp-content\/uploads\/2020\/02\/Florian_Horsefood_liggend_RGB.png","contentUrl":"https:\/\/florianhorsefood.nl\/wp-content\/uploads\/2020\/02\/Florian_Horsefood_liggend_RGB.png","width":1044,"height":393,"caption":"Florian Pferdefutter"},"image":{"@id":"https:\/\/florianhorsefood.nl\/de\/#\/schema\/logo\/image\/"},"sameAs":["https:\/\/www.linkedin.com\/company\/florian-horsefood\/about\/"]}]}},"_links":{"self":[{"href":"https:\/\/florianhorsefood.nl\/de\/wp-json\/wp\/v2\/product\/12695","targetHints":{"allow":["GET"]}}],"collection":[{"href":"https:\/\/florianhorsefood.nl\/de\/wp-json\/wp\/v2\/product"}],"about":[{"href":"https:\/\/florianhorsefood.nl\/de\/wp-json\/wp\/v2\/types\/product"}],"wp:featuredmedia":[{"embeddable":true,"href":"https:\/\/florianhorsefood.nl\/de\/wp-json\/wp\/v2\/media\/20210"}],"wp:attachment":[{"href":"https:\/\/florianhorsefood.nl\/de\/wp-json\/wp\/v2\/media?parent=12695"}],"wp:term":[{"taxonomy":"product_brand","embeddable":true,"href":"https:\/\/florianhorsefood.nl\/de\/wp-json\/wp\/v2\/product_brand?post=12695"},{"taxonomy":"product_cat","embeddable":true,"href":"https:\/\/florianhorsefood.nl\/de\/wp-json\/wp\/v2\/product_cat?post=12695"},{"taxonomy":"product_tag","embeddable":true,"href":"https:\/\/florianhorsefood.nl\/de\/wp-json\/wp\/v2\/product_tag?post=12695"}],"curies":[{"name":"wp","href":"https:\/\/api.w.org\/{rel}","templated":true}]}}