{"id":16373,"date":"2025-03-27T08:50:04","date_gmt":"2025-03-27T07:50:04","guid":{"rendered":"https:\/\/florianhorsefood.nl\/product\/doderm-hydro-repair-gel\/"},"modified":"2025-03-27T08:50:04","modified_gmt":"2025-03-27T07:50:04","slug":"doderm-hydro-repair-gel","status":"publish","type":"product","link":"https:\/\/florianhorsefood.nl\/de\/produkt\/doderm-hydro-repair-gel\/","title":{"rendered":"Doderm Hydro Repair Gel"},"content":{"rendered":"<h2>Die Hautrevolution<\/h2>\n<p>Wir alle kennen sie: Hautprobleme bei unseren Haustieren! Ob es sich nun um eine kleine Wunde oder eine Reizung und Juckreiz handelt, Doderm Hydro RepairGel ist die kleine Wunderwaffe, die Sie zu Hause haben sollten. Das Gel unterst\u00fctzt die Haut, so dass sie in nur wenigen Tagen widerstandsf\u00e4hig wird und bleibt. Das Geheimnis ist die Verwendung von Antik\u00f6rpern aus dem \u00fcbersch\u00fcssigen Kolostrum von K\u00fchen. Die Antik\u00f6rper in dem Produkt bringen das Mikrobiom der Haut wieder ins Gleichgewicht. Zusammen mit den anderen nat\u00fcrlichen Inhaltsstoffen schaffen wir so eine Hautrevolution f\u00fcr unsere Tiere.     <\/p>\n<h2>Die nat\u00fcrliche Alternative<\/h2>\n<p>Wir vertrauen auf die Kraft der Natur. Neben Antik\u00f6rpern verwenden wir nur nat\u00fcrliche Inhaltsstoffe, die die Haut dabei unterst\u00fctzen, sich zu beruhigen und zu regenerieren. Wir brauchen also weder Kortison noch Antibiotika. Unserem Hautgel gingen \u00fcber 10 Jahre wissenschaftlicher Forschung in Zusammenarbeit mit Tier\u00e4rzten voraus. Mit dem Gel st\u00e4rken wir die guten Hautbakterien und geben ihnen alles, was sie brauchen, um die Widerstandskraft der Haut zu st\u00e4rken.    <\/p>\n<h2>Wie zu verwenden.<\/h2>\n<p>Die besten Ergebnisse erzielen Sie, wenn Sie 2-3 Mal t\u00e4glich eine d\u00fcnne Schicht des Gels auf die Haut auftragen. Aufgrund der nat\u00fcrlichen Zusammensetzung von Doderm Hydro RepairGel kann es lange verwendet werden. <\/p>\n","protected":false},"excerpt":{"rendered":"<p>Doderm Hydro RepairGel ist die kleine Wunderwaffe, die Sie zu Hause haben sollten. Das Gel unterst\u00fctzt die Haut, so dass sie in nur wenigen Tagen widerstandsf\u00e4hig wird und bleibt. Das Geheimnis ist die Verwendung von Antik\u00f6rpern aus dem \u00fcbersch\u00fcssigen Kolostrum von K\u00fchen. Die Antik\u00f6rper in dem Produkt bringen das Mikrobiom der Haut wieder ins Gleichgewicht. Zusammen mit den anderen nat\u00fcrlichen Inhaltsstoffen schaffen wir so eine Hautrevolution f\u00fcr unsere Tiere.    <\/p>\n<p><strong>Inhalt: 100 ml<\/strong><\/p>\n","protected":false},"featured_media":16117,"template":"","meta":[],"product_brand":[],"product_cat":[16],"product_tag":[],"class_list":{"0":"post-16373","1":"product","2":"type-product","3":"status-publish","4":"has-post-thumbnail","6":"product_cat-handig-in-de-stal","8":"first","9":"instock","10":"taxable","11":"shipping-taxable","12":"purchasable","13":"product-type-simple"},"bundled_by":[],"bundle_stock_status":"instock","bundle_stock_quantity":null,"bundle_virtual":false,"bundle_layout":"","bundle_add_to_cart_form_location":"","bundle_editable_in_cart":false,"bundle_sold_individually_context":"","bundle_item_grouping":"","bundle_min_size":"","bundle_max_size":"","bundle_price":[],"bundled_items":[],"bundle_sell_ids":[],"yoast_head":"<!-- This site is optimized with the Yoast SEO plugin v27.3 - https:\/\/yoast.com\/product\/yoast-seo-wordpress\/ -->\n<title>Doderm Hydro Repair Gel - Florian Horsefood<\/title>\n<meta name=\"description\" content=\"Ob es sich um eine kleine Wunde oder eine Reizung und Juckreiz handelt, Doderm Hydro RepairGel ist die kleine Wunderwaffe, die Sie im Haus haben sollten.\" \/>\n<meta name=\"robots\" content=\"index, follow, max-snippet:-1, max-image-preview:large, max-video-preview:-1\" \/>\n<link rel=\"canonical\" href=\"https:\/\/florianhorsefood.nl\/de\/produkt\/doderm-hydro-repair-gel\/\" \/>\n<meta property=\"og:locale\" content=\"de_DE\" \/>\n<meta property=\"og:type\" content=\"article\" \/>\n<meta property=\"og:title\" content=\"Doderm Hydro Repair Gel - Florian Horsefood\" \/>\n<meta property=\"og:description\" content=\"Ob es sich um eine kleine Wunde oder eine Reizung und Juckreiz handelt, Doderm Hydro RepairGel ist die kleine Wunderwaffe, die Sie im Haus haben sollten.\" \/>\n<meta property=\"og:url\" content=\"https:\/\/florianhorsefood.nl\/de\/produkt\/doderm-hydro-repair-gel\/\" \/>\n<meta property=\"og:site_name\" content=\"Florian Horsefood\" \/>\n<meta name=\"twitter:card\" content=\"summary_large_image\" \/>\n<meta name=\"twitter:label1\" content=\"Gesch\u00e4tzte Lesezeit\" \/>\n\t<meta name=\"twitter:data1\" content=\"1\u00a0Minute\" \/>\n<script type=\"application\/ld+json\" class=\"yoast-schema-graph\">{\"@context\":\"https:\\\/\\\/schema.org\",\"@graph\":[{\"@type\":\"WebPage\",\"@id\":\"https:\\\/\\\/florianhorsefood.nl\\\/de\\\/produkt\\\/doderm-hydro-repair-gel\\\/\",\"url\":\"https:\\\/\\\/florianhorsefood.nl\\\/de\\\/produkt\\\/doderm-hydro-repair-gel\\\/\",\"name\":\"Doderm Hydro Repair Gel - Florian Horsefood\",\"isPartOf\":{\"@id\":\"https:\\\/\\\/florianhorsefood.nl\\\/de\\\/#website\"},\"primaryImageOfPage\":{\"@id\":\"https:\\\/\\\/florianhorsefood.nl\\\/de\\\/produkt\\\/doderm-hydro-repair-gel\\\/#primaryimage\"},\"image\":{\"@id\":\"https:\\\/\\\/florianhorsefood.nl\\\/de\\\/produkt\\\/doderm-hydro-repair-gel\\\/#primaryimage\"},\"thumbnailUrl\":\"https:\\\/\\\/florianhorsefood.nl\\\/wp-content\\\/uploads\\\/2025\\\/03\\\/Doderm-Hydro-RepairGel-Horse-100ml-label-front-scaled.webp\",\"datePublished\":\"2025-03-27T07:50:04+00:00\",\"description\":\"Ob es sich um eine kleine Wunde oder eine Reizung und Juckreiz handelt, Doderm Hydro RepairGel ist die kleine Wunderwaffe, die Sie im Haus haben sollten.\",\"breadcrumb\":{\"@id\":\"https:\\\/\\\/florianhorsefood.nl\\\/de\\\/produkt\\\/doderm-hydro-repair-gel\\\/#breadcrumb\"},\"inLanguage\":\"de\",\"potentialAction\":[{\"@type\":\"ReadAction\",\"target\":[\"https:\\\/\\\/florianhorsefood.nl\\\/de\\\/produkt\\\/doderm-hydro-repair-gel\\\/\"]}]},{\"@type\":\"ImageObject\",\"inLanguage\":\"de\",\"@id\":\"https:\\\/\\\/florianhorsefood.nl\\\/de\\\/produkt\\\/doderm-hydro-repair-gel\\\/#primaryimage\",\"url\":\"https:\\\/\\\/florianhorsefood.nl\\\/wp-content\\\/uploads\\\/2025\\\/03\\\/Doderm-Hydro-RepairGel-Horse-100ml-label-front-scaled.webp\",\"contentUrl\":\"https:\\\/\\\/florianhorsefood.nl\\\/wp-content\\\/uploads\\\/2025\\\/03\\\/Doderm-Hydro-RepairGel-Horse-100ml-label-front-scaled.webp\",\"width\":720,\"height\":1080,\"caption\":\"Hydro RepairGel Horse van Doderm voor gezonde paardenhuid.\"},{\"@type\":\"BreadcrumbList\",\"@id\":\"https:\\\/\\\/florianhorsefood.nl\\\/de\\\/produkt\\\/doderm-hydro-repair-gel\\\/#breadcrumb\",\"itemListElement\":[{\"@type\":\"ListItem\",\"position\":1,\"name\":\"Startseite\",\"item\":\"https:\\\/\\\/florianhorsefood.nl\\\/de\\\/startseite\\\/\"},{\"@type\":\"ListItem\",\"position\":2,\"name\":\"Shop\",\"item\":\"https:\\\/\\\/florianhorsefood.nl\\\/shop\\\/\"},{\"@type\":\"ListItem\",\"position\":3,\"name\":\"Doderm Hydro Repair Gel\"}]},{\"@type\":\"WebSite\",\"@id\":\"https:\\\/\\\/florianhorsefood.nl\\\/de\\\/#website\",\"url\":\"https:\\\/\\\/florianhorsefood.nl\\\/de\\\/\",\"name\":\"Florian Horsefood\",\"description\":\"Back to Basic &amp; Health Protection!\",\"publisher\":{\"@id\":\"https:\\\/\\\/florianhorsefood.nl\\\/de\\\/#organization\"},\"potentialAction\":[{\"@type\":\"SearchAction\",\"target\":{\"@type\":\"EntryPoint\",\"urlTemplate\":\"https:\\\/\\\/florianhorsefood.nl\\\/de\\\/?s={search_term_string}\"},\"query-input\":{\"@type\":\"PropertyValueSpecification\",\"valueRequired\":true,\"valueName\":\"search_term_string\"}}],\"inLanguage\":\"de\"},{\"@type\":\"Organization\",\"@id\":\"https:\\\/\\\/florianhorsefood.nl\\\/de\\\/#organization\",\"name\":\"Florian Pferdefutter\",\"url\":\"https:\\\/\\\/florianhorsefood.nl\\\/de\\\/\",\"logo\":{\"@type\":\"ImageObject\",\"inLanguage\":\"de\",\"@id\":\"https:\\\/\\\/florianhorsefood.nl\\\/de\\\/#\\\/schema\\\/logo\\\/image\\\/\",\"url\":\"https:\\\/\\\/florianhorsefood.nl\\\/wp-content\\\/uploads\\\/2020\\\/02\\\/Florian_Horsefood_liggend_RGB.png\",\"contentUrl\":\"https:\\\/\\\/florianhorsefood.nl\\\/wp-content\\\/uploads\\\/2020\\\/02\\\/Florian_Horsefood_liggend_RGB.png\",\"width\":1044,\"height\":393,\"caption\":\"Florian Pferdefutter\"},\"image\":{\"@id\":\"https:\\\/\\\/florianhorsefood.nl\\\/de\\\/#\\\/schema\\\/logo\\\/image\\\/\"},\"sameAs\":[\"https:\\\/\\\/www.linkedin.com\\\/company\\\/florian-horsefood\\\/about\\\/\"]}]}<\/script>\n<!-- \/ Yoast SEO plugin. -->","yoast_head_json":{"title":"Doderm Hydro Repair Gel - Florian Horsefood","description":"Ob es sich um eine kleine Wunde oder eine Reizung und Juckreiz handelt, Doderm Hydro RepairGel ist die kleine Wunderwaffe, die Sie im Haus haben sollten.","robots":{"index":"index","follow":"follow","max-snippet":"max-snippet:-1","max-image-preview":"max-image-preview:large","max-video-preview":"max-video-preview:-1"},"canonical":"https:\/\/florianhorsefood.nl\/de\/produkt\/doderm-hydro-repair-gel\/","og_locale":"de_DE","og_type":"article","og_title":"Doderm Hydro Repair Gel - Florian Horsefood","og_description":"Ob es sich um eine kleine Wunde oder eine Reizung und Juckreiz handelt, Doderm Hydro RepairGel ist die kleine Wunderwaffe, die Sie im Haus haben sollten.","og_url":"https:\/\/florianhorsefood.nl\/de\/produkt\/doderm-hydro-repair-gel\/","og_site_name":"Florian Horsefood","twitter_card":"summary_large_image","twitter_misc":{"Gesch\u00e4tzte Lesezeit":"1\u00a0Minute"},"schema":{"@context":"https:\/\/schema.org","@graph":[{"@type":"WebPage","@id":"https:\/\/florianhorsefood.nl\/de\/produkt\/doderm-hydro-repair-gel\/","url":"https:\/\/florianhorsefood.nl\/de\/produkt\/doderm-hydro-repair-gel\/","name":"Doderm Hydro Repair Gel - Florian Horsefood","isPartOf":{"@id":"https:\/\/florianhorsefood.nl\/de\/#website"},"primaryImageOfPage":{"@id":"https:\/\/florianhorsefood.nl\/de\/produkt\/doderm-hydro-repair-gel\/#primaryimage"},"image":{"@id":"https:\/\/florianhorsefood.nl\/de\/produkt\/doderm-hydro-repair-gel\/#primaryimage"},"thumbnailUrl":"https:\/\/florianhorsefood.nl\/wp-content\/uploads\/2025\/03\/Doderm-Hydro-RepairGel-Horse-100ml-label-front-scaled.webp","datePublished":"2025-03-27T07:50:04+00:00","description":"Ob es sich um eine kleine Wunde oder eine Reizung und Juckreiz handelt, Doderm Hydro RepairGel ist die kleine Wunderwaffe, die Sie im Haus haben sollten.","breadcrumb":{"@id":"https:\/\/florianhorsefood.nl\/de\/produkt\/doderm-hydro-repair-gel\/#breadcrumb"},"inLanguage":"de","potentialAction":[{"@type":"ReadAction","target":["https:\/\/florianhorsefood.nl\/de\/produkt\/doderm-hydro-repair-gel\/"]}]},{"@type":"ImageObject","inLanguage":"de","@id":"https:\/\/florianhorsefood.nl\/de\/produkt\/doderm-hydro-repair-gel\/#primaryimage","url":"https:\/\/florianhorsefood.nl\/wp-content\/uploads\/2025\/03\/Doderm-Hydro-RepairGel-Horse-100ml-label-front-scaled.webp","contentUrl":"https:\/\/florianhorsefood.nl\/wp-content\/uploads\/2025\/03\/Doderm-Hydro-RepairGel-Horse-100ml-label-front-scaled.webp","width":720,"height":1080,"caption":"Hydro RepairGel Horse van Doderm voor gezonde paardenhuid."},{"@type":"BreadcrumbList","@id":"https:\/\/florianhorsefood.nl\/de\/produkt\/doderm-hydro-repair-gel\/#breadcrumb","itemListElement":[{"@type":"ListItem","position":1,"name":"Startseite","item":"https:\/\/florianhorsefood.nl\/de\/startseite\/"},{"@type":"ListItem","position":2,"name":"Shop","item":"https:\/\/florianhorsefood.nl\/shop\/"},{"@type":"ListItem","position":3,"name":"Doderm Hydro Repair Gel"}]},{"@type":"WebSite","@id":"https:\/\/florianhorsefood.nl\/de\/#website","url":"https:\/\/florianhorsefood.nl\/de\/","name":"Florian Horsefood","description":"Back to Basic &amp; Health Protection!","publisher":{"@id":"https:\/\/florianhorsefood.nl\/de\/#organization"},"potentialAction":[{"@type":"SearchAction","target":{"@type":"EntryPoint","urlTemplate":"https:\/\/florianhorsefood.nl\/de\/?s={search_term_string}"},"query-input":{"@type":"PropertyValueSpecification","valueRequired":true,"valueName":"search_term_string"}}],"inLanguage":"de"},{"@type":"Organization","@id":"https:\/\/florianhorsefood.nl\/de\/#organization","name":"Florian Pferdefutter","url":"https:\/\/florianhorsefood.nl\/de\/","logo":{"@type":"ImageObject","inLanguage":"de","@id":"https:\/\/florianhorsefood.nl\/de\/#\/schema\/logo\/image\/","url":"https:\/\/florianhorsefood.nl\/wp-content\/uploads\/2020\/02\/Florian_Horsefood_liggend_RGB.png","contentUrl":"https:\/\/florianhorsefood.nl\/wp-content\/uploads\/2020\/02\/Florian_Horsefood_liggend_RGB.png","width":1044,"height":393,"caption":"Florian Pferdefutter"},"image":{"@id":"https:\/\/florianhorsefood.nl\/de\/#\/schema\/logo\/image\/"},"sameAs":["https:\/\/www.linkedin.com\/company\/florian-horsefood\/about\/"]}]}},"_links":{"self":[{"href":"https:\/\/florianhorsefood.nl\/de\/wp-json\/wp\/v2\/product\/16373","targetHints":{"allow":["GET"]}}],"collection":[{"href":"https:\/\/florianhorsefood.nl\/de\/wp-json\/wp\/v2\/product"}],"about":[{"href":"https:\/\/florianhorsefood.nl\/de\/wp-json\/wp\/v2\/types\/product"}],"wp:featuredmedia":[{"embeddable":true,"href":"https:\/\/florianhorsefood.nl\/de\/wp-json\/wp\/v2\/media\/16117"}],"wp:attachment":[{"href":"https:\/\/florianhorsefood.nl\/de\/wp-json\/wp\/v2\/media?parent=16373"}],"wp:term":[{"taxonomy":"product_brand","embeddable":true,"href":"https:\/\/florianhorsefood.nl\/de\/wp-json\/wp\/v2\/product_brand?post=16373"},{"taxonomy":"product_cat","embeddable":true,"href":"https:\/\/florianhorsefood.nl\/de\/wp-json\/wp\/v2\/product_cat?post=16373"},{"taxonomy":"product_tag","embeddable":true,"href":"https:\/\/florianhorsefood.nl\/de\/wp-json\/wp\/v2\/product_tag?post=16373"}],"curies":[{"name":"wp","href":"https:\/\/api.w.org\/{rel}","templated":true}]}}