{"id":16377,"date":"2024-10-04T09:28:39","date_gmt":"2024-10-04T07:28:39","guid":{"rendered":"https:\/\/florianhorsefood.nl\/product\/florian-messbecher\/"},"modified":"2025-10-01T15:24:17","modified_gmt":"2025-10-01T13:24:17","slug":"florian-messbecher","status":"publish","type":"product","link":"https:\/\/florianhorsefood.nl\/de\/produkt\/florian-messbecher\/","title":{"rendered":"Florian Messbecher"},"content":{"rendered":"<p>Messen Sie alle Ihre Lieblingsprodukte von Florian ganz einfach in einem praktischen Messbecher ab. Kein \u00c4rger mehr mit mehreren Schalen, Messl\u00f6ffeln oder Waagen! Mit diesem Messbecher k\u00f6nnen Sie ganz einfach alle Florian-Produkte dosieren. Unverzichtbar f\u00fcr jeden Florian-Fan.   <\/p>\n","protected":false},"excerpt":{"rendered":"<p>Messen Sie alle Ihre Lieblingsprodukte von Florian ganz einfach in einem praktischen Messbecher ab. Kein \u00c4rger mehr mit mehreren Schalen, Messl\u00f6ffeln oder Waagen! Mit diesem Messbecher k\u00f6nnen Sie ganz einfach alle Florian-Produkte dosieren. Unverzichtbar f\u00fcr Florian-Fans.   <\/p>\n","protected":false},"featured_media":13487,"template":"","meta":[],"product_brand":[],"product_cat":[16],"product_tag":[],"class_list":{"0":"post-16377","1":"product","2":"type-product","3":"status-publish","4":"has-post-thumbnail","6":"product_cat-handig-in-de-stal","8":"first","9":"outofstock","10":"taxable","11":"shipping-taxable","12":"purchasable","13":"product-type-simple"},"bundled_by":[],"bundle_stock_status":"outofstock","bundle_stock_quantity":0,"bundle_virtual":false,"bundle_layout":"","bundle_add_to_cart_form_location":"","bundle_editable_in_cart":false,"bundle_sold_individually_context":"","bundle_item_grouping":"","bundle_min_size":"","bundle_max_size":"","bundle_price":[],"bundled_items":[],"bundle_sell_ids":[],"yoast_head":"<!-- This site is optimized with the Yoast SEO plugin v27.3 - https:\/\/yoast.com\/product\/yoast-seo-wordpress\/ -->\n<title>Florian Messbecher - Florian Horsefood<\/title>\n<meta name=\"description\" content=\"Messen Sie alle Ihre Lieblingsprodukte von Florian ganz einfach in einem praktischen Messbecher ab. Kein \u00c4rger mehr mit mehreren Schalen, Messl\u00f6ffeln oder Waagen! Mit diesem Messbecher k\u00f6nnen Sie ganz einfach alle Florian-Produkte dosieren. Unverzichtbar f\u00fcr Florian-Fans.\" \/>\n<meta name=\"robots\" content=\"index, follow, max-snippet:-1, max-image-preview:large, max-video-preview:-1\" \/>\n<link rel=\"canonical\" href=\"https:\/\/florianhorsefood.nl\/de\/produkt\/florian-messbecher\/\" \/>\n<meta property=\"og:locale\" content=\"de_DE\" \/>\n<meta property=\"og:type\" content=\"article\" \/>\n<meta property=\"og:title\" content=\"Florian Messbecher - Florian Horsefood\" \/>\n<meta property=\"og:description\" content=\"Messen Sie alle Ihre Lieblingsprodukte von Florian ganz einfach in einem praktischen Messbecher ab. Kein \u00c4rger mehr mit mehreren Schalen, Messl\u00f6ffeln oder Waagen! Mit diesem Messbecher k\u00f6nnen Sie ganz einfach alle Florian-Produkte dosieren. Unverzichtbar f\u00fcr Florian-Fans.\" \/>\n<meta property=\"og:url\" content=\"https:\/\/florianhorsefood.nl\/de\/produkt\/florian-messbecher\/\" \/>\n<meta property=\"og:site_name\" content=\"Florian Horsefood\" \/>\n<meta property=\"article:modified_time\" content=\"2025-10-01T13:24:17+00:00\" \/>\n<meta property=\"og:image\" content=\"https:\/\/florianhorsefood.nl\/wp-content\/uploads\/2024\/10\/Florian-horsefood-Maatbeker-2-e1742551106262.png\" \/>\n\t<meta property=\"og:image:width\" content=\"600\" \/>\n\t<meta property=\"og:image:height\" content=\"751\" \/>\n\t<meta property=\"og:image:type\" content=\"image\/png\" \/>\n<meta name=\"twitter:card\" content=\"summary_large_image\" \/>\n<script type=\"application\/ld+json\" class=\"yoast-schema-graph\">{\"@context\":\"https:\\\/\\\/schema.org\",\"@graph\":[{\"@type\":\"WebPage\",\"@id\":\"https:\\\/\\\/florianhorsefood.nl\\\/de\\\/produkt\\\/florian-messbecher\\\/\",\"url\":\"https:\\\/\\\/florianhorsefood.nl\\\/de\\\/produkt\\\/florian-messbecher\\\/\",\"name\":\"Florian Messbecher - Florian Horsefood\",\"isPartOf\":{\"@id\":\"https:\\\/\\\/florianhorsefood.nl\\\/de\\\/#website\"},\"primaryImageOfPage\":{\"@id\":\"https:\\\/\\\/florianhorsefood.nl\\\/de\\\/produkt\\\/florian-messbecher\\\/#primaryimage\"},\"image\":{\"@id\":\"https:\\\/\\\/florianhorsefood.nl\\\/de\\\/produkt\\\/florian-messbecher\\\/#primaryimage\"},\"thumbnailUrl\":\"https:\\\/\\\/florianhorsefood.nl\\\/wp-content\\\/uploads\\\/2024\\\/10\\\/Florian-horsefood-Maatbeker-2-e1742551106262.png\",\"datePublished\":\"2024-10-04T07:28:39+00:00\",\"dateModified\":\"2025-10-01T13:24:17+00:00\",\"description\":\"Messen Sie alle Ihre Lieblingsprodukte von Florian ganz einfach in einem praktischen Messbecher ab. Kein \u00c4rger mehr mit mehreren Schalen, Messl\u00f6ffeln oder Waagen! Mit diesem Messbecher k\u00f6nnen Sie ganz einfach alle Florian-Produkte dosieren. Unverzichtbar f\u00fcr Florian-Fans.\",\"breadcrumb\":{\"@id\":\"https:\\\/\\\/florianhorsefood.nl\\\/de\\\/produkt\\\/florian-messbecher\\\/#breadcrumb\"},\"inLanguage\":\"de\",\"potentialAction\":[{\"@type\":\"ReadAction\",\"target\":[\"https:\\\/\\\/florianhorsefood.nl\\\/de\\\/produkt\\\/florian-messbecher\\\/\"]}]},{\"@type\":\"ImageObject\",\"inLanguage\":\"de\",\"@id\":\"https:\\\/\\\/florianhorsefood.nl\\\/de\\\/produkt\\\/florian-messbecher\\\/#primaryimage\",\"url\":\"https:\\\/\\\/florianhorsefood.nl\\\/wp-content\\\/uploads\\\/2024\\\/10\\\/Florian-horsefood-Maatbeker-2-e1742551106262.png\",\"contentUrl\":\"https:\\\/\\\/florianhorsefood.nl\\\/wp-content\\\/uploads\\\/2024\\\/10\\\/Florian-horsefood-Maatbeker-2-e1742551106262.png\",\"width\":600,\"height\":751},{\"@type\":\"BreadcrumbList\",\"@id\":\"https:\\\/\\\/florianhorsefood.nl\\\/de\\\/produkt\\\/florian-messbecher\\\/#breadcrumb\",\"itemListElement\":[{\"@type\":\"ListItem\",\"position\":1,\"name\":\"Startseite\",\"item\":\"https:\\\/\\\/florianhorsefood.nl\\\/de\\\/startseite\\\/\"},{\"@type\":\"ListItem\",\"position\":2,\"name\":\"Shop\",\"item\":\"https:\\\/\\\/florianhorsefood.nl\\\/shop\\\/\"},{\"@type\":\"ListItem\",\"position\":3,\"name\":\"Florian Messbecher\"}]},{\"@type\":\"WebSite\",\"@id\":\"https:\\\/\\\/florianhorsefood.nl\\\/de\\\/#website\",\"url\":\"https:\\\/\\\/florianhorsefood.nl\\\/de\\\/\",\"name\":\"Florian Horsefood\",\"description\":\"Back to Basic &amp; Health Protection!\",\"publisher\":{\"@id\":\"https:\\\/\\\/florianhorsefood.nl\\\/de\\\/#organization\"},\"potentialAction\":[{\"@type\":\"SearchAction\",\"target\":{\"@type\":\"EntryPoint\",\"urlTemplate\":\"https:\\\/\\\/florianhorsefood.nl\\\/de\\\/?s={search_term_string}\"},\"query-input\":{\"@type\":\"PropertyValueSpecification\",\"valueRequired\":true,\"valueName\":\"search_term_string\"}}],\"inLanguage\":\"de\"},{\"@type\":\"Organization\",\"@id\":\"https:\\\/\\\/florianhorsefood.nl\\\/de\\\/#organization\",\"name\":\"Florian Pferdefutter\",\"url\":\"https:\\\/\\\/florianhorsefood.nl\\\/de\\\/\",\"logo\":{\"@type\":\"ImageObject\",\"inLanguage\":\"de\",\"@id\":\"https:\\\/\\\/florianhorsefood.nl\\\/de\\\/#\\\/schema\\\/logo\\\/image\\\/\",\"url\":\"https:\\\/\\\/florianhorsefood.nl\\\/wp-content\\\/uploads\\\/2020\\\/02\\\/Florian_Horsefood_liggend_RGB.png\",\"contentUrl\":\"https:\\\/\\\/florianhorsefood.nl\\\/wp-content\\\/uploads\\\/2020\\\/02\\\/Florian_Horsefood_liggend_RGB.png\",\"width\":1044,\"height\":393,\"caption\":\"Florian Pferdefutter\"},\"image\":{\"@id\":\"https:\\\/\\\/florianhorsefood.nl\\\/de\\\/#\\\/schema\\\/logo\\\/image\\\/\"},\"sameAs\":[\"https:\\\/\\\/www.linkedin.com\\\/company\\\/florian-horsefood\\\/about\\\/\"]}]}<\/script>\n<!-- \/ Yoast SEO plugin. -->","yoast_head_json":{"title":"Florian Messbecher - Florian Horsefood","description":"Messen Sie alle Ihre Lieblingsprodukte von Florian ganz einfach in einem praktischen Messbecher ab. Kein \u00c4rger mehr mit mehreren Schalen, Messl\u00f6ffeln oder Waagen! Mit diesem Messbecher k\u00f6nnen Sie ganz einfach alle Florian-Produkte dosieren. Unverzichtbar f\u00fcr Florian-Fans.","robots":{"index":"index","follow":"follow","max-snippet":"max-snippet:-1","max-image-preview":"max-image-preview:large","max-video-preview":"max-video-preview:-1"},"canonical":"https:\/\/florianhorsefood.nl\/de\/produkt\/florian-messbecher\/","og_locale":"de_DE","og_type":"article","og_title":"Florian Messbecher - Florian Horsefood","og_description":"Messen Sie alle Ihre Lieblingsprodukte von Florian ganz einfach in einem praktischen Messbecher ab. Kein \u00c4rger mehr mit mehreren Schalen, Messl\u00f6ffeln oder Waagen! Mit diesem Messbecher k\u00f6nnen Sie ganz einfach alle Florian-Produkte dosieren. Unverzichtbar f\u00fcr Florian-Fans.","og_url":"https:\/\/florianhorsefood.nl\/de\/produkt\/florian-messbecher\/","og_site_name":"Florian Horsefood","article_modified_time":"2025-10-01T13:24:17+00:00","og_image":[{"width":600,"height":751,"url":"https:\/\/florianhorsefood.nl\/wp-content\/uploads\/2024\/10\/Florian-horsefood-Maatbeker-2-e1742551106262.png","type":"image\/png"}],"twitter_card":"summary_large_image","schema":{"@context":"https:\/\/schema.org","@graph":[{"@type":"WebPage","@id":"https:\/\/florianhorsefood.nl\/de\/produkt\/florian-messbecher\/","url":"https:\/\/florianhorsefood.nl\/de\/produkt\/florian-messbecher\/","name":"Florian Messbecher - Florian Horsefood","isPartOf":{"@id":"https:\/\/florianhorsefood.nl\/de\/#website"},"primaryImageOfPage":{"@id":"https:\/\/florianhorsefood.nl\/de\/produkt\/florian-messbecher\/#primaryimage"},"image":{"@id":"https:\/\/florianhorsefood.nl\/de\/produkt\/florian-messbecher\/#primaryimage"},"thumbnailUrl":"https:\/\/florianhorsefood.nl\/wp-content\/uploads\/2024\/10\/Florian-horsefood-Maatbeker-2-e1742551106262.png","datePublished":"2024-10-04T07:28:39+00:00","dateModified":"2025-10-01T13:24:17+00:00","description":"Messen Sie alle Ihre Lieblingsprodukte von Florian ganz einfach in einem praktischen Messbecher ab. Kein \u00c4rger mehr mit mehreren Schalen, Messl\u00f6ffeln oder Waagen! Mit diesem Messbecher k\u00f6nnen Sie ganz einfach alle Florian-Produkte dosieren. Unverzichtbar f\u00fcr Florian-Fans.","breadcrumb":{"@id":"https:\/\/florianhorsefood.nl\/de\/produkt\/florian-messbecher\/#breadcrumb"},"inLanguage":"de","potentialAction":[{"@type":"ReadAction","target":["https:\/\/florianhorsefood.nl\/de\/produkt\/florian-messbecher\/"]}]},{"@type":"ImageObject","inLanguage":"de","@id":"https:\/\/florianhorsefood.nl\/de\/produkt\/florian-messbecher\/#primaryimage","url":"https:\/\/florianhorsefood.nl\/wp-content\/uploads\/2024\/10\/Florian-horsefood-Maatbeker-2-e1742551106262.png","contentUrl":"https:\/\/florianhorsefood.nl\/wp-content\/uploads\/2024\/10\/Florian-horsefood-Maatbeker-2-e1742551106262.png","width":600,"height":751},{"@type":"BreadcrumbList","@id":"https:\/\/florianhorsefood.nl\/de\/produkt\/florian-messbecher\/#breadcrumb","itemListElement":[{"@type":"ListItem","position":1,"name":"Startseite","item":"https:\/\/florianhorsefood.nl\/de\/startseite\/"},{"@type":"ListItem","position":2,"name":"Shop","item":"https:\/\/florianhorsefood.nl\/shop\/"},{"@type":"ListItem","position":3,"name":"Florian Messbecher"}]},{"@type":"WebSite","@id":"https:\/\/florianhorsefood.nl\/de\/#website","url":"https:\/\/florianhorsefood.nl\/de\/","name":"Florian Horsefood","description":"Back to Basic &amp; Health Protection!","publisher":{"@id":"https:\/\/florianhorsefood.nl\/de\/#organization"},"potentialAction":[{"@type":"SearchAction","target":{"@type":"EntryPoint","urlTemplate":"https:\/\/florianhorsefood.nl\/de\/?s={search_term_string}"},"query-input":{"@type":"PropertyValueSpecification","valueRequired":true,"valueName":"search_term_string"}}],"inLanguage":"de"},{"@type":"Organization","@id":"https:\/\/florianhorsefood.nl\/de\/#organization","name":"Florian Pferdefutter","url":"https:\/\/florianhorsefood.nl\/de\/","logo":{"@type":"ImageObject","inLanguage":"de","@id":"https:\/\/florianhorsefood.nl\/de\/#\/schema\/logo\/image\/","url":"https:\/\/florianhorsefood.nl\/wp-content\/uploads\/2020\/02\/Florian_Horsefood_liggend_RGB.png","contentUrl":"https:\/\/florianhorsefood.nl\/wp-content\/uploads\/2020\/02\/Florian_Horsefood_liggend_RGB.png","width":1044,"height":393,"caption":"Florian Pferdefutter"},"image":{"@id":"https:\/\/florianhorsefood.nl\/de\/#\/schema\/logo\/image\/"},"sameAs":["https:\/\/www.linkedin.com\/company\/florian-horsefood\/about\/"]}]}},"_links":{"self":[{"href":"https:\/\/florianhorsefood.nl\/de\/wp-json\/wp\/v2\/product\/16377","targetHints":{"allow":["GET"]}}],"collection":[{"href":"https:\/\/florianhorsefood.nl\/de\/wp-json\/wp\/v2\/product"}],"about":[{"href":"https:\/\/florianhorsefood.nl\/de\/wp-json\/wp\/v2\/types\/product"}],"wp:featuredmedia":[{"embeddable":true,"href":"https:\/\/florianhorsefood.nl\/de\/wp-json\/wp\/v2\/media\/13487"}],"wp:attachment":[{"href":"https:\/\/florianhorsefood.nl\/de\/wp-json\/wp\/v2\/media?parent=16377"}],"wp:term":[{"taxonomy":"product_brand","embeddable":true,"href":"https:\/\/florianhorsefood.nl\/de\/wp-json\/wp\/v2\/product_brand?post=16377"},{"taxonomy":"product_cat","embeddable":true,"href":"https:\/\/florianhorsefood.nl\/de\/wp-json\/wp\/v2\/product_cat?post=16377"},{"taxonomy":"product_tag","embeddable":true,"href":"https:\/\/florianhorsefood.nl\/de\/wp-json\/wp\/v2\/product_tag?post=16377"}],"curies":[{"name":"wp","href":"https:\/\/api.w.org\/{rel}","templated":true}]}}