{"id":16379,"date":"2024-08-09T10:50:29","date_gmt":"2024-08-09T08:50:29","guid":{"rendered":"https:\/\/florianhorsefood.nl\/product\/sand-away\/"},"modified":"2026-03-24T20:52:09","modified_gmt":"2026-03-24T19:52:09","slug":"sand-away","status":"publish","type":"product","link":"https:\/\/florianhorsefood.nl\/de\/produkt\/sand-away\/","title":{"rendered":"Sand Away"},"content":{"rendered":"<h3><strong>Duval Sand Away wurde speziell entwickelt, um Sand aus dem Darm des Pferdes zu entfernen.<\/strong><\/h3>\n<p>Der Hauptwirkstoff in Sand Away ist Flohsamen. Psyllium hat die F\u00e4higkeit, viel Wasser zu binden und enth\u00e4lt einen hohen Anteil an Schleimstoffen. Dadurch regt er die Darmbewegungen an, wodurch der Sand besser ausgeschieden werden kann. Neben Flohsamen wurden auch Chiasamen, Lithothamnium, Lupine, Anis und Tonerde hinzugef\u00fcgt. All dies wird zu einem schmackhaften Pellet gepresst. Dadurch entfalten die Flohsamen ihre Wirkung erst, nachdem sie den Magen passiert haben und \u00fcben so die optimale Wirkung im Darm aus, um den Sand aus dem Darm zu entfernen. Dies ist ein gro\u00dfer Vorteil gegen\u00fcber losen Flohsamen, von denen Sie mehr f\u00fcttern m\u00fcssen, um das gleiche Ergebnis zu erzielen.      <\/p>\n<h5><strong>Eigenschaften<\/strong><\/h5>\n<ul>\n<li>Unterst\u00fctzt die Entfernung von Sand aus dem Darm<\/li>\n<li>Die Wirkung von Flohsamen tritt erst nach dem Verzehr ein<\/li>\n<li>Kann das Sandlecken verringern, sofern es aufgrund eines Mineralstoffmangels auftritt<\/li>\n<li>Komplette Sandkur f\u00fcr die Wiederherstellung der Darmflora<\/li>\n<li>Tr\u00e4gt zu einer gesunden Verdauung bei<\/li>\n<\/ul>\n<p><strong><span style=\"color: #8bc63e;\">Inhalt: ca. 3 kg<\/span><\/strong><\/p>\n","protected":false},"excerpt":{"rendered":"<p>Duval Sand Away wurde speziell entwickelt, um Sand aus dem Darm des Pferdes zu entfernen. Der Hauptwirkstoff in Sand Away ist Flohsamen. Psyllium hat die F\u00e4higkeit, viel Wasser zu binden [&hellip;]<\/p>\n","protected":false},"featured_media":15924,"template":"","meta":[],"product_brand":[],"product_cat":[400,42],"product_tag":[201,47],"class_list":{"0":"post-16379","1":"product","2":"type-product","3":"status-publish","4":"has-post-thumbnail","6":"product_cat-duval","7":"product_cat-supplementen","8":"product_tag-duval","9":"product_tag-emmers","11":"first","12":"instock","13":"taxable","14":"shipping-taxable","15":"purchasable","16":"product-type-simple"},"bundled_by":[],"bundle_stock_status":"instock","bundle_stock_quantity":null,"bundle_virtual":false,"bundle_layout":"","bundle_add_to_cart_form_location":"","bundle_editable_in_cart":false,"bundle_sold_individually_context":"","bundle_item_grouping":"","bundle_min_size":"","bundle_max_size":"","bundle_price":[],"bundled_items":[],"bundle_sell_ids":[],"yoast_head":"<!-- This site is optimized with the Yoast SEO plugin v27.3 - https:\/\/yoast.com\/product\/yoast-seo-wordpress\/ -->\n<title>Sand Away - Florian Horsefood<\/title>\n<meta name=\"robots\" content=\"index, follow, max-snippet:-1, max-image-preview:large, max-video-preview:-1\" \/>\n<link rel=\"canonical\" href=\"https:\/\/florianhorsefood.nl\/de\/produkt\/sand-away\/\" \/>\n<meta property=\"og:locale\" content=\"de_DE\" \/>\n<meta property=\"og:type\" content=\"article\" \/>\n<meta property=\"og:title\" content=\"Sand Away - Florian Horsefood\" \/>\n<meta property=\"og:description\" content=\"Duval Sand Away wurde speziell entwickelt, um Sand aus dem Darm des Pferdes zu entfernen. Der Hauptwirkstoff in Sand Away ist Flohsamen. Psyllium hat die F\u00e4higkeit, viel Wasser zu binden [&hellip;]\" \/>\n<meta property=\"og:url\" content=\"https:\/\/florianhorsefood.nl\/de\/produkt\/sand-away\/\" \/>\n<meta property=\"og:site_name\" content=\"Florian Horsefood\" \/>\n<meta property=\"article:modified_time\" content=\"2026-03-24T19:52:09+00:00\" \/>\n<meta property=\"og:image\" content=\"https:\/\/florianhorsefood.nl\/wp-content\/uploads\/2024\/08\/Sand-Away-Dec24.png\" \/>\n\t<meta property=\"og:image:width\" content=\"1080\" \/>\n\t<meta property=\"og:image:height\" content=\"1080\" \/>\n\t<meta property=\"og:image:type\" content=\"image\/png\" \/>\n<meta name=\"twitter:card\" content=\"summary_large_image\" \/>\n<meta name=\"twitter:label1\" content=\"Gesch\u00e4tzte Lesezeit\" \/>\n\t<meta name=\"twitter:data1\" content=\"1\u00a0Minute\" \/>\n<script type=\"application\/ld+json\" class=\"yoast-schema-graph\">{\"@context\":\"https:\\\/\\\/schema.org\",\"@graph\":[{\"@type\":\"WebPage\",\"@id\":\"https:\\\/\\\/florianhorsefood.nl\\\/de\\\/produkt\\\/sand-away\\\/\",\"url\":\"https:\\\/\\\/florianhorsefood.nl\\\/de\\\/produkt\\\/sand-away\\\/\",\"name\":\"Sand Away - Florian Horsefood\",\"isPartOf\":{\"@id\":\"https:\\\/\\\/florianhorsefood.nl\\\/de\\\/#website\"},\"primaryImageOfPage\":{\"@id\":\"https:\\\/\\\/florianhorsefood.nl\\\/de\\\/produkt\\\/sand-away\\\/#primaryimage\"},\"image\":{\"@id\":\"https:\\\/\\\/florianhorsefood.nl\\\/de\\\/produkt\\\/sand-away\\\/#primaryimage\"},\"thumbnailUrl\":\"https:\\\/\\\/florianhorsefood.nl\\\/wp-content\\\/uploads\\\/2024\\\/08\\\/Sand-Away-Dec24.png\",\"datePublished\":\"2024-08-09T08:50:29+00:00\",\"dateModified\":\"2026-03-24T19:52:09+00:00\",\"breadcrumb\":{\"@id\":\"https:\\\/\\\/florianhorsefood.nl\\\/de\\\/produkt\\\/sand-away\\\/#breadcrumb\"},\"inLanguage\":\"de\",\"potentialAction\":[{\"@type\":\"ReadAction\",\"target\":[\"https:\\\/\\\/florianhorsefood.nl\\\/de\\\/produkt\\\/sand-away\\\/\"]}]},{\"@type\":\"ImageObject\",\"inLanguage\":\"de\",\"@id\":\"https:\\\/\\\/florianhorsefood.nl\\\/de\\\/produkt\\\/sand-away\\\/#primaryimage\",\"url\":\"https:\\\/\\\/florianhorsefood.nl\\\/wp-content\\\/uploads\\\/2024\\\/08\\\/Sand-Away-Dec24.png\",\"contentUrl\":\"https:\\\/\\\/florianhorsefood.nl\\\/wp-content\\\/uploads\\\/2024\\\/08\\\/Sand-Away-Dec24.png\",\"width\":1080,\"height\":1080},{\"@type\":\"BreadcrumbList\",\"@id\":\"https:\\\/\\\/florianhorsefood.nl\\\/de\\\/produkt\\\/sand-away\\\/#breadcrumb\",\"itemListElement\":[{\"@type\":\"ListItem\",\"position\":1,\"name\":\"Startseite\",\"item\":\"https:\\\/\\\/florianhorsefood.nl\\\/de\\\/startseite\\\/\"},{\"@type\":\"ListItem\",\"position\":2,\"name\":\"Shop\",\"item\":\"https:\\\/\\\/florianhorsefood.nl\\\/shop\\\/\"},{\"@type\":\"ListItem\",\"position\":3,\"name\":\"Sand Away\"}]},{\"@type\":\"WebSite\",\"@id\":\"https:\\\/\\\/florianhorsefood.nl\\\/de\\\/#website\",\"url\":\"https:\\\/\\\/florianhorsefood.nl\\\/de\\\/\",\"name\":\"Florian Horsefood\",\"description\":\"Back to Basic &amp; Health Protection!\",\"publisher\":{\"@id\":\"https:\\\/\\\/florianhorsefood.nl\\\/de\\\/#organization\"},\"potentialAction\":[{\"@type\":\"SearchAction\",\"target\":{\"@type\":\"EntryPoint\",\"urlTemplate\":\"https:\\\/\\\/florianhorsefood.nl\\\/de\\\/?s={search_term_string}\"},\"query-input\":{\"@type\":\"PropertyValueSpecification\",\"valueRequired\":true,\"valueName\":\"search_term_string\"}}],\"inLanguage\":\"de\"},{\"@type\":\"Organization\",\"@id\":\"https:\\\/\\\/florianhorsefood.nl\\\/de\\\/#organization\",\"name\":\"Florian Pferdefutter\",\"url\":\"https:\\\/\\\/florianhorsefood.nl\\\/de\\\/\",\"logo\":{\"@type\":\"ImageObject\",\"inLanguage\":\"de\",\"@id\":\"https:\\\/\\\/florianhorsefood.nl\\\/de\\\/#\\\/schema\\\/logo\\\/image\\\/\",\"url\":\"https:\\\/\\\/florianhorsefood.nl\\\/wp-content\\\/uploads\\\/2020\\\/02\\\/Florian_Horsefood_liggend_RGB.png\",\"contentUrl\":\"https:\\\/\\\/florianhorsefood.nl\\\/wp-content\\\/uploads\\\/2020\\\/02\\\/Florian_Horsefood_liggend_RGB.png\",\"width\":1044,\"height\":393,\"caption\":\"Florian Pferdefutter\"},\"image\":{\"@id\":\"https:\\\/\\\/florianhorsefood.nl\\\/de\\\/#\\\/schema\\\/logo\\\/image\\\/\"},\"sameAs\":[\"https:\\\/\\\/www.linkedin.com\\\/company\\\/florian-horsefood\\\/about\\\/\"]}]}<\/script>\n<!-- \/ Yoast SEO plugin. -->","yoast_head_json":{"title":"Sand Away - Florian Horsefood","robots":{"index":"index","follow":"follow","max-snippet":"max-snippet:-1","max-image-preview":"max-image-preview:large","max-video-preview":"max-video-preview:-1"},"canonical":"https:\/\/florianhorsefood.nl\/de\/produkt\/sand-away\/","og_locale":"de_DE","og_type":"article","og_title":"Sand Away - Florian Horsefood","og_description":"Duval Sand Away wurde speziell entwickelt, um Sand aus dem Darm des Pferdes zu entfernen. Der Hauptwirkstoff in Sand Away ist Flohsamen. Psyllium hat die F\u00e4higkeit, viel Wasser zu binden [&hellip;]","og_url":"https:\/\/florianhorsefood.nl\/de\/produkt\/sand-away\/","og_site_name":"Florian Horsefood","article_modified_time":"2026-03-24T19:52:09+00:00","og_image":[{"width":1080,"height":1080,"url":"https:\/\/florianhorsefood.nl\/wp-content\/uploads\/2024\/08\/Sand-Away-Dec24.png","type":"image\/png"}],"twitter_card":"summary_large_image","twitter_misc":{"Gesch\u00e4tzte Lesezeit":"1\u00a0Minute"},"schema":{"@context":"https:\/\/schema.org","@graph":[{"@type":"WebPage","@id":"https:\/\/florianhorsefood.nl\/de\/produkt\/sand-away\/","url":"https:\/\/florianhorsefood.nl\/de\/produkt\/sand-away\/","name":"Sand Away - Florian Horsefood","isPartOf":{"@id":"https:\/\/florianhorsefood.nl\/de\/#website"},"primaryImageOfPage":{"@id":"https:\/\/florianhorsefood.nl\/de\/produkt\/sand-away\/#primaryimage"},"image":{"@id":"https:\/\/florianhorsefood.nl\/de\/produkt\/sand-away\/#primaryimage"},"thumbnailUrl":"https:\/\/florianhorsefood.nl\/wp-content\/uploads\/2024\/08\/Sand-Away-Dec24.png","datePublished":"2024-08-09T08:50:29+00:00","dateModified":"2026-03-24T19:52:09+00:00","breadcrumb":{"@id":"https:\/\/florianhorsefood.nl\/de\/produkt\/sand-away\/#breadcrumb"},"inLanguage":"de","potentialAction":[{"@type":"ReadAction","target":["https:\/\/florianhorsefood.nl\/de\/produkt\/sand-away\/"]}]},{"@type":"ImageObject","inLanguage":"de","@id":"https:\/\/florianhorsefood.nl\/de\/produkt\/sand-away\/#primaryimage","url":"https:\/\/florianhorsefood.nl\/wp-content\/uploads\/2024\/08\/Sand-Away-Dec24.png","contentUrl":"https:\/\/florianhorsefood.nl\/wp-content\/uploads\/2024\/08\/Sand-Away-Dec24.png","width":1080,"height":1080},{"@type":"BreadcrumbList","@id":"https:\/\/florianhorsefood.nl\/de\/produkt\/sand-away\/#breadcrumb","itemListElement":[{"@type":"ListItem","position":1,"name":"Startseite","item":"https:\/\/florianhorsefood.nl\/de\/startseite\/"},{"@type":"ListItem","position":2,"name":"Shop","item":"https:\/\/florianhorsefood.nl\/shop\/"},{"@type":"ListItem","position":3,"name":"Sand Away"}]},{"@type":"WebSite","@id":"https:\/\/florianhorsefood.nl\/de\/#website","url":"https:\/\/florianhorsefood.nl\/de\/","name":"Florian Horsefood","description":"Back to Basic &amp; Health Protection!","publisher":{"@id":"https:\/\/florianhorsefood.nl\/de\/#organization"},"potentialAction":[{"@type":"SearchAction","target":{"@type":"EntryPoint","urlTemplate":"https:\/\/florianhorsefood.nl\/de\/?s={search_term_string}"},"query-input":{"@type":"PropertyValueSpecification","valueRequired":true,"valueName":"search_term_string"}}],"inLanguage":"de"},{"@type":"Organization","@id":"https:\/\/florianhorsefood.nl\/de\/#organization","name":"Florian Pferdefutter","url":"https:\/\/florianhorsefood.nl\/de\/","logo":{"@type":"ImageObject","inLanguage":"de","@id":"https:\/\/florianhorsefood.nl\/de\/#\/schema\/logo\/image\/","url":"https:\/\/florianhorsefood.nl\/wp-content\/uploads\/2020\/02\/Florian_Horsefood_liggend_RGB.png","contentUrl":"https:\/\/florianhorsefood.nl\/wp-content\/uploads\/2020\/02\/Florian_Horsefood_liggend_RGB.png","width":1044,"height":393,"caption":"Florian Pferdefutter"},"image":{"@id":"https:\/\/florianhorsefood.nl\/de\/#\/schema\/logo\/image\/"},"sameAs":["https:\/\/www.linkedin.com\/company\/florian-horsefood\/about\/"]}]}},"_links":{"self":[{"href":"https:\/\/florianhorsefood.nl\/de\/wp-json\/wp\/v2\/product\/16379","targetHints":{"allow":["GET"]}}],"collection":[{"href":"https:\/\/florianhorsefood.nl\/de\/wp-json\/wp\/v2\/product"}],"about":[{"href":"https:\/\/florianhorsefood.nl\/de\/wp-json\/wp\/v2\/types\/product"}],"wp:featuredmedia":[{"embeddable":true,"href":"https:\/\/florianhorsefood.nl\/de\/wp-json\/wp\/v2\/media\/15924"}],"wp:attachment":[{"href":"https:\/\/florianhorsefood.nl\/de\/wp-json\/wp\/v2\/media?parent=16379"}],"wp:term":[{"taxonomy":"product_brand","embeddable":true,"href":"https:\/\/florianhorsefood.nl\/de\/wp-json\/wp\/v2\/product_brand?post=16379"},{"taxonomy":"product_cat","embeddable":true,"href":"https:\/\/florianhorsefood.nl\/de\/wp-json\/wp\/v2\/product_cat?post=16379"},{"taxonomy":"product_tag","embeddable":true,"href":"https:\/\/florianhorsefood.nl\/de\/wp-json\/wp\/v2\/product_tag?post=16379"}],"curies":[{"name":"wp","href":"https:\/\/api.w.org\/{rel}","templated":true}]}}