{"id":16380,"date":"2024-08-09T11:07:55","date_gmt":"2024-08-09T09:07:55","guid":{"rendered":"https:\/\/florianhorsefood.nl\/product\/frysianische-macht\/"},"modified":"2026-03-24T20:52:06","modified_gmt":"2026-03-24T19:52:06","slug":"frysianische-macht","status":"publish","type":"product","link":"https:\/\/florianhorsefood.nl\/de\/produkt\/frysianische-macht\/","title":{"rendered":"Frysianische Macht"},"content":{"rendered":"<p><strong>Duval Frysian Power ist speziell f\u00fcr alle Kaltblutrassen wie z.B. Friesen und Haflinger geeignet.<\/strong><\/p>\n<h3>Eigenschaften<\/h3>\n<ul>\n<li>Gut f\u00fcr die allgemeine Fitness und Widerstandskraft (viele Vitamine, Mineralien und Omega-3-S\u00e4uren.<\/li>\n<li>F\u00f6rdert den Muskelaufbau (hochabsorbierbare Pflanzenproteine mit allen essentiellen Aminos\u00e4uren)<\/li>\n<li>Gut f\u00fcr ein gl\u00e4nzendes und farbintensives Fell<\/li>\n<li>Gut f\u00fcr Wachstum und Qualit\u00e4t der Hufe<\/li>\n<li>Geeignet f\u00fcr Pferde mit Hautproblemen (enth\u00e4lt Zellaufbaustoffe aus Chlorella. MSM speziell f\u00fcr Haut und Hufstruktur. Fetts\u00e4uren aus Algen\u00f6l wirken sich auch positiv auf das Fell aus)<\/li>\n<li>Gut f\u00fcr die Fruchtbarkeit (um die Fruchtbarkeit zu verbessern, erh\u00f6hen Sie die Dosis auf 30 g pro 100 kg K\u00f6rpergewicht)<\/li>\n<li>Positive Wirkung auf den Stoffwechsel und die Verdauungsfunktion.<\/li>\n<\/ul>\n","protected":false},"excerpt":{"rendered":"<p>Duval Frysian Power ist speziell f\u00fcr alle Kaltblutrassen wie z.B. Friesen und Haflinger geeignet. Eigenschaften Gut f\u00fcr die allgemeine Fitness und Widerstandskraft (viele Vitamine, Mineralien und Omega-3-S\u00e4uren. F\u00f6rdert den Muskelaufbau [&hellip;]<\/p>\n","protected":false},"featured_media":14282,"template":"","meta":[],"product_brand":[],"product_cat":[407,213],"product_tag":[214,235],"class_list":{"0":"post-16380","1":"product","2":"type-product","3":"status-publish","4":"has-post-thumbnail","6":"product_cat-duval-de","7":"product_cat-erganzungen","8":"product_tag-duval-de","9":"product_tag-eimer","11":"first","12":"instock","13":"taxable","14":"shipping-taxable","15":"purchasable","16":"product-type-simple"},"bundled_by":[],"bundle_stock_status":"instock","bundle_stock_quantity":null,"bundle_virtual":false,"bundle_layout":"","bundle_add_to_cart_form_location":"","bundle_editable_in_cart":false,"bundle_sold_individually_context":"","bundle_item_grouping":"","bundle_min_size":"","bundle_max_size":"","bundle_price":[],"bundled_items":[],"bundle_sell_ids":[],"yoast_head":"<!-- This site is optimized with the Yoast SEO plugin v27.3 - https:\/\/yoast.com\/product\/yoast-seo-wordpress\/ -->\n<title>Frysianische Macht - Florian Horsefood<\/title>\n<meta name=\"robots\" content=\"index, follow, max-snippet:-1, max-image-preview:large, max-video-preview:-1\" \/>\n<link rel=\"canonical\" href=\"https:\/\/florianhorsefood.nl\/de\/produkt\/frysianische-macht\/\" \/>\n<meta property=\"og:locale\" content=\"de_DE\" \/>\n<meta property=\"og:type\" content=\"article\" \/>\n<meta property=\"og:title\" content=\"Frysianische Macht - Florian Horsefood\" \/>\n<meta property=\"og:description\" content=\"Duval Frysian Power ist speziell f\u00fcr alle Kaltblutrassen wie z.B. Friesen und Haflinger geeignet. Eigenschaften Gut f\u00fcr die allgemeine Fitness und Widerstandskraft (viele Vitamine, Mineralien und Omega-3-S\u00e4uren. F\u00f6rdert den Muskelaufbau [&hellip;]\" \/>\n<meta property=\"og:url\" content=\"https:\/\/florianhorsefood.nl\/de\/produkt\/frysianische-macht\/\" \/>\n<meta property=\"og:site_name\" content=\"Florian Horsefood\" \/>\n<meta property=\"article:modified_time\" content=\"2026-03-24T19:52:06+00:00\" \/>\n<meta property=\"og:image\" content=\"https:\/\/florianhorsefood.nl\/wp-content\/uploads\/2024\/08\/Duval-Frysian-Power.png\" \/>\n\t<meta property=\"og:image:width\" content=\"500\" \/>\n\t<meta property=\"og:image:height\" content=\"500\" \/>\n\t<meta property=\"og:image:type\" content=\"image\/png\" \/>\n<meta name=\"twitter:card\" content=\"summary_large_image\" \/>\n<meta name=\"twitter:label1\" content=\"Gesch\u00e4tzte Lesezeit\" \/>\n\t<meta name=\"twitter:data1\" content=\"1\u00a0Minute\" \/>\n<script type=\"application\/ld+json\" class=\"yoast-schema-graph\">{\"@context\":\"https:\\\/\\\/schema.org\",\"@graph\":[{\"@type\":\"WebPage\",\"@id\":\"https:\\\/\\\/florianhorsefood.nl\\\/de\\\/produkt\\\/frysianische-macht\\\/\",\"url\":\"https:\\\/\\\/florianhorsefood.nl\\\/de\\\/produkt\\\/frysianische-macht\\\/\",\"name\":\"Frysianische Macht - Florian Horsefood\",\"isPartOf\":{\"@id\":\"https:\\\/\\\/florianhorsefood.nl\\\/de\\\/#website\"},\"primaryImageOfPage\":{\"@id\":\"https:\\\/\\\/florianhorsefood.nl\\\/de\\\/produkt\\\/frysianische-macht\\\/#primaryimage\"},\"image\":{\"@id\":\"https:\\\/\\\/florianhorsefood.nl\\\/de\\\/produkt\\\/frysianische-macht\\\/#primaryimage\"},\"thumbnailUrl\":\"https:\\\/\\\/florianhorsefood.nl\\\/wp-content\\\/uploads\\\/2024\\\/08\\\/Duval-Frysian-Power.png\",\"datePublished\":\"2024-08-09T09:07:55+00:00\",\"dateModified\":\"2026-03-24T19:52:06+00:00\",\"breadcrumb\":{\"@id\":\"https:\\\/\\\/florianhorsefood.nl\\\/de\\\/produkt\\\/frysianische-macht\\\/#breadcrumb\"},\"inLanguage\":\"de\",\"potentialAction\":[{\"@type\":\"ReadAction\",\"target\":[\"https:\\\/\\\/florianhorsefood.nl\\\/de\\\/produkt\\\/frysianische-macht\\\/\"]}]},{\"@type\":\"ImageObject\",\"inLanguage\":\"de\",\"@id\":\"https:\\\/\\\/florianhorsefood.nl\\\/de\\\/produkt\\\/frysianische-macht\\\/#primaryimage\",\"url\":\"https:\\\/\\\/florianhorsefood.nl\\\/wp-content\\\/uploads\\\/2024\\\/08\\\/Duval-Frysian-Power.png\",\"contentUrl\":\"https:\\\/\\\/florianhorsefood.nl\\\/wp-content\\\/uploads\\\/2024\\\/08\\\/Duval-Frysian-Power.png\",\"width\":500,\"height\":500},{\"@type\":\"BreadcrumbList\",\"@id\":\"https:\\\/\\\/florianhorsefood.nl\\\/de\\\/produkt\\\/frysianische-macht\\\/#breadcrumb\",\"itemListElement\":[{\"@type\":\"ListItem\",\"position\":1,\"name\":\"Startseite\",\"item\":\"https:\\\/\\\/florianhorsefood.nl\\\/de\\\/startseite\\\/\"},{\"@type\":\"ListItem\",\"position\":2,\"name\":\"Shop\",\"item\":\"https:\\\/\\\/florianhorsefood.nl\\\/shop\\\/\"},{\"@type\":\"ListItem\",\"position\":3,\"name\":\"Frysianische Macht\"}]},{\"@type\":\"WebSite\",\"@id\":\"https:\\\/\\\/florianhorsefood.nl\\\/de\\\/#website\",\"url\":\"https:\\\/\\\/florianhorsefood.nl\\\/de\\\/\",\"name\":\"Florian Horsefood\",\"description\":\"Back to Basic &amp; Health Protection!\",\"publisher\":{\"@id\":\"https:\\\/\\\/florianhorsefood.nl\\\/de\\\/#organization\"},\"potentialAction\":[{\"@type\":\"SearchAction\",\"target\":{\"@type\":\"EntryPoint\",\"urlTemplate\":\"https:\\\/\\\/florianhorsefood.nl\\\/de\\\/?s={search_term_string}\"},\"query-input\":{\"@type\":\"PropertyValueSpecification\",\"valueRequired\":true,\"valueName\":\"search_term_string\"}}],\"inLanguage\":\"de\"},{\"@type\":\"Organization\",\"@id\":\"https:\\\/\\\/florianhorsefood.nl\\\/de\\\/#organization\",\"name\":\"Florian Pferdefutter\",\"url\":\"https:\\\/\\\/florianhorsefood.nl\\\/de\\\/\",\"logo\":{\"@type\":\"ImageObject\",\"inLanguage\":\"de\",\"@id\":\"https:\\\/\\\/florianhorsefood.nl\\\/de\\\/#\\\/schema\\\/logo\\\/image\\\/\",\"url\":\"https:\\\/\\\/florianhorsefood.nl\\\/wp-content\\\/uploads\\\/2020\\\/02\\\/Florian_Horsefood_liggend_RGB.png\",\"contentUrl\":\"https:\\\/\\\/florianhorsefood.nl\\\/wp-content\\\/uploads\\\/2020\\\/02\\\/Florian_Horsefood_liggend_RGB.png\",\"width\":1044,\"height\":393,\"caption\":\"Florian Pferdefutter\"},\"image\":{\"@id\":\"https:\\\/\\\/florianhorsefood.nl\\\/de\\\/#\\\/schema\\\/logo\\\/image\\\/\"},\"sameAs\":[\"https:\\\/\\\/www.linkedin.com\\\/company\\\/florian-horsefood\\\/about\\\/\"]}]}<\/script>\n<!-- \/ Yoast SEO plugin. -->","yoast_head_json":{"title":"Frysianische Macht - Florian Horsefood","robots":{"index":"index","follow":"follow","max-snippet":"max-snippet:-1","max-image-preview":"max-image-preview:large","max-video-preview":"max-video-preview:-1"},"canonical":"https:\/\/florianhorsefood.nl\/de\/produkt\/frysianische-macht\/","og_locale":"de_DE","og_type":"article","og_title":"Frysianische Macht - Florian Horsefood","og_description":"Duval Frysian Power ist speziell f\u00fcr alle Kaltblutrassen wie z.B. Friesen und Haflinger geeignet. Eigenschaften Gut f\u00fcr die allgemeine Fitness und Widerstandskraft (viele Vitamine, Mineralien und Omega-3-S\u00e4uren. F\u00f6rdert den Muskelaufbau [&hellip;]","og_url":"https:\/\/florianhorsefood.nl\/de\/produkt\/frysianische-macht\/","og_site_name":"Florian Horsefood","article_modified_time":"2026-03-24T19:52:06+00:00","og_image":[{"width":500,"height":500,"url":"https:\/\/florianhorsefood.nl\/wp-content\/uploads\/2024\/08\/Duval-Frysian-Power.png","type":"image\/png"}],"twitter_card":"summary_large_image","twitter_misc":{"Gesch\u00e4tzte Lesezeit":"1\u00a0Minute"},"schema":{"@context":"https:\/\/schema.org","@graph":[{"@type":"WebPage","@id":"https:\/\/florianhorsefood.nl\/de\/produkt\/frysianische-macht\/","url":"https:\/\/florianhorsefood.nl\/de\/produkt\/frysianische-macht\/","name":"Frysianische Macht - Florian Horsefood","isPartOf":{"@id":"https:\/\/florianhorsefood.nl\/de\/#website"},"primaryImageOfPage":{"@id":"https:\/\/florianhorsefood.nl\/de\/produkt\/frysianische-macht\/#primaryimage"},"image":{"@id":"https:\/\/florianhorsefood.nl\/de\/produkt\/frysianische-macht\/#primaryimage"},"thumbnailUrl":"https:\/\/florianhorsefood.nl\/wp-content\/uploads\/2024\/08\/Duval-Frysian-Power.png","datePublished":"2024-08-09T09:07:55+00:00","dateModified":"2026-03-24T19:52:06+00:00","breadcrumb":{"@id":"https:\/\/florianhorsefood.nl\/de\/produkt\/frysianische-macht\/#breadcrumb"},"inLanguage":"de","potentialAction":[{"@type":"ReadAction","target":["https:\/\/florianhorsefood.nl\/de\/produkt\/frysianische-macht\/"]}]},{"@type":"ImageObject","inLanguage":"de","@id":"https:\/\/florianhorsefood.nl\/de\/produkt\/frysianische-macht\/#primaryimage","url":"https:\/\/florianhorsefood.nl\/wp-content\/uploads\/2024\/08\/Duval-Frysian-Power.png","contentUrl":"https:\/\/florianhorsefood.nl\/wp-content\/uploads\/2024\/08\/Duval-Frysian-Power.png","width":500,"height":500},{"@type":"BreadcrumbList","@id":"https:\/\/florianhorsefood.nl\/de\/produkt\/frysianische-macht\/#breadcrumb","itemListElement":[{"@type":"ListItem","position":1,"name":"Startseite","item":"https:\/\/florianhorsefood.nl\/de\/startseite\/"},{"@type":"ListItem","position":2,"name":"Shop","item":"https:\/\/florianhorsefood.nl\/shop\/"},{"@type":"ListItem","position":3,"name":"Frysianische Macht"}]},{"@type":"WebSite","@id":"https:\/\/florianhorsefood.nl\/de\/#website","url":"https:\/\/florianhorsefood.nl\/de\/","name":"Florian Horsefood","description":"Back to Basic &amp; Health Protection!","publisher":{"@id":"https:\/\/florianhorsefood.nl\/de\/#organization"},"potentialAction":[{"@type":"SearchAction","target":{"@type":"EntryPoint","urlTemplate":"https:\/\/florianhorsefood.nl\/de\/?s={search_term_string}"},"query-input":{"@type":"PropertyValueSpecification","valueRequired":true,"valueName":"search_term_string"}}],"inLanguage":"de"},{"@type":"Organization","@id":"https:\/\/florianhorsefood.nl\/de\/#organization","name":"Florian Pferdefutter","url":"https:\/\/florianhorsefood.nl\/de\/","logo":{"@type":"ImageObject","inLanguage":"de","@id":"https:\/\/florianhorsefood.nl\/de\/#\/schema\/logo\/image\/","url":"https:\/\/florianhorsefood.nl\/wp-content\/uploads\/2020\/02\/Florian_Horsefood_liggend_RGB.png","contentUrl":"https:\/\/florianhorsefood.nl\/wp-content\/uploads\/2020\/02\/Florian_Horsefood_liggend_RGB.png","width":1044,"height":393,"caption":"Florian Pferdefutter"},"image":{"@id":"https:\/\/florianhorsefood.nl\/de\/#\/schema\/logo\/image\/"},"sameAs":["https:\/\/www.linkedin.com\/company\/florian-horsefood\/about\/"]}]}},"_links":{"self":[{"href":"https:\/\/florianhorsefood.nl\/de\/wp-json\/wp\/v2\/product\/16380","targetHints":{"allow":["GET"]}}],"collection":[{"href":"https:\/\/florianhorsefood.nl\/de\/wp-json\/wp\/v2\/product"}],"about":[{"href":"https:\/\/florianhorsefood.nl\/de\/wp-json\/wp\/v2\/types\/product"}],"wp:featuredmedia":[{"embeddable":true,"href":"https:\/\/florianhorsefood.nl\/de\/wp-json\/wp\/v2\/media\/14282"}],"wp:attachment":[{"href":"https:\/\/florianhorsefood.nl\/de\/wp-json\/wp\/v2\/media?parent=16380"}],"wp:term":[{"taxonomy":"product_brand","embeddable":true,"href":"https:\/\/florianhorsefood.nl\/de\/wp-json\/wp\/v2\/product_brand?post=16380"},{"taxonomy":"product_cat","embeddable":true,"href":"https:\/\/florianhorsefood.nl\/de\/wp-json\/wp\/v2\/product_cat?post=16380"},{"taxonomy":"product_tag","embeddable":true,"href":"https:\/\/florianhorsefood.nl\/de\/wp-json\/wp\/v2\/product_tag?post=16380"}],"curies":[{"name":"wp","href":"https:\/\/api.w.org\/{rel}","templated":true}]}}