{"id":16382,"date":"2024-08-09T11:06:22","date_gmt":"2024-08-09T09:06:22","guid":{"rendered":"https:\/\/florianhorsefood.nl\/product\/magnesium-glycinat\/"},"modified":"2026-03-24T20:52:27","modified_gmt":"2026-03-24T19:52:27","slug":"magnesium-glycinat","status":"publish","type":"product","link":"https:\/\/florianhorsefood.nl\/de\/produkt\/magnesium-glycinat\/","title":{"rendered":"Magnesium Glycinat"},"content":{"rendered":"<p><strong>Magnesium tr\u00e4gt zu mehreren Funktionen im K\u00f6rper des Pferdes bei. So hat Magnesium beispielsweise einen positiven Einfluss auf die Muskelfunktion und das Nervensystem und das Mineral ist gut f\u00fcr die Stimmung. Magnesium ist auch gut f\u00fcr die Konzentration und spielt eine Rolle bei der Erhaltung geschmeidiger Muskeln und starker Knochen.  <\/strong><\/p>\n<h3><strong>Magnesium-Glycinat?<\/strong><\/h3>\n<p>Ein h\u00e4ufig verkauftes Magnesium ist das Oxid oder Citrat. Es gibt aber auch Magnesiumglycinat. Magnesiumglycinat und Magnesiumcitrat sind beides organische Magnesiumverbindungen. Magnesiumglycinat ist an die Aminos\u00e4ure Glycin gebunden. Dadurch wird Magnesium vom K\u00f6rper als Aminos\u00e4ure angesehen und nur im D\u00fcnndarm \u00fcber Aminos\u00e4urerezeptoren aufgenommen. Diese chelatierte Form gew\u00e4hrleistet eine bessere Stabilit\u00e4t des Minerals und erh\u00f6ht seine Aufnahmef\u00e4higkeit im K\u00f6rper. Ein gro\u00dfer Vorteil von Magnesiumglycinat besteht darin, dass es nicht so schnell mit anderen Stoffen im Magen-Darm-Trakt reagiert, so dass es im Vergleich zu Magnesiumcitrat weniger Verdauungsbeschwerden wie Durchfall verursachen kann. Dar\u00fcber hinaus wird Magnesiumbisglycinat oft f\u00fcr seine F\u00e4higkeit gelobt, die Blut-Hirn-Schranke zu \u00fcberwinden, so dass es das Gehirn besser erreichen und m\u00f6glicherweise eine positive Wirkung auf die kognitiven Funktionen haben kann.       <\/p>\n<h5>Wir empfehlen die F\u00fctterung von Magnesium nicht als ganzj\u00e4hrige Muskelunterst\u00fctzung, sondern zur gelegentlichen Verwendung. Wenn das Futtermanagement in Ordnung ist und Sie ein Erg\u00e4nzungsfuttermittel wie z.B. Multipower oder Green Caviar zur Muskelunterst\u00fctzung f\u00fcttern, ist eine Magnesiumerg\u00e4nzung in der Regel nicht unmittelbar erforderlich. <\/h5>\n<h4>Dies ist zum Beispiel in den folgenden Situationen der Fall:<\/h4>\n<ul>\n<li>wenn Sie glauben, dass Ihr Pferd einen Mangel an diesem Stoff hat oder dieser bereits von einem Tierarzt diagnostiziert wurde<\/li>\n<li>wenn Ihr Pferd hart gearbeitet hat und Sie erwarten, dass Ihr Pferd oder Pony Muskelschmerzen haben k\u00f6nnte.<\/li>\n<li>Ihr Pferd leidet schnell unter (muskul\u00e4ren) Verspannungen<\/li>\n<\/ul>\n<p><strong><span style=\"color: #8bc63e;\">Inhalt:1 kg, 1,5 kg oder 2 kg<\/span><\/strong><\/p>\n","protected":false},"excerpt":{"rendered":"<p>Magnesium tr\u00e4gt zu mehreren Funktionen im K\u00f6rper des Pferdes bei. So hat Magnesium beispielsweise einen positiven Einfluss auf die Muskelfunktion und das Nervensystem und das Mineral ist gut f\u00fcr die [&hellip;]<\/p>\n","protected":false},"featured_media":12104,"template":"","meta":[],"product_brand":[],"product_cat":[400,42],"product_tag":[201,47],"class_list":{"0":"post-16382","1":"product","2":"type-product","3":"status-publish","4":"has-post-thumbnail","6":"product_cat-duval","7":"product_cat-supplementen","8":"product_tag-duval","9":"product_tag-emmers","11":"first","12":"instock","13":"taxable","14":"shipping-taxable","15":"purchasable","16":"product-type-variable","17":"has-default-attributes"},"bundled_by":[],"bundle_stock_status":"instock","bundle_stock_quantity":null,"bundle_virtual":false,"bundle_layout":"","bundle_add_to_cart_form_location":"","bundle_editable_in_cart":false,"bundle_sold_individually_context":"","bundle_item_grouping":"","bundle_min_size":"","bundle_max_size":"","bundle_price":[],"bundled_items":[],"bundle_sell_ids":[],"yoast_head":"<!-- This site is optimized with the Yoast SEO plugin v27.3 - https:\/\/yoast.com\/product\/yoast-seo-wordpress\/ -->\n<title>Magnesium Glycinat - Florian Horsefood<\/title>\n<meta name=\"robots\" content=\"index, follow, max-snippet:-1, max-image-preview:large, max-video-preview:-1\" \/>\n<link rel=\"canonical\" href=\"https:\/\/florianhorsefood.nl\/de\/produkt\/magnesium-glycinat\/\" \/>\n<meta property=\"og:locale\" content=\"de_DE\" \/>\n<meta property=\"og:type\" content=\"article\" \/>\n<meta property=\"og:title\" content=\"Magnesium Glycinat - Florian Horsefood\" \/>\n<meta property=\"og:description\" content=\"Magnesium tr\u00e4gt zu mehreren Funktionen im K\u00f6rper des Pferdes bei. So hat Magnesium beispielsweise einen positiven Einfluss auf die Muskelfunktion und das Nervensystem und das Mineral ist gut f\u00fcr die [&hellip;]\" \/>\n<meta property=\"og:url\" content=\"https:\/\/florianhorsefood.nl\/de\/produkt\/magnesium-glycinat\/\" \/>\n<meta property=\"og:site_name\" content=\"Florian Horsefood\" \/>\n<meta property=\"article:modified_time\" content=\"2026-03-24T19:52:27+00:00\" \/>\n<meta property=\"og:image\" content=\"https:\/\/florianhorsefood.nl\/wp-content\/uploads\/2024\/08\/Magnesium-Glycinaat.png\" \/>\n\t<meta property=\"og:image:width\" content=\"1080\" \/>\n\t<meta property=\"og:image:height\" content=\"1080\" \/>\n\t<meta property=\"og:image:type\" content=\"image\/png\" \/>\n<meta name=\"twitter:card\" content=\"summary_large_image\" \/>\n<meta name=\"twitter:label1\" content=\"Gesch\u00e4tzte Lesezeit\" \/>\n\t<meta name=\"twitter:data1\" content=\"2\u00a0Minuten\" \/>\n<script type=\"application\/ld+json\" class=\"yoast-schema-graph\">{\"@context\":\"https:\\\/\\\/schema.org\",\"@graph\":[{\"@type\":\"WebPage\",\"@id\":\"https:\\\/\\\/florianhorsefood.nl\\\/de\\\/produkt\\\/magnesium-glycinat\\\/\",\"url\":\"https:\\\/\\\/florianhorsefood.nl\\\/de\\\/produkt\\\/magnesium-glycinat\\\/\",\"name\":\"Magnesium Glycinat - Florian Horsefood\",\"isPartOf\":{\"@id\":\"https:\\\/\\\/florianhorsefood.nl\\\/de\\\/#website\"},\"primaryImageOfPage\":{\"@id\":\"https:\\\/\\\/florianhorsefood.nl\\\/de\\\/produkt\\\/magnesium-glycinat\\\/#primaryimage\"},\"image\":{\"@id\":\"https:\\\/\\\/florianhorsefood.nl\\\/de\\\/produkt\\\/magnesium-glycinat\\\/#primaryimage\"},\"thumbnailUrl\":\"https:\\\/\\\/florianhorsefood.nl\\\/wp-content\\\/uploads\\\/2024\\\/08\\\/Magnesium-Glycinaat.png\",\"datePublished\":\"2024-08-09T09:06:22+00:00\",\"dateModified\":\"2026-03-24T19:52:27+00:00\",\"breadcrumb\":{\"@id\":\"https:\\\/\\\/florianhorsefood.nl\\\/de\\\/produkt\\\/magnesium-glycinat\\\/#breadcrumb\"},\"inLanguage\":\"de\",\"potentialAction\":[{\"@type\":\"ReadAction\",\"target\":[\"https:\\\/\\\/florianhorsefood.nl\\\/de\\\/produkt\\\/magnesium-glycinat\\\/\"]}]},{\"@type\":\"ImageObject\",\"inLanguage\":\"de\",\"@id\":\"https:\\\/\\\/florianhorsefood.nl\\\/de\\\/produkt\\\/magnesium-glycinat\\\/#primaryimage\",\"url\":\"https:\\\/\\\/florianhorsefood.nl\\\/wp-content\\\/uploads\\\/2024\\\/08\\\/Magnesium-Glycinaat.png\",\"contentUrl\":\"https:\\\/\\\/florianhorsefood.nl\\\/wp-content\\\/uploads\\\/2024\\\/08\\\/Magnesium-Glycinaat.png\",\"width\":1080,\"height\":1080},{\"@type\":\"BreadcrumbList\",\"@id\":\"https:\\\/\\\/florianhorsefood.nl\\\/de\\\/produkt\\\/magnesium-glycinat\\\/#breadcrumb\",\"itemListElement\":[{\"@type\":\"ListItem\",\"position\":1,\"name\":\"Startseite\",\"item\":\"https:\\\/\\\/florianhorsefood.nl\\\/de\\\/startseite\\\/\"},{\"@type\":\"ListItem\",\"position\":2,\"name\":\"Shop\",\"item\":\"https:\\\/\\\/florianhorsefood.nl\\\/shop\\\/\"},{\"@type\":\"ListItem\",\"position\":3,\"name\":\"Magnesium Glycinat\"}]},{\"@type\":\"WebSite\",\"@id\":\"https:\\\/\\\/florianhorsefood.nl\\\/de\\\/#website\",\"url\":\"https:\\\/\\\/florianhorsefood.nl\\\/de\\\/\",\"name\":\"Florian Horsefood\",\"description\":\"Back to Basic &amp; Health Protection!\",\"publisher\":{\"@id\":\"https:\\\/\\\/florianhorsefood.nl\\\/de\\\/#organization\"},\"potentialAction\":[{\"@type\":\"SearchAction\",\"target\":{\"@type\":\"EntryPoint\",\"urlTemplate\":\"https:\\\/\\\/florianhorsefood.nl\\\/de\\\/?s={search_term_string}\"},\"query-input\":{\"@type\":\"PropertyValueSpecification\",\"valueRequired\":true,\"valueName\":\"search_term_string\"}}],\"inLanguage\":\"de\"},{\"@type\":\"Organization\",\"@id\":\"https:\\\/\\\/florianhorsefood.nl\\\/de\\\/#organization\",\"name\":\"Florian Pferdefutter\",\"url\":\"https:\\\/\\\/florianhorsefood.nl\\\/de\\\/\",\"logo\":{\"@type\":\"ImageObject\",\"inLanguage\":\"de\",\"@id\":\"https:\\\/\\\/florianhorsefood.nl\\\/de\\\/#\\\/schema\\\/logo\\\/image\\\/\",\"url\":\"https:\\\/\\\/florianhorsefood.nl\\\/wp-content\\\/uploads\\\/2020\\\/02\\\/Florian_Horsefood_liggend_RGB.png\",\"contentUrl\":\"https:\\\/\\\/florianhorsefood.nl\\\/wp-content\\\/uploads\\\/2020\\\/02\\\/Florian_Horsefood_liggend_RGB.png\",\"width\":1044,\"height\":393,\"caption\":\"Florian Pferdefutter\"},\"image\":{\"@id\":\"https:\\\/\\\/florianhorsefood.nl\\\/de\\\/#\\\/schema\\\/logo\\\/image\\\/\"},\"sameAs\":[\"https:\\\/\\\/www.linkedin.com\\\/company\\\/florian-horsefood\\\/about\\\/\"]}]}<\/script>\n<!-- \/ Yoast SEO plugin. -->","yoast_head_json":{"title":"Magnesium Glycinat - Florian Horsefood","robots":{"index":"index","follow":"follow","max-snippet":"max-snippet:-1","max-image-preview":"max-image-preview:large","max-video-preview":"max-video-preview:-1"},"canonical":"https:\/\/florianhorsefood.nl\/de\/produkt\/magnesium-glycinat\/","og_locale":"de_DE","og_type":"article","og_title":"Magnesium Glycinat - Florian Horsefood","og_description":"Magnesium tr\u00e4gt zu mehreren Funktionen im K\u00f6rper des Pferdes bei. So hat Magnesium beispielsweise einen positiven Einfluss auf die Muskelfunktion und das Nervensystem und das Mineral ist gut f\u00fcr die [&hellip;]","og_url":"https:\/\/florianhorsefood.nl\/de\/produkt\/magnesium-glycinat\/","og_site_name":"Florian Horsefood","article_modified_time":"2026-03-24T19:52:27+00:00","og_image":[{"width":1080,"height":1080,"url":"https:\/\/florianhorsefood.nl\/wp-content\/uploads\/2024\/08\/Magnesium-Glycinaat.png","type":"image\/png"}],"twitter_card":"summary_large_image","twitter_misc":{"Gesch\u00e4tzte Lesezeit":"2\u00a0Minuten"},"schema":{"@context":"https:\/\/schema.org","@graph":[{"@type":"WebPage","@id":"https:\/\/florianhorsefood.nl\/de\/produkt\/magnesium-glycinat\/","url":"https:\/\/florianhorsefood.nl\/de\/produkt\/magnesium-glycinat\/","name":"Magnesium Glycinat - Florian Horsefood","isPartOf":{"@id":"https:\/\/florianhorsefood.nl\/de\/#website"},"primaryImageOfPage":{"@id":"https:\/\/florianhorsefood.nl\/de\/produkt\/magnesium-glycinat\/#primaryimage"},"image":{"@id":"https:\/\/florianhorsefood.nl\/de\/produkt\/magnesium-glycinat\/#primaryimage"},"thumbnailUrl":"https:\/\/florianhorsefood.nl\/wp-content\/uploads\/2024\/08\/Magnesium-Glycinaat.png","datePublished":"2024-08-09T09:06:22+00:00","dateModified":"2026-03-24T19:52:27+00:00","breadcrumb":{"@id":"https:\/\/florianhorsefood.nl\/de\/produkt\/magnesium-glycinat\/#breadcrumb"},"inLanguage":"de","potentialAction":[{"@type":"ReadAction","target":["https:\/\/florianhorsefood.nl\/de\/produkt\/magnesium-glycinat\/"]}]},{"@type":"ImageObject","inLanguage":"de","@id":"https:\/\/florianhorsefood.nl\/de\/produkt\/magnesium-glycinat\/#primaryimage","url":"https:\/\/florianhorsefood.nl\/wp-content\/uploads\/2024\/08\/Magnesium-Glycinaat.png","contentUrl":"https:\/\/florianhorsefood.nl\/wp-content\/uploads\/2024\/08\/Magnesium-Glycinaat.png","width":1080,"height":1080},{"@type":"BreadcrumbList","@id":"https:\/\/florianhorsefood.nl\/de\/produkt\/magnesium-glycinat\/#breadcrumb","itemListElement":[{"@type":"ListItem","position":1,"name":"Startseite","item":"https:\/\/florianhorsefood.nl\/de\/startseite\/"},{"@type":"ListItem","position":2,"name":"Shop","item":"https:\/\/florianhorsefood.nl\/shop\/"},{"@type":"ListItem","position":3,"name":"Magnesium Glycinat"}]},{"@type":"WebSite","@id":"https:\/\/florianhorsefood.nl\/de\/#website","url":"https:\/\/florianhorsefood.nl\/de\/","name":"Florian Horsefood","description":"Back to Basic &amp; Health Protection!","publisher":{"@id":"https:\/\/florianhorsefood.nl\/de\/#organization"},"potentialAction":[{"@type":"SearchAction","target":{"@type":"EntryPoint","urlTemplate":"https:\/\/florianhorsefood.nl\/de\/?s={search_term_string}"},"query-input":{"@type":"PropertyValueSpecification","valueRequired":true,"valueName":"search_term_string"}}],"inLanguage":"de"},{"@type":"Organization","@id":"https:\/\/florianhorsefood.nl\/de\/#organization","name":"Florian Pferdefutter","url":"https:\/\/florianhorsefood.nl\/de\/","logo":{"@type":"ImageObject","inLanguage":"de","@id":"https:\/\/florianhorsefood.nl\/de\/#\/schema\/logo\/image\/","url":"https:\/\/florianhorsefood.nl\/wp-content\/uploads\/2020\/02\/Florian_Horsefood_liggend_RGB.png","contentUrl":"https:\/\/florianhorsefood.nl\/wp-content\/uploads\/2020\/02\/Florian_Horsefood_liggend_RGB.png","width":1044,"height":393,"caption":"Florian Pferdefutter"},"image":{"@id":"https:\/\/florianhorsefood.nl\/de\/#\/schema\/logo\/image\/"},"sameAs":["https:\/\/www.linkedin.com\/company\/florian-horsefood\/about\/"]}]}},"_links":{"self":[{"href":"https:\/\/florianhorsefood.nl\/de\/wp-json\/wp\/v2\/product\/16382","targetHints":{"allow":["GET"]}}],"collection":[{"href":"https:\/\/florianhorsefood.nl\/de\/wp-json\/wp\/v2\/product"}],"about":[{"href":"https:\/\/florianhorsefood.nl\/de\/wp-json\/wp\/v2\/types\/product"}],"wp:featuredmedia":[{"embeddable":true,"href":"https:\/\/florianhorsefood.nl\/de\/wp-json\/wp\/v2\/media\/12104"}],"wp:attachment":[{"href":"https:\/\/florianhorsefood.nl\/de\/wp-json\/wp\/v2\/media?parent=16382"}],"wp:term":[{"taxonomy":"product_brand","embeddable":true,"href":"https:\/\/florianhorsefood.nl\/de\/wp-json\/wp\/v2\/product_brand?post=16382"},{"taxonomy":"product_cat","embeddable":true,"href":"https:\/\/florianhorsefood.nl\/de\/wp-json\/wp\/v2\/product_cat?post=16382"},{"taxonomy":"product_tag","embeddable":true,"href":"https:\/\/florianhorsefood.nl\/de\/wp-json\/wp\/v2\/product_tag?post=16382"}],"curies":[{"name":"wp","href":"https:\/\/api.w.org\/{rel}","templated":true}]}}