{"id":19780,"date":"2025-10-10T08:47:29","date_gmt":"2025-10-10T06:47:29","guid":{"rendered":"https:\/\/florianhorsefood.nl\/product\/hochwertiges-glanzspray\/"},"modified":"2025-10-10T08:47:43","modified_gmt":"2025-10-10T06:47:43","slug":"hochwertiges-glanzspray","status":"publish","type":"product","link":"https:\/\/florianhorsefood.nl\/de\/produkt\/hochwertiges-glanzspray\/","title":{"rendered":"Hochwertiges Glanzspray"},"content":{"rendered":"<p>Das Florian Horse Care High Gloss Spray ist die perfekte L\u00f6sung, wenn Ihnen die Zeit fehlt, Ihr Pferd zu waschen. Diese innovative 1-2-Minuten-Formel kombiniert Reinigung und Pflege in einem Produkt dank der einzigartigen Dirt Removal Technology (DRT), die Schmutz effektiv aufl\u00f6st. <\/p>\n<p>Nach der Anwendung verbleiben die pflegenden Inhaltsstoffe auf dem Haar, was manchmal 1-2 Tage dauert, bis die K\u00e4mmbarkeit ihre maximale Wirkung erreicht. M\u00e4hne und Schweif bleiben tagelang, sogar bis zu einer Woche, perfekt k\u00e4mmbar. Die Wet, Dry &amp; Dirty-Formel bedeutet, dass Sie das Spray f\u00fcr jedes Pferd verwenden k\u00f6nnen - gewaschen oder ungewaschen.  <\/p>\n<p>Diese superkonzentrierte Formel liefert sofortige Ergebnisse: Das Haar wird seidig weich, erh\u00e4lt 25% mehr Volumen und einen sch\u00f6nen Glanz. Gleichzeitig bietet es Schutz durch seine urin-, kot- und staubabweisenden Eigenschaften und verhindert neue Verfilzungen und Dreadlocks. F\u00fcr maximale Ergebnisse verwenden Sie das Spray in Kombination mit dem High Gloss Gel nach unserem bew\u00e4hrten Dual Care Concept.  <\/p>\n","protected":false},"excerpt":{"rendered":"<p>Innovatives 2-Minuten-Pflegespray mit Dirt Removal Technology. L\u00f6st den Schmutz und sorgt f\u00fcr wochenlanges K\u00e4mmen. Die Formel f\u00fcr nasses, trockenes und schmutziges Haar funktioniert bei jedem Pferd. Verleiht Glanz, Volumen (+25%) und verhindert Verfilzungen. Sofort nach der Anwendung k\u00e4mmbar.    <\/p>\n","protected":false},"featured_media":19779,"template":"","meta":[],"product_brand":[],"product_cat":[453,16],"product_tag":[454],"class_list":{"0":"post-19780","1":"product","2":"type-product","3":"status-publish","4":"has-post-thumbnail","6":"product_cat-horse-care","7":"product_cat-handig-in-de-stal","8":"product_tag-florian-horse-care","10":"first","11":"instock","12":"taxable","13":"shipping-taxable","14":"purchasable","15":"product-type-variable","16":"has-default-attributes"},"bundled_by":[],"bundle_stock_status":"instock","bundle_stock_quantity":null,"bundle_virtual":false,"bundle_layout":"","bundle_add_to_cart_form_location":"","bundle_editable_in_cart":false,"bundle_sold_individually_context":"","bundle_item_grouping":"","bundle_min_size":"","bundle_max_size":"","bundle_price":[],"bundled_items":[],"bundle_sell_ids":[],"yoast_head":"<!-- This site is optimized with the Yoast SEO plugin v27.3 - https:\/\/yoast.com\/product\/yoast-seo-wordpress\/ -->\n<title>Hochwertiges Glanzspray - Florian Horsefood<\/title>\n<meta name=\"description\" content=\"Florian Horse Care High Gloss Spray - Schnelle Pferdepflege mit Dirt Removal Technology. 1-2 Minuten Formel f\u00fcr wochenlanges Durchk\u00e4mmen und Glanz. Online einkaufen!\" \/>\n<meta name=\"robots\" content=\"index, follow, max-snippet:-1, max-image-preview:large, max-video-preview:-1\" \/>\n<link rel=\"canonical\" href=\"https:\/\/florianhorsefood.nl\/de\/produkt\/hochwertiges-glanzspray\/\" \/>\n<meta property=\"og:locale\" content=\"de_DE\" \/>\n<meta property=\"og:type\" content=\"article\" \/>\n<meta property=\"og:title\" content=\"Hochwertiges Glanzspray - Florian Horsefood\" \/>\n<meta property=\"og:description\" content=\"Florian Horse Care High Gloss Spray - Schnelle Pferdepflege mit Dirt Removal Technology. 1-2 Minuten Formel f\u00fcr wochenlanges Durchk\u00e4mmen und Glanz. Online einkaufen!\" \/>\n<meta property=\"og:url\" content=\"https:\/\/florianhorsefood.nl\/de\/produkt\/hochwertiges-glanzspray\/\" \/>\n<meta property=\"og:site_name\" content=\"Florian Horsefood\" \/>\n<meta property=\"article:modified_time\" content=\"2025-10-10T06:47:43+00:00\" \/>\n<meta property=\"og:image\" content=\"https:\/\/florianhorsefood.nl\/wp-content\/uploads\/2025\/10\/florian-horsecare-gloss-spray.jpg\" \/>\n\t<meta property=\"og:image:width\" content=\"2250\" \/>\n\t<meta property=\"og:image:height\" content=\"2500\" \/>\n\t<meta property=\"og:image:type\" content=\"image\/jpeg\" \/>\n<meta name=\"twitter:card\" content=\"summary_large_image\" \/>\n<meta name=\"twitter:label1\" content=\"Gesch\u00e4tzte Lesezeit\" \/>\n\t<meta name=\"twitter:data1\" content=\"1\u00a0Minute\" \/>\n<script type=\"application\/ld+json\" class=\"yoast-schema-graph\">{\"@context\":\"https:\\\/\\\/schema.org\",\"@graph\":[{\"@type\":\"WebPage\",\"@id\":\"https:\\\/\\\/florianhorsefood.nl\\\/de\\\/produkt\\\/hochwertiges-glanzspray\\\/\",\"url\":\"https:\\\/\\\/florianhorsefood.nl\\\/de\\\/produkt\\\/hochwertiges-glanzspray\\\/\",\"name\":\"Hochwertiges Glanzspray - Florian Horsefood\",\"isPartOf\":{\"@id\":\"https:\\\/\\\/florianhorsefood.nl\\\/de\\\/#website\"},\"primaryImageOfPage\":{\"@id\":\"https:\\\/\\\/florianhorsefood.nl\\\/de\\\/produkt\\\/hochwertiges-glanzspray\\\/#primaryimage\"},\"image\":{\"@id\":\"https:\\\/\\\/florianhorsefood.nl\\\/de\\\/produkt\\\/hochwertiges-glanzspray\\\/#primaryimage\"},\"thumbnailUrl\":\"https:\\\/\\\/florianhorsefood.nl\\\/wp-content\\\/uploads\\\/2025\\\/10\\\/florian-horsecare-gloss-spray.webp\",\"datePublished\":\"2025-10-10T06:47:29+00:00\",\"dateModified\":\"2025-10-10T06:47:43+00:00\",\"description\":\"Florian Horse Care High Gloss Spray - Schnelle Pferdepflege mit Dirt Removal Technology. 1-2 Minuten Formel f\u00fcr wochenlanges Durchk\u00e4mmen und Glanz. Online einkaufen!\",\"breadcrumb\":{\"@id\":\"https:\\\/\\\/florianhorsefood.nl\\\/de\\\/produkt\\\/hochwertiges-glanzspray\\\/#breadcrumb\"},\"inLanguage\":\"de\",\"potentialAction\":[{\"@type\":\"ReadAction\",\"target\":[\"https:\\\/\\\/florianhorsefood.nl\\\/de\\\/produkt\\\/hochwertiges-glanzspray\\\/\"]}]},{\"@type\":\"ImageObject\",\"inLanguage\":\"de\",\"@id\":\"https:\\\/\\\/florianhorsefood.nl\\\/de\\\/produkt\\\/hochwertiges-glanzspray\\\/#primaryimage\",\"url\":\"https:\\\/\\\/florianhorsefood.nl\\\/wp-content\\\/uploads\\\/2025\\\/10\\\/florian-horsecare-gloss-spray.webp\",\"contentUrl\":\"https:\\\/\\\/florianhorsefood.nl\\\/wp-content\\\/uploads\\\/2025\\\/10\\\/florian-horsecare-gloss-spray.webp\",\"width\":2250,\"height\":2500},{\"@type\":\"BreadcrumbList\",\"@id\":\"https:\\\/\\\/florianhorsefood.nl\\\/de\\\/produkt\\\/hochwertiges-glanzspray\\\/#breadcrumb\",\"itemListElement\":[{\"@type\":\"ListItem\",\"position\":1,\"name\":\"Startseite\",\"item\":\"https:\\\/\\\/florianhorsefood.nl\\\/de\\\/startseite\\\/\"},{\"@type\":\"ListItem\",\"position\":2,\"name\":\"Shop\",\"item\":\"https:\\\/\\\/florianhorsefood.nl\\\/shop\\\/\"},{\"@type\":\"ListItem\",\"position\":3,\"name\":\"Hochwertiges Glanzspray\"}]},{\"@type\":\"WebSite\",\"@id\":\"https:\\\/\\\/florianhorsefood.nl\\\/de\\\/#website\",\"url\":\"https:\\\/\\\/florianhorsefood.nl\\\/de\\\/\",\"name\":\"Florian Horsefood\",\"description\":\"Back to Basic &amp; Health Protection!\",\"publisher\":{\"@id\":\"https:\\\/\\\/florianhorsefood.nl\\\/de\\\/#organization\"},\"potentialAction\":[{\"@type\":\"SearchAction\",\"target\":{\"@type\":\"EntryPoint\",\"urlTemplate\":\"https:\\\/\\\/florianhorsefood.nl\\\/de\\\/?s={search_term_string}\"},\"query-input\":{\"@type\":\"PropertyValueSpecification\",\"valueRequired\":true,\"valueName\":\"search_term_string\"}}],\"inLanguage\":\"de\"},{\"@type\":\"Organization\",\"@id\":\"https:\\\/\\\/florianhorsefood.nl\\\/de\\\/#organization\",\"name\":\"Florian Pferdefutter\",\"url\":\"https:\\\/\\\/florianhorsefood.nl\\\/de\\\/\",\"logo\":{\"@type\":\"ImageObject\",\"inLanguage\":\"de\",\"@id\":\"https:\\\/\\\/florianhorsefood.nl\\\/de\\\/#\\\/schema\\\/logo\\\/image\\\/\",\"url\":\"https:\\\/\\\/florianhorsefood.nl\\\/wp-content\\\/uploads\\\/2020\\\/02\\\/Florian_Horsefood_liggend_RGB.png\",\"contentUrl\":\"https:\\\/\\\/florianhorsefood.nl\\\/wp-content\\\/uploads\\\/2020\\\/02\\\/Florian_Horsefood_liggend_RGB.png\",\"width\":1044,\"height\":393,\"caption\":\"Florian Pferdefutter\"},\"image\":{\"@id\":\"https:\\\/\\\/florianhorsefood.nl\\\/de\\\/#\\\/schema\\\/logo\\\/image\\\/\"},\"sameAs\":[\"https:\\\/\\\/www.linkedin.com\\\/company\\\/florian-horsefood\\\/about\\\/\"]}]}<\/script>\n<!-- \/ Yoast SEO plugin. -->","yoast_head_json":{"title":"Hochwertiges Glanzspray - Florian Horsefood","description":"Florian Horse Care High Gloss Spray - Schnelle Pferdepflege mit Dirt Removal Technology. 1-2 Minuten Formel f\u00fcr wochenlanges Durchk\u00e4mmen und Glanz. Online einkaufen!","robots":{"index":"index","follow":"follow","max-snippet":"max-snippet:-1","max-image-preview":"max-image-preview:large","max-video-preview":"max-video-preview:-1"},"canonical":"https:\/\/florianhorsefood.nl\/de\/produkt\/hochwertiges-glanzspray\/","og_locale":"de_DE","og_type":"article","og_title":"Hochwertiges Glanzspray - Florian Horsefood","og_description":"Florian Horse Care High Gloss Spray - Schnelle Pferdepflege mit Dirt Removal Technology. 1-2 Minuten Formel f\u00fcr wochenlanges Durchk\u00e4mmen und Glanz. Online einkaufen!","og_url":"https:\/\/florianhorsefood.nl\/de\/produkt\/hochwertiges-glanzspray\/","og_site_name":"Florian Horsefood","article_modified_time":"2025-10-10T06:47:43+00:00","og_image":[{"width":2250,"height":2500,"url":"https:\/\/florianhorsefood.nl\/wp-content\/uploads\/2025\/10\/florian-horsecare-gloss-spray.jpg","type":"image\/jpeg"}],"twitter_card":"summary_large_image","twitter_misc":{"Gesch\u00e4tzte Lesezeit":"1\u00a0Minute"},"schema":{"@context":"https:\/\/schema.org","@graph":[{"@type":"WebPage","@id":"https:\/\/florianhorsefood.nl\/de\/produkt\/hochwertiges-glanzspray\/","url":"https:\/\/florianhorsefood.nl\/de\/produkt\/hochwertiges-glanzspray\/","name":"Hochwertiges Glanzspray - Florian Horsefood","isPartOf":{"@id":"https:\/\/florianhorsefood.nl\/de\/#website"},"primaryImageOfPage":{"@id":"https:\/\/florianhorsefood.nl\/de\/produkt\/hochwertiges-glanzspray\/#primaryimage"},"image":{"@id":"https:\/\/florianhorsefood.nl\/de\/produkt\/hochwertiges-glanzspray\/#primaryimage"},"thumbnailUrl":"https:\/\/florianhorsefood.nl\/wp-content\/uploads\/2025\/10\/florian-horsecare-gloss-spray.webp","datePublished":"2025-10-10T06:47:29+00:00","dateModified":"2025-10-10T06:47:43+00:00","description":"Florian Horse Care High Gloss Spray - Schnelle Pferdepflege mit Dirt Removal Technology. 1-2 Minuten Formel f\u00fcr wochenlanges Durchk\u00e4mmen und Glanz. Online einkaufen!","breadcrumb":{"@id":"https:\/\/florianhorsefood.nl\/de\/produkt\/hochwertiges-glanzspray\/#breadcrumb"},"inLanguage":"de","potentialAction":[{"@type":"ReadAction","target":["https:\/\/florianhorsefood.nl\/de\/produkt\/hochwertiges-glanzspray\/"]}]},{"@type":"ImageObject","inLanguage":"de","@id":"https:\/\/florianhorsefood.nl\/de\/produkt\/hochwertiges-glanzspray\/#primaryimage","url":"https:\/\/florianhorsefood.nl\/wp-content\/uploads\/2025\/10\/florian-horsecare-gloss-spray.webp","contentUrl":"https:\/\/florianhorsefood.nl\/wp-content\/uploads\/2025\/10\/florian-horsecare-gloss-spray.webp","width":2250,"height":2500},{"@type":"BreadcrumbList","@id":"https:\/\/florianhorsefood.nl\/de\/produkt\/hochwertiges-glanzspray\/#breadcrumb","itemListElement":[{"@type":"ListItem","position":1,"name":"Startseite","item":"https:\/\/florianhorsefood.nl\/de\/startseite\/"},{"@type":"ListItem","position":2,"name":"Shop","item":"https:\/\/florianhorsefood.nl\/shop\/"},{"@type":"ListItem","position":3,"name":"Hochwertiges Glanzspray"}]},{"@type":"WebSite","@id":"https:\/\/florianhorsefood.nl\/de\/#website","url":"https:\/\/florianhorsefood.nl\/de\/","name":"Florian Horsefood","description":"Back to Basic &amp; Health Protection!","publisher":{"@id":"https:\/\/florianhorsefood.nl\/de\/#organization"},"potentialAction":[{"@type":"SearchAction","target":{"@type":"EntryPoint","urlTemplate":"https:\/\/florianhorsefood.nl\/de\/?s={search_term_string}"},"query-input":{"@type":"PropertyValueSpecification","valueRequired":true,"valueName":"search_term_string"}}],"inLanguage":"de"},{"@type":"Organization","@id":"https:\/\/florianhorsefood.nl\/de\/#organization","name":"Florian Pferdefutter","url":"https:\/\/florianhorsefood.nl\/de\/","logo":{"@type":"ImageObject","inLanguage":"de","@id":"https:\/\/florianhorsefood.nl\/de\/#\/schema\/logo\/image\/","url":"https:\/\/florianhorsefood.nl\/wp-content\/uploads\/2020\/02\/Florian_Horsefood_liggend_RGB.png","contentUrl":"https:\/\/florianhorsefood.nl\/wp-content\/uploads\/2020\/02\/Florian_Horsefood_liggend_RGB.png","width":1044,"height":393,"caption":"Florian Pferdefutter"},"image":{"@id":"https:\/\/florianhorsefood.nl\/de\/#\/schema\/logo\/image\/"},"sameAs":["https:\/\/www.linkedin.com\/company\/florian-horsefood\/about\/"]}]}},"_links":{"self":[{"href":"https:\/\/florianhorsefood.nl\/de\/wp-json\/wp\/v2\/product\/19780","targetHints":{"allow":["GET"]}}],"collection":[{"href":"https:\/\/florianhorsefood.nl\/de\/wp-json\/wp\/v2\/product"}],"about":[{"href":"https:\/\/florianhorsefood.nl\/de\/wp-json\/wp\/v2\/types\/product"}],"wp:featuredmedia":[{"embeddable":true,"href":"https:\/\/florianhorsefood.nl\/de\/wp-json\/wp\/v2\/media\/19779"}],"wp:attachment":[{"href":"https:\/\/florianhorsefood.nl\/de\/wp-json\/wp\/v2\/media?parent=19780"}],"wp:term":[{"taxonomy":"product_brand","embeddable":true,"href":"https:\/\/florianhorsefood.nl\/de\/wp-json\/wp\/v2\/product_brand?post=19780"},{"taxonomy":"product_cat","embeddable":true,"href":"https:\/\/florianhorsefood.nl\/de\/wp-json\/wp\/v2\/product_cat?post=19780"},{"taxonomy":"product_tag","embeddable":true,"href":"https:\/\/florianhorsefood.nl\/de\/wp-json\/wp\/v2\/product_tag?post=19780"}],"curies":[{"name":"wp","href":"https:\/\/api.w.org\/{rel}","templated":true}]}}