{"id":19787,"date":"2025-10-10T08:53:37","date_gmt":"2025-10-10T06:53:37","guid":{"rendered":"https:\/\/florianhorsefood.nl\/product\/hochglanz-gel\/"},"modified":"2025-10-10T09:02:31","modified_gmt":"2025-10-10T07:02:31","slug":"hochglanz-gel","status":"publish","type":"product","link":"https:\/\/florianhorsefood.nl\/de\/produkt\/hochglanz-gel\/","title":{"rendered":"Hochglanz-Gel"},"content":{"rendered":"<p>Florian Horse Care High Gloss Gel ist eine superkonzentrierte Pflegeformel, die speziell f\u00fcr maximale K\u00e4mmbarkeit und lang anhaltenden Glanz entwickelt wurde. Dieses innovative Gel arbeitet perfekt mit dem High Gloss Spray in unserem einzigartigen Dual Care Concept zusammen und verl\u00e4ngert die K\u00e4mmbarkeit um das 2-3fache. <\/p>\n<p>Dank seiner Wet, Dry &amp; Dirty Formel kann das Gel auf jedes Pferd oder Pony aufgetragen werden, egal ob es gewaschen ist oder nicht. Mit seiner reichhaltigen, n\u00e4hrenden Textur l\u00e4sst sich das Gel leicht in das Haar einmassieren und bildet eine Schutzschicht, die bis zu einer Woche lang wirksam bleibt. Die Formel verleiht nicht nur einen sch\u00f6nen Glanz und 25 % mehr Volumen, sondern ist auch urin-, kot- und staubabweisend und verhindert, dass sich neue Verfilzungen bilden.  <\/p>\n<p>Das Gel enth\u00e4lt keine klebrigen Bestandteile und ist f\u00fcr alle Tierarten geeignet. F\u00fcr optimale Ergebnisse empfehlen wir die Anwendung in Kombination mit dem Hochglanzspray in der Reihenfolge: waschen - massieren - spr\u00fchen. Eine kleine Menge ist ausreichend - weniger ist mehr!  <\/p>\n","protected":false},"excerpt":{"rendered":"<p>Superkonzentriertes Pflegegel f\u00fcr maximale K\u00e4mmbarkeit und lang anhaltenden Glanz. Die Wet, Dry &amp; Dirty Formel funktioniert bei jedem Pferd, gibt 25% mehr Volumen und verhindert Verfilzungen bis zu einer Woche lang. Verl\u00e4ngert die Wirkung von High Gloss Spray um den Faktor 2-3. N\u00e4hrendes, sch\u00fctzendes und seidiges Ergebnis.   <\/p>\n","protected":false},"featured_media":19776,"template":"","meta":[],"product_brand":[],"product_cat":[453,16],"product_tag":[454],"class_list":{"0":"post-19787","1":"product","2":"type-product","3":"status-publish","4":"has-post-thumbnail","6":"product_cat-horse-care","7":"product_cat-handig-in-de-stal","8":"product_tag-florian-horse-care","10":"first","11":"instock","12":"taxable","13":"shipping-taxable","14":"purchasable","15":"product-type-variable","16":"has-default-attributes"},"bundled_by":[],"bundle_stock_status":"instock","bundle_stock_quantity":null,"bundle_virtual":false,"bundle_layout":"","bundle_add_to_cart_form_location":"","bundle_editable_in_cart":false,"bundle_sold_individually_context":"","bundle_item_grouping":"","bundle_min_size":"","bundle_max_size":"","bundle_price":[],"bundled_items":[],"bundle_sell_ids":[],"yoast_head":"<!-- This site is optimized with the Yoast SEO plugin v27.3 - https:\/\/yoast.com\/product\/yoast-seo-wordpress\/ -->\n<title>Hochglanz-Gel - Florian Horsefood<\/title>\n<meta name=\"description\" content=\"Florian Horse Care High Gloss Gel - Superkonzentrierte Pferdepflege f\u00fcr maximale K\u00e4mmbarkeit und Glanz. Die Formel f\u00fcr nasses, trockenes und schmutziges Fell verhindert Verfilzungen f\u00fcr bis zu 7 Tage. Jetzt bestellen!\" \/>\n<meta name=\"robots\" content=\"index, follow, max-snippet:-1, max-image-preview:large, max-video-preview:-1\" \/>\n<link rel=\"canonical\" href=\"https:\/\/florianhorsefood.nl\/de\/produkt\/hochglanz-gel\/\" \/>\n<meta property=\"og:locale\" content=\"de_DE\" \/>\n<meta property=\"og:type\" content=\"article\" \/>\n<meta property=\"og:title\" content=\"Hochglanz-Gel - Florian Horsefood\" \/>\n<meta property=\"og:description\" content=\"Florian Horse Care High Gloss Gel - Superkonzentrierte Pferdepflege f\u00fcr maximale K\u00e4mmbarkeit und Glanz. Die Formel f\u00fcr nasses, trockenes und schmutziges Fell verhindert Verfilzungen f\u00fcr bis zu 7 Tage. Jetzt bestellen!\" \/>\n<meta property=\"og:url\" content=\"https:\/\/florianhorsefood.nl\/de\/produkt\/hochglanz-gel\/\" \/>\n<meta property=\"og:site_name\" content=\"Florian Horsefood\" \/>\n<meta property=\"article:modified_time\" content=\"2025-10-10T07:02:31+00:00\" \/>\n<meta name=\"twitter:card\" content=\"summary_large_image\" \/>\n<meta name=\"twitter:label1\" content=\"Gesch\u00e4tzte Lesezeit\" \/>\n\t<meta name=\"twitter:data1\" content=\"1\u00a0Minute\" \/>\n<script type=\"application\/ld+json\" class=\"yoast-schema-graph\">{\"@context\":\"https:\\\/\\\/schema.org\",\"@graph\":[{\"@type\":\"WebPage\",\"@id\":\"https:\\\/\\\/florianhorsefood.nl\\\/de\\\/produkt\\\/hochglanz-gel\\\/\",\"url\":\"https:\\\/\\\/florianhorsefood.nl\\\/de\\\/produkt\\\/hochglanz-gel\\\/\",\"name\":\"Hochglanz-Gel - Florian Horsefood\",\"isPartOf\":{\"@id\":\"https:\\\/\\\/florianhorsefood.nl\\\/de\\\/#website\"},\"primaryImageOfPage\":{\"@id\":\"https:\\\/\\\/florianhorsefood.nl\\\/de\\\/produkt\\\/hochglanz-gel\\\/#primaryimage\"},\"image\":{\"@id\":\"https:\\\/\\\/florianhorsefood.nl\\\/de\\\/produkt\\\/hochglanz-gel\\\/#primaryimage\"},\"thumbnailUrl\":\"https:\\\/\\\/florianhorsefood.nl\\\/wp-content\\\/uploads\\\/2025\\\/10\\\/florian-horsecare-gloss-gel.webp\",\"datePublished\":\"2025-10-10T06:53:37+00:00\",\"dateModified\":\"2025-10-10T07:02:31+00:00\",\"description\":\"Florian Horse Care High Gloss Gel - Superkonzentrierte Pferdepflege f\u00fcr maximale K\u00e4mmbarkeit und Glanz. Die Formel f\u00fcr nasses, trockenes und schmutziges Fell verhindert Verfilzungen f\u00fcr bis zu 7 Tage. Jetzt bestellen!\",\"breadcrumb\":{\"@id\":\"https:\\\/\\\/florianhorsefood.nl\\\/de\\\/produkt\\\/hochglanz-gel\\\/#breadcrumb\"},\"inLanguage\":\"de\",\"potentialAction\":[{\"@type\":\"ReadAction\",\"target\":[\"https:\\\/\\\/florianhorsefood.nl\\\/de\\\/produkt\\\/hochglanz-gel\\\/\"]}]},{\"@type\":\"ImageObject\",\"inLanguage\":\"de\",\"@id\":\"https:\\\/\\\/florianhorsefood.nl\\\/de\\\/produkt\\\/hochglanz-gel\\\/#primaryimage\",\"url\":\"https:\\\/\\\/florianhorsefood.nl\\\/wp-content\\\/uploads\\\/2025\\\/10\\\/florian-horsecare-gloss-gel.webp\",\"contentUrl\":\"https:\\\/\\\/florianhorsefood.nl\\\/wp-content\\\/uploads\\\/2025\\\/10\\\/florian-horsecare-gloss-gel.webp\",\"width\":2250,\"height\":2500},{\"@type\":\"BreadcrumbList\",\"@id\":\"https:\\\/\\\/florianhorsefood.nl\\\/de\\\/produkt\\\/hochglanz-gel\\\/#breadcrumb\",\"itemListElement\":[{\"@type\":\"ListItem\",\"position\":1,\"name\":\"Startseite\",\"item\":\"https:\\\/\\\/florianhorsefood.nl\\\/de\\\/startseite\\\/\"},{\"@type\":\"ListItem\",\"position\":2,\"name\":\"Shop\",\"item\":\"https:\\\/\\\/florianhorsefood.nl\\\/shop\\\/\"},{\"@type\":\"ListItem\",\"position\":3,\"name\":\"Hochglanz-Gel\"}]},{\"@type\":\"WebSite\",\"@id\":\"https:\\\/\\\/florianhorsefood.nl\\\/de\\\/#website\",\"url\":\"https:\\\/\\\/florianhorsefood.nl\\\/de\\\/\",\"name\":\"Florian Horsefood\",\"description\":\"Back to Basic &amp; Health Protection!\",\"publisher\":{\"@id\":\"https:\\\/\\\/florianhorsefood.nl\\\/de\\\/#organization\"},\"potentialAction\":[{\"@type\":\"SearchAction\",\"target\":{\"@type\":\"EntryPoint\",\"urlTemplate\":\"https:\\\/\\\/florianhorsefood.nl\\\/de\\\/?s={search_term_string}\"},\"query-input\":{\"@type\":\"PropertyValueSpecification\",\"valueRequired\":true,\"valueName\":\"search_term_string\"}}],\"inLanguage\":\"de\"},{\"@type\":\"Organization\",\"@id\":\"https:\\\/\\\/florianhorsefood.nl\\\/de\\\/#organization\",\"name\":\"Florian Pferdefutter\",\"url\":\"https:\\\/\\\/florianhorsefood.nl\\\/de\\\/\",\"logo\":{\"@type\":\"ImageObject\",\"inLanguage\":\"de\",\"@id\":\"https:\\\/\\\/florianhorsefood.nl\\\/de\\\/#\\\/schema\\\/logo\\\/image\\\/\",\"url\":\"https:\\\/\\\/florianhorsefood.nl\\\/wp-content\\\/uploads\\\/2020\\\/02\\\/Florian_Horsefood_liggend_RGB.png\",\"contentUrl\":\"https:\\\/\\\/florianhorsefood.nl\\\/wp-content\\\/uploads\\\/2020\\\/02\\\/Florian_Horsefood_liggend_RGB.png\",\"width\":1044,\"height\":393,\"caption\":\"Florian Pferdefutter\"},\"image\":{\"@id\":\"https:\\\/\\\/florianhorsefood.nl\\\/de\\\/#\\\/schema\\\/logo\\\/image\\\/\"},\"sameAs\":[\"https:\\\/\\\/www.linkedin.com\\\/company\\\/florian-horsefood\\\/about\\\/\"]}]}<\/script>\n<!-- \/ Yoast SEO plugin. -->","yoast_head_json":{"title":"Hochglanz-Gel - Florian Horsefood","description":"Florian Horse Care High Gloss Gel - Superkonzentrierte Pferdepflege f\u00fcr maximale K\u00e4mmbarkeit und Glanz. Die Formel f\u00fcr nasses, trockenes und schmutziges Fell verhindert Verfilzungen f\u00fcr bis zu 7 Tage. Jetzt bestellen!","robots":{"index":"index","follow":"follow","max-snippet":"max-snippet:-1","max-image-preview":"max-image-preview:large","max-video-preview":"max-video-preview:-1"},"canonical":"https:\/\/florianhorsefood.nl\/de\/produkt\/hochglanz-gel\/","og_locale":"de_DE","og_type":"article","og_title":"Hochglanz-Gel - Florian Horsefood","og_description":"Florian Horse Care High Gloss Gel - Superkonzentrierte Pferdepflege f\u00fcr maximale K\u00e4mmbarkeit und Glanz. Die Formel f\u00fcr nasses, trockenes und schmutziges Fell verhindert Verfilzungen f\u00fcr bis zu 7 Tage. Jetzt bestellen!","og_url":"https:\/\/florianhorsefood.nl\/de\/produkt\/hochglanz-gel\/","og_site_name":"Florian Horsefood","article_modified_time":"2025-10-10T07:02:31+00:00","twitter_card":"summary_large_image","twitter_misc":{"Gesch\u00e4tzte Lesezeit":"1\u00a0Minute"},"schema":{"@context":"https:\/\/schema.org","@graph":[{"@type":"WebPage","@id":"https:\/\/florianhorsefood.nl\/de\/produkt\/hochglanz-gel\/","url":"https:\/\/florianhorsefood.nl\/de\/produkt\/hochglanz-gel\/","name":"Hochglanz-Gel - Florian Horsefood","isPartOf":{"@id":"https:\/\/florianhorsefood.nl\/de\/#website"},"primaryImageOfPage":{"@id":"https:\/\/florianhorsefood.nl\/de\/produkt\/hochglanz-gel\/#primaryimage"},"image":{"@id":"https:\/\/florianhorsefood.nl\/de\/produkt\/hochglanz-gel\/#primaryimage"},"thumbnailUrl":"https:\/\/florianhorsefood.nl\/wp-content\/uploads\/2025\/10\/florian-horsecare-gloss-gel.webp","datePublished":"2025-10-10T06:53:37+00:00","dateModified":"2025-10-10T07:02:31+00:00","description":"Florian Horse Care High Gloss Gel - Superkonzentrierte Pferdepflege f\u00fcr maximale K\u00e4mmbarkeit und Glanz. Die Formel f\u00fcr nasses, trockenes und schmutziges Fell verhindert Verfilzungen f\u00fcr bis zu 7 Tage. Jetzt bestellen!","breadcrumb":{"@id":"https:\/\/florianhorsefood.nl\/de\/produkt\/hochglanz-gel\/#breadcrumb"},"inLanguage":"de","potentialAction":[{"@type":"ReadAction","target":["https:\/\/florianhorsefood.nl\/de\/produkt\/hochglanz-gel\/"]}]},{"@type":"ImageObject","inLanguage":"de","@id":"https:\/\/florianhorsefood.nl\/de\/produkt\/hochglanz-gel\/#primaryimage","url":"https:\/\/florianhorsefood.nl\/wp-content\/uploads\/2025\/10\/florian-horsecare-gloss-gel.webp","contentUrl":"https:\/\/florianhorsefood.nl\/wp-content\/uploads\/2025\/10\/florian-horsecare-gloss-gel.webp","width":2250,"height":2500},{"@type":"BreadcrumbList","@id":"https:\/\/florianhorsefood.nl\/de\/produkt\/hochglanz-gel\/#breadcrumb","itemListElement":[{"@type":"ListItem","position":1,"name":"Startseite","item":"https:\/\/florianhorsefood.nl\/de\/startseite\/"},{"@type":"ListItem","position":2,"name":"Shop","item":"https:\/\/florianhorsefood.nl\/shop\/"},{"@type":"ListItem","position":3,"name":"Hochglanz-Gel"}]},{"@type":"WebSite","@id":"https:\/\/florianhorsefood.nl\/de\/#website","url":"https:\/\/florianhorsefood.nl\/de\/","name":"Florian Horsefood","description":"Back to Basic &amp; Health Protection!","publisher":{"@id":"https:\/\/florianhorsefood.nl\/de\/#organization"},"potentialAction":[{"@type":"SearchAction","target":{"@type":"EntryPoint","urlTemplate":"https:\/\/florianhorsefood.nl\/de\/?s={search_term_string}"},"query-input":{"@type":"PropertyValueSpecification","valueRequired":true,"valueName":"search_term_string"}}],"inLanguage":"de"},{"@type":"Organization","@id":"https:\/\/florianhorsefood.nl\/de\/#organization","name":"Florian Pferdefutter","url":"https:\/\/florianhorsefood.nl\/de\/","logo":{"@type":"ImageObject","inLanguage":"de","@id":"https:\/\/florianhorsefood.nl\/de\/#\/schema\/logo\/image\/","url":"https:\/\/florianhorsefood.nl\/wp-content\/uploads\/2020\/02\/Florian_Horsefood_liggend_RGB.png","contentUrl":"https:\/\/florianhorsefood.nl\/wp-content\/uploads\/2020\/02\/Florian_Horsefood_liggend_RGB.png","width":1044,"height":393,"caption":"Florian Pferdefutter"},"image":{"@id":"https:\/\/florianhorsefood.nl\/de\/#\/schema\/logo\/image\/"},"sameAs":["https:\/\/www.linkedin.com\/company\/florian-horsefood\/about\/"]}]}},"_links":{"self":[{"href":"https:\/\/florianhorsefood.nl\/de\/wp-json\/wp\/v2\/product\/19787","targetHints":{"allow":["GET"]}}],"collection":[{"href":"https:\/\/florianhorsefood.nl\/de\/wp-json\/wp\/v2\/product"}],"about":[{"href":"https:\/\/florianhorsefood.nl\/de\/wp-json\/wp\/v2\/types\/product"}],"wp:featuredmedia":[{"embeddable":true,"href":"https:\/\/florianhorsefood.nl\/de\/wp-json\/wp\/v2\/media\/19776"}],"wp:attachment":[{"href":"https:\/\/florianhorsefood.nl\/de\/wp-json\/wp\/v2\/media?parent=19787"}],"wp:term":[{"taxonomy":"product_brand","embeddable":true,"href":"https:\/\/florianhorsefood.nl\/de\/wp-json\/wp\/v2\/product_brand?post=19787"},{"taxonomy":"product_cat","embeddable":true,"href":"https:\/\/florianhorsefood.nl\/de\/wp-json\/wp\/v2\/product_cat?post=19787"},{"taxonomy":"product_tag","embeddable":true,"href":"https:\/\/florianhorsefood.nl\/de\/wp-json\/wp\/v2\/product_tag?post=19787"}],"curies":[{"name":"wp","href":"https:\/\/api.w.org\/{rel}","templated":true}]}}