{"id":22264,"date":"2026-03-24T11:39:42","date_gmt":"2026-03-24T10:39:42","guid":{"rendered":"https:\/\/florianhorsefood.nl\/product\/florian-schweissteppich\/"},"modified":"2026-03-24T11:40:16","modified_gmt":"2026-03-24T10:40:16","slug":"florian-schweissteppich","status":"publish","type":"product","link":"https:\/\/florianhorsefood.nl\/de\/produkt\/florian-schweissteppich\/","title":{"rendered":"Florian Schwei\u00dfteppich"},"content":{"rendered":"<p>Die Florian Sweat Rug ist eine bequeme und praktische Decke f\u00fcr die Zeit nach dem Reiten, dem Transport oder dem Waschen. Die Decke hilft, die Feuchtigkeit abzutransportieren und unterst\u00fctzt das Pferd dabei, allm\u00e4hlich zu trocknen, w\u00e4hrend sie den K\u00f6rper warm h\u00e4lt. Ideal f\u00fcr den t\u00e4glichen Gebrauch im Stall oder unterwegs.<br \/>\nErh\u00e4ltlich in den Gr\u00f6\u00dfen:  <\/p>\n<ul>\n<li>130\/175 cm<\/li>\n<li>145\/195 cm<\/li>\n<li>155\/205 cm<\/li>\n<\/ul>\n","protected":false},"excerpt":{"rendered":"<p>Die Florian Sweat Rug ist eine bequeme und praktische Decke f\u00fcr die Zeit nach dem Reiten, dem Transport oder dem Waschen. Die Decke transportiert die Feuchtigkeit ab und unterst\u00fctzt das Pferd dabei, allm\u00e4hlich abzutrocknen, w\u00e4hrend sie den K\u00f6rper warm h\u00e4lt. Ideal f\u00fcr den t\u00e4glichen Gebrauch im Stall oder auf der Stra\u00dfe.  <\/p>\n","protected":false},"featured_media":22265,"template":"","meta":[],"product_brand":[],"product_cat":[228],"product_tag":[496],"class_list":{"0":"post-22264","1":"product","2":"type-product","3":"status-publish","4":"has-post-thumbnail","6":"product_cat-praktisch-fur-den-stall","7":"product_tag-schweisteppich","9":"first","10":"instock","11":"taxable","12":"shipping-taxable","13":"purchasable","14":"product-type-variable"},"bundled_by":[],"bundle_stock_status":"instock","bundle_stock_quantity":null,"bundle_virtual":false,"bundle_layout":"","bundle_add_to_cart_form_location":"","bundle_editable_in_cart":false,"bundle_sold_individually_context":"","bundle_item_grouping":"","bundle_min_size":"","bundle_max_size":"","bundle_price":[],"bundled_items":[],"bundle_sell_ids":[],"yoast_head":"<!-- This site is optimized with the Yoast SEO plugin v27.3 - https:\/\/yoast.com\/product\/yoast-seo-wordpress\/ -->\n<title>Florian Schwei\u00dfteppich - Florian Horsefood<\/title>\n<meta name=\"description\" content=\"Die Florian Sweat Rug ist eine bequeme und praktische Decke f\u00fcr nach dem Reiten, dem Transport oder dem Waschen.\" \/>\n<meta name=\"robots\" content=\"index, follow, max-snippet:-1, max-image-preview:large, max-video-preview:-1\" \/>\n<link rel=\"canonical\" href=\"https:\/\/florianhorsefood.nl\/de\/produkt\/florian-schweissteppich\/\" \/>\n<meta property=\"og:locale\" content=\"de_DE\" \/>\n<meta property=\"og:type\" content=\"article\" \/>\n<meta property=\"og:title\" content=\"Florian Schwei\u00dfteppich - Florian Horsefood\" \/>\n<meta property=\"og:description\" content=\"Die Florian Sweat Rug ist eine bequeme und praktische Decke f\u00fcr nach dem Reiten, dem Transport oder dem Waschen.\" \/>\n<meta property=\"og:url\" content=\"https:\/\/florianhorsefood.nl\/de\/produkt\/florian-schweissteppich\/\" \/>\n<meta property=\"og:site_name\" content=\"Florian Horsefood\" \/>\n<meta property=\"article:modified_time\" content=\"2026-03-24T10:40:16+00:00\" \/>\n<meta property=\"og:image\" content=\"https:\/\/florianhorsefood.nl\/wp-content\/uploads\/2026\/03\/florian-paardendeken-natuur.webp\" \/>\n\t<meta property=\"og:image:width\" content=\"1620\" \/>\n\t<meta property=\"og:image:height\" content=\"1080\" \/>\n\t<meta property=\"og:image:type\" content=\"image\/jpeg\" \/>\n<meta name=\"twitter:card\" content=\"summary_large_image\" \/>\n<script type=\"application\/ld+json\" class=\"yoast-schema-graph\">{\"@context\":\"https:\\\/\\\/schema.org\",\"@graph\":[{\"@type\":\"WebPage\",\"@id\":\"https:\\\/\\\/florianhorsefood.nl\\\/de\\\/produkt\\\/florian-schweissteppich\\\/\",\"url\":\"https:\\\/\\\/florianhorsefood.nl\\\/de\\\/produkt\\\/florian-schweissteppich\\\/\",\"name\":\"Florian Schwei\u00dfteppich - Florian Horsefood\",\"isPartOf\":{\"@id\":\"https:\\\/\\\/florianhorsefood.nl\\\/de\\\/#website\"},\"primaryImageOfPage\":{\"@id\":\"https:\\\/\\\/florianhorsefood.nl\\\/de\\\/produkt\\\/florian-schweissteppich\\\/#primaryimage\"},\"image\":{\"@id\":\"https:\\\/\\\/florianhorsefood.nl\\\/de\\\/produkt\\\/florian-schweissteppich\\\/#primaryimage\"},\"thumbnailUrl\":\"https:\\\/\\\/florianhorsefood.nl\\\/wp-content\\\/uploads\\\/2026\\\/03\\\/florian-paardendeken-natuur.webp\",\"datePublished\":\"2026-03-24T10:39:42+00:00\",\"dateModified\":\"2026-03-24T10:40:16+00:00\",\"description\":\"Die Florian Sweat Rug ist eine bequeme und praktische Decke f\u00fcr nach dem Reiten, dem Transport oder dem Waschen.\",\"breadcrumb\":{\"@id\":\"https:\\\/\\\/florianhorsefood.nl\\\/de\\\/produkt\\\/florian-schweissteppich\\\/#breadcrumb\"},\"inLanguage\":\"de\",\"potentialAction\":[{\"@type\":\"ReadAction\",\"target\":[\"https:\\\/\\\/florianhorsefood.nl\\\/de\\\/produkt\\\/florian-schweissteppich\\\/\"]}]},{\"@type\":\"ImageObject\",\"inLanguage\":\"de\",\"@id\":\"https:\\\/\\\/florianhorsefood.nl\\\/de\\\/produkt\\\/florian-schweissteppich\\\/#primaryimage\",\"url\":\"https:\\\/\\\/florianhorsefood.nl\\\/wp-content\\\/uploads\\\/2026\\\/03\\\/florian-paardendeken-natuur.webp\",\"contentUrl\":\"https:\\\/\\\/florianhorsefood.nl\\\/wp-content\\\/uploads\\\/2026\\\/03\\\/florian-paardendeken-natuur.webp\",\"width\":1620,\"height\":1080,\"caption\":\"Pferd mit Florian-Decke, Symbol f\u00fcr nat\u00fcrliche Ern\u00e4hrung.\"},{\"@type\":\"BreadcrumbList\",\"@id\":\"https:\\\/\\\/florianhorsefood.nl\\\/de\\\/produkt\\\/florian-schweissteppich\\\/#breadcrumb\",\"itemListElement\":[{\"@type\":\"ListItem\",\"position\":1,\"name\":\"Startseite\",\"item\":\"https:\\\/\\\/florianhorsefood.nl\\\/de\\\/startseite\\\/\"},{\"@type\":\"ListItem\",\"position\":2,\"name\":\"Shop\",\"item\":\"https:\\\/\\\/florianhorsefood.nl\\\/shop\\\/\"},{\"@type\":\"ListItem\",\"position\":3,\"name\":\"Florian Schwei\u00dfteppich\"}]},{\"@type\":\"WebSite\",\"@id\":\"https:\\\/\\\/florianhorsefood.nl\\\/de\\\/#website\",\"url\":\"https:\\\/\\\/florianhorsefood.nl\\\/de\\\/\",\"name\":\"Florian Horsefood\",\"description\":\"Back to Basic &amp; Health Protection!\",\"publisher\":{\"@id\":\"https:\\\/\\\/florianhorsefood.nl\\\/de\\\/#organization\"},\"potentialAction\":[{\"@type\":\"SearchAction\",\"target\":{\"@type\":\"EntryPoint\",\"urlTemplate\":\"https:\\\/\\\/florianhorsefood.nl\\\/de\\\/?s={search_term_string}\"},\"query-input\":{\"@type\":\"PropertyValueSpecification\",\"valueRequired\":true,\"valueName\":\"search_term_string\"}}],\"inLanguage\":\"de\"},{\"@type\":\"Organization\",\"@id\":\"https:\\\/\\\/florianhorsefood.nl\\\/de\\\/#organization\",\"name\":\"Florian Pferdefutter\",\"url\":\"https:\\\/\\\/florianhorsefood.nl\\\/de\\\/\",\"logo\":{\"@type\":\"ImageObject\",\"inLanguage\":\"de\",\"@id\":\"https:\\\/\\\/florianhorsefood.nl\\\/de\\\/#\\\/schema\\\/logo\\\/image\\\/\",\"url\":\"https:\\\/\\\/florianhorsefood.nl\\\/wp-content\\\/uploads\\\/2020\\\/02\\\/Florian_Horsefood_liggend_RGB.png\",\"contentUrl\":\"https:\\\/\\\/florianhorsefood.nl\\\/wp-content\\\/uploads\\\/2020\\\/02\\\/Florian_Horsefood_liggend_RGB.png\",\"width\":1044,\"height\":393,\"caption\":\"Florian Pferdefutter\"},\"image\":{\"@id\":\"https:\\\/\\\/florianhorsefood.nl\\\/de\\\/#\\\/schema\\\/logo\\\/image\\\/\"},\"sameAs\":[\"https:\\\/\\\/www.linkedin.com\\\/company\\\/florian-horsefood\\\/about\\\/\"]}]}<\/script>\n<!-- \/ Yoast SEO plugin. -->","yoast_head_json":{"title":"Florian Schwei\u00dfteppich - Florian Horsefood","description":"Die Florian Sweat Rug ist eine bequeme und praktische Decke f\u00fcr nach dem Reiten, dem Transport oder dem Waschen.","robots":{"index":"index","follow":"follow","max-snippet":"max-snippet:-1","max-image-preview":"max-image-preview:large","max-video-preview":"max-video-preview:-1"},"canonical":"https:\/\/florianhorsefood.nl\/de\/produkt\/florian-schweissteppich\/","og_locale":"de_DE","og_type":"article","og_title":"Florian Schwei\u00dfteppich - Florian Horsefood","og_description":"Die Florian Sweat Rug ist eine bequeme und praktische Decke f\u00fcr nach dem Reiten, dem Transport oder dem Waschen.","og_url":"https:\/\/florianhorsefood.nl\/de\/produkt\/florian-schweissteppich\/","og_site_name":"Florian Horsefood","article_modified_time":"2026-03-24T10:40:16+00:00","og_image":[{"width":1620,"height":1080,"url":"https:\/\/florianhorsefood.nl\/wp-content\/uploads\/2026\/03\/florian-paardendeken-natuur.webp","type":"image\/jpeg"}],"twitter_card":"summary_large_image","schema":{"@context":"https:\/\/schema.org","@graph":[{"@type":"WebPage","@id":"https:\/\/florianhorsefood.nl\/de\/produkt\/florian-schweissteppich\/","url":"https:\/\/florianhorsefood.nl\/de\/produkt\/florian-schweissteppich\/","name":"Florian Schwei\u00dfteppich - Florian Horsefood","isPartOf":{"@id":"https:\/\/florianhorsefood.nl\/de\/#website"},"primaryImageOfPage":{"@id":"https:\/\/florianhorsefood.nl\/de\/produkt\/florian-schweissteppich\/#primaryimage"},"image":{"@id":"https:\/\/florianhorsefood.nl\/de\/produkt\/florian-schweissteppich\/#primaryimage"},"thumbnailUrl":"https:\/\/florianhorsefood.nl\/wp-content\/uploads\/2026\/03\/florian-paardendeken-natuur.webp","datePublished":"2026-03-24T10:39:42+00:00","dateModified":"2026-03-24T10:40:16+00:00","description":"Die Florian Sweat Rug ist eine bequeme und praktische Decke f\u00fcr nach dem Reiten, dem Transport oder dem Waschen.","breadcrumb":{"@id":"https:\/\/florianhorsefood.nl\/de\/produkt\/florian-schweissteppich\/#breadcrumb"},"inLanguage":"de","potentialAction":[{"@type":"ReadAction","target":["https:\/\/florianhorsefood.nl\/de\/produkt\/florian-schweissteppich\/"]}]},{"@type":"ImageObject","inLanguage":"de","@id":"https:\/\/florianhorsefood.nl\/de\/produkt\/florian-schweissteppich\/#primaryimage","url":"https:\/\/florianhorsefood.nl\/wp-content\/uploads\/2026\/03\/florian-paardendeken-natuur.webp","contentUrl":"https:\/\/florianhorsefood.nl\/wp-content\/uploads\/2026\/03\/florian-paardendeken-natuur.webp","width":1620,"height":1080,"caption":"Pferd mit Florian-Decke, Symbol f\u00fcr nat\u00fcrliche Ern\u00e4hrung."},{"@type":"BreadcrumbList","@id":"https:\/\/florianhorsefood.nl\/de\/produkt\/florian-schweissteppich\/#breadcrumb","itemListElement":[{"@type":"ListItem","position":1,"name":"Startseite","item":"https:\/\/florianhorsefood.nl\/de\/startseite\/"},{"@type":"ListItem","position":2,"name":"Shop","item":"https:\/\/florianhorsefood.nl\/shop\/"},{"@type":"ListItem","position":3,"name":"Florian Schwei\u00dfteppich"}]},{"@type":"WebSite","@id":"https:\/\/florianhorsefood.nl\/de\/#website","url":"https:\/\/florianhorsefood.nl\/de\/","name":"Florian Horsefood","description":"Back to Basic &amp; Health Protection!","publisher":{"@id":"https:\/\/florianhorsefood.nl\/de\/#organization"},"potentialAction":[{"@type":"SearchAction","target":{"@type":"EntryPoint","urlTemplate":"https:\/\/florianhorsefood.nl\/de\/?s={search_term_string}"},"query-input":{"@type":"PropertyValueSpecification","valueRequired":true,"valueName":"search_term_string"}}],"inLanguage":"de"},{"@type":"Organization","@id":"https:\/\/florianhorsefood.nl\/de\/#organization","name":"Florian Pferdefutter","url":"https:\/\/florianhorsefood.nl\/de\/","logo":{"@type":"ImageObject","inLanguage":"de","@id":"https:\/\/florianhorsefood.nl\/de\/#\/schema\/logo\/image\/","url":"https:\/\/florianhorsefood.nl\/wp-content\/uploads\/2020\/02\/Florian_Horsefood_liggend_RGB.png","contentUrl":"https:\/\/florianhorsefood.nl\/wp-content\/uploads\/2020\/02\/Florian_Horsefood_liggend_RGB.png","width":1044,"height":393,"caption":"Florian Pferdefutter"},"image":{"@id":"https:\/\/florianhorsefood.nl\/de\/#\/schema\/logo\/image\/"},"sameAs":["https:\/\/www.linkedin.com\/company\/florian-horsefood\/about\/"]}]}},"_links":{"self":[{"href":"https:\/\/florianhorsefood.nl\/de\/wp-json\/wp\/v2\/product\/22264","targetHints":{"allow":["GET"]}}],"collection":[{"href":"https:\/\/florianhorsefood.nl\/de\/wp-json\/wp\/v2\/product"}],"about":[{"href":"https:\/\/florianhorsefood.nl\/de\/wp-json\/wp\/v2\/types\/product"}],"wp:featuredmedia":[{"embeddable":true,"href":"https:\/\/florianhorsefood.nl\/de\/wp-json\/wp\/v2\/media\/22265"}],"wp:attachment":[{"href":"https:\/\/florianhorsefood.nl\/de\/wp-json\/wp\/v2\/media?parent=22264"}],"wp:term":[{"taxonomy":"product_brand","embeddable":true,"href":"https:\/\/florianhorsefood.nl\/de\/wp-json\/wp\/v2\/product_brand?post=22264"},{"taxonomy":"product_cat","embeddable":true,"href":"https:\/\/florianhorsefood.nl\/de\/wp-json\/wp\/v2\/product_cat?post=22264"},{"taxonomy":"product_tag","embeddable":true,"href":"https:\/\/florianhorsefood.nl\/de\/wp-json\/wp\/v2\/product_tag?post=22264"}],"curies":[{"name":"wp","href":"https:\/\/api.w.org\/{rel}","templated":true}]}}